{"id":33301,"date":"2019-11-08T21:39:52","date_gmt":"2019-11-08T21:39:52","guid":{"rendered":"https:\/\/navegantesoceanicos.com\/proyectos-oceanicos\/"},"modified":"2024-11-02T17:11:03","modified_gmt":"2024-11-02T17:11:03","slug":"sailing-projects","status":"publish","type":"page","link":"https:\/\/navegantesoceanicos.com\/en\/sailing-projects\/","title":{"rendered":"Sailing projects"},"content":{"rendered":"<p>[et_pb_section fb_built=&#8221;1&#8243; _builder_version=&#8221;4.16&#8243; custom_margin=&#8221;-1px|54px||64px||&#8221; custom_padding=&#8221;18px|4px||4px||&#8221; global_colors_info=&#8221;{}&#8221;][et_pb_row _builder_version=&#8221;4.16&#8243; background_size=&#8221;initial&#8221; background_position=&#8221;top_left&#8221; background_repeat=&#8221;repeat&#8221; width=&#8221;100%&#8221; custom_margin=&#8221;-1px|1px||90px||&#8221; custom_padding=&#8221;9px|||2px||&#8221; global_colors_info=&#8221;{}&#8221;][et_pb_column type=&#8221;4_4&#8243; _builder_version=&#8221;4.16&#8243; custom_padding=&#8221;|||&#8221; global_colors_info=&#8221;{}&#8221; custom_padding__hover=&#8221;|||&#8221;][et_pb_post_title meta=&#8221;off&#8221; featured_image=&#8221;off&#8221; _builder_version=&#8221;4.20.4&#8243; _module_preset=&#8221;default&#8221; title_text_color=&#8221;#0C71C3&#8243; title_font_size=&#8221;30px&#8221; text_orientation=&#8221;center&#8221; custom_margin=&#8221;||12px|||&#8221; global_colors_info=&#8221;{}&#8221;][\/et_pb_post_title][et_pb_text _builder_version=&#8221;4.26.0&#8243; background_size=&#8221;initial&#8221; background_position=&#8221;top_left&#8221; background_repeat=&#8221;repeat&#8221; width=&#8221;94.5%&#8221; module_alignment=&#8221;center&#8221; custom_margin=&#8221;|34px||||&#8221; global_colors_info=&#8221;{}&#8221;]<\/p>\n<h2 style=\"text-align: center;\"><span style=\"font-size: x-large;\"><strong><span style=\"color: #001df9;\"><img loading=\"lazy\" decoding=\"async\" class=\"size-medium alignnone\" src=\"https:\/\/navegantesoceanicos.com\/wp-content\/uploads\/2019\/12\/Navegaciones-cornell.jpg\" alt=\"\" width=\"680\" height=\"420\" \/><\/span><\/strong><\/span><\/h2>\n<h2 style=\"text-align: center;\"><span style=\"font-size: x-large;\"><strong><span style=\"color: #001df9;\"><span style=\"color: #e02b20;\">We help you to make known your sailing adventure or project.\u200b<\/span><\/span><span style=\"color: #e02b20;\">\u00a0<\/span><\/strong><\/span><\/h2>\n<p><span style=\"color: rgba(0, 0, 0, 0.91);\">If you have a sailing project, in the web-editorial navegantesoceanicos.com we can help you to share it, making it known to other sailors and to the visitors or subscribers of this web.<\/span><\/p>\n<p><span style=\"color: rgba(0, 0, 0, 0.91);\">Examples of sailing projects can be:<\/span><\/p>\n<p style=\"padding-left: 40px;\"><span style=\"color: rgba(0, 0, 0, 0.91);\">a) To make a long voyage such as crossing the Atlantic Ocean under sail, or even sailing around the world in a sailboat.<\/span><\/p>\n<p style=\"padding-left: 40px;\"><span style=\"color: rgba(0, 0, 0, 0.91);\">b) Organize or participate in an ocean or coastal expedition, crossing or regatta.<\/span><\/p>\n<p style=\"padding-left: 40px;\"><span style=\"color: rgba(0, 0, 0, 0.91);\">c) Restore or design a boat for ocean sailing.<\/span><\/p>\n<p style=\"padding-left: 40px;\"><span style=\"color: rgba(0, 0, 0, 0.91);\">d) Carry out an environmental project related to the sea, the conservation and care of the seas and oceans.<\/span><\/p>\n<p style=\"padding-left: 40px;\"><span style=\"color: rgba(0, 0, 0, 0.91);\">e) Organize or participate in events related to the history of navigation and marine sciences.<\/span><\/p>\n<p><span style=\"color: rgba(0, 0, 0, 0.91);\">In Navegantes Oce\u00e1nicos we can give diffusion to your project, navigation or adventure, among other sailors or passionate about the sea, by publishing an article, images or videos in our web-editorial and \/ or also through a link to your website, if your project or nautical adventure already has one.<\/span><\/p>\n<p><span style=\"color: rgba(0, 0, 0, 0.91);\">Once we know the details, we will evaluate it and decide if we consider it in line with this web-editorial, and we will let you know if we approve the dissemination of the same on the web navegantesoceanicos.com, as well as how to do it.<\/span><\/p>\n<p><span style=\"color: rgba(0, 0, 0, 0.91);\">If you are interested, to coordinate and let us know about your project or navigation, you can contact the direction of \u201cNavegantes Oce\u00e1nicos\u201d, by phone or by sending us the following form.<\/span><\/p>\n<p>[\/et_pb_text][et_pb_contact_form email=&#8221;director@navegantesoceanicos.com&#8221; title=&#8221;Formulario de contacto para proyectos oce\u00e1nicos&#8221; success_message=&#8221;Muchas gracias, nos pondremos en contacto con usted lo antes posible. Un cordial saludo. Juan Gonz\u00e1lez-Aller Lacalle.&#8221; _builder_version=&#8221;4.20.4&#8243; _unique_id=&#8221;463252bd-09ff-49c9-999e-19b7886fdd8b&#8221; custom_margin=&#8221;27px|||||&#8221; custom_padding=&#8221;|25px||||&#8221; border_radii=&#8221;on|8px|8px|8px|8px&#8221; border_width_all=&#8221;1px&#8221; border_color_all=&#8221;#0C71C3&#8243; global_colors_info=&#8221;{}&#8221;][et_pb_contact_field field_id=&#8221;nombre_representante&#8221; field_title=&#8221;Nombre del representante del proyecto&#8221; fullwidth_field=&#8221;on&#8221; _builder_version=&#8221;4.16&#8243; border_width_all=&#8221;1px&#8221; global_colors_info=&#8221;{}&#8221;][\/et_pb_contact_field][et_pb_contact_field field_id=&#8221;Actividad_del_proyecto&#8221; field_title=&#8221;Actividad o proyecto&#8221; fullwidth_field=&#8221;on&#8221; _builder_version=&#8221;4.20.4&#8243; border_width_all=&#8221;1px&#8221; global_colors_info=&#8221;{}&#8221;][\/et_pb_contact_field][et_pb_contact_field field_id=&#8221;N\u00famero_de_tel\u00e9fono&#8221; field_title=&#8221;N\u00famero de tel\u00e9fono&#8221; _builder_version=&#8221;4.16&#8243; border_width_all=&#8221;1px&#8221; global_colors_info=&#8221;{}&#8221; button_text_size__hover_enabled=&#8221;off&#8221; button_one_text_size__hover_enabled=&#8221;off&#8221; button_two_text_size__hover_enabled=&#8221;off&#8221; button_text_color__hover_enabled=&#8221;off&#8221; button_one_text_color__hover_enabled=&#8221;off&#8221; button_two_text_color__hover_enabled=&#8221;off&#8221; button_border_width__hover_enabled=&#8221;off&#8221; button_one_border_width__hover_enabled=&#8221;off&#8221; button_two_border_width__hover_enabled=&#8221;off&#8221; button_border_color__hover_enabled=&#8221;off&#8221; button_one_border_color__hover_enabled=&#8221;off&#8221; button_two_border_color__hover_enabled=&#8221;off&#8221; button_border_radius__hover_enabled=&#8221;off&#8221; button_one_border_radius__hover_enabled=&#8221;off&#8221; button_two_border_radius__hover_enabled=&#8221;off&#8221; button_letter_spacing__hover_enabled=&#8221;off&#8221; button_one_letter_spacing__hover_enabled=&#8221;off&#8221; button_two_letter_spacing__hover_enabled=&#8221;off&#8221; button_bg_color__hover_enabled=&#8221;off&#8221; button_one_bg_color__hover_enabled=&#8221;off&#8221; button_two_bg_color__hover_enabled=&#8221;off&#8221;][\/et_pb_contact_field][et_pb_contact_field field_id=&#8221;Email&#8221; field_title=&#8221;Direcci\u00f3n de correo electr\u00f3nico&#8221; field_type=&#8221;email&#8221; _builder_version=&#8221;4.16&#8243; global_colors_info=&#8221;{}&#8221; button_text_size__hover_enabled=&#8221;off&#8221; button_one_text_size__hover_enabled=&#8221;off&#8221; button_two_text_size__hover_enabled=&#8221;off&#8221; button_text_color__hover_enabled=&#8221;off&#8221; button_one_text_color__hover_enabled=&#8221;off&#8221; button_two_text_color__hover_enabled=&#8221;off&#8221; button_border_width__hover_enabled=&#8221;off&#8221; button_one_border_width__hover_enabled=&#8221;off&#8221; button_two_border_width__hover_enabled=&#8221;off&#8221; button_border_color__hover_enabled=&#8221;off&#8221; button_one_border_color__hover_enabled=&#8221;off&#8221; button_two_border_color__hover_enabled=&#8221;off&#8221; button_border_radius__hover_enabled=&#8221;off&#8221; button_one_border_radius__hover_enabled=&#8221;off&#8221; button_two_border_radius__hover_enabled=&#8221;off&#8221; button_letter_spacing__hover_enabled=&#8221;off&#8221; button_one_letter_spacing__hover_enabled=&#8221;off&#8221; button_two_letter_spacing__hover_enabled=&#8221;off&#8221; button_bg_color__hover_enabled=&#8221;off&#8221; button_one_bg_color__hover_enabled=&#8221;off&#8221; button_two_bg_color__hover_enabled=&#8221;off&#8221;][\/et_pb_contact_field][et_pb_contact_field field_id=&#8221;Message&#8221; field_title=&#8221;Mensaje&#8221; field_type=&#8221;text&#8221; fullwidth_field=&#8221;on&#8221; _builder_version=&#8221;4.16&#8243; global_colors_info=&#8221;{}&#8221; button_text_size__hover_enabled=&#8221;off&#8221; button_one_text_size__hover_enabled=&#8221;off&#8221; button_two_text_size__hover_enabled=&#8221;off&#8221; button_text_color__hover_enabled=&#8221;off&#8221; button_one_text_color__hover_enabled=&#8221;off&#8221; button_two_text_color__hover_enabled=&#8221;off&#8221; button_border_width__hover_enabled=&#8221;off&#8221; button_one_border_width__hover_enabled=&#8221;off&#8221; button_two_border_width__hover_enabled=&#8221;off&#8221; button_border_color__hover_enabled=&#8221;off&#8221; button_one_border_color__hover_enabled=&#8221;off&#8221; button_two_border_color__hover_enabled=&#8221;off&#8221; button_border_radius__hover_enabled=&#8221;off&#8221; button_one_border_radius__hover_enabled=&#8221;off&#8221; button_two_border_radius__hover_enabled=&#8221;off&#8221; button_letter_spacing__hover_enabled=&#8221;off&#8221; button_one_letter_spacing__hover_enabled=&#8221;off&#8221; button_two_letter_spacing__hover_enabled=&#8221;off&#8221; button_bg_color__hover_enabled=&#8221;off&#8221; button_one_bg_color__hover_enabled=&#8221;off&#8221; button_two_bg_color__hover_enabled=&#8221;off&#8221;][\/et_pb_contact_field][\/et_pb_contact_form][\/et_pb_column][\/et_pb_row][et_pb_row _builder_version=&#8221;4.16&#8243; global_colors_info=&#8221;{}&#8221;][et_pb_column type=&#8221;4_4&#8243; _builder_version=&#8221;4.16&#8243; global_colors_info=&#8221;{}&#8221;][et_pb_text _builder_version=&#8221;4.20.4&#8243; global_colors_info=&#8221;{}&#8221;]<\/p>\n<p style=\"text-align: center;\"><span style=\"color: #000000;\">Al enviar su correo de contacto est\u00e1 aceptando nuestra<strong> <span style=\"color: #0000ff;\"><a style=\"color: #0000ff;\" title=\"pol\u00edtica de privacidad\" href=\"https:\/\/navegantesoceanicos.com\/privacy-policy\/\">pol\u00edtica de privacidad<\/a><\/span>.<\/strong><\/span><\/p>\n<p>[\/et_pb_text][\/et_pb_column][\/et_pb_row][\/et_pb_section]<\/p>\n","protected":false},"excerpt":{"rendered":"<p>Sailing projects<\/p>\n","protected":false},"author":2,"featured_media":29612,"parent":0,"menu_order":0,"comment_status":"closed","ping_status":"closed","template":"","meta":{"_et_pb_use_builder":"on","_et_pb_old_content":"","_et_gb_content_width":"","footnotes":"","_wp_rev_ctl_limit":""},"class_list":["post-33301","page","type-page","status-publish","has-post-thumbnail","hentry"],"yoast_head":"<!-- This site is optimized with the Yoast SEO plugin v27.4 - https:\/\/yoast.com\/product\/yoast-seo-wordpress\/ -->\n<title>Sailing projects - Navegantes Oce\u00e1nicos<\/title>\n<meta name=\"description\" content=\"Sailing projects\" \/>\n<meta name=\"robots\" content=\"index, follow, max-snippet:-1, max-image-preview:large, max-video-preview:-1\" \/>\n<link rel=\"canonical\" href=\"https:\/\/navegantesoceanicos.com\/en\/sailing-projects\/\" \/>\n<meta property=\"og:locale\" content=\"en_US\" \/>\n<meta property=\"og:type\" content=\"article\" \/>\n<meta property=\"og:title\" content=\"Sailing projects - Navegantes Oce\u00e1nicos\" \/>\n<meta property=\"og:description\" content=\"Sailing projects\" \/>\n<meta property=\"og:url\" content=\"https:\/\/navegantesoceanicos.com\/en\/sailing-projects\/\" \/>\n<meta property=\"og:site_name\" content=\"Navegantes Oce\u00e1nicos\" \/>\n<meta property=\"article:publisher\" content=\"https:\/\/www.facebook.com\/Navegantes-Oce%c3%a1nicos-112578593494698\" \/>\n<meta property=\"article:modified_time\" content=\"2024-11-02T17:11:03+00:00\" \/>\n<meta property=\"og:image\" content=\"https:\/\/navegantesoceanicos.com\/wp-content\/uploads\/2019\/12\/Navegaciones-cornell.jpg\" \/>\n\t<meta property=\"og:image:width\" content=\"680\" \/>\n\t<meta property=\"og:image:height\" content=\"420\" \/>\n\t<meta property=\"og:image:type\" content=\"image\/jpeg\" \/>\n<meta name=\"twitter:label1\" content=\"Est. reading time\" \/>\n\t<meta name=\"twitter:data1\" content=\"2 minutes\" \/>\n<script type=\"application\/ld+json\" class=\"yoast-schema-graph\">{\"@context\":\"https:\\\/\\\/schema.org\",\"@graph\":[{\"@type\":\"WebPage\",\"@id\":\"https:\\\/\\\/navegantesoceanicos.com\\\/en\\\/sailing-projects\\\/\",\"url\":\"https:\\\/\\\/navegantesoceanicos.com\\\/en\\\/sailing-projects\\\/\",\"name\":\"Sailing projects - Navegantes Oce\u00e1nicos\",\"isPartOf\":{\"@id\":\"https:\\\/\\\/navegantesoceanicos.com\\\/en\\\/#website\"},\"primaryImageOfPage\":{\"@id\":\"https:\\\/\\\/navegantesoceanicos.com\\\/en\\\/sailing-projects\\\/#primaryimage\"},\"image\":{\"@id\":\"https:\\\/\\\/navegantesoceanicos.com\\\/en\\\/sailing-projects\\\/#primaryimage\"},\"thumbnailUrl\":\"https:\\\/\\\/navegantesoceanicos.com\\\/wp-content\\\/uploads\\\/2019\\\/12\\\/Navegaciones-cornell.jpg\",\"datePublished\":\"2019-11-08T21:39:52+00:00\",\"dateModified\":\"2024-11-02T17:11:03+00:00\",\"description\":\"Sailing projects\",\"breadcrumb\":{\"@id\":\"https:\\\/\\\/navegantesoceanicos.com\\\/en\\\/sailing-projects\\\/#breadcrumb\"},\"inLanguage\":\"en-US\",\"potentialAction\":[{\"@type\":\"ReadAction\",\"target\":[\"https:\\\/\\\/navegantesoceanicos.com\\\/en\\\/sailing-projects\\\/\"]}]},{\"@type\":\"ImageObject\",\"inLanguage\":\"en-US\",\"@id\":\"https:\\\/\\\/navegantesoceanicos.com\\\/en\\\/sailing-projects\\\/#primaryimage\",\"url\":\"https:\\\/\\\/navegantesoceanicos.com\\\/wp-content\\\/uploads\\\/2019\\\/12\\\/Navegaciones-cornell.jpg\",\"contentUrl\":\"https:\\\/\\\/navegantesoceanicos.com\\\/wp-content\\\/uploads\\\/2019\\\/12\\\/Navegaciones-cornell.jpg\",\"width\":680,\"height\":420,\"caption\":\"Navegaciones Jimmy Cornell\"},{\"@type\":\"BreadcrumbList\",\"@id\":\"https:\\\/\\\/navegantesoceanicos.com\\\/en\\\/sailing-projects\\\/#breadcrumb\",\"itemListElement\":[{\"@type\":\"ListItem\",\"position\":1,\"name\":\"Portada\",\"item\":\"https:\\\/\\\/navegantesoceanicos.com\\\/en\\\/\"},{\"@type\":\"ListItem\",\"position\":2,\"name\":\"Sailing projects\"}]},{\"@type\":\"WebSite\",\"@id\":\"https:\\\/\\\/navegantesoceanicos.com\\\/en\\\/#website\",\"url\":\"https:\\\/\\\/navegantesoceanicos.com\\\/en\\\/\",\"name\":\"Navegantes Oce\u00e1nicos\",\"description\":\"Navegantes oce\u00e1nicos, te ayudamos a navegar, para navegantes, tripulantes, regatistas y armadores, escuela n\u00e1utica, libros on-line sobre t\u00e1cticas y equipamiento para la navegaci\u00f3n a vela, fondear, atracar, el manejo de las velas, electricidad a bordo, navegaci\u00f3n con mal tiempo, rutas oce\u00e1nicas y mucho m\u00e1s\",\"publisher\":{\"@id\":\"https:\\\/\\\/navegantesoceanicos.com\\\/en\\\/#organization\"},\"potentialAction\":[{\"@type\":\"SearchAction\",\"target\":{\"@type\":\"EntryPoint\",\"urlTemplate\":\"https:\\\/\\\/navegantesoceanicos.com\\\/en\\\/?s={search_term_string}\"},\"query-input\":{\"@type\":\"PropertyValueSpecification\",\"valueRequired\":true,\"valueName\":\"search_term_string\"}}],\"inLanguage\":\"en-US\"},{\"@type\":\"Organization\",\"@id\":\"https:\\\/\\\/navegantesoceanicos.com\\\/en\\\/#organization\",\"name\":\"Navegantes Oce\u00e1nicos\",\"url\":\"https:\\\/\\\/navegantesoceanicos.com\\\/en\\\/\",\"logo\":{\"@type\":\"ImageObject\",\"inLanguage\":\"en-US\",\"@id\":\"https:\\\/\\\/navegantesoceanicos.com\\\/en\\\/#\\\/schema\\\/logo\\\/image\\\/\",\"url\":\"https:\\\/\\\/navegantesoceanicos.com\\\/wp-content\\\/uploads\\\/2019\\\/12\\\/LOGO-NAVEGANTES-OCEANICOS.png\",\"contentUrl\":\"https:\\\/\\\/navegantesoceanicos.com\\\/wp-content\\\/uploads\\\/2019\\\/12\\\/LOGO-NAVEGANTES-OCEANICOS.png\",\"width\":1010,\"height\":814,\"caption\":\"Navegantes Oce\u00e1nicos\"},\"image\":{\"@id\":\"https:\\\/\\\/navegantesoceanicos.com\\\/en\\\/#\\\/schema\\\/logo\\\/image\\\/\"},\"sameAs\":[\"https:\\\/\\\/www.facebook.com\\\/Navegantes-Oce\u00e1nicos-112578593494698\",\"https:\\\/\\\/www.instagram.com\\\/navegantes_oceanicos\\\/?hl=es\",\"https:\\\/\\\/www.youtube.com\\\/channel\\\/UCXgDL_6xqE7rpdwNXRmzF_Q\\\/featured\"]}]}<\/script>\n<!-- \/ Yoast SEO plugin. -->","yoast_head_json":{"title":"Sailing projects - Navegantes Oce\u00e1nicos","description":"Sailing projects","robots":{"index":"index","follow":"follow","max-snippet":"max-snippet:-1","max-image-preview":"max-image-preview:large","max-video-preview":"max-video-preview:-1"},"canonical":"https:\/\/navegantesoceanicos.com\/en\/sailing-projects\/","og_locale":"en_US","og_type":"article","og_title":"Sailing projects - Navegantes Oce\u00e1nicos","og_description":"Sailing projects","og_url":"https:\/\/navegantesoceanicos.com\/en\/sailing-projects\/","og_site_name":"Navegantes Oce\u00e1nicos","article_publisher":"https:\/\/www.facebook.com\/Navegantes-Oce%c3%a1nicos-112578593494698","article_modified_time":"2024-11-02T17:11:03+00:00","og_image":[{"width":680,"height":420,"url":"https:\/\/navegantesoceanicos.com\/wp-content\/uploads\/2019\/12\/Navegaciones-cornell.jpg","type":"image\/jpeg"}],"twitter_misc":{"Est. reading time":"2 minutes"},"schema":{"@context":"https:\/\/schema.org","@graph":[{"@type":"WebPage","@id":"https:\/\/navegantesoceanicos.com\/en\/sailing-projects\/","url":"https:\/\/navegantesoceanicos.com\/en\/sailing-projects\/","name":"Sailing projects - Navegantes Oce\u00e1nicos","isPartOf":{"@id":"https:\/\/navegantesoceanicos.com\/en\/#website"},"primaryImageOfPage":{"@id":"https:\/\/navegantesoceanicos.com\/en\/sailing-projects\/#primaryimage"},"image":{"@id":"https:\/\/navegantesoceanicos.com\/en\/sailing-projects\/#primaryimage"},"thumbnailUrl":"https:\/\/navegantesoceanicos.com\/wp-content\/uploads\/2019\/12\/Navegaciones-cornell.jpg","datePublished":"2019-11-08T21:39:52+00:00","dateModified":"2024-11-02T17:11:03+00:00","description":"Sailing projects","breadcrumb":{"@id":"https:\/\/navegantesoceanicos.com\/en\/sailing-projects\/#breadcrumb"},"inLanguage":"en-US","potentialAction":[{"@type":"ReadAction","target":["https:\/\/navegantesoceanicos.com\/en\/sailing-projects\/"]}]},{"@type":"ImageObject","inLanguage":"en-US","@id":"https:\/\/navegantesoceanicos.com\/en\/sailing-projects\/#primaryimage","url":"https:\/\/navegantesoceanicos.com\/wp-content\/uploads\/2019\/12\/Navegaciones-cornell.jpg","contentUrl":"https:\/\/navegantesoceanicos.com\/wp-content\/uploads\/2019\/12\/Navegaciones-cornell.jpg","width":680,"height":420,"caption":"Navegaciones Jimmy Cornell"},{"@type":"BreadcrumbList","@id":"https:\/\/navegantesoceanicos.com\/en\/sailing-projects\/#breadcrumb","itemListElement":[{"@type":"ListItem","position":1,"name":"Portada","item":"https:\/\/navegantesoceanicos.com\/en\/"},{"@type":"ListItem","position":2,"name":"Sailing projects"}]},{"@type":"WebSite","@id":"https:\/\/navegantesoceanicos.com\/en\/#website","url":"https:\/\/navegantesoceanicos.com\/en\/","name":"Navegantes Oce\u00e1nicos","description":"Navegantes oce\u00e1nicos, te ayudamos a navegar, para navegantes, tripulantes, regatistas y armadores, escuela n\u00e1utica, libros on-line sobre t\u00e1cticas y equipamiento para la navegaci\u00f3n a vela, fondear, atracar, el manejo de las velas, electricidad a bordo, navegaci\u00f3n con mal tiempo, rutas oce\u00e1nicas y mucho m\u00e1s","publisher":{"@id":"https:\/\/navegantesoceanicos.com\/en\/#organization"},"potentialAction":[{"@type":"SearchAction","target":{"@type":"EntryPoint","urlTemplate":"https:\/\/navegantesoceanicos.com\/en\/?s={search_term_string}"},"query-input":{"@type":"PropertyValueSpecification","valueRequired":true,"valueName":"search_term_string"}}],"inLanguage":"en-US"},{"@type":"Organization","@id":"https:\/\/navegantesoceanicos.com\/en\/#organization","name":"Navegantes Oce\u00e1nicos","url":"https:\/\/navegantesoceanicos.com\/en\/","logo":{"@type":"ImageObject","inLanguage":"en-US","@id":"https:\/\/navegantesoceanicos.com\/en\/#\/schema\/logo\/image\/","url":"https:\/\/navegantesoceanicos.com\/wp-content\/uploads\/2019\/12\/LOGO-NAVEGANTES-OCEANICOS.png","contentUrl":"https:\/\/navegantesoceanicos.com\/wp-content\/uploads\/2019\/12\/LOGO-NAVEGANTES-OCEANICOS.png","width":1010,"height":814,"caption":"Navegantes Oce\u00e1nicos"},"image":{"@id":"https:\/\/navegantesoceanicos.com\/en\/#\/schema\/logo\/image\/"},"sameAs":["https:\/\/www.facebook.com\/Navegantes-Oce\u00e1nicos-112578593494698","https:\/\/www.instagram.com\/navegantes_oceanicos\/?hl=es","https:\/\/www.youtube.com\/channel\/UCXgDL_6xqE7rpdwNXRmzF_Q\/featured"]}]}},"rttpg_featured_image_url":{"full":["https:\/\/navegantesoceanicos.com\/wp-content\/uploads\/2019\/12\/Navegaciones-cornell.jpg",680,420,false],"landscape":["https:\/\/navegantesoceanicos.com\/wp-content\/uploads\/2019\/12\/Navegaciones-cornell.jpg",680,420,false],"portraits":["https:\/\/navegantesoceanicos.com\/wp-content\/uploads\/2019\/12\/Navegaciones-cornell.jpg",680,420,false],"thumbnail":["https:\/\/navegantesoceanicos.com\/wp-content\/uploads\/2019\/12\/Navegaciones-cornell-150x150.jpg",150,150,true],"medium":["https:\/\/navegantesoceanicos.com\/wp-content\/uploads\/2019\/12\/Navegaciones-cornell-300x185.jpg",300,185,true],"large":["https:\/\/navegantesoceanicos.com\/wp-content\/uploads\/2019\/12\/Navegaciones-cornell.jpg",680,420,false],"1536x1536":["https:\/\/navegantesoceanicos.com\/wp-content\/uploads\/2019\/12\/Navegaciones-cornell.jpg",680,420,false],"2048x2048":["https:\/\/navegantesoceanicos.com\/wp-content\/uploads\/2019\/12\/Navegaciones-cornell.jpg",680,420,false],"smart-post-landscape":["https:\/\/navegantesoceanicos.com\/wp-content\/uploads\/2019\/12\/Navegaciones-cornell.jpg",680,420,false],"smart-post-portrait":["https:\/\/navegantesoceanicos.com\/wp-content\/uploads\/2019\/12\/Navegaciones-cornell.jpg",600,371,false],"et-builder-post-main-image":["https:\/\/navegantesoceanicos.com\/wp-content\/uploads\/2019\/12\/Navegaciones-cornell-400x250.jpg",400,250,true],"et-builder-post-main-image-fullwidth":["https:\/\/navegantesoceanicos.com\/wp-content\/uploads\/2019\/12\/Navegaciones-cornell.jpg",680,420,false],"et-builder-portfolio-image":["https:\/\/navegantesoceanicos.com\/wp-content\/uploads\/2019\/12\/Navegaciones-cornell-400x284.jpg",400,284,true],"et-builder-portfolio-image-single":["https:\/\/navegantesoceanicos.com\/wp-content\/uploads\/2019\/12\/Navegaciones-cornell.jpg",680,420,false],"et-builder-gallery-image-portrait":["https:\/\/navegantesoceanicos.com\/wp-content\/uploads\/2019\/12\/Navegaciones-cornell-400x420.jpg",400,420,true],"extra-image-huge":["https:\/\/navegantesoceanicos.com\/wp-content\/uploads\/2019\/12\/Navegaciones-cornell.jpg",680,420,false],"extra-image-single-post":["https:\/\/navegantesoceanicos.com\/wp-content\/uploads\/2019\/12\/Navegaciones-cornell.jpg",680,420,false],"extra-image-medium":["https:\/\/navegantesoceanicos.com\/wp-content\/uploads\/2019\/12\/Navegaciones-cornell-627x376.jpg",627,376,true],"extra-image-small":["https:\/\/navegantesoceanicos.com\/wp-content\/uploads\/2019\/12\/Navegaciones-cornell-440x264.jpg",440,264,true],"extra-image-square-medium":["https:\/\/navegantesoceanicos.com\/wp-content\/uploads\/2019\/12\/Navegaciones-cornell-440x420.jpg",440,420,true],"extra-image-square-small":["https:\/\/navegantesoceanicos.com\/wp-content\/uploads\/2019\/12\/Navegaciones-cornell-150x150.jpg",150,150,true],"woocommerce_thumbnail":["https:\/\/navegantesoceanicos.com\/wp-content\/uploads\/2019\/12\/Navegaciones-cornell-300x185.jpg",300,185,true],"woocommerce_single":["https:\/\/navegantesoceanicos.com\/wp-content\/uploads\/2019\/12\/Navegaciones-cornell-600x371.jpg",600,371,true],"woocommerce_gallery_thumbnail":["https:\/\/navegantesoceanicos.com\/wp-content\/uploads\/2019\/12\/Navegaciones-cornell-100x100.jpg",100,100,true],"dgwt-wcas-product-suggestion":["https:\/\/navegantesoceanicos.com\/wp-content\/uploads\/2019\/12\/Navegaciones-cornell.jpg",64,40,false]},"rttpg_author":{"display_name":"Juan Gonz\u00e1lez-Aller Lacalle","author_link":"https:\/\/navegantesoceanicos.com\/en\/author\/juan-director\/"},"rttpg_comment":0,"rttpg_category":" <a href=\"https:\/\/navegantesoceanicos.com\/en\/?taxonomy=translation_priority&#038;term=opcional-en\" rel=\"tag\">Opcional<\/a>","rttpg_excerpt":"Sailing projects","_links":{"self":[{"href":"https:\/\/navegantesoceanicos.com\/en\/wp-json\/wp\/v2\/pages\/33301","targetHints":{"allow":["GET"]}}],"collection":[{"href":"https:\/\/navegantesoceanicos.com\/en\/wp-json\/wp\/v2\/pages"}],"about":[{"href":"https:\/\/navegantesoceanicos.com\/en\/wp-json\/wp\/v2\/types\/page"}],"author":[{"embeddable":true,"href":"https:\/\/navegantesoceanicos.com\/en\/wp-json\/wp\/v2\/users\/2"}],"replies":[{"embeddable":true,"href":"https:\/\/navegantesoceanicos.com\/en\/wp-json\/wp\/v2\/comments?post=33301"}],"version-history":[{"count":0,"href":"https:\/\/navegantesoceanicos.com\/en\/wp-json\/wp\/v2\/pages\/33301\/revisions"}],"wp:featuredmedia":[{"embeddable":true,"href":"https:\/\/navegantesoceanicos.com\/en\/wp-json\/wp\/v2\/media\/29612"}],"wp:attachment":[{"href":"https:\/\/navegantesoceanicos.com\/en\/wp-json\/wp\/v2\/media?parent=33301"}],"curies":[{"name":"wp","href":"https:\/\/api.w.org\/{rel}","templated":true}]}}