{"id":33781,"date":"2021-01-09T13:14:03","date_gmt":"2021-01-09T13:14:03","guid":{"rendered":"https:\/\/navegantesoceanicos.com\/electronica-y-navegacion-a-bordo\/"},"modified":"2024-11-05T17:58:43","modified_gmt":"2024-11-05T17:58:43","slug":"electronics-navigation-sailboat","status":"publish","type":"page","link":"https:\/\/navegantesoceanicos.com\/en\/electronics-navigation-sailboat\/","title":{"rendered":"Electronics and navigation"},"content":{"rendered":"<p>[et_pb_section fb_built=&#8221;1&#8243; _builder_version=&#8221;4.16&#8243; global_colors_info=&#8221;{}&#8221;][et_pb_row _builder_version=&#8221;4.16&#8243; global_colors_info=&#8221;{}&#8221;][et_pb_column type=&#8221;4_4&#8243; _builder_version=&#8221;4.16&#8243; global_colors_info=&#8221;{}&#8221;][et_pb_blog fullwidth=&#8221;off&#8221; include_categories=&#8221;11&#8243; show_more=&#8221;on&#8221; show_author=&#8221;off&#8221; show_pagination=&#8221;off&#8221; show_excerpt_tablet=&#8221;&#8221; show_excerpt_phone=&#8221;off&#8221; show_excerpt_last_edited=&#8221;on|phone&#8221; _builder_version=&#8221;4.16&#8243; global_colors_info=&#8221;{}&#8221;][\/et_pb_blog][\/et_pb_column][\/et_pb_row][\/et_pb_section]<\/p>\n","protected":false},"excerpt":{"rendered":"<p> Electronics and navigation on a sailboat. Equipment and procedures for a sailboat.<\/p>\n","protected":false},"author":2,"featured_media":31271,"parent":0,"menu_order":0,"comment_status":"closed","ping_status":"closed","template":"page-template-blog-feed.php","meta":{"_et_pb_use_builder":"on","_et_pb_old_content":"","_et_gb_content_width":"","footnotes":"","_wp_rev_ctl_limit":""},"class_list":["post-33781","page","type-page","status-publish","has-post-thumbnail","hentry"],"yoast_head":"<!-- This site is optimized with the Yoast SEO plugin v27.4 - https:\/\/yoast.com\/product\/yoast-seo-wordpress\/ -->\n<title>Electronics and navigation - Navegantes Oce\u00e1nicos<\/title>\n<meta name=\"description\" content=\"Electronics and navigation on a sailboat\" \/>\n<meta name=\"robots\" content=\"index, follow, max-snippet:-1, max-image-preview:large, max-video-preview:-1\" \/>\n<link rel=\"canonical\" href=\"https:\/\/navegantesoceanicos.com\/en\/electronics-navigation-sailboat\/\" \/>\n<meta property=\"og:locale\" content=\"en_US\" \/>\n<meta property=\"og:type\" content=\"article\" \/>\n<meta property=\"og:title\" content=\"Electronics and navigation - Navegantes Oce\u00e1nicos\" \/>\n<meta property=\"og:description\" content=\"Electronics and navigation on a sailboat\" \/>\n<meta property=\"og:url\" content=\"https:\/\/navegantesoceanicos.com\/en\/electronics-navigation-sailboat\/\" \/>\n<meta property=\"og:site_name\" content=\"Navegantes Oce\u00e1nicos\" \/>\n<meta property=\"article:publisher\" content=\"https:\/\/www.facebook.com\/Navegantes-Oce%c3%a1nicos-112578593494698\" \/>\n<meta property=\"article:modified_time\" content=\"2024-11-05T17:58:43+00:00\" \/>\n<meta property=\"og:image\" content=\"https:\/\/navegantesoceanicos.com\/wp-content\/uploads\/2022\/05\/GMDSS-System.png\" \/>\n\t<meta property=\"og:image:width\" content=\"988\" \/>\n\t<meta property=\"og:image:height\" content=\"717\" \/>\n\t<meta property=\"og:image:type\" content=\"image\/png\" \/>\n<meta name=\"twitter:label1\" content=\"Est. reading time\" \/>\n\t<meta name=\"twitter:data1\" content=\"1 minute\" \/>\n<script type=\"application\/ld+json\" class=\"yoast-schema-graph\">{\"@context\":\"https:\\\/\\\/schema.org\",\"@graph\":[{\"@type\":\"WebPage\",\"@id\":\"https:\\\/\\\/navegantesoceanicos.com\\\/en\\\/electronics-navigation-sailboat\\\/\",\"url\":\"https:\\\/\\\/navegantesoceanicos.com\\\/en\\\/electronics-navigation-sailboat\\\/\",\"name\":\"Electronics and navigation - Navegantes Oce\u00e1nicos\",\"isPartOf\":{\"@id\":\"https:\\\/\\\/navegantesoceanicos.com\\\/en\\\/#website\"},\"primaryImageOfPage\":{\"@id\":\"https:\\\/\\\/navegantesoceanicos.com\\\/en\\\/electronics-navigation-sailboat\\\/#primaryimage\"},\"image\":{\"@id\":\"https:\\\/\\\/navegantesoceanicos.com\\\/en\\\/electronics-navigation-sailboat\\\/#primaryimage\"},\"thumbnailUrl\":\"https:\\\/\\\/navegantesoceanicos.com\\\/wp-content\\\/uploads\\\/2022\\\/05\\\/GMDSS-System.png\",\"datePublished\":\"2021-01-09T13:14:03+00:00\",\"dateModified\":\"2024-11-05T17:58:43+00:00\",\"description\":\"Electronics and navigation on a sailboat\",\"breadcrumb\":{\"@id\":\"https:\\\/\\\/navegantesoceanicos.com\\\/en\\\/electronics-navigation-sailboat\\\/#breadcrumb\"},\"inLanguage\":\"en-US\",\"potentialAction\":[{\"@type\":\"ReadAction\",\"target\":[\"https:\\\/\\\/navegantesoceanicos.com\\\/en\\\/electronics-navigation-sailboat\\\/\"]}]},{\"@type\":\"ImageObject\",\"inLanguage\":\"en-US\",\"@id\":\"https:\\\/\\\/navegantesoceanicos.com\\\/en\\\/electronics-navigation-sailboat\\\/#primaryimage\",\"url\":\"https:\\\/\\\/navegantesoceanicos.com\\\/wp-content\\\/uploads\\\/2022\\\/05\\\/GMDSS-System.png\",\"contentUrl\":\"https:\\\/\\\/navegantesoceanicos.com\\\/wp-content\\\/uploads\\\/2022\\\/05\\\/GMDSS-System.png\",\"width\":988,\"height\":717,\"caption\":\"GMDSS System\"},{\"@type\":\"BreadcrumbList\",\"@id\":\"https:\\\/\\\/navegantesoceanicos.com\\\/en\\\/electronics-navigation-sailboat\\\/#breadcrumb\",\"itemListElement\":[{\"@type\":\"ListItem\",\"position\":1,\"name\":\"Portada\",\"item\":\"https:\\\/\\\/navegantesoceanicos.com\\\/en\\\/\"},{\"@type\":\"ListItem\",\"position\":2,\"name\":\"Electronics and navigation\"}]},{\"@type\":\"WebSite\",\"@id\":\"https:\\\/\\\/navegantesoceanicos.com\\\/en\\\/#website\",\"url\":\"https:\\\/\\\/navegantesoceanicos.com\\\/en\\\/\",\"name\":\"Navegantes Oce\u00e1nicos\",\"description\":\"Navegantes oce\u00e1nicos, te ayudamos a navegar, para navegantes, tripulantes, regatistas y armadores, escuela n\u00e1utica, libros on-line sobre t\u00e1cticas y equipamiento para la navegaci\u00f3n a vela, fondear, atracar, el manejo de las velas, electricidad a bordo, navegaci\u00f3n con mal tiempo, rutas oce\u00e1nicas y mucho m\u00e1s\",\"publisher\":{\"@id\":\"https:\\\/\\\/navegantesoceanicos.com\\\/en\\\/#organization\"},\"potentialAction\":[{\"@type\":\"SearchAction\",\"target\":{\"@type\":\"EntryPoint\",\"urlTemplate\":\"https:\\\/\\\/navegantesoceanicos.com\\\/en\\\/?s={search_term_string}\"},\"query-input\":{\"@type\":\"PropertyValueSpecification\",\"valueRequired\":true,\"valueName\":\"search_term_string\"}}],\"inLanguage\":\"en-US\"},{\"@type\":\"Organization\",\"@id\":\"https:\\\/\\\/navegantesoceanicos.com\\\/en\\\/#organization\",\"name\":\"Navegantes Oce\u00e1nicos\",\"url\":\"https:\\\/\\\/navegantesoceanicos.com\\\/en\\\/\",\"logo\":{\"@type\":\"ImageObject\",\"inLanguage\":\"en-US\",\"@id\":\"https:\\\/\\\/navegantesoceanicos.com\\\/en\\\/#\\\/schema\\\/logo\\\/image\\\/\",\"url\":\"https:\\\/\\\/navegantesoceanicos.com\\\/wp-content\\\/uploads\\\/2019\\\/12\\\/LOGO-NAVEGANTES-OCEANICOS.png\",\"contentUrl\":\"https:\\\/\\\/navegantesoceanicos.com\\\/wp-content\\\/uploads\\\/2019\\\/12\\\/LOGO-NAVEGANTES-OCEANICOS.png\",\"width\":1010,\"height\":814,\"caption\":\"Navegantes Oce\u00e1nicos\"},\"image\":{\"@id\":\"https:\\\/\\\/navegantesoceanicos.com\\\/en\\\/#\\\/schema\\\/logo\\\/image\\\/\"},\"sameAs\":[\"https:\\\/\\\/www.facebook.com\\\/Navegantes-Oce\u00e1nicos-112578593494698\",\"https:\\\/\\\/www.instagram.com\\\/navegantes_oceanicos\\\/?hl=es\",\"https:\\\/\\\/www.youtube.com\\\/channel\\\/UCXgDL_6xqE7rpdwNXRmzF_Q\\\/featured\"]}]}<\/script>\n<!-- \/ Yoast SEO plugin. -->","yoast_head_json":{"title":"Electronics and navigation - Navegantes Oce\u00e1nicos","description":"Electronics and navigation on a sailboat","robots":{"index":"index","follow":"follow","max-snippet":"max-snippet:-1","max-image-preview":"max-image-preview:large","max-video-preview":"max-video-preview:-1"},"canonical":"https:\/\/navegantesoceanicos.com\/en\/electronics-navigation-sailboat\/","og_locale":"en_US","og_type":"article","og_title":"Electronics and navigation - Navegantes Oce\u00e1nicos","og_description":"Electronics and navigation on a sailboat","og_url":"https:\/\/navegantesoceanicos.com\/en\/electronics-navigation-sailboat\/","og_site_name":"Navegantes Oce\u00e1nicos","article_publisher":"https:\/\/www.facebook.com\/Navegantes-Oce%c3%a1nicos-112578593494698","article_modified_time":"2024-11-05T17:58:43+00:00","og_image":[{"width":988,"height":717,"url":"https:\/\/navegantesoceanicos.com\/wp-content\/uploads\/2022\/05\/GMDSS-System.png","type":"image\/png"}],"twitter_misc":{"Est. reading time":"1 minute"},"schema":{"@context":"https:\/\/schema.org","@graph":[{"@type":"WebPage","@id":"https:\/\/navegantesoceanicos.com\/en\/electronics-navigation-sailboat\/","url":"https:\/\/navegantesoceanicos.com\/en\/electronics-navigation-sailboat\/","name":"Electronics and navigation - Navegantes Oce\u00e1nicos","isPartOf":{"@id":"https:\/\/navegantesoceanicos.com\/en\/#website"},"primaryImageOfPage":{"@id":"https:\/\/navegantesoceanicos.com\/en\/electronics-navigation-sailboat\/#primaryimage"},"image":{"@id":"https:\/\/navegantesoceanicos.com\/en\/electronics-navigation-sailboat\/#primaryimage"},"thumbnailUrl":"https:\/\/navegantesoceanicos.com\/wp-content\/uploads\/2022\/05\/GMDSS-System.png","datePublished":"2021-01-09T13:14:03+00:00","dateModified":"2024-11-05T17:58:43+00:00","description":"Electronics and navigation on a sailboat","breadcrumb":{"@id":"https:\/\/navegantesoceanicos.com\/en\/electronics-navigation-sailboat\/#breadcrumb"},"inLanguage":"en-US","potentialAction":[{"@type":"ReadAction","target":["https:\/\/navegantesoceanicos.com\/en\/electronics-navigation-sailboat\/"]}]},{"@type":"ImageObject","inLanguage":"en-US","@id":"https:\/\/navegantesoceanicos.com\/en\/electronics-navigation-sailboat\/#primaryimage","url":"https:\/\/navegantesoceanicos.com\/wp-content\/uploads\/2022\/05\/GMDSS-System.png","contentUrl":"https:\/\/navegantesoceanicos.com\/wp-content\/uploads\/2022\/05\/GMDSS-System.png","width":988,"height":717,"caption":"GMDSS System"},{"@type":"BreadcrumbList","@id":"https:\/\/navegantesoceanicos.com\/en\/electronics-navigation-sailboat\/#breadcrumb","itemListElement":[{"@type":"ListItem","position":1,"name":"Portada","item":"https:\/\/navegantesoceanicos.com\/en\/"},{"@type":"ListItem","position":2,"name":"Electronics and navigation"}]},{"@type":"WebSite","@id":"https:\/\/navegantesoceanicos.com\/en\/#website","url":"https:\/\/navegantesoceanicos.com\/en\/","name":"Navegantes Oce\u00e1nicos","description":"Navegantes oce\u00e1nicos, te ayudamos a navegar, para navegantes, tripulantes, regatistas y armadores, escuela n\u00e1utica, libros on-line sobre t\u00e1cticas y equipamiento para la navegaci\u00f3n a vela, fondear, atracar, el manejo de las velas, electricidad a bordo, navegaci\u00f3n con mal tiempo, rutas oce\u00e1nicas y mucho m\u00e1s","publisher":{"@id":"https:\/\/navegantesoceanicos.com\/en\/#organization"},"potentialAction":[{"@type":"SearchAction","target":{"@type":"EntryPoint","urlTemplate":"https:\/\/navegantesoceanicos.com\/en\/?s={search_term_string}"},"query-input":{"@type":"PropertyValueSpecification","valueRequired":true,"valueName":"search_term_string"}}],"inLanguage":"en-US"},{"@type":"Organization","@id":"https:\/\/navegantesoceanicos.com\/en\/#organization","name":"Navegantes Oce\u00e1nicos","url":"https:\/\/navegantesoceanicos.com\/en\/","logo":{"@type":"ImageObject","inLanguage":"en-US","@id":"https:\/\/navegantesoceanicos.com\/en\/#\/schema\/logo\/image\/","url":"https:\/\/navegantesoceanicos.com\/wp-content\/uploads\/2019\/12\/LOGO-NAVEGANTES-OCEANICOS.png","contentUrl":"https:\/\/navegantesoceanicos.com\/wp-content\/uploads\/2019\/12\/LOGO-NAVEGANTES-OCEANICOS.png","width":1010,"height":814,"caption":"Navegantes Oce\u00e1nicos"},"image":{"@id":"https:\/\/navegantesoceanicos.com\/en\/#\/schema\/logo\/image\/"},"sameAs":["https:\/\/www.facebook.com\/Navegantes-Oce\u00e1nicos-112578593494698","https:\/\/www.instagram.com\/navegantes_oceanicos\/?hl=es","https:\/\/www.youtube.com\/channel\/UCXgDL_6xqE7rpdwNXRmzF_Q\/featured"]}]}},"rttpg_featured_image_url":{"full":["https:\/\/navegantesoceanicos.com\/wp-content\/uploads\/2022\/05\/GMDSS-System.png",988,717,false],"landscape":["https:\/\/navegantesoceanicos.com\/wp-content\/uploads\/2022\/05\/GMDSS-System.png",988,717,false],"portraits":["https:\/\/navegantesoceanicos.com\/wp-content\/uploads\/2022\/05\/GMDSS-System.png",988,717,false],"thumbnail":["https:\/\/navegantesoceanicos.com\/wp-content\/uploads\/2022\/05\/GMDSS-System-150x150.png",150,150,true],"medium":["https:\/\/navegantesoceanicos.com\/wp-content\/uploads\/2022\/05\/GMDSS-System-300x218.png",300,218,true],"large":["https:\/\/navegantesoceanicos.com\/wp-content\/uploads\/2022\/05\/GMDSS-System.png",988,717,false],"1536x1536":["https:\/\/navegantesoceanicos.com\/wp-content\/uploads\/2022\/05\/GMDSS-System.png",988,717,false],"2048x2048":["https:\/\/navegantesoceanicos.com\/wp-content\/uploads\/2022\/05\/GMDSS-System.png",988,717,false],"smart-post-landscape":["https:\/\/navegantesoceanicos.com\/wp-content\/uploads\/2022\/05\/GMDSS-System.png",785,570,false],"smart-post-portrait":["https:\/\/navegantesoceanicos.com\/wp-content\/uploads\/2022\/05\/GMDSS-System.png",600,435,false],"et-builder-post-main-image":["https:\/\/navegantesoceanicos.com\/wp-content\/uploads\/2022\/05\/GMDSS-System-400x250.png",400,250,true],"et-builder-post-main-image-fullwidth":["https:\/\/navegantesoceanicos.com\/wp-content\/uploads\/2022\/05\/GMDSS-System-988x675.png",988,675,true],"et-builder-portfolio-image":["https:\/\/navegantesoceanicos.com\/wp-content\/uploads\/2022\/05\/GMDSS-System-400x284.png",400,284,true],"et-builder-portfolio-image-single":["https:\/\/navegantesoceanicos.com\/wp-content\/uploads\/2022\/05\/GMDSS-System.png",988,717,false],"et-builder-gallery-image-portrait":["https:\/\/navegantesoceanicos.com\/wp-content\/uploads\/2022\/05\/GMDSS-System-400x516.png",400,516,true],"extra-image-huge":["https:\/\/navegantesoceanicos.com\/wp-content\/uploads\/2022\/05\/GMDSS-System.png",988,717,false],"extra-image-single-post":["https:\/\/navegantesoceanicos.com\/wp-content\/uploads\/2022\/05\/GMDSS-System-988x640.png",988,640,true],"extra-image-medium":["https:\/\/navegantesoceanicos.com\/wp-content\/uploads\/2022\/05\/GMDSS-System-627x376.png",627,376,true],"extra-image-small":["https:\/\/navegantesoceanicos.com\/wp-content\/uploads\/2022\/05\/GMDSS-System-440x264.png",440,264,true],"extra-image-square-medium":["https:\/\/navegantesoceanicos.com\/wp-content\/uploads\/2022\/05\/GMDSS-System-440x440.png",440,440,true],"extra-image-square-small":["https:\/\/navegantesoceanicos.com\/wp-content\/uploads\/2022\/05\/GMDSS-System-150x150.png",150,150,true],"woocommerce_thumbnail":["https:\/\/navegantesoceanicos.com\/wp-content\/uploads\/2022\/05\/GMDSS-System-300x218.png",300,218,true],"woocommerce_single":["https:\/\/navegantesoceanicos.com\/wp-content\/uploads\/2022\/05\/GMDSS-System-600x435.png",600,435,true],"woocommerce_gallery_thumbnail":["https:\/\/navegantesoceanicos.com\/wp-content\/uploads\/2022\/05\/GMDSS-System-100x100.png",100,100,true],"dgwt-wcas-product-suggestion":["https:\/\/navegantesoceanicos.com\/wp-content\/uploads\/2022\/05\/GMDSS-System.png",64,46,false]},"rttpg_author":{"display_name":"Juan Gonz\u00e1lez-Aller Lacalle","author_link":"https:\/\/navegantesoceanicos.com\/en\/author\/juan-director\/"},"rttpg_comment":0,"rttpg_category":false,"rttpg_excerpt":"Electronics and navigation on a sailboat. Equipment and procedures for a sailboat.","_links":{"self":[{"href":"https:\/\/navegantesoceanicos.com\/en\/wp-json\/wp\/v2\/pages\/33781","targetHints":{"allow":["GET"]}}],"collection":[{"href":"https:\/\/navegantesoceanicos.com\/en\/wp-json\/wp\/v2\/pages"}],"about":[{"href":"https:\/\/navegantesoceanicos.com\/en\/wp-json\/wp\/v2\/types\/page"}],"author":[{"embeddable":true,"href":"https:\/\/navegantesoceanicos.com\/en\/wp-json\/wp\/v2\/users\/2"}],"replies":[{"embeddable":true,"href":"https:\/\/navegantesoceanicos.com\/en\/wp-json\/wp\/v2\/comments?post=33781"}],"version-history":[{"count":0,"href":"https:\/\/navegantesoceanicos.com\/en\/wp-json\/wp\/v2\/pages\/33781\/revisions"}],"wp:featuredmedia":[{"embeddable":true,"href":"https:\/\/navegantesoceanicos.com\/en\/wp-json\/wp\/v2\/media\/31271"}],"wp:attachment":[{"href":"https:\/\/navegantesoceanicos.com\/en\/wp-json\/wp\/v2\/media?parent=33781"}],"curies":[{"name":"wp","href":"https:\/\/api.w.org\/{rel}","templated":true}]}}