{"id":34044,"date":"2024-01-24T09:15:23","date_gmt":"2024-01-24T09:15:23","guid":{"rendered":"https:\/\/navegantesoceanicos.com\/vuelta-al-mundo-del-white-shadow-en-la-ocean-globe-race-ogr-23-24\/"},"modified":"2024-11-13T18:53:17","modified_gmt":"2024-11-13T18:53:17","slug":"round-the-world-race-white-shadow-ocean-globe-race","status":"publish","type":"page","link":"https:\/\/navegantesoceanicos.com\/en\/round-the-world-race-white-shadow-ocean-globe-race\/","title":{"rendered":"White Shadow in the \u201cOcean Globe Race (OGR 23-24)\u201d."},"content":{"rendered":"","protected":false},"excerpt":{"rendered":"<p>Round the world race of the \u201cWhite Shadow\u201d in the \u201cOcean Globe Race (OGR 23-24)\u201d.<\/p>\n","protected":false},"author":2,"featured_media":32415,"parent":0,"menu_order":0,"comment_status":"closed","ping_status":"closed","template":"page-template-blog-feed.php","meta":{"_et_pb_use_builder":"","_et_pb_old_content":"","_et_gb_content_width":"","footnotes":"","_wp_rev_ctl_limit":""},"class_list":["post-34044","page","type-page","status-publish","has-post-thumbnail","hentry"],"yoast_head":"<!-- This site is optimized with the Yoast SEO plugin v27.3 - https:\/\/yoast.com\/product\/yoast-seo-wordpress\/ -->\n<title>White Shadow in the \u201cOcean Globe Race (OGR 23-24)\u201d. - Navegantes Oce\u00e1nicos<\/title>\n<meta name=\"description\" content=\"Round the world race of the \u201cWhite Shadow\u201d in the \u201cOcean Globe Race (OGR 23-24)\u201d.\" \/>\n<meta name=\"robots\" content=\"index, follow, max-snippet:-1, max-image-preview:large, max-video-preview:-1\" \/>\n<link rel=\"canonical\" href=\"https:\/\/navegantesoceanicos.com\/en\/round-the-world-race-white-shadow-ocean-globe-race\/\" \/>\n<meta property=\"og:locale\" content=\"en_US\" \/>\n<meta property=\"og:type\" content=\"article\" \/>\n<meta property=\"og:title\" content=\"White Shadow in the \u201cOcean Globe Race (OGR 23-24)\u201d. - Navegantes Oce\u00e1nicos\" \/>\n<meta property=\"og:description\" content=\"Round the world race of the \u201cWhite Shadow\u201d in the \u201cOcean Globe Race (OGR 23-24)\u201d.\" \/>\n<meta property=\"og:url\" content=\"https:\/\/navegantesoceanicos.com\/en\/round-the-world-race-white-shadow-ocean-globe-race\/\" \/>\n<meta property=\"og:site_name\" content=\"Navegantes Oce\u00e1nicos\" \/>\n<meta property=\"article:publisher\" content=\"https:\/\/www.facebook.com\/Navegantes-Oce%c3%a1nicos-112578593494698\" \/>\n<meta property=\"article:modified_time\" content=\"2024-11-13T18:53:17+00:00\" \/>\n<meta property=\"og:image\" content=\"https:\/\/navegantesoceanicos.com\/wp-content\/uploads\/2024\/01\/White-Shadow-OGR-2023-24.jpeg\" \/>\n\t<meta property=\"og:image:width\" content=\"2560\" \/>\n\t<meta property=\"og:image:height\" content=\"1444\" \/>\n\t<meta property=\"og:image:type\" content=\"image\/jpeg\" \/>\n<meta name=\"twitter:label1\" content=\"Est. reading time\" \/>\n\t<meta name=\"twitter:data1\" content=\"1 minute\" \/>\n<script type=\"application\/ld+json\" class=\"yoast-schema-graph\">{\"@context\":\"https:\\\/\\\/schema.org\",\"@graph\":[{\"@type\":\"WebPage\",\"@id\":\"https:\\\/\\\/navegantesoceanicos.com\\\/en\\\/round-the-world-race-white-shadow-ocean-globe-race\\\/\",\"url\":\"https:\\\/\\\/navegantesoceanicos.com\\\/en\\\/round-the-world-race-white-shadow-ocean-globe-race\\\/\",\"name\":\"White Shadow in the \u201cOcean Globe Race (OGR 23-24)\u201d. - Navegantes Oce\u00e1nicos\",\"isPartOf\":{\"@id\":\"https:\\\/\\\/navegantesoceanicos.com\\\/en\\\/#website\"},\"primaryImageOfPage\":{\"@id\":\"https:\\\/\\\/navegantesoceanicos.com\\\/en\\\/round-the-world-race-white-shadow-ocean-globe-race\\\/#primaryimage\"},\"image\":{\"@id\":\"https:\\\/\\\/navegantesoceanicos.com\\\/en\\\/round-the-world-race-white-shadow-ocean-globe-race\\\/#primaryimage\"},\"thumbnailUrl\":\"https:\\\/\\\/navegantesoceanicos.com\\\/wp-content\\\/uploads\\\/2024\\\/01\\\/White-Shadow-OGR-2023-24.jpeg\",\"datePublished\":\"2024-01-24T09:15:23+00:00\",\"dateModified\":\"2024-11-13T18:53:17+00:00\",\"description\":\"Round the world race of the \u201cWhite Shadow\u201d in the \u201cOcean Globe Race (OGR 23-24)\u201d.\",\"breadcrumb\":{\"@id\":\"https:\\\/\\\/navegantesoceanicos.com\\\/en\\\/round-the-world-race-white-shadow-ocean-globe-race\\\/#breadcrumb\"},\"inLanguage\":\"en-US\",\"potentialAction\":[{\"@type\":\"ReadAction\",\"target\":[\"https:\\\/\\\/navegantesoceanicos.com\\\/en\\\/round-the-world-race-white-shadow-ocean-globe-race\\\/\"]}]},{\"@type\":\"ImageObject\",\"inLanguage\":\"en-US\",\"@id\":\"https:\\\/\\\/navegantesoceanicos.com\\\/en\\\/round-the-world-race-white-shadow-ocean-globe-race\\\/#primaryimage\",\"url\":\"https:\\\/\\\/navegantesoceanicos.com\\\/wp-content\\\/uploads\\\/2024\\\/01\\\/White-Shadow-OGR-2023-24.jpeg\",\"contentUrl\":\"https:\\\/\\\/navegantesoceanicos.com\\\/wp-content\\\/uploads\\\/2024\\\/01\\\/White-Shadow-OGR-2023-24.jpeg\",\"width\":2560,\"height\":1444,\"caption\":\"White-Shadow OGR 2023-24\"},{\"@type\":\"BreadcrumbList\",\"@id\":\"https:\\\/\\\/navegantesoceanicos.com\\\/en\\\/round-the-world-race-white-shadow-ocean-globe-race\\\/#breadcrumb\",\"itemListElement\":[{\"@type\":\"ListItem\",\"position\":1,\"name\":\"Portada\",\"item\":\"https:\\\/\\\/navegantesoceanicos.com\\\/en\\\/\"},{\"@type\":\"ListItem\",\"position\":2,\"name\":\"White Shadow in the \u201cOcean Globe Race (OGR 23-24)\u201d.\"}]},{\"@type\":\"WebSite\",\"@id\":\"https:\\\/\\\/navegantesoceanicos.com\\\/en\\\/#website\",\"url\":\"https:\\\/\\\/navegantesoceanicos.com\\\/en\\\/\",\"name\":\"Navegantes Oce\u00e1nicos\",\"description\":\"Navegantes oce\u00e1nicos, te ayudamos a navegar, para navegantes, tripulantes, regatistas y armadores, escuela n\u00e1utica, libros on-line sobre t\u00e1cticas y equipamiento para la navegaci\u00f3n a vela, fondear, atracar, el manejo de las velas, electricidad a bordo, navegaci\u00f3n con mal tiempo, rutas oce\u00e1nicas y mucho m\u00e1s\",\"publisher\":{\"@id\":\"https:\\\/\\\/navegantesoceanicos.com\\\/en\\\/#organization\"},\"potentialAction\":[{\"@type\":\"SearchAction\",\"target\":{\"@type\":\"EntryPoint\",\"urlTemplate\":\"https:\\\/\\\/navegantesoceanicos.com\\\/en\\\/?s={search_term_string}\"},\"query-input\":{\"@type\":\"PropertyValueSpecification\",\"valueRequired\":true,\"valueName\":\"search_term_string\"}}],\"inLanguage\":\"en-US\"},{\"@type\":\"Organization\",\"@id\":\"https:\\\/\\\/navegantesoceanicos.com\\\/en\\\/#organization\",\"name\":\"Navegantes Oce\u00e1nicos\",\"url\":\"https:\\\/\\\/navegantesoceanicos.com\\\/en\\\/\",\"logo\":{\"@type\":\"ImageObject\",\"inLanguage\":\"en-US\",\"@id\":\"https:\\\/\\\/navegantesoceanicos.com\\\/en\\\/#\\\/schema\\\/logo\\\/image\\\/\",\"url\":\"https:\\\/\\\/navegantesoceanicos.com\\\/wp-content\\\/uploads\\\/2019\\\/12\\\/LOGO-NAVEGANTES-OCEANICOS.png\",\"contentUrl\":\"https:\\\/\\\/navegantesoceanicos.com\\\/wp-content\\\/uploads\\\/2019\\\/12\\\/LOGO-NAVEGANTES-OCEANICOS.png\",\"width\":1010,\"height\":814,\"caption\":\"Navegantes Oce\u00e1nicos\"},\"image\":{\"@id\":\"https:\\\/\\\/navegantesoceanicos.com\\\/en\\\/#\\\/schema\\\/logo\\\/image\\\/\"},\"sameAs\":[\"https:\\\/\\\/www.facebook.com\\\/Navegantes-Oce\u00e1nicos-112578593494698\",\"https:\\\/\\\/www.instagram.com\\\/navegantes_oceanicos\\\/?hl=es\",\"https:\\\/\\\/www.youtube.com\\\/channel\\\/UCXgDL_6xqE7rpdwNXRmzF_Q\\\/featured\"]}]}<\/script>\n<!-- \/ Yoast SEO plugin. -->","yoast_head_json":{"title":"White Shadow in the \u201cOcean Globe Race (OGR 23-24)\u201d. - Navegantes Oce\u00e1nicos","description":"Round the world race of the \u201cWhite Shadow\u201d in the \u201cOcean Globe Race (OGR 23-24)\u201d.","robots":{"index":"index","follow":"follow","max-snippet":"max-snippet:-1","max-image-preview":"max-image-preview:large","max-video-preview":"max-video-preview:-1"},"canonical":"https:\/\/navegantesoceanicos.com\/en\/round-the-world-race-white-shadow-ocean-globe-race\/","og_locale":"en_US","og_type":"article","og_title":"White Shadow in the \u201cOcean Globe Race (OGR 23-24)\u201d. - Navegantes Oce\u00e1nicos","og_description":"Round the world race of the \u201cWhite Shadow\u201d in the \u201cOcean Globe Race (OGR 23-24)\u201d.","og_url":"https:\/\/navegantesoceanicos.com\/en\/round-the-world-race-white-shadow-ocean-globe-race\/","og_site_name":"Navegantes Oce\u00e1nicos","article_publisher":"https:\/\/www.facebook.com\/Navegantes-Oce%c3%a1nicos-112578593494698","article_modified_time":"2024-11-13T18:53:17+00:00","og_image":[{"width":2560,"height":1444,"url":"https:\/\/navegantesoceanicos.com\/wp-content\/uploads\/2024\/01\/White-Shadow-OGR-2023-24.jpeg","type":"image\/jpeg"}],"twitter_misc":{"Est. reading time":"1 minute"},"schema":{"@context":"https:\/\/schema.org","@graph":[{"@type":"WebPage","@id":"https:\/\/navegantesoceanicos.com\/en\/round-the-world-race-white-shadow-ocean-globe-race\/","url":"https:\/\/navegantesoceanicos.com\/en\/round-the-world-race-white-shadow-ocean-globe-race\/","name":"White Shadow in the \u201cOcean Globe Race (OGR 23-24)\u201d. - Navegantes Oce\u00e1nicos","isPartOf":{"@id":"https:\/\/navegantesoceanicos.com\/en\/#website"},"primaryImageOfPage":{"@id":"https:\/\/navegantesoceanicos.com\/en\/round-the-world-race-white-shadow-ocean-globe-race\/#primaryimage"},"image":{"@id":"https:\/\/navegantesoceanicos.com\/en\/round-the-world-race-white-shadow-ocean-globe-race\/#primaryimage"},"thumbnailUrl":"https:\/\/navegantesoceanicos.com\/wp-content\/uploads\/2024\/01\/White-Shadow-OGR-2023-24.jpeg","datePublished":"2024-01-24T09:15:23+00:00","dateModified":"2024-11-13T18:53:17+00:00","description":"Round the world race of the \u201cWhite Shadow\u201d in the \u201cOcean Globe Race (OGR 23-24)\u201d.","breadcrumb":{"@id":"https:\/\/navegantesoceanicos.com\/en\/round-the-world-race-white-shadow-ocean-globe-race\/#breadcrumb"},"inLanguage":"en-US","potentialAction":[{"@type":"ReadAction","target":["https:\/\/navegantesoceanicos.com\/en\/round-the-world-race-white-shadow-ocean-globe-race\/"]}]},{"@type":"ImageObject","inLanguage":"en-US","@id":"https:\/\/navegantesoceanicos.com\/en\/round-the-world-race-white-shadow-ocean-globe-race\/#primaryimage","url":"https:\/\/navegantesoceanicos.com\/wp-content\/uploads\/2024\/01\/White-Shadow-OGR-2023-24.jpeg","contentUrl":"https:\/\/navegantesoceanicos.com\/wp-content\/uploads\/2024\/01\/White-Shadow-OGR-2023-24.jpeg","width":2560,"height":1444,"caption":"White-Shadow OGR 2023-24"},{"@type":"BreadcrumbList","@id":"https:\/\/navegantesoceanicos.com\/en\/round-the-world-race-white-shadow-ocean-globe-race\/#breadcrumb","itemListElement":[{"@type":"ListItem","position":1,"name":"Portada","item":"https:\/\/navegantesoceanicos.com\/en\/"},{"@type":"ListItem","position":2,"name":"White Shadow in the \u201cOcean Globe Race (OGR 23-24)\u201d."}]},{"@type":"WebSite","@id":"https:\/\/navegantesoceanicos.com\/en\/#website","url":"https:\/\/navegantesoceanicos.com\/en\/","name":"Navegantes Oce\u00e1nicos","description":"Navegantes oce\u00e1nicos, te ayudamos a navegar, para navegantes, tripulantes, regatistas y armadores, escuela n\u00e1utica, libros on-line sobre t\u00e1cticas y equipamiento para la navegaci\u00f3n a vela, fondear, atracar, el manejo de las velas, electricidad a bordo, navegaci\u00f3n con mal tiempo, rutas oce\u00e1nicas y mucho m\u00e1s","publisher":{"@id":"https:\/\/navegantesoceanicos.com\/en\/#organization"},"potentialAction":[{"@type":"SearchAction","target":{"@type":"EntryPoint","urlTemplate":"https:\/\/navegantesoceanicos.com\/en\/?s={search_term_string}"},"query-input":{"@type":"PropertyValueSpecification","valueRequired":true,"valueName":"search_term_string"}}],"inLanguage":"en-US"},{"@type":"Organization","@id":"https:\/\/navegantesoceanicos.com\/en\/#organization","name":"Navegantes Oce\u00e1nicos","url":"https:\/\/navegantesoceanicos.com\/en\/","logo":{"@type":"ImageObject","inLanguage":"en-US","@id":"https:\/\/navegantesoceanicos.com\/en\/#\/schema\/logo\/image\/","url":"https:\/\/navegantesoceanicos.com\/wp-content\/uploads\/2019\/12\/LOGO-NAVEGANTES-OCEANICOS.png","contentUrl":"https:\/\/navegantesoceanicos.com\/wp-content\/uploads\/2019\/12\/LOGO-NAVEGANTES-OCEANICOS.png","width":1010,"height":814,"caption":"Navegantes Oce\u00e1nicos"},"image":{"@id":"https:\/\/navegantesoceanicos.com\/en\/#\/schema\/logo\/image\/"},"sameAs":["https:\/\/www.facebook.com\/Navegantes-Oce\u00e1nicos-112578593494698","https:\/\/www.instagram.com\/navegantes_oceanicos\/?hl=es","https:\/\/www.youtube.com\/channel\/UCXgDL_6xqE7rpdwNXRmzF_Q\/featured"]}]}},"rttpg_featured_image_url":{"full":["https:\/\/navegantesoceanicos.com\/wp-content\/uploads\/2024\/01\/White-Shadow-OGR-2023-24.jpeg",2560,1444,false],"landscape":["https:\/\/navegantesoceanicos.com\/wp-content\/uploads\/2024\/01\/White-Shadow-OGR-2023-24.jpeg",2560,1444,false],"portraits":["https:\/\/navegantesoceanicos.com\/wp-content\/uploads\/2024\/01\/White-Shadow-OGR-2023-24.jpeg",2560,1444,false],"thumbnail":["https:\/\/navegantesoceanicos.com\/wp-content\/uploads\/2024\/01\/White-Shadow-OGR-2023-24-150x150.jpeg",150,150,true],"medium":["https:\/\/navegantesoceanicos.com\/wp-content\/uploads\/2024\/01\/White-Shadow-OGR-2023-24-300x169.jpeg",300,169,true],"large":["https:\/\/navegantesoceanicos.com\/wp-content\/uploads\/2024\/01\/White-Shadow-OGR-2023-24-1024x578.jpeg",1024,578,true],"1536x1536":["https:\/\/navegantesoceanicos.com\/wp-content\/uploads\/2024\/01\/White-Shadow-OGR-2023-24-1536x866.jpeg",1536,866,true],"2048x2048":["https:\/\/navegantesoceanicos.com\/wp-content\/uploads\/2024\/01\/White-Shadow-OGR-2023-24-2048x1155.jpeg",2048,1155,true],"et-builder-post-main-image":["https:\/\/navegantesoceanicos.com\/wp-content\/uploads\/2024\/01\/White-Shadow-OGR-2023-24-400x250.jpeg",400,250,true],"et-builder-post-main-image-fullwidth":["https:\/\/navegantesoceanicos.com\/wp-content\/uploads\/2024\/01\/White-Shadow-OGR-2023-24-1080x675.jpeg",1080,675,true],"et-builder-portfolio-image":["https:\/\/navegantesoceanicos.com\/wp-content\/uploads\/2024\/01\/White-Shadow-OGR-2023-24-400x284.jpeg",400,284,true],"et-builder-portfolio-image-single":["https:\/\/navegantesoceanicos.com\/wp-content\/uploads\/2024\/01\/White-Shadow-OGR-2023-24-1080x609.jpeg",1080,609,true],"et-builder-gallery-image-portrait":["https:\/\/navegantesoceanicos.com\/wp-content\/uploads\/2024\/01\/White-Shadow-OGR-2023-24-400x516.jpeg",400,516,true],"extra-image-huge":["https:\/\/navegantesoceanicos.com\/wp-content\/uploads\/2024\/01\/White-Shadow-OGR-2023-24-1280x768.jpeg",1280,768,true],"extra-image-single-post":["https:\/\/navegantesoceanicos.com\/wp-content\/uploads\/2024\/01\/White-Shadow-OGR-2023-24-1280x640.jpeg",1280,640,true],"extra-image-medium":["https:\/\/navegantesoceanicos.com\/wp-content\/uploads\/2024\/01\/White-Shadow-OGR-2023-24-627x376.jpeg",627,376,true],"extra-image-small":["https:\/\/navegantesoceanicos.com\/wp-content\/uploads\/2024\/01\/White-Shadow-OGR-2023-24-440x264.jpeg",440,264,true],"extra-image-square-medium":["https:\/\/navegantesoceanicos.com\/wp-content\/uploads\/2024\/01\/White-Shadow-OGR-2023-24-440x440.jpeg",440,440,true],"extra-image-square-small":["https:\/\/navegantesoceanicos.com\/wp-content\/uploads\/2024\/01\/White-Shadow-OGR-2023-24-150x150.jpeg",150,150,true],"woocommerce_thumbnail":["https:\/\/navegantesoceanicos.com\/wp-content\/uploads\/2024\/01\/White-Shadow-OGR-2023-24-300x169.jpeg",300,169,true],"woocommerce_single":["https:\/\/navegantesoceanicos.com\/wp-content\/uploads\/2024\/01\/White-Shadow-OGR-2023-24-600x338.jpeg",600,338,true],"woocommerce_gallery_thumbnail":["https:\/\/navegantesoceanicos.com\/wp-content\/uploads\/2024\/01\/White-Shadow-OGR-2023-24-100x100.jpeg",100,100,true],"dgwt-wcas-product-suggestion":["https:\/\/navegantesoceanicos.com\/wp-content\/uploads\/2024\/01\/White-Shadow-OGR-2023-24.jpeg",64,36,false]},"rttpg_author":{"display_name":"Juan Gonz\u00e1lez-Aller Lacalle","author_link":"https:\/\/navegantesoceanicos.com\/en\/author\/juan-director\/"},"rttpg_comment":0,"rttpg_category":" <a href=\"https:\/\/navegantesoceanicos.com\/en\/?taxonomy=translation_priority&#038;term=opcional-en\" rel=\"tag\">Opcional<\/a>","rttpg_excerpt":"Round the world race of the \u201cWhite Shadow\u201d in the \u201cOcean Globe Race (OGR 23-24)\u201d.","_links":{"self":[{"href":"https:\/\/navegantesoceanicos.com\/en\/wp-json\/wp\/v2\/pages\/34044","targetHints":{"allow":["GET"]}}],"collection":[{"href":"https:\/\/navegantesoceanicos.com\/en\/wp-json\/wp\/v2\/pages"}],"about":[{"href":"https:\/\/navegantesoceanicos.com\/en\/wp-json\/wp\/v2\/types\/page"}],"author":[{"embeddable":true,"href":"https:\/\/navegantesoceanicos.com\/en\/wp-json\/wp\/v2\/users\/2"}],"replies":[{"embeddable":true,"href":"https:\/\/navegantesoceanicos.com\/en\/wp-json\/wp\/v2\/comments?post=34044"}],"version-history":[{"count":0,"href":"https:\/\/navegantesoceanicos.com\/en\/wp-json\/wp\/v2\/pages\/34044\/revisions"}],"wp:featuredmedia":[{"embeddable":true,"href":"https:\/\/navegantesoceanicos.com\/en\/wp-json\/wp\/v2\/media\/32415"}],"wp:attachment":[{"href":"https:\/\/navegantesoceanicos.com\/en\/wp-json\/wp\/v2\/media?parent=34044"}],"curies":[{"name":"wp","href":"https:\/\/api.w.org\/{rel}","templated":true}]}}