{"id":34573,"date":"2019-10-30T22:19:50","date_gmt":"2019-10-30T22:19:50","guid":{"rendered":"https:\/\/navegantesoceanicos.com\/iump-subscription-plan\/"},"modified":"2024-11-12T07:17:12","modified_gmt":"2024-11-12T07:17:12","slug":"subscribe","status":"publish","type":"page","link":"https:\/\/navegantesoceanicos.com\/en\/subscribe\/","title":{"rendered":"Subscribe"},"content":{"rendered":"<p>[et_pb_section fb_built=&#8221;1&#8243; _builder_version=&#8221;4.16&#8243; custom_margin=&#8221;-22px|||||&#8221; custom_padding=&#8221;9px||26px|||&#8221; global_colors_info=&#8221;{}&#8221;][et_pb_row column_structure=&#8221;1_3,1_3,1_3&#8243; _builder_version=&#8221;4.26.0&#8243; background_size=&#8221;initial&#8221; background_position=&#8221;top_left&#8221; background_repeat=&#8221;repeat&#8221; global_colors_info=&#8221;{}&#8221;][et_pb_column type=&#8221;1_3&#8243; _builder_version=&#8221;4.16&#8243; custom_padding=&#8221;|||&#8221; global_colors_info=&#8221;{}&#8221; custom_padding__hover=&#8221;|||&#8221;][\/et_pb_column][et_pb_column type=&#8221;1_3&#8243; _builder_version=&#8221;4.16&#8243; custom_padding=&#8221;|||&#8221; global_colors_info=&#8221;{}&#8221; custom_padding__hover=&#8221;|||&#8221;][et_pb_text _builder_version=&#8221;4.26.0&#8243; background_size=&#8221;initial&#8221; background_position=&#8221;top_left&#8221; background_repeat=&#8221;repeat&#8221; custom_margin=&#8221;-15px|||||&#8221; global_colors_info=&#8221;{}&#8221;]<\/p>\n<p style=\"text-align: center;\"><div class=\"ich_level_wrap ihc_level_template_2\"><div class=\"ihc-level-item\"><div class=\"ihc-level-item-top\"><div class=\"ihc-level-item-title\">Premium<\/div><\/div><div class=\"ihc-level-item-price\">25 euros \/ a\u00f1o<\/div><div class=\"ihc-level-item-content\"><p style=\"text-align: center\"><strong>PREMIUM <\/strong><\/p>\r\n<p style=\"text-align: center\"><strong>Subscription<\/strong><\/p><\/div><div class=\"ihc-level-item-bottom\"><div onClick=\"ihcBuyNewLevel('https:\/\/navegantesoceanicos.com\/iump-register\/?lid=3');\" class=\"ihc-level-item-link  ihc-cursor-pointer\">Sign Up<\/div><div class=\"iump-clear\"><\/div><\/div><\/div><\/div><\/p>\n<p>[\/et_pb_text][\/et_pb_column][et_pb_column type=&#8221;1_3&#8243; _builder_version=&#8221;4.16&#8243; custom_padding=&#8221;|||&#8221; global_colors_info=&#8221;{}&#8221; custom_padding__hover=&#8221;|||&#8221;][\/et_pb_column][\/et_pb_row][et_pb_row _builder_version=&#8221;4.16&#8243; min_height=&#8221;113px&#8221; custom_padding=&#8221;8px||0px|||&#8221; global_colors_info=&#8221;{}&#8221;][et_pb_column type=&#8221;4_4&#8243; _builder_version=&#8221;4.16&#8243; global_colors_info=&#8221;{}&#8221;][et_pb_divider divider_weight=&#8221;3px&#8221; _builder_version=&#8221;4.26.0&#8243; _module_preset=&#8221;default&#8221; custom_margin=&#8221;||14px|||&#8221; global_colors_info=&#8221;{}&#8221;][\/et_pb_divider][et_pb_text _builder_version=&#8221;4.26.0&#8243; min_height=&#8221;93px&#8221; custom_padding=&#8221;||||false|false&#8221; hover_enabled=&#8221;0&#8243; inline_fonts=&#8221;Amaranth&#8221; global_colors_info=&#8221;{}&#8221; sticky_enabled=&#8221;0&#8243;]<\/p>\n<h2 style=\"text-align: center;\"><span style=\"font-size: x-large; font-family: Amaranth; font-weight: normal;\"><strong><span style=\"color: #000099;\">Reasons to subscribe to \u201cNavegantes Oce\u00e1nicos\u201d (Bluewater Sailors)<\/span><\/strong><\/span><\/h2>\n<h3 style=\"text-align: center;\"><span style=\"font-size: x-large; color: #e00b00; font-family: Amaranth; font-weight: normal;\"><strong>The reference website on tactics and equipment for sailing<\/strong><\/span><\/h3>\n<p align=\"center\">[\/et_pb_text][\/et_pb_column][\/et_pb_row][et_pb_row _builder_version=&#8221;4.16&#8243; custom_margin=&#8221;1px|auto||auto||&#8221; custom_padding=&#8221;4px|||||&#8221; global_colors_info=&#8221;{}&#8221;][et_pb_column type=&#8221;4_4&#8243; _builder_version=&#8221;4.16&#8243; global_colors_info=&#8221;{}&#8221;][et_pb_text _builder_version=&#8221;4.26.0&#8243; custom_margin=&#8221;-6px|||||&#8221; inline_fonts=&#8221;Arial&#8221; global_colors_info=&#8221;{}&#8221;]<\/p>\n<p style=\"text-align: center;\"><span style=\"color: #000000; font-size: large;\">1- With the \u201cPREMIUM\u201d subscription, for only 25 euros, you will have access for a full year to the contents of Bluewater Sailors. On-line books on the key aspects of sailing, news and sailing projects, and much more.<\/span><\/p>\n<p style=\"text-align: center;\"><span style=\"color: #000000; font-size: large;\">2- If you own or operate a sailboat, the different \u201con-line\u201d books of \u201c Bluewater Sailors\u201d, such as \u201cBUYING A SAILBOAT\u201d, &#8220;SAIL HANDLING AND TRIMMING&#8221;, \u201cSAILING IN HEAVY WEATHER\u201d, \u201cON BOARD SAFETY\u201d, &#8220;ON BOARD ELECTRICS&#8221;, &#8220;METEOROLOGY and OCEANOGRAPHY&#8221;, &#8220;ELECTRONICS and NAVIGATION&#8221;, etc.. will help you to get more out of your boat, to perform all maneuvers safely, in any weather situation, including expert advice on equipment and maintenance on board.<\/span><\/p>\n<h2 style=\"text-align: center;\" align=\"justify\"><span style=\"font-family: inherit; font-size: x-large; font-weight: normal; color: #e02b20;\"><strong>The most practical and complete web, for the owner or crew of a sailboat.<\/strong><\/span><\/h2>\n<p style=\"text-align: center;\"><span style=\"color: #000000;\">3- If you are not a boat owner, but you are passionate about the sea, or you are already an experienced sailor, the \u201con-line\u201d contents and books of \u201cBluewater Sailors\u201d, permanently updated, will help you to deepen your knowledge in the different fields of sailing.<\/span><\/p>\n<h2 style=\"text-align: center;\" align=\"justify\"><span style=\"font-family: inherit; font-size: x-large; font-weight: normal; color: #e02b20;\"><strong>Si tu sue\u00f1o es ser un navegante oce\u00e1nico, If your dream is to be an ocean sailor, this is the website for you.<\/strong><\/span><\/h2>\n<p style=\"text-align: center;\"><span style=\"color: #000000;\">The chapters in series that form the \u201con-line\u201d books, and the articles of the Sailing Area are being progressively expanded; we plan to include at least 50 new chapters or articles per year in the different sections of the web.<\/span><\/p>\n<h2 style=\"text-align: center;\" align=\"justify\"><span style=\"font-family: inherit; font-size: x-large; font-weight: normal; color: #e02b20;\"><strong>We share your sailing adventure or project.<\/strong><\/span><\/h2>\n<p style=\"text-align: center;\"><span style=\"color: #000000;\">4- If you have an oceanic project, for example to make a long voyage under sail, such as crossing the Atlantic or even sailing around the world, we can help you to share it, making it known to other sailors and to the visitors or subscribers of this web.<\/span><\/p>\n<h2 style=\"text-align: center;\"><span style=\"color: #278716;\">Payment with total security, through the STRIPE platform.<\/span><\/h2>\n<p style=\"text-align: center;\"><span style=\"color: #000000; font-size: large;\">The payment of the subscription is made by credit card, with full security of the information, guaranteed by the STRIPE payment platform.<\/span><\/p>\n<p style=\"text-align: center;\"><span style=\"color: #000000; font-size: large;\">If you purchase the PREMIUM Subscription and you are not satisfied, within 15 DAYS of your subscription,<\/span><\/p>\n<p style=\"text-align: center;\"><span style=\"font-size: x-large;\"><strong><span style=\"color: #268216;\">WE WILL GIVE YOU YOUR MONEY BACK, FREE OF CHARGE<\/span><\/strong><\/span><span style=\"color: #000000; font-size: large;\">, and we will unsubscribe you from the website without any obligation.<\/span><\/p>\n<p>[\/et_pb_text][\/et_pb_column][\/et_pb_row][et_pb_row _builder_version=&#8221;4.16&#8243; global_colors_info=&#8221;{}&#8221;][et_pb_column type=&#8221;4_4&#8243; _builder_version=&#8221;4.16&#8243; global_colors_info=&#8221;{}&#8221;][et_pb_text _builder_version=&#8221;4.26.0&#8243; custom_margin=&#8221;-8px|||||&#8221; hover_enabled=&#8221;0&#8243; global_colors_info=&#8221;{}&#8221; sticky_enabled=&#8221;0&#8243;]<\/p>\n<h2 style=\"text-align: center;\"><span style=\"color: #000080;\"><strong>\u201cNavegantes Oce\u00e1nicos\u201d (Bluewater sailors)<\/strong><\/span><\/h2>\n<h2 style=\"text-align: center;\"><span style=\"color: #000080;\"><strong>We help you sail<\/strong><\/span><\/h2>\n<p>[\/et_pb_text][\/et_pb_column][\/et_pb_row][\/et_pb_section]<\/p>\n","protected":false},"excerpt":{"rendered":"<p><div class=\"ich_level_wrap ihc_level_template_2\"><div class=\"ihc-level-item\"><div class=\"ihc-level-item-top\"><div class=\"ihc-level-item-title\">Premium<\/div><\/div><div class=\"ihc-level-item-price\">25 euros \/ a\u00f1o<\/div><div class=\"ihc-level-item-content\"><p style=\"text-align: center\"><strong>PREMIUM <\/strong><\/p>\r\n<p style=\"text-align: center\"><strong>Subscription<\/strong><\/p><\/div><div class=\"ihc-level-item-bottom\"><div onClick=\"ihcBuyNewLevel('https:\/\/navegantesoceanicos.com\/iump-register\/?lid=3');\" class=\"ihc-level-item-link  ihc-cursor-pointer\">Sign Up<\/div><div class=\"iump-clear\"><\/div><\/div><\/div><\/div>Reasons to subscribe to \u201cNavegantes Oce\u00e1nicos\u201d (Bluewater Sailors) The reference website on tactics and equipment for sailing 1- With the \u201cPREMIUM\u201d subscription, for only 25 euros, you will have access for a full year to the contents of Bluewater Sailors. On-line books on the key aspects of sailing, news and sailing projects, and much more. 2- If you own or operate a sailboat, the different \u201con-line\u201d books of \u201c Bluewater Sailors\u201d, such as \u201cBUYING A SAILBOAT\u201d, &#8220;SAIL HANDLING AND TRIMMING&#8221;, \u201cSAILING IN HEAVY WEATHER\u201d, \u201cON BOARD SAFETY\u201d, &#8220;ON BOARD ELECTRICS&#8221;, &#8220;METEOROLOGY and OCEANOGRAPHY&#8221;, &#8220;ELECTRONICS and NAVIGATION&#8221;, etc.. will help you to get more out of your boat, to perform all maneuvers safely, in any weather situation, including expert advice on equipment and maintenance on board. The most practical and complete web, for the owner or crew of a sailboat. 3- If you are not a boat owner, but you are passionate about the sea, or you are already an experienced sailor, the \u201con-line\u201d contents and books of \u201cBluewater Sailors\u201d, permanently updated, will help you to deepen your knowledge in the different fields of sailing. Si tu sue\u00f1o es ser un navegante oce\u00e1nico, If your dream is to be an ocean [&hellip;]<\/p>\n","protected":false},"author":2,"featured_media":0,"parent":0,"menu_order":0,"comment_status":"closed","ping_status":"closed","template":"","meta":{"_et_pb_use_builder":"on","_et_pb_old_content":"<p>[ihc-select-level]<\/p>","_et_gb_content_width":"","footnotes":"","_wp_rev_ctl_limit":""},"class_list":["post-34573","page","type-page","status-publish","hentry"],"yoast_head":"<!-- This site is optimized with the Yoast SEO plugin v27.3 - https:\/\/yoast.com\/product\/yoast-seo-wordpress\/ -->\n<title>Subscribe - Navegantes Oce\u00e1nicos<\/title>\n<meta name=\"description\" content=\"Navegantes oce\u00e1nicos, web con contenidos para apasionados por la mar, tripulantes, regatistas, patrones o armadores.\" \/>\n<meta name=\"robots\" content=\"index, follow, max-snippet:-1, max-image-preview:large, max-video-preview:-1\" \/>\n<link rel=\"canonical\" href=\"https:\/\/navegantesoceanicos.com\/en\/subscribe\/\" \/>\n<meta property=\"og:locale\" content=\"en_US\" \/>\n<meta property=\"og:type\" content=\"article\" \/>\n<meta property=\"og:title\" content=\"Subscribe - Navegantes Oce\u00e1nicos\" \/>\n<meta property=\"og:description\" content=\"Navegantes oce\u00e1nicos, web con contenidos para apasionados por la mar, tripulantes, regatistas, patrones o armadores.\" \/>\n<meta property=\"og:url\" content=\"https:\/\/navegantesoceanicos.com\/en\/subscribe\/\" \/>\n<meta property=\"og:site_name\" content=\"Navegantes Oce\u00e1nicos\" \/>\n<meta property=\"article:publisher\" content=\"https:\/\/www.facebook.com\/Navegantes-Oce%c3%a1nicos-112578593494698\" \/>\n<meta property=\"article:modified_time\" content=\"2024-11-12T07:17:12+00:00\" \/>\n<meta property=\"og:image\" content=\"https:\/\/navegantesoceanicos.com\/wp-content\/uploads\/2019\/11\/LOGO-NAVEGANTES-OCEANICOS.png\" \/>\n\t<meta property=\"og:image:width\" content=\"1010\" \/>\n\t<meta property=\"og:image:height\" content=\"814\" \/>\n\t<meta property=\"og:image:type\" content=\"image\/png\" \/>\n<meta name=\"twitter:label1\" content=\"Est. reading time\" \/>\n\t<meta name=\"twitter:data1\" content=\"2 minutes\" \/>\n<script type=\"application\/ld+json\" class=\"yoast-schema-graph\">{\"@context\":\"https:\\\/\\\/schema.org\",\"@graph\":[{\"@type\":\"WebPage\",\"@id\":\"https:\\\/\\\/navegantesoceanicos.com\\\/en\\\/subscribe\\\/\",\"url\":\"https:\\\/\\\/navegantesoceanicos.com\\\/en\\\/subscribe\\\/\",\"name\":\"Subscribe - Navegantes Oce\u00e1nicos\",\"isPartOf\":{\"@id\":\"https:\\\/\\\/navegantesoceanicos.com\\\/en\\\/#website\"},\"datePublished\":\"2019-10-30T22:19:50+00:00\",\"dateModified\":\"2024-11-12T07:17:12+00:00\",\"description\":\"Navegantes oce\u00e1nicos, web con contenidos para apasionados por la mar, tripulantes, regatistas, patrones o armadores.\",\"breadcrumb\":{\"@id\":\"https:\\\/\\\/navegantesoceanicos.com\\\/en\\\/subscribe\\\/#breadcrumb\"},\"inLanguage\":\"en-US\",\"potentialAction\":[{\"@type\":\"ReadAction\",\"target\":[\"https:\\\/\\\/navegantesoceanicos.com\\\/en\\\/subscribe\\\/\"]}]},{\"@type\":\"BreadcrumbList\",\"@id\":\"https:\\\/\\\/navegantesoceanicos.com\\\/en\\\/subscribe\\\/#breadcrumb\",\"itemListElement\":[{\"@type\":\"ListItem\",\"position\":1,\"name\":\"Portada\",\"item\":\"https:\\\/\\\/navegantesoceanicos.com\\\/en\\\/\"},{\"@type\":\"ListItem\",\"position\":2,\"name\":\"Subscribe\"}]},{\"@type\":\"WebSite\",\"@id\":\"https:\\\/\\\/navegantesoceanicos.com\\\/en\\\/#website\",\"url\":\"https:\\\/\\\/navegantesoceanicos.com\\\/en\\\/\",\"name\":\"Navegantes Oce\u00e1nicos\",\"description\":\"Navegantes oce\u00e1nicos, te ayudamos a navegar, para navegantes, tripulantes, regatistas y armadores, escuela n\u00e1utica, libros on-line sobre t\u00e1cticas y equipamiento para la navegaci\u00f3n a vela, fondear, atracar, el manejo de las velas, electricidad a bordo, navegaci\u00f3n con mal tiempo, rutas oce\u00e1nicas y mucho m\u00e1s\",\"publisher\":{\"@id\":\"https:\\\/\\\/navegantesoceanicos.com\\\/en\\\/#organization\"},\"potentialAction\":[{\"@type\":\"SearchAction\",\"target\":{\"@type\":\"EntryPoint\",\"urlTemplate\":\"https:\\\/\\\/navegantesoceanicos.com\\\/en\\\/?s={search_term_string}\"},\"query-input\":{\"@type\":\"PropertyValueSpecification\",\"valueRequired\":true,\"valueName\":\"search_term_string\"}}],\"inLanguage\":\"en-US\"},{\"@type\":\"Organization\",\"@id\":\"https:\\\/\\\/navegantesoceanicos.com\\\/en\\\/#organization\",\"name\":\"Navegantes Oce\u00e1nicos\",\"url\":\"https:\\\/\\\/navegantesoceanicos.com\\\/en\\\/\",\"logo\":{\"@type\":\"ImageObject\",\"inLanguage\":\"en-US\",\"@id\":\"https:\\\/\\\/navegantesoceanicos.com\\\/en\\\/#\\\/schema\\\/logo\\\/image\\\/\",\"url\":\"https:\\\/\\\/navegantesoceanicos.com\\\/wp-content\\\/uploads\\\/2019\\\/12\\\/LOGO-NAVEGANTES-OCEANICOS.png\",\"contentUrl\":\"https:\\\/\\\/navegantesoceanicos.com\\\/wp-content\\\/uploads\\\/2019\\\/12\\\/LOGO-NAVEGANTES-OCEANICOS.png\",\"width\":1010,\"height\":814,\"caption\":\"Navegantes Oce\u00e1nicos\"},\"image\":{\"@id\":\"https:\\\/\\\/navegantesoceanicos.com\\\/en\\\/#\\\/schema\\\/logo\\\/image\\\/\"},\"sameAs\":[\"https:\\\/\\\/www.facebook.com\\\/Navegantes-Oce\u00e1nicos-112578593494698\",\"https:\\\/\\\/www.instagram.com\\\/navegantes_oceanicos\\\/?hl=es\",\"https:\\\/\\\/www.youtube.com\\\/channel\\\/UCXgDL_6xqE7rpdwNXRmzF_Q\\\/featured\"]}]}<\/script>\n<!-- \/ Yoast SEO plugin. -->","yoast_head_json":{"title":"Subscribe - Navegantes Oce\u00e1nicos","description":"Navegantes oce\u00e1nicos, web con contenidos para apasionados por la mar, tripulantes, regatistas, patrones o armadores.","robots":{"index":"index","follow":"follow","max-snippet":"max-snippet:-1","max-image-preview":"max-image-preview:large","max-video-preview":"max-video-preview:-1"},"canonical":"https:\/\/navegantesoceanicos.com\/en\/subscribe\/","og_locale":"en_US","og_type":"article","og_title":"Subscribe - Navegantes Oce\u00e1nicos","og_description":"Navegantes oce\u00e1nicos, web con contenidos para apasionados por la mar, tripulantes, regatistas, patrones o armadores.","og_url":"https:\/\/navegantesoceanicos.com\/en\/subscribe\/","og_site_name":"Navegantes Oce\u00e1nicos","article_publisher":"https:\/\/www.facebook.com\/Navegantes-Oce%c3%a1nicos-112578593494698","article_modified_time":"2024-11-12T07:17:12+00:00","og_image":[{"width":1010,"height":814,"url":"https:\/\/navegantesoceanicos.com\/wp-content\/uploads\/2019\/11\/LOGO-NAVEGANTES-OCEANICOS.png","type":"image\/png"}],"twitter_misc":{"Est. reading time":"2 minutes"},"schema":{"@context":"https:\/\/schema.org","@graph":[{"@type":"WebPage","@id":"https:\/\/navegantesoceanicos.com\/en\/subscribe\/","url":"https:\/\/navegantesoceanicos.com\/en\/subscribe\/","name":"Subscribe - Navegantes Oce\u00e1nicos","isPartOf":{"@id":"https:\/\/navegantesoceanicos.com\/en\/#website"},"datePublished":"2019-10-30T22:19:50+00:00","dateModified":"2024-11-12T07:17:12+00:00","description":"Navegantes oce\u00e1nicos, web con contenidos para apasionados por la mar, tripulantes, regatistas, patrones o armadores.","breadcrumb":{"@id":"https:\/\/navegantesoceanicos.com\/en\/subscribe\/#breadcrumb"},"inLanguage":"en-US","potentialAction":[{"@type":"ReadAction","target":["https:\/\/navegantesoceanicos.com\/en\/subscribe\/"]}]},{"@type":"BreadcrumbList","@id":"https:\/\/navegantesoceanicos.com\/en\/subscribe\/#breadcrumb","itemListElement":[{"@type":"ListItem","position":1,"name":"Portada","item":"https:\/\/navegantesoceanicos.com\/en\/"},{"@type":"ListItem","position":2,"name":"Subscribe"}]},{"@type":"WebSite","@id":"https:\/\/navegantesoceanicos.com\/en\/#website","url":"https:\/\/navegantesoceanicos.com\/en\/","name":"Navegantes Oce\u00e1nicos","description":"Navegantes oce\u00e1nicos, te ayudamos a navegar, para navegantes, tripulantes, regatistas y armadores, escuela n\u00e1utica, libros on-line sobre t\u00e1cticas y equipamiento para la navegaci\u00f3n a vela, fondear, atracar, el manejo de las velas, electricidad a bordo, navegaci\u00f3n con mal tiempo, rutas oce\u00e1nicas y mucho m\u00e1s","publisher":{"@id":"https:\/\/navegantesoceanicos.com\/en\/#organization"},"potentialAction":[{"@type":"SearchAction","target":{"@type":"EntryPoint","urlTemplate":"https:\/\/navegantesoceanicos.com\/en\/?s={search_term_string}"},"query-input":{"@type":"PropertyValueSpecification","valueRequired":true,"valueName":"search_term_string"}}],"inLanguage":"en-US"},{"@type":"Organization","@id":"https:\/\/navegantesoceanicos.com\/en\/#organization","name":"Navegantes Oce\u00e1nicos","url":"https:\/\/navegantesoceanicos.com\/en\/","logo":{"@type":"ImageObject","inLanguage":"en-US","@id":"https:\/\/navegantesoceanicos.com\/en\/#\/schema\/logo\/image\/","url":"https:\/\/navegantesoceanicos.com\/wp-content\/uploads\/2019\/12\/LOGO-NAVEGANTES-OCEANICOS.png","contentUrl":"https:\/\/navegantesoceanicos.com\/wp-content\/uploads\/2019\/12\/LOGO-NAVEGANTES-OCEANICOS.png","width":1010,"height":814,"caption":"Navegantes Oce\u00e1nicos"},"image":{"@id":"https:\/\/navegantesoceanicos.com\/en\/#\/schema\/logo\/image\/"},"sameAs":["https:\/\/www.facebook.com\/Navegantes-Oce\u00e1nicos-112578593494698","https:\/\/www.instagram.com\/navegantes_oceanicos\/?hl=es","https:\/\/www.youtube.com\/channel\/UCXgDL_6xqE7rpdwNXRmzF_Q\/featured"]}]}},"rttpg_featured_image_url":null,"rttpg_author":{"display_name":"Juan Gonz\u00e1lez-Aller Lacalle","author_link":"https:\/\/navegantesoceanicos.com\/en\/author\/juan-director\/"},"rttpg_comment":0,"rttpg_category":" <a href=\"https:\/\/navegantesoceanicos.com\/en\/?taxonomy=translation_priority&#038;term=opcional-en\" rel=\"tag\">Opcional<\/a>","rttpg_excerpt":"[ihc-select-level]Reasons to subscribe to \u201cNavegantes Oce\u00e1nicos\u201d (Bluewater Sailors) The reference website on tactics and equipment for sailing 1- With the \u201cPREMIUM\u201d subscription, for only 25 euros, you will have access for a full year to the contents of Bluewater Sailors. On-line books on the key aspects of sailing, news and sailing projects, and much more.&hellip;","_links":{"self":[{"href":"https:\/\/navegantesoceanicos.com\/en\/wp-json\/wp\/v2\/pages\/34573","targetHints":{"allow":["GET"]}}],"collection":[{"href":"https:\/\/navegantesoceanicos.com\/en\/wp-json\/wp\/v2\/pages"}],"about":[{"href":"https:\/\/navegantesoceanicos.com\/en\/wp-json\/wp\/v2\/types\/page"}],"author":[{"embeddable":true,"href":"https:\/\/navegantesoceanicos.com\/en\/wp-json\/wp\/v2\/users\/2"}],"replies":[{"embeddable":true,"href":"https:\/\/navegantesoceanicos.com\/en\/wp-json\/wp\/v2\/comments?post=34573"}],"version-history":[{"count":0,"href":"https:\/\/navegantesoceanicos.com\/en\/wp-json\/wp\/v2\/pages\/34573\/revisions"}],"wp:attachment":[{"href":"https:\/\/navegantesoceanicos.com\/en\/wp-json\/wp\/v2\/media?parent=34573"}],"curies":[{"name":"wp","href":"https:\/\/api.w.org\/{rel}","templated":true}]}}