{"id":18907,"date":"2021-05-02T21:41:43","date_gmt":"2021-05-02T21:41:43","guid":{"rendered":"https:\/\/navegantesoceanicos.com\/producto\/unisex-premium-sweatshirt\/"},"modified":"2022-12-31T18:43:38","modified_gmt":"2022-12-31T18:43:38","slug":"unisex-premium-sweatshirt","status":"publish","type":"product","link":"https:\/\/navegantesoceanicos.com\/en\/producto\/unisex-premium-sweatshirt\/","title":{"rendered":"Unisex Premium Sweatshirt"},"content":{"rendered":"<p>Rock a classic sweatshirt silhouette with ribbed crew neck, long sleeve cuffs, and a flat hem. Layer it up or wear it on its own for a contemporary streetwear look. With the soft fleece inside and comfortable fit, it\u2019s sure to become your favorite everyday sweater right away!<\/p>\n<p>\u2022 100% cotton face<br \/>\n\u2022 65% cotton, 35% polyester<br \/>\n\u2022 Charcoal Heather is 55% cotton, 45% polyester<br \/>\n\u2022 Fabric weight: 8.5 oz\/y\u00b2 (288.2 g\/m\u00b2)<br \/>\n\u2022 Tightly knit 3-end fleece<br \/>\n\u2022 Side-seamed construction<br \/>\n\u2022 Self-fabric patch on the back<br \/>\n\u2022 Double-needle stitched rib collar, cuffs, and hem<br \/>\n\u2022 Blank product sourced from Pakistan<\/p>\n<p>This product is made especially for you as soon as you place an order, which is why it takes us a bit longer to deliver it to you. Making products on demand instead of in bulk helps reduce overproduction, so thank you for making thoughtful purchasing decisions!<\/p>\n","protected":false},"excerpt":{"rendered":"<p>Rock a classic sweatshirt silhouette with ribbed crew neck, long sleeve cuffs, and a flat hem. Layer it up or wear it on its own for a contemporary streetwear look. With the soft fleece inside and comfortable fit, it\u2019s sure to become your favorite everyday sweater right away! \u2022 100% cotton face \u2022 65% cotton, [&hellip;]<\/p>\n","protected":false},"featured_media":18920,"comment_status":"open","ping_status":"closed","template":"","meta":{"_et_pb_use_builder":"","_et_pb_old_content":"","_et_gb_content_width":""},"product_brand":[],"product_cat":[60],"product_tag":[],"class_list":{"0":"post-18907","1":"product","2":"type-product","3":"status-publish","4":"has-post-thumbnail","6":"product_cat-accesorio-nautico","8":"first","9":"instock","10":"taxable","11":"shipping-taxable","12":"purchasable","13":"product-type-variable"},"yoast_head":"<!-- This site is optimized with the Yoast SEO plugin v27.5 - https:\/\/yoast.com\/product\/yoast-seo-wordpress\/ -->\n<title>Unisex Premium Sweatshirt - Navegantes Oce\u00e1nicos<\/title>\n<meta name=\"robots\" content=\"index, follow, max-snippet:-1, max-image-preview:large, max-video-preview:-1\" \/>\n<link rel=\"canonical\" href=\"https:\/\/navegantesoceanicos.com\/en\/producto\/unisex-premium-sweatshirt\/\" \/>\n<meta property=\"og:locale\" content=\"en_US\" \/>\n<meta property=\"og:type\" content=\"article\" \/>\n<meta property=\"og:title\" content=\"Unisex Premium Sweatshirt - Navegantes Oce\u00e1nicos\" \/>\n<meta property=\"og:description\" content=\"Rock a classic sweatshirt silhouette with ribbed crew neck, long sleeve cuffs, and a flat hem. Layer it up or wear it on its own for a contemporary streetwear look. With the soft fleece inside and comfortable fit, it\u2019s sure to become your favorite everyday sweater right away! \u2022 100% cotton face \u2022 65% cotton, [&hellip;]\" \/>\n<meta property=\"og:url\" content=\"https:\/\/navegantesoceanicos.com\/en\/producto\/unisex-premium-sweatshirt\/\" \/>\n<meta property=\"og:site_name\" content=\"Navegantes Oce\u00e1nicos\" \/>\n<meta property=\"article:publisher\" content=\"https:\/\/www.facebook.com\/Navegantes-Oce%c3%a1nicos-112578593494698\" \/>\n<meta property=\"article:modified_time\" content=\"2022-12-31T18:43:38+00:00\" \/>\n<meta property=\"og:image\" content=\"https:\/\/navegantesoceanicos.com\/wp-content\/uploads\/2022\/10\/unisex-premium-sweatshirt-charcoal-heather-front-63570681ec72c.jpg\" \/>\n\t<meta property=\"og:image:width\" content=\"2000\" \/>\n\t<meta property=\"og:image:height\" content=\"2000\" \/>\n\t<meta property=\"og:image:type\" content=\"image\/jpeg\" \/>\n<meta name=\"twitter:label1\" content=\"Est. reading time\" \/>\n\t<meta name=\"twitter:data1\" content=\"1 minute\" \/>\n<script type=\"application\/ld+json\" class=\"yoast-schema-graph\">{\"@context\":\"https:\\\/\\\/schema.org\",\"@graph\":[{\"@type\":\"WebPage\",\"@id\":\"https:\\\/\\\/navegantesoceanicos.com\\\/en\\\/producto\\\/unisex-premium-sweatshirt\\\/\",\"url\":\"https:\\\/\\\/navegantesoceanicos.com\\\/en\\\/producto\\\/unisex-premium-sweatshirt\\\/\",\"name\":\"Unisex Premium Sweatshirt - Navegantes Oce\u00e1nicos\",\"isPartOf\":{\"@id\":\"https:\\\/\\\/navegantesoceanicos.com\\\/en\\\/#website\"},\"primaryImageOfPage\":{\"@id\":\"https:\\\/\\\/navegantesoceanicos.com\\\/en\\\/producto\\\/unisex-premium-sweatshirt\\\/#primaryimage\"},\"image\":{\"@id\":\"https:\\\/\\\/navegantesoceanicos.com\\\/en\\\/producto\\\/unisex-premium-sweatshirt\\\/#primaryimage\"},\"thumbnailUrl\":\"https:\\\/\\\/navegantesoceanicos.com\\\/wp-content\\\/uploads\\\/2022\\\/10\\\/unisex-premium-sweatshirt-charcoal-heather-front-63570681ec72c.jpg\",\"datePublished\":\"2021-05-02T21:41:43+00:00\",\"dateModified\":\"2022-12-31T18:43:38+00:00\",\"breadcrumb\":{\"@id\":\"https:\\\/\\\/navegantesoceanicos.com\\\/en\\\/producto\\\/unisex-premium-sweatshirt\\\/#breadcrumb\"},\"inLanguage\":\"en-US\",\"potentialAction\":[{\"@type\":\"ReadAction\",\"target\":[\"https:\\\/\\\/navegantesoceanicos.com\\\/en\\\/producto\\\/unisex-premium-sweatshirt\\\/\"]}]},{\"@type\":\"ImageObject\",\"inLanguage\":\"en-US\",\"@id\":\"https:\\\/\\\/navegantesoceanicos.com\\\/en\\\/producto\\\/unisex-premium-sweatshirt\\\/#primaryimage\",\"url\":\"https:\\\/\\\/navegantesoceanicos.com\\\/wp-content\\\/uploads\\\/2022\\\/10\\\/unisex-premium-sweatshirt-charcoal-heather-front-63570681ec72c.jpg\",\"contentUrl\":\"https:\\\/\\\/navegantesoceanicos.com\\\/wp-content\\\/uploads\\\/2022\\\/10\\\/unisex-premium-sweatshirt-charcoal-heather-front-63570681ec72c.jpg\",\"width\":2000,\"height\":2000},{\"@type\":\"BreadcrumbList\",\"@id\":\"https:\\\/\\\/navegantesoceanicos.com\\\/en\\\/producto\\\/unisex-premium-sweatshirt\\\/#breadcrumb\",\"itemListElement\":[{\"@type\":\"ListItem\",\"position\":1,\"name\":\"Portada\",\"item\":\"https:\\\/\\\/navegantesoceanicos.com\\\/en\\\/\"},{\"@type\":\"ListItem\",\"position\":2,\"name\":\"Shop\",\"item\":\"https:\\\/\\\/navegantesoceanicos.com\\\/tienda22\\\/\"},{\"@type\":\"ListItem\",\"position\":3,\"name\":\"Unisex Premium Sweatshirt\"}]},{\"@type\":\"WebSite\",\"@id\":\"https:\\\/\\\/navegantesoceanicos.com\\\/en\\\/#website\",\"url\":\"https:\\\/\\\/navegantesoceanicos.com\\\/en\\\/\",\"name\":\"Navegantes Oce\u00e1nicos\",\"description\":\"Navegantes oce\u00e1nicos, te ayudamos a navegar, para navegantes, tripulantes, regatistas y armadores, escuela n\u00e1utica, libros on-line sobre t\u00e1cticas y equipamiento para la navegaci\u00f3n a vela, fondear, atracar, el manejo de las velas, electricidad a bordo, navegaci\u00f3n con mal tiempo, rutas oce\u00e1nicas y mucho m\u00e1s\",\"publisher\":{\"@id\":\"https:\\\/\\\/navegantesoceanicos.com\\\/en\\\/#organization\"},\"potentialAction\":[{\"@type\":\"SearchAction\",\"target\":{\"@type\":\"EntryPoint\",\"urlTemplate\":\"https:\\\/\\\/navegantesoceanicos.com\\\/en\\\/?s={search_term_string}\"},\"query-input\":{\"@type\":\"PropertyValueSpecification\",\"valueRequired\":true,\"valueName\":\"search_term_string\"}}],\"inLanguage\":\"en-US\"},{\"@type\":\"Organization\",\"@id\":\"https:\\\/\\\/navegantesoceanicos.com\\\/en\\\/#organization\",\"name\":\"Navegantes Oce\u00e1nicos\",\"url\":\"https:\\\/\\\/navegantesoceanicos.com\\\/en\\\/\",\"logo\":{\"@type\":\"ImageObject\",\"inLanguage\":\"en-US\",\"@id\":\"https:\\\/\\\/navegantesoceanicos.com\\\/en\\\/#\\\/schema\\\/logo\\\/image\\\/\",\"url\":\"https:\\\/\\\/navegantesoceanicos.com\\\/wp-content\\\/uploads\\\/2019\\\/12\\\/LOGO-NAVEGANTES-OCEANICOS.png\",\"contentUrl\":\"https:\\\/\\\/navegantesoceanicos.com\\\/wp-content\\\/uploads\\\/2019\\\/12\\\/LOGO-NAVEGANTES-OCEANICOS.png\",\"width\":1010,\"height\":814,\"caption\":\"Navegantes Oce\u00e1nicos\"},\"image\":{\"@id\":\"https:\\\/\\\/navegantesoceanicos.com\\\/en\\\/#\\\/schema\\\/logo\\\/image\\\/\"},\"sameAs\":[\"https:\\\/\\\/www.facebook.com\\\/Navegantes-Oce\u00e1nicos-112578593494698\",\"https:\\\/\\\/www.instagram.com\\\/navegantes_oceanicos\\\/?hl=es\",\"https:\\\/\\\/www.youtube.com\\\/channel\\\/UCXgDL_6xqE7rpdwNXRmzF_Q\\\/featured\"]}]}<\/script>\n<!-- \/ Yoast SEO plugin. -->","yoast_head_json":{"title":"Unisex Premium Sweatshirt - Navegantes Oce\u00e1nicos","robots":{"index":"index","follow":"follow","max-snippet":"max-snippet:-1","max-image-preview":"max-image-preview:large","max-video-preview":"max-video-preview:-1"},"canonical":"https:\/\/navegantesoceanicos.com\/en\/producto\/unisex-premium-sweatshirt\/","og_locale":"en_US","og_type":"article","og_title":"Unisex Premium Sweatshirt - Navegantes Oce\u00e1nicos","og_description":"Rock a classic sweatshirt silhouette with ribbed crew neck, long sleeve cuffs, and a flat hem. Layer it up or wear it on its own for a contemporary streetwear look. With the soft fleece inside and comfortable fit, it\u2019s sure to become your favorite everyday sweater right away! \u2022 100% cotton face \u2022 65% cotton, [&hellip;]","og_url":"https:\/\/navegantesoceanicos.com\/en\/producto\/unisex-premium-sweatshirt\/","og_site_name":"Navegantes Oce\u00e1nicos","article_publisher":"https:\/\/www.facebook.com\/Navegantes-Oce%c3%a1nicos-112578593494698","article_modified_time":"2022-12-31T18:43:38+00:00","og_image":[{"width":2000,"height":2000,"url":"https:\/\/navegantesoceanicos.com\/wp-content\/uploads\/2022\/10\/unisex-premium-sweatshirt-charcoal-heather-front-63570681ec72c.jpg","type":"image\/jpeg"}],"twitter_misc":{"Est. reading time":"1 minute"},"schema":{"@context":"https:\/\/schema.org","@graph":[{"@type":"WebPage","@id":"https:\/\/navegantesoceanicos.com\/en\/producto\/unisex-premium-sweatshirt\/","url":"https:\/\/navegantesoceanicos.com\/en\/producto\/unisex-premium-sweatshirt\/","name":"Unisex Premium Sweatshirt - Navegantes Oce\u00e1nicos","isPartOf":{"@id":"https:\/\/navegantesoceanicos.com\/en\/#website"},"primaryImageOfPage":{"@id":"https:\/\/navegantesoceanicos.com\/en\/producto\/unisex-premium-sweatshirt\/#primaryimage"},"image":{"@id":"https:\/\/navegantesoceanicos.com\/en\/producto\/unisex-premium-sweatshirt\/#primaryimage"},"thumbnailUrl":"https:\/\/navegantesoceanicos.com\/wp-content\/uploads\/2022\/10\/unisex-premium-sweatshirt-charcoal-heather-front-63570681ec72c.jpg","datePublished":"2021-05-02T21:41:43+00:00","dateModified":"2022-12-31T18:43:38+00:00","breadcrumb":{"@id":"https:\/\/navegantesoceanicos.com\/en\/producto\/unisex-premium-sweatshirt\/#breadcrumb"},"inLanguage":"en-US","potentialAction":[{"@type":"ReadAction","target":["https:\/\/navegantesoceanicos.com\/en\/producto\/unisex-premium-sweatshirt\/"]}]},{"@type":"ImageObject","inLanguage":"en-US","@id":"https:\/\/navegantesoceanicos.com\/en\/producto\/unisex-premium-sweatshirt\/#primaryimage","url":"https:\/\/navegantesoceanicos.com\/wp-content\/uploads\/2022\/10\/unisex-premium-sweatshirt-charcoal-heather-front-63570681ec72c.jpg","contentUrl":"https:\/\/navegantesoceanicos.com\/wp-content\/uploads\/2022\/10\/unisex-premium-sweatshirt-charcoal-heather-front-63570681ec72c.jpg","width":2000,"height":2000},{"@type":"BreadcrumbList","@id":"https:\/\/navegantesoceanicos.com\/en\/producto\/unisex-premium-sweatshirt\/#breadcrumb","itemListElement":[{"@type":"ListItem","position":1,"name":"Portada","item":"https:\/\/navegantesoceanicos.com\/en\/"},{"@type":"ListItem","position":2,"name":"Shop","item":"https:\/\/navegantesoceanicos.com\/tienda22\/"},{"@type":"ListItem","position":3,"name":"Unisex Premium Sweatshirt"}]},{"@type":"WebSite","@id":"https:\/\/navegantesoceanicos.com\/en\/#website","url":"https:\/\/navegantesoceanicos.com\/en\/","name":"Navegantes Oce\u00e1nicos","description":"Navegantes oce\u00e1nicos, te ayudamos a navegar, para navegantes, tripulantes, regatistas y armadores, escuela n\u00e1utica, libros on-line sobre t\u00e1cticas y equipamiento para la navegaci\u00f3n a vela, fondear, atracar, el manejo de las velas, electricidad a bordo, navegaci\u00f3n con mal tiempo, rutas oce\u00e1nicas y mucho m\u00e1s","publisher":{"@id":"https:\/\/navegantesoceanicos.com\/en\/#organization"},"potentialAction":[{"@type":"SearchAction","target":{"@type":"EntryPoint","urlTemplate":"https:\/\/navegantesoceanicos.com\/en\/?s={search_term_string}"},"query-input":{"@type":"PropertyValueSpecification","valueRequired":true,"valueName":"search_term_string"}}],"inLanguage":"en-US"},{"@type":"Organization","@id":"https:\/\/navegantesoceanicos.com\/en\/#organization","name":"Navegantes Oce\u00e1nicos","url":"https:\/\/navegantesoceanicos.com\/en\/","logo":{"@type":"ImageObject","inLanguage":"en-US","@id":"https:\/\/navegantesoceanicos.com\/en\/#\/schema\/logo\/image\/","url":"https:\/\/navegantesoceanicos.com\/wp-content\/uploads\/2019\/12\/LOGO-NAVEGANTES-OCEANICOS.png","contentUrl":"https:\/\/navegantesoceanicos.com\/wp-content\/uploads\/2019\/12\/LOGO-NAVEGANTES-OCEANICOS.png","width":1010,"height":814,"caption":"Navegantes Oce\u00e1nicos"},"image":{"@id":"https:\/\/navegantesoceanicos.com\/en\/#\/schema\/logo\/image\/"},"sameAs":["https:\/\/www.facebook.com\/Navegantes-Oce\u00e1nicos-112578593494698","https:\/\/www.instagram.com\/navegantes_oceanicos\/?hl=es","https:\/\/www.youtube.com\/channel\/UCXgDL_6xqE7rpdwNXRmzF_Q\/featured"]}]}},"_links":{"self":[{"href":"https:\/\/navegantesoceanicos.com\/en\/wp-json\/wp\/v2\/product\/18907","targetHints":{"allow":["GET"]}}],"collection":[{"href":"https:\/\/navegantesoceanicos.com\/en\/wp-json\/wp\/v2\/product"}],"about":[{"href":"https:\/\/navegantesoceanicos.com\/en\/wp-json\/wp\/v2\/types\/product"}],"replies":[{"embeddable":true,"href":"https:\/\/navegantesoceanicos.com\/en\/wp-json\/wp\/v2\/comments?post=18907"}],"wp:featuredmedia":[{"embeddable":true,"href":"https:\/\/navegantesoceanicos.com\/en\/wp-json\/wp\/v2\/media\/18920"}],"wp:attachment":[{"href":"https:\/\/navegantesoceanicos.com\/en\/wp-json\/wp\/v2\/media?parent=18907"}],"wp:term":[{"taxonomy":"product_brand","embeddable":true,"href":"https:\/\/navegantesoceanicos.com\/en\/wp-json\/wp\/v2\/product_brand?post=18907"},{"taxonomy":"product_cat","embeddable":true,"href":"https:\/\/navegantesoceanicos.com\/en\/wp-json\/wp\/v2\/product_cat?post=18907"},{"taxonomy":"product_tag","embeddable":true,"href":"https:\/\/navegantesoceanicos.com\/en\/wp-json\/wp\/v2\/product_tag?post=18907"}],"curies":[{"name":"wp","href":"https:\/\/api.w.org\/{rel}","templated":true}]}}