{"id":20626,"date":"2025-09-14T19:23:01","date_gmt":"2025-09-14T19:23:01","guid":{"rendered":"https:\/\/navegantesoceanicos.com\/?post_type=product&#038;p=20626"},"modified":"2026-02-08T18:52:36","modified_gmt":"2026-02-08T18:52:36","slug":"curso-online-patron-para-la-navegacion-basica-pnb-acceso-plataforma","status":"publish","type":"product","link":"https:\/\/navegantesoceanicos.com\/en\/producto\/curso-online-patron-para-la-navegacion-basica-pnb-acceso-plataforma\/","title":{"rendered":"Curso online Patr\u00f3n para la Navegaci\u00f3n B\u00e1sica (PNB). Acceso a Plataforma."},"content":{"rendered":"<p style=\"text-align: center;\"><span style=\"color: #000080;\"><strong>Descripci\u00f3n del Curso \u201con-line\u201d de PNB. ACCESO A LA PLATAFORMA.<\/strong><\/span><\/p>\n<p align=\"center\"><span style=\"color: #008000;\"><strong>6 meses de ACCESO A LA PLATAFORMA Curso \u00abon-line\u00bb PNB<\/strong><\/span> de \u00abNavegantes Oce\u00e1nicos\u00bb, que incluye lo siguiente:<\/p>\n<p style=\"padding-left: 40px;\" align=\"justify\">\u2013 Lecciones de cada Unidad te\u00f3rica del temario de PNB.<\/p>\n<p style=\"padding-left: 40px;\">\u2013 V\u00eddeos descriptivos del temario de PNB.<\/p>\n<p style=\"padding-left: 40px;\" align=\"justify\">\u2013 Libro electr\u00f3nico e-book Manual del PNB. Editorial \u201cNavegantes Oce\u00e1nicos\u201d, que te podr\u00e1s descargar.<\/p>\n<p style=\"padding-left: 40px;\" align=\"justify\">\u2013 Ex\u00e1menes \u201con-line\u201d de PNB de la web \u201cNavegantes Oce\u00e1nicos\u201d, completos y parciales de cada UT para practicar lo que necesites.<\/p>\n<p style=\"text-align: center;\" align=\"justify\">Adem\u00e1s, incluye la Suscripci\u00f3n Premium a \u201cNavegantes Oce\u00e1nicos\u201d. <span style=\"color: #008000;\"><strong>Acceso durante 1 a\u00f1o<\/strong><\/span> a los contenidos de la web, libros \u201con-line\u201d, manuales online, etc., para complementar la formaci\u00f3n y ganar experiencia.<\/p>\n<p style=\"text-align: center;\" align=\"justify\">Pago con toda seguridad, a trav\u00e9s de la plataforma STRIPE.<\/p>\n<p style=\"text-align: center;\" align=\"justify\">Si no est\u00e1s satisfecho, hasta 15 d\u00edas desde que adquiriste el acceso a la plataforma, nos lo comunicas y te devolvemos el dinero, de forma gratuita y sin compromiso, y te damos de baja de la plataforma.<\/p>\n","protected":false},"excerpt":{"rendered":"<p>Acceso a la Plataforma Curso &#8220;on-line&#8221; PNB. <strong><span style=\"color: #008000;\">Acceso durante 6 meses <\/span><\/strong>a la Plataforma Curso online PNB con todo el material de apoyo necesario (lecciones, manual on-line en la web y e-book del PER, ex\u00e1menes on-line, v\u00eddeos descriptivos, etc.). Incluye 1 a\u00f1o de suscripci\u00f3n Premium a la web.<\/p>\n<p>Precio 49 euros (IVA incluido). Pago a trav\u00e9s de plataforma STRIPE. Si no quedas satisfecho, hasta 15 d\u00edas desde que adquiriste el acceso a la plataforma, te devolvemos el dinero sin compromiso.<\/p>\n","protected":false},"featured_media":20627,"comment_status":"open","ping_status":"closed","template":"","meta":{"_et_pb_use_builder":"","_et_pb_old_content":"","_et_gb_content_width":""},"product_brand":[],"product_cat":[79],"product_tag":[],"class_list":{"0":"post-20626","1":"product","2":"type-product","3":"status-publish","4":"has-post-thumbnail","6":"product_cat-curso-on-line","8":"first","9":"instock","10":"virtual","11":"taxable","12":"purchasable","13":"product-type-simple"},"yoast_head":"<!-- This site is optimized with the Yoast SEO plugin v27.4 - https:\/\/yoast.com\/product\/yoast-seo-wordpress\/ -->\n<title>Curso online Patr\u00f3n para la Navegaci\u00f3n B\u00e1sica (PNB). Acceso a Plataforma. - Navegantes Oce\u00e1nicos<\/title>\n<meta name=\"description\" content=\"Curso &quot;online&quot; Patr\u00f3n para la Navegaci\u00f3n B\u00e1sica (PNB). Acceso a la Plataforma.\" \/>\n<meta name=\"robots\" content=\"index, follow, max-snippet:-1, max-image-preview:large, max-video-preview:-1\" \/>\n<link rel=\"canonical\" href=\"https:\/\/navegantesoceanicos.com\/en\/producto\/curso-online-patron-para-la-navegacion-basica-pnb-acceso-plataforma\/\" \/>\n<meta property=\"og:locale\" content=\"en_US\" \/>\n<meta property=\"og:type\" content=\"article\" \/>\n<meta property=\"og:title\" content=\"Curso online Patr\u00f3n para la Navegaci\u00f3n B\u00e1sica (PNB). Acceso a Plataforma. - Navegantes Oce\u00e1nicos\" \/>\n<meta property=\"og:description\" content=\"Curso &quot;online&quot; Patr\u00f3n para la Navegaci\u00f3n B\u00e1sica (PNB). Acceso a la Plataforma.\" \/>\n<meta property=\"og:url\" content=\"https:\/\/navegantesoceanicos.com\/en\/producto\/curso-online-patron-para-la-navegacion-basica-pnb-acceso-plataforma\/\" \/>\n<meta property=\"og:site_name\" content=\"Navegantes Oce\u00e1nicos\" \/>\n<meta property=\"article:publisher\" content=\"https:\/\/www.facebook.com\/Navegantes-Oce%c3%a1nicos-112578593494698\" \/>\n<meta property=\"article:modified_time\" content=\"2026-02-08T18:52:36+00:00\" \/>\n<meta property=\"og:image\" content=\"https:\/\/navegantesoceanicos.com\/wp-content\/uploads\/2023\/03\/Curso-online-PNB.-Acceso-a-Plataforma.jpg\" \/>\n\t<meta property=\"og:image:width\" content=\"696\" \/>\n\t<meta property=\"og:image:height\" content=\"595\" \/>\n\t<meta property=\"og:image:type\" content=\"image\/jpeg\" \/>\n<meta name=\"twitter:label1\" content=\"Est. reading time\" \/>\n\t<meta name=\"twitter:data1\" content=\"1 minute\" \/>\n<script type=\"application\/ld+json\" class=\"yoast-schema-graph\">{\"@context\":\"https:\\\/\\\/schema.org\",\"@graph\":[{\"@type\":\"WebPage\",\"@id\":\"https:\\\/\\\/navegantesoceanicos.com\\\/en\\\/producto\\\/curso-online-patron-para-la-navegacion-basica-pnb-acceso-plataforma\\\/\",\"url\":\"https:\\\/\\\/navegantesoceanicos.com\\\/en\\\/producto\\\/curso-online-patron-para-la-navegacion-basica-pnb-acceso-plataforma\\\/\",\"name\":\"Curso online Patr\u00f3n para la Navegaci\u00f3n B\u00e1sica (PNB). Acceso a Plataforma. - Navegantes Oce\u00e1nicos\",\"isPartOf\":{\"@id\":\"https:\\\/\\\/navegantesoceanicos.com\\\/en\\\/#website\"},\"primaryImageOfPage\":{\"@id\":\"https:\\\/\\\/navegantesoceanicos.com\\\/en\\\/producto\\\/curso-online-patron-para-la-navegacion-basica-pnb-acceso-plataforma\\\/#primaryimage\"},\"image\":{\"@id\":\"https:\\\/\\\/navegantesoceanicos.com\\\/en\\\/producto\\\/curso-online-patron-para-la-navegacion-basica-pnb-acceso-plataforma\\\/#primaryimage\"},\"thumbnailUrl\":\"https:\\\/\\\/navegantesoceanicos.com\\\/wp-content\\\/uploads\\\/2023\\\/03\\\/Curso-online-PNB.-Acceso-a-Plataforma.jpg\",\"datePublished\":\"2025-09-14T19:23:01+00:00\",\"dateModified\":\"2026-02-08T18:52:36+00:00\",\"description\":\"Curso \\\"online\\\" Patr\u00f3n para la Navegaci\u00f3n B\u00e1sica (PNB). Acceso a la Plataforma.\",\"breadcrumb\":{\"@id\":\"https:\\\/\\\/navegantesoceanicos.com\\\/en\\\/producto\\\/curso-online-patron-para-la-navegacion-basica-pnb-acceso-plataforma\\\/#breadcrumb\"},\"inLanguage\":\"en-US\",\"potentialAction\":[{\"@type\":\"ReadAction\",\"target\":[\"https:\\\/\\\/navegantesoceanicos.com\\\/en\\\/producto\\\/curso-online-patron-para-la-navegacion-basica-pnb-acceso-plataforma\\\/\"]}]},{\"@type\":\"ImageObject\",\"inLanguage\":\"en-US\",\"@id\":\"https:\\\/\\\/navegantesoceanicos.com\\\/en\\\/producto\\\/curso-online-patron-para-la-navegacion-basica-pnb-acceso-plataforma\\\/#primaryimage\",\"url\":\"https:\\\/\\\/navegantesoceanicos.com\\\/wp-content\\\/uploads\\\/2023\\\/03\\\/Curso-online-PNB.-Acceso-a-Plataforma.jpg\",\"contentUrl\":\"https:\\\/\\\/navegantesoceanicos.com\\\/wp-content\\\/uploads\\\/2023\\\/03\\\/Curso-online-PNB.-Acceso-a-Plataforma.jpg\",\"width\":696,\"height\":595,\"caption\":\"Curso online PNB. Acceso a Plataforma\"},{\"@type\":\"BreadcrumbList\",\"@id\":\"https:\\\/\\\/navegantesoceanicos.com\\\/en\\\/producto\\\/curso-online-patron-para-la-navegacion-basica-pnb-acceso-plataforma\\\/#breadcrumb\",\"itemListElement\":[{\"@type\":\"ListItem\",\"position\":1,\"name\":\"Portada\",\"item\":\"https:\\\/\\\/navegantesoceanicos.com\\\/en\\\/\"},{\"@type\":\"ListItem\",\"position\":2,\"name\":\"Shop\",\"item\":\"https:\\\/\\\/navegantesoceanicos.com\\\/tienda22\\\/\"},{\"@type\":\"ListItem\",\"position\":3,\"name\":\"Curso online Patr\u00f3n para la Navegaci\u00f3n B\u00e1sica (PNB). Acceso a Plataforma.\"}]},{\"@type\":\"WebSite\",\"@id\":\"https:\\\/\\\/navegantesoceanicos.com\\\/en\\\/#website\",\"url\":\"https:\\\/\\\/navegantesoceanicos.com\\\/en\\\/\",\"name\":\"Navegantes Oce\u00e1nicos\",\"description\":\"Navegantes oce\u00e1nicos, te ayudamos a navegar, para navegantes, tripulantes, regatistas y armadores, escuela n\u00e1utica, libros on-line sobre t\u00e1cticas y equipamiento para la navegaci\u00f3n a vela, fondear, atracar, el manejo de las velas, electricidad a bordo, navegaci\u00f3n con mal tiempo, rutas oce\u00e1nicas y mucho m\u00e1s\",\"publisher\":{\"@id\":\"https:\\\/\\\/navegantesoceanicos.com\\\/en\\\/#organization\"},\"potentialAction\":[{\"@type\":\"SearchAction\",\"target\":{\"@type\":\"EntryPoint\",\"urlTemplate\":\"https:\\\/\\\/navegantesoceanicos.com\\\/en\\\/?s={search_term_string}\"},\"query-input\":{\"@type\":\"PropertyValueSpecification\",\"valueRequired\":true,\"valueName\":\"search_term_string\"}}],\"inLanguage\":\"en-US\"},{\"@type\":\"Organization\",\"@id\":\"https:\\\/\\\/navegantesoceanicos.com\\\/en\\\/#organization\",\"name\":\"Navegantes Oce\u00e1nicos\",\"url\":\"https:\\\/\\\/navegantesoceanicos.com\\\/en\\\/\",\"logo\":{\"@type\":\"ImageObject\",\"inLanguage\":\"en-US\",\"@id\":\"https:\\\/\\\/navegantesoceanicos.com\\\/en\\\/#\\\/schema\\\/logo\\\/image\\\/\",\"url\":\"https:\\\/\\\/navegantesoceanicos.com\\\/wp-content\\\/uploads\\\/2019\\\/12\\\/LOGO-NAVEGANTES-OCEANICOS.png\",\"contentUrl\":\"https:\\\/\\\/navegantesoceanicos.com\\\/wp-content\\\/uploads\\\/2019\\\/12\\\/LOGO-NAVEGANTES-OCEANICOS.png\",\"width\":1010,\"height\":814,\"caption\":\"Navegantes Oce\u00e1nicos\"},\"image\":{\"@id\":\"https:\\\/\\\/navegantesoceanicos.com\\\/en\\\/#\\\/schema\\\/logo\\\/image\\\/\"},\"sameAs\":[\"https:\\\/\\\/www.facebook.com\\\/Navegantes-Oce\u00e1nicos-112578593494698\",\"https:\\\/\\\/www.instagram.com\\\/navegantes_oceanicos\\\/?hl=es\",\"https:\\\/\\\/www.youtube.com\\\/channel\\\/UCXgDL_6xqE7rpdwNXRmzF_Q\\\/featured\"]}]}<\/script>\n<!-- \/ Yoast SEO plugin. -->","yoast_head_json":{"title":"Curso online Patr\u00f3n para la Navegaci\u00f3n B\u00e1sica (PNB). Acceso a Plataforma. - Navegantes Oce\u00e1nicos","description":"Curso \"online\" Patr\u00f3n para la Navegaci\u00f3n B\u00e1sica (PNB). Acceso a la Plataforma.","robots":{"index":"index","follow":"follow","max-snippet":"max-snippet:-1","max-image-preview":"max-image-preview:large","max-video-preview":"max-video-preview:-1"},"canonical":"https:\/\/navegantesoceanicos.com\/en\/producto\/curso-online-patron-para-la-navegacion-basica-pnb-acceso-plataforma\/","og_locale":"en_US","og_type":"article","og_title":"Curso online Patr\u00f3n para la Navegaci\u00f3n B\u00e1sica (PNB). Acceso a Plataforma. - Navegantes Oce\u00e1nicos","og_description":"Curso \"online\" Patr\u00f3n para la Navegaci\u00f3n B\u00e1sica (PNB). Acceso a la Plataforma.","og_url":"https:\/\/navegantesoceanicos.com\/en\/producto\/curso-online-patron-para-la-navegacion-basica-pnb-acceso-plataforma\/","og_site_name":"Navegantes Oce\u00e1nicos","article_publisher":"https:\/\/www.facebook.com\/Navegantes-Oce%c3%a1nicos-112578593494698","article_modified_time":"2026-02-08T18:52:36+00:00","og_image":[{"width":696,"height":595,"url":"https:\/\/navegantesoceanicos.com\/wp-content\/uploads\/2023\/03\/Curso-online-PNB.-Acceso-a-Plataforma.jpg","type":"image\/jpeg"}],"twitter_misc":{"Est. reading time":"1 minute"},"schema":{"@context":"https:\/\/schema.org","@graph":[{"@type":"WebPage","@id":"https:\/\/navegantesoceanicos.com\/en\/producto\/curso-online-patron-para-la-navegacion-basica-pnb-acceso-plataforma\/","url":"https:\/\/navegantesoceanicos.com\/en\/producto\/curso-online-patron-para-la-navegacion-basica-pnb-acceso-plataforma\/","name":"Curso online Patr\u00f3n para la Navegaci\u00f3n B\u00e1sica (PNB). Acceso a Plataforma. - Navegantes Oce\u00e1nicos","isPartOf":{"@id":"https:\/\/navegantesoceanicos.com\/en\/#website"},"primaryImageOfPage":{"@id":"https:\/\/navegantesoceanicos.com\/en\/producto\/curso-online-patron-para-la-navegacion-basica-pnb-acceso-plataforma\/#primaryimage"},"image":{"@id":"https:\/\/navegantesoceanicos.com\/en\/producto\/curso-online-patron-para-la-navegacion-basica-pnb-acceso-plataforma\/#primaryimage"},"thumbnailUrl":"https:\/\/navegantesoceanicos.com\/wp-content\/uploads\/2023\/03\/Curso-online-PNB.-Acceso-a-Plataforma.jpg","datePublished":"2025-09-14T19:23:01+00:00","dateModified":"2026-02-08T18:52:36+00:00","description":"Curso \"online\" Patr\u00f3n para la Navegaci\u00f3n B\u00e1sica (PNB). Acceso a la Plataforma.","breadcrumb":{"@id":"https:\/\/navegantesoceanicos.com\/en\/producto\/curso-online-patron-para-la-navegacion-basica-pnb-acceso-plataforma\/#breadcrumb"},"inLanguage":"en-US","potentialAction":[{"@type":"ReadAction","target":["https:\/\/navegantesoceanicos.com\/en\/producto\/curso-online-patron-para-la-navegacion-basica-pnb-acceso-plataforma\/"]}]},{"@type":"ImageObject","inLanguage":"en-US","@id":"https:\/\/navegantesoceanicos.com\/en\/producto\/curso-online-patron-para-la-navegacion-basica-pnb-acceso-plataforma\/#primaryimage","url":"https:\/\/navegantesoceanicos.com\/wp-content\/uploads\/2023\/03\/Curso-online-PNB.-Acceso-a-Plataforma.jpg","contentUrl":"https:\/\/navegantesoceanicos.com\/wp-content\/uploads\/2023\/03\/Curso-online-PNB.-Acceso-a-Plataforma.jpg","width":696,"height":595,"caption":"Curso online PNB. Acceso a Plataforma"},{"@type":"BreadcrumbList","@id":"https:\/\/navegantesoceanicos.com\/en\/producto\/curso-online-patron-para-la-navegacion-basica-pnb-acceso-plataforma\/#breadcrumb","itemListElement":[{"@type":"ListItem","position":1,"name":"Portada","item":"https:\/\/navegantesoceanicos.com\/en\/"},{"@type":"ListItem","position":2,"name":"Shop","item":"https:\/\/navegantesoceanicos.com\/tienda22\/"},{"@type":"ListItem","position":3,"name":"Curso online Patr\u00f3n para la Navegaci\u00f3n B\u00e1sica (PNB). Acceso a Plataforma."}]},{"@type":"WebSite","@id":"https:\/\/navegantesoceanicos.com\/en\/#website","url":"https:\/\/navegantesoceanicos.com\/en\/","name":"Navegantes Oce\u00e1nicos","description":"Navegantes oce\u00e1nicos, te ayudamos a navegar, para navegantes, tripulantes, regatistas y armadores, escuela n\u00e1utica, libros on-line sobre t\u00e1cticas y equipamiento para la navegaci\u00f3n a vela, fondear, atracar, el manejo de las velas, electricidad a bordo, navegaci\u00f3n con mal tiempo, rutas oce\u00e1nicas y mucho m\u00e1s","publisher":{"@id":"https:\/\/navegantesoceanicos.com\/en\/#organization"},"potentialAction":[{"@type":"SearchAction","target":{"@type":"EntryPoint","urlTemplate":"https:\/\/navegantesoceanicos.com\/en\/?s={search_term_string}"},"query-input":{"@type":"PropertyValueSpecification","valueRequired":true,"valueName":"search_term_string"}}],"inLanguage":"en-US"},{"@type":"Organization","@id":"https:\/\/navegantesoceanicos.com\/en\/#organization","name":"Navegantes Oce\u00e1nicos","url":"https:\/\/navegantesoceanicos.com\/en\/","logo":{"@type":"ImageObject","inLanguage":"en-US","@id":"https:\/\/navegantesoceanicos.com\/en\/#\/schema\/logo\/image\/","url":"https:\/\/navegantesoceanicos.com\/wp-content\/uploads\/2019\/12\/LOGO-NAVEGANTES-OCEANICOS.png","contentUrl":"https:\/\/navegantesoceanicos.com\/wp-content\/uploads\/2019\/12\/LOGO-NAVEGANTES-OCEANICOS.png","width":1010,"height":814,"caption":"Navegantes Oce\u00e1nicos"},"image":{"@id":"https:\/\/navegantesoceanicos.com\/en\/#\/schema\/logo\/image\/"},"sameAs":["https:\/\/www.facebook.com\/Navegantes-Oce\u00e1nicos-112578593494698","https:\/\/www.instagram.com\/navegantes_oceanicos\/?hl=es","https:\/\/www.youtube.com\/channel\/UCXgDL_6xqE7rpdwNXRmzF_Q\/featured"]}]}},"_links":{"self":[{"href":"https:\/\/navegantesoceanicos.com\/en\/wp-json\/wp\/v2\/product\/20626","targetHints":{"allow":["GET"]}}],"collection":[{"href":"https:\/\/navegantesoceanicos.com\/en\/wp-json\/wp\/v2\/product"}],"about":[{"href":"https:\/\/navegantesoceanicos.com\/en\/wp-json\/wp\/v2\/types\/product"}],"replies":[{"embeddable":true,"href":"https:\/\/navegantesoceanicos.com\/en\/wp-json\/wp\/v2\/comments?post=20626"}],"wp:featuredmedia":[{"embeddable":true,"href":"https:\/\/navegantesoceanicos.com\/en\/wp-json\/wp\/v2\/media\/20627"}],"wp:attachment":[{"href":"https:\/\/navegantesoceanicos.com\/en\/wp-json\/wp\/v2\/media?parent=20626"}],"wp:term":[{"taxonomy":"product_brand","embeddable":true,"href":"https:\/\/navegantesoceanicos.com\/en\/wp-json\/wp\/v2\/product_brand?post=20626"},{"taxonomy":"product_cat","embeddable":true,"href":"https:\/\/navegantesoceanicos.com\/en\/wp-json\/wp\/v2\/product_cat?post=20626"},{"taxonomy":"product_tag","embeddable":true,"href":"https:\/\/navegantesoceanicos.com\/en\/wp-json\/wp\/v2\/product_tag?post=20626"}],"curies":[{"name":"wp","href":"https:\/\/api.w.org\/{rel}","templated":true}]}}