{"id":20895,"date":"2026-01-01T09:10:06","date_gmt":"2026-01-01T09:10:06","guid":{"rendered":"https:\/\/navegantesoceanicos.com\/?post_type=product&#038;p=20895"},"modified":"2026-02-24T11:03:09","modified_gmt":"2026-02-24T11:03:09","slug":"suscripcion-premium-a-navegantes-oceanicos","status":"publish","type":"product","link":"https:\/\/navegantesoceanicos.com\/en\/producto\/suscripcion-premium-a-navegantes-oceanicos\/","title":{"rendered":"Suscripci\u00f3n Premium a &#8220;Navegantes Oce\u00e1nicos&#8221;"},"content":{"rendered":"<h2 style=\"text-align: center;\"><span style=\"color: #000080;\"><strong>SUSCRIPCI\u00d3N PREMIUM a &#8220;NAVEGANTES OCE\u00c1NICOS&#8221;.<\/strong><\/span><\/h2>\n<div class=\"et_pb_row et_pb_row_1\">\n<div class=\"et_pb_column et_pb_column_4_4 et_pb_column_2 et_pb_css_mix_blend_mode_passthrough et-last-child\">\n<div class=\"et_pb_module et_pb_text et_pb_text_1 et_pb_text_align_left et_pb_bg_layout_light\">\n<div class=\"et_pb_text_inner\">\n<h3 style=\"text-align: center;\"><span style=\"color: #ff0000;\"><strong>La web de referencia en castellano sobre t\u00e1cticas y equipamiento para la navegaci\u00f3n a vela<\/strong><\/span><\/h3>\n<p align=\"center\">1- Con la suscripci\u00f3n \u00abPREMIUM\u00bb, por apenas 25 euros, tendr\u00e1s acceso durante un a\u00f1o completo a los contenidos de \u00abNavegantes Oce\u00e1nicos\u00bb. Libros \u00abon-line\u00bb sobre los aspectos clave de la navegaci\u00f3n a vela, manuales y material did\u00e1ctico para obtener tu titulaci\u00f3n n\u00e1utica, noticias y proyectos de navegaci\u00f3n, y mucho m\u00e1s.<\/p>\n<\/div>\n<\/div>\n<\/div>\n<\/div>\n<div class=\"et_pb_row et_pb_row_2\">\n<div class=\"et_pb_column et_pb_column_4_4 et_pb_column_3 et_pb_css_mix_blend_mode_passthrough et-last-child\">\n<div class=\"et_pb_module et_pb_text et_pb_text_2 et_pb_text_align_left et_pb_bg_layout_light\">\n<div class=\"et_pb_text_inner\">\n<p style=\"text-align: center;\" align=\"justify\">2- Si eres propietario o armador de un velero, o te gustar\u00eda serlo, los diferentes libros \u201con-line\u201d de \u201cNavegantes Oce\u00e1nicos\u201d, tales como \u00abCOMPRAR UN VELERO\u00bb, \u00abNAVEGACI\u00d3N CON MAL TIEMPO\u00bb, \u00abMANEJO y TRIMADO DE LAS VELAS\u00bb, \u00abMETEOROLOG\u00cdA y OCEANOGRAF\u00cdA\u00bb, \u00abSEGURIDAD A BORDO\u00bb, \u00abELECTR\u00d3NICA y NAVEGACI\u00d3N\u00bb, etc. te ayudar\u00e1n a sacar m\u00e1s provecho a tu barco, a realizar todas las maniobras con seguridad, en cualquier situaci\u00f3n meteorol\u00f3gica, incluyendo consejos de expertos sobre equipamiento y mantenimiento a bordo.<\/p>\n<h3 style=\"text-align: center;\" align=\"justify\"><span style=\"color: #ff0000;\"><strong>La web m\u00e1s pr\u00e1ctica y completa editada en castellano, para el propietario o tripulante de un velero.<\/strong><\/span><\/h3>\n<p style=\"text-align: center;\">3- Si no eres propietario de un barco, pero eres un apasionado por la mar, o ya eres un navegante con experiencia, los contenidos y libros \u201con-line\u201d de \u201cNavegantes oce\u00e1nicos\u201d, actualizados permanentemente, te ayudar\u00e1n a profundizar en tus conocimientos en los diferentes campos de la navegaci\u00f3n.<\/p>\n<h3 style=\"text-align: center;\" align=\"justify\"><span style=\"color: #ff0000;\"><strong>Si tu sue\u00f1o es ser un navegante oce\u00e1nico, esta es tu p\u00e1gina web.<\/strong><\/span><\/h3>\n<p style=\"text-align: center;\" align=\"justify\">4- Si quieres aprender a navegar y sacarte una titulaci\u00f3n n\u00e1utica deportiva (PNB, PER, Patr\u00f3n de Yate o Capit\u00e1n de Yate), la secci\u00f3n de Escuela de navegaci\u00f3n online de \u201cNavegantes Oce\u00e1nicos\u201d te proporciona material para ayudarte a prepararte tu mismo, manuales, ejercicios, ex\u00e1menes, v\u00eddeos descriptivos, etc. Adicionalmente, disponemos de cursos online de diferentes modalidades para facilitar tu preparaci\u00f3n.<\/p>\n<h3 style=\"text-align: center;\" align=\"justify\"><span style=\"color: #ff0000;\"><strong>Contenidos de formaci\u00f3n n\u00e1utica \u201con-line\u201d, asequibles para todos, y basados en la experiencia en la mar.<\/strong><\/span><\/h3>\n<p style=\"text-align: center;\">Tendr\u00e1s acceso a todos los ex\u00e1menes de test que necesitas para practicar y preparar tu examen y obtener tu titulaci\u00f3n n\u00e1utica.<\/p>\n<p style=\"text-align: center;\">Los cap\u00edtulos en serie que forman los libros \u201con-line\u201d, los manuales de N\u00e1utica de Recreo y los art\u00edculos de la Zona de Navegantes se van ampliando progresivamente; teniendo previsto incluir al menos 50 nuevos cap\u00edtulos o art\u00edculos al a\u00f1o en las\u00a0 diferentes secciones de la web.<\/p>\n<p style=\"text-align: center;\">5-\u00a0Si tienes un proyecto oce\u00e1nico, por ejemplo realizar una larga traves\u00eda a vela, como cruzar el Atl\u00e1ntico o incluso dar la vuelta al mundo a vela,\u00a0podemos ayudarte a compartirlo, d\u00e1ndolo\u00a0a conocer a otros navegantes y a los visitantes o subscriptores de esta web.<\/p>\n<h3 style=\"text-align: center;\"><span style=\"color: #008000;\">Pago con total seguridad, a\u00a0trav\u00e9s\u00a0de plataforma STRIPE.<\/span><\/h3>\n<p style=\"text-align: center;\">El pago de la suscripci\u00f3n se realiza con tarjeta bancaria, con plena seguridad de la informaci\u00f3n, garantizada por la plataforma\u00a0de pagos STRIPE<\/p>\n<p style=\"text-align: center;\">Si adquieres la Suscripci\u00f3n PREMIUM y no quedas satisfecho, <strong><span style=\"color: #003300;\">TE DEVOLVEMOS EL DINERO, de FORMA GRATUITA<\/span><\/strong>, en los siguiente 15 D\u00cdAS a tu suscripci\u00f3n y te damos de baja de la web sin ning\u00fan compromiso.<\/p>\n<\/div>\n<\/div>\n<\/div>\n<\/div>\n<div class=\"et_pb_row et_pb_row_3\">\n<div class=\"et_pb_column et_pb_column_4_4 et_pb_column_4 et_pb_css_mix_blend_mode_passthrough et-last-child\">\n<div class=\"et_pb_module et_pb_text et_pb_text_3 et_pb_text_align_left et_pb_bg_layout_light\">\n<div class=\"et_pb_text_inner\">\n<h3 style=\"text-align: center;\"><span style=\"color: #ff0000;\"><strong>\u201cNavegantes Oce\u00e1nicos\u201d<\/strong><\/span><\/h3>\n<h3 style=\"text-align: center;\"><span style=\"color: #ff0000;\"><strong>Te ayudamos a navegar<\/strong><\/span><\/h3>\n<\/div>\n<\/div>\n<\/div>\n<\/div>\n","protected":false},"excerpt":{"rendered":"<h3 style=\"text-align: center;\"><span style=\"color: #000080;\"><strong>Suscripci\u00f3n PREMIUM a &#8220;NAVEGANTES OCE\u00c1NICOS&#8221;.<\/strong><\/span><\/h3>\n<p style=\"text-align: center;\">Acceso durante un a\u00f1o a los <span style=\"color: #333399;\">contenidos<\/span> de la web &#8220;Navegantes Oce\u00e1nicos&#8221;, con libros online sobre los temas fundamentales de la navegaci\u00f3n a vela (&#8220;MANEJO Y TRIMADO DE LAS VELAS, &#8220;NAVEGACI\u00d3N CON MAL TIEMPO&#8221;, &#8220;COMPRAR UN VELERO&#8221;, &#8220;METEOROLOG\u00cdA Y OCEANOGRAF\u00cdA&#8221;, etc. ), que se actualizan progresivamente. Escuela de navegaci\u00f3n online con Manuales online de titulaciones n\u00e1uticas (Manuales del Capit\u00e1n de yate, Patr\u00f3n de yate, PER y PNB) y ex\u00e1menes de test. Zona de Navegantes con entrevistas, art\u00edculos y reportajes, etc.<\/p>\n<h3 style=\"text-align: center;\"><span style=\"color: #008000;\">Pago con total seguridad, a\u00a0trav\u00e9s\u00a0de plataforma STRIPE.<\/span><\/h3>\n<p style=\"text-align: center;\">El pago de la suscripci\u00f3n se realiza con tarjeta bancaria, con plena seguridad de la informaci\u00f3n, garantizada por la plataforma\u00a0de pagos STRIPE<\/p>\n<p>Si adquieres la Suscripci\u00f3n PREMIUM y no quedas satisfecho, <strong><span style=\"color: #008000;\">TE DEVOLVEMOS EL DINERO<\/span><\/strong>, de FORMA GRATUITA, en los siguiente 15 D\u00cdAS a tu suscripci\u00f3n y te damos de baja de la web sin ning\u00fan compromiso.<\/p>\n","protected":false},"featured_media":20896,"comment_status":"open","ping_status":"closed","template":"","meta":{"_et_pb_use_builder":"","_et_pb_old_content":"","_et_gb_content_width":""},"product_brand":[],"product_cat":[58],"product_tag":[],"class_list":{"0":"post-20895","1":"product","2":"type-product","3":"status-publish","4":"has-post-thumbnail","6":"product_cat-sin-categorizar","8":"first","9":"instock","10":"taxable","11":"shipping-taxable","12":"product-type-external"},"yoast_head":"<!-- This site is optimized with the Yoast SEO plugin v27.3 - https:\/\/yoast.com\/product\/yoast-seo-wordpress\/ -->\n<title>Suscripci\u00f3n Premium a &quot;Navegantes Oce\u00e1nicos&quot; - Navegantes Oce\u00e1nicos<\/title>\n<meta name=\"description\" content=\"Suscripci\u00f3n Premium a Navegantes Oce\u00e1nicos, la web de referencia para la patrones, armadores y tripulantes para la navegaci\u00f3n oce\u00e1nica a vela\" \/>\n<meta name=\"robots\" content=\"index, follow, max-snippet:-1, max-image-preview:large, max-video-preview:-1\" \/>\n<link rel=\"canonical\" href=\"https:\/\/navegantesoceanicos.com\/en\/producto\/suscripcion-premium-a-navegantes-oceanicos\/\" \/>\n<meta property=\"og:locale\" content=\"en_US\" \/>\n<meta property=\"og:type\" content=\"article\" \/>\n<meta property=\"og:title\" content=\"Suscripci\u00f3n Premium a &quot;Navegantes Oce\u00e1nicos&quot; - Navegantes Oce\u00e1nicos\" \/>\n<meta property=\"og:description\" content=\"Suscripci\u00f3n Premium a Navegantes Oce\u00e1nicos, la web de referencia para la patrones, armadores y tripulantes para la navegaci\u00f3n oce\u00e1nica a vela\" \/>\n<meta property=\"og:url\" content=\"https:\/\/navegantesoceanicos.com\/en\/producto\/suscripcion-premium-a-navegantes-oceanicos\/\" \/>\n<meta property=\"og:site_name\" content=\"Navegantes Oce\u00e1nicos\" \/>\n<meta property=\"article:publisher\" content=\"https:\/\/www.facebook.com\/Navegantes-Oce%c3%a1nicos-112578593494698\" \/>\n<meta property=\"article:modified_time\" content=\"2026-02-24T11:03:09+00:00\" \/>\n<meta property=\"og:image\" content=\"https:\/\/navegantesoceanicos.com\/wp-content\/uploads\/2023\/03\/Suscripcion-Premium-Navegantes-Oceanicos.jpg\" \/>\n\t<meta property=\"og:image:width\" content=\"859\" \/>\n\t<meta property=\"og:image:height\" content=\"744\" \/>\n\t<meta property=\"og:image:type\" content=\"image\/jpeg\" \/>\n<meta name=\"twitter:label1\" content=\"Est. reading time\" \/>\n\t<meta name=\"twitter:data1\" content=\"3 minutes\" \/>\n<script type=\"application\/ld+json\" class=\"yoast-schema-graph\">{\"@context\":\"https:\\\/\\\/schema.org\",\"@graph\":[{\"@type\":\"WebPage\",\"@id\":\"https:\\\/\\\/navegantesoceanicos.com\\\/en\\\/producto\\\/suscripcion-premium-a-navegantes-oceanicos\\\/\",\"url\":\"https:\\\/\\\/navegantesoceanicos.com\\\/en\\\/producto\\\/suscripcion-premium-a-navegantes-oceanicos\\\/\",\"name\":\"Suscripci\u00f3n Premium a \\\"Navegantes Oce\u00e1nicos\\\" - Navegantes Oce\u00e1nicos\",\"isPartOf\":{\"@id\":\"https:\\\/\\\/navegantesoceanicos.com\\\/en\\\/#website\"},\"primaryImageOfPage\":{\"@id\":\"https:\\\/\\\/navegantesoceanicos.com\\\/en\\\/producto\\\/suscripcion-premium-a-navegantes-oceanicos\\\/#primaryimage\"},\"image\":{\"@id\":\"https:\\\/\\\/navegantesoceanicos.com\\\/en\\\/producto\\\/suscripcion-premium-a-navegantes-oceanicos\\\/#primaryimage\"},\"thumbnailUrl\":\"https:\\\/\\\/navegantesoceanicos.com\\\/wp-content\\\/uploads\\\/2023\\\/03\\\/Suscripcion-Premium-Navegantes-Oceanicos.jpg\",\"datePublished\":\"2026-01-01T09:10:06+00:00\",\"dateModified\":\"2026-02-24T11:03:09+00:00\",\"description\":\"Suscripci\u00f3n Premium a Navegantes Oce\u00e1nicos, la web de referencia para la patrones, armadores y tripulantes para la navegaci\u00f3n oce\u00e1nica a vela\",\"breadcrumb\":{\"@id\":\"https:\\\/\\\/navegantesoceanicos.com\\\/en\\\/producto\\\/suscripcion-premium-a-navegantes-oceanicos\\\/#breadcrumb\"},\"inLanguage\":\"en-US\",\"potentialAction\":[{\"@type\":\"ReadAction\",\"target\":[\"https:\\\/\\\/navegantesoceanicos.com\\\/en\\\/producto\\\/suscripcion-premium-a-navegantes-oceanicos\\\/\"]}]},{\"@type\":\"ImageObject\",\"inLanguage\":\"en-US\",\"@id\":\"https:\\\/\\\/navegantesoceanicos.com\\\/en\\\/producto\\\/suscripcion-premium-a-navegantes-oceanicos\\\/#primaryimage\",\"url\":\"https:\\\/\\\/navegantesoceanicos.com\\\/wp-content\\\/uploads\\\/2023\\\/03\\\/Suscripcion-Premium-Navegantes-Oceanicos.jpg\",\"contentUrl\":\"https:\\\/\\\/navegantesoceanicos.com\\\/wp-content\\\/uploads\\\/2023\\\/03\\\/Suscripcion-Premium-Navegantes-Oceanicos.jpg\",\"width\":859,\"height\":744,\"caption\":\"Suscripci\u00f3n Premium Navegantes Oce\u00e1nicos\"},{\"@type\":\"BreadcrumbList\",\"@id\":\"https:\\\/\\\/navegantesoceanicos.com\\\/en\\\/producto\\\/suscripcion-premium-a-navegantes-oceanicos\\\/#breadcrumb\",\"itemListElement\":[{\"@type\":\"ListItem\",\"position\":1,\"name\":\"Portada\",\"item\":\"https:\\\/\\\/navegantesoceanicos.com\\\/en\\\/\"},{\"@type\":\"ListItem\",\"position\":2,\"name\":\"Shop\",\"item\":\"https:\\\/\\\/navegantesoceanicos.com\\\/tienda22\\\/\"},{\"@type\":\"ListItem\",\"position\":3,\"name\":\"Suscripci\u00f3n Premium a \u00abNavegantes Oce\u00e1nicos\u00bb\"}]},{\"@type\":\"WebSite\",\"@id\":\"https:\\\/\\\/navegantesoceanicos.com\\\/en\\\/#website\",\"url\":\"https:\\\/\\\/navegantesoceanicos.com\\\/en\\\/\",\"name\":\"Navegantes Oce\u00e1nicos\",\"description\":\"Navegantes oce\u00e1nicos, te ayudamos a navegar, para navegantes, tripulantes, regatistas y armadores, escuela n\u00e1utica, libros on-line sobre t\u00e1cticas y equipamiento para la navegaci\u00f3n a vela, fondear, atracar, el manejo de las velas, electricidad a bordo, navegaci\u00f3n con mal tiempo, rutas oce\u00e1nicas y mucho m\u00e1s\",\"publisher\":{\"@id\":\"https:\\\/\\\/navegantesoceanicos.com\\\/en\\\/#organization\"},\"potentialAction\":[{\"@type\":\"SearchAction\",\"target\":{\"@type\":\"EntryPoint\",\"urlTemplate\":\"https:\\\/\\\/navegantesoceanicos.com\\\/en\\\/?s={search_term_string}\"},\"query-input\":{\"@type\":\"PropertyValueSpecification\",\"valueRequired\":true,\"valueName\":\"search_term_string\"}}],\"inLanguage\":\"en-US\"},{\"@type\":\"Organization\",\"@id\":\"https:\\\/\\\/navegantesoceanicos.com\\\/en\\\/#organization\",\"name\":\"Navegantes Oce\u00e1nicos\",\"url\":\"https:\\\/\\\/navegantesoceanicos.com\\\/en\\\/\",\"logo\":{\"@type\":\"ImageObject\",\"inLanguage\":\"en-US\",\"@id\":\"https:\\\/\\\/navegantesoceanicos.com\\\/en\\\/#\\\/schema\\\/logo\\\/image\\\/\",\"url\":\"https:\\\/\\\/navegantesoceanicos.com\\\/wp-content\\\/uploads\\\/2019\\\/12\\\/LOGO-NAVEGANTES-OCEANICOS.png\",\"contentUrl\":\"https:\\\/\\\/navegantesoceanicos.com\\\/wp-content\\\/uploads\\\/2019\\\/12\\\/LOGO-NAVEGANTES-OCEANICOS.png\",\"width\":1010,\"height\":814,\"caption\":\"Navegantes Oce\u00e1nicos\"},\"image\":{\"@id\":\"https:\\\/\\\/navegantesoceanicos.com\\\/en\\\/#\\\/schema\\\/logo\\\/image\\\/\"},\"sameAs\":[\"https:\\\/\\\/www.facebook.com\\\/Navegantes-Oce\u00e1nicos-112578593494698\",\"https:\\\/\\\/www.instagram.com\\\/navegantes_oceanicos\\\/?hl=es\",\"https:\\\/\\\/www.youtube.com\\\/channel\\\/UCXgDL_6xqE7rpdwNXRmzF_Q\\\/featured\"]}]}<\/script>\n<!-- \/ Yoast SEO plugin. -->","yoast_head_json":{"title":"Suscripci\u00f3n Premium a \"Navegantes Oce\u00e1nicos\" - Navegantes Oce\u00e1nicos","description":"Suscripci\u00f3n Premium a Navegantes Oce\u00e1nicos, la web de referencia para la patrones, armadores y tripulantes para la navegaci\u00f3n oce\u00e1nica a vela","robots":{"index":"index","follow":"follow","max-snippet":"max-snippet:-1","max-image-preview":"max-image-preview:large","max-video-preview":"max-video-preview:-1"},"canonical":"https:\/\/navegantesoceanicos.com\/en\/producto\/suscripcion-premium-a-navegantes-oceanicos\/","og_locale":"en_US","og_type":"article","og_title":"Suscripci\u00f3n Premium a \"Navegantes Oce\u00e1nicos\" - Navegantes Oce\u00e1nicos","og_description":"Suscripci\u00f3n Premium a Navegantes Oce\u00e1nicos, la web de referencia para la patrones, armadores y tripulantes para la navegaci\u00f3n oce\u00e1nica a vela","og_url":"https:\/\/navegantesoceanicos.com\/en\/producto\/suscripcion-premium-a-navegantes-oceanicos\/","og_site_name":"Navegantes Oce\u00e1nicos","article_publisher":"https:\/\/www.facebook.com\/Navegantes-Oce%c3%a1nicos-112578593494698","article_modified_time":"2026-02-24T11:03:09+00:00","og_image":[{"width":859,"height":744,"url":"https:\/\/navegantesoceanicos.com\/wp-content\/uploads\/2023\/03\/Suscripcion-Premium-Navegantes-Oceanicos.jpg","type":"image\/jpeg"}],"twitter_misc":{"Est. reading time":"3 minutes"},"schema":{"@context":"https:\/\/schema.org","@graph":[{"@type":"WebPage","@id":"https:\/\/navegantesoceanicos.com\/en\/producto\/suscripcion-premium-a-navegantes-oceanicos\/","url":"https:\/\/navegantesoceanicos.com\/en\/producto\/suscripcion-premium-a-navegantes-oceanicos\/","name":"Suscripci\u00f3n Premium a \"Navegantes Oce\u00e1nicos\" - Navegantes Oce\u00e1nicos","isPartOf":{"@id":"https:\/\/navegantesoceanicos.com\/en\/#website"},"primaryImageOfPage":{"@id":"https:\/\/navegantesoceanicos.com\/en\/producto\/suscripcion-premium-a-navegantes-oceanicos\/#primaryimage"},"image":{"@id":"https:\/\/navegantesoceanicos.com\/en\/producto\/suscripcion-premium-a-navegantes-oceanicos\/#primaryimage"},"thumbnailUrl":"https:\/\/navegantesoceanicos.com\/wp-content\/uploads\/2023\/03\/Suscripcion-Premium-Navegantes-Oceanicos.jpg","datePublished":"2026-01-01T09:10:06+00:00","dateModified":"2026-02-24T11:03:09+00:00","description":"Suscripci\u00f3n Premium a Navegantes Oce\u00e1nicos, la web de referencia para la patrones, armadores y tripulantes para la navegaci\u00f3n oce\u00e1nica a vela","breadcrumb":{"@id":"https:\/\/navegantesoceanicos.com\/en\/producto\/suscripcion-premium-a-navegantes-oceanicos\/#breadcrumb"},"inLanguage":"en-US","potentialAction":[{"@type":"ReadAction","target":["https:\/\/navegantesoceanicos.com\/en\/producto\/suscripcion-premium-a-navegantes-oceanicos\/"]}]},{"@type":"ImageObject","inLanguage":"en-US","@id":"https:\/\/navegantesoceanicos.com\/en\/producto\/suscripcion-premium-a-navegantes-oceanicos\/#primaryimage","url":"https:\/\/navegantesoceanicos.com\/wp-content\/uploads\/2023\/03\/Suscripcion-Premium-Navegantes-Oceanicos.jpg","contentUrl":"https:\/\/navegantesoceanicos.com\/wp-content\/uploads\/2023\/03\/Suscripcion-Premium-Navegantes-Oceanicos.jpg","width":859,"height":744,"caption":"Suscripci\u00f3n Premium Navegantes Oce\u00e1nicos"},{"@type":"BreadcrumbList","@id":"https:\/\/navegantesoceanicos.com\/en\/producto\/suscripcion-premium-a-navegantes-oceanicos\/#breadcrumb","itemListElement":[{"@type":"ListItem","position":1,"name":"Portada","item":"https:\/\/navegantesoceanicos.com\/en\/"},{"@type":"ListItem","position":2,"name":"Shop","item":"https:\/\/navegantesoceanicos.com\/tienda22\/"},{"@type":"ListItem","position":3,"name":"Suscripci\u00f3n Premium a \u00abNavegantes Oce\u00e1nicos\u00bb"}]},{"@type":"WebSite","@id":"https:\/\/navegantesoceanicos.com\/en\/#website","url":"https:\/\/navegantesoceanicos.com\/en\/","name":"Navegantes Oce\u00e1nicos","description":"Navegantes oce\u00e1nicos, te ayudamos a navegar, para navegantes, tripulantes, regatistas y armadores, escuela n\u00e1utica, libros on-line sobre t\u00e1cticas y equipamiento para la navegaci\u00f3n a vela, fondear, atracar, el manejo de las velas, electricidad a bordo, navegaci\u00f3n con mal tiempo, rutas oce\u00e1nicas y mucho m\u00e1s","publisher":{"@id":"https:\/\/navegantesoceanicos.com\/en\/#organization"},"potentialAction":[{"@type":"SearchAction","target":{"@type":"EntryPoint","urlTemplate":"https:\/\/navegantesoceanicos.com\/en\/?s={search_term_string}"},"query-input":{"@type":"PropertyValueSpecification","valueRequired":true,"valueName":"search_term_string"}}],"inLanguage":"en-US"},{"@type":"Organization","@id":"https:\/\/navegantesoceanicos.com\/en\/#organization","name":"Navegantes Oce\u00e1nicos","url":"https:\/\/navegantesoceanicos.com\/en\/","logo":{"@type":"ImageObject","inLanguage":"en-US","@id":"https:\/\/navegantesoceanicos.com\/en\/#\/schema\/logo\/image\/","url":"https:\/\/navegantesoceanicos.com\/wp-content\/uploads\/2019\/12\/LOGO-NAVEGANTES-OCEANICOS.png","contentUrl":"https:\/\/navegantesoceanicos.com\/wp-content\/uploads\/2019\/12\/LOGO-NAVEGANTES-OCEANICOS.png","width":1010,"height":814,"caption":"Navegantes Oce\u00e1nicos"},"image":{"@id":"https:\/\/navegantesoceanicos.com\/en\/#\/schema\/logo\/image\/"},"sameAs":["https:\/\/www.facebook.com\/Navegantes-Oce\u00e1nicos-112578593494698","https:\/\/www.instagram.com\/navegantes_oceanicos\/?hl=es","https:\/\/www.youtube.com\/channel\/UCXgDL_6xqE7rpdwNXRmzF_Q\/featured"]}]}},"_links":{"self":[{"href":"https:\/\/navegantesoceanicos.com\/en\/wp-json\/wp\/v2\/product\/20895","targetHints":{"allow":["GET"]}}],"collection":[{"href":"https:\/\/navegantesoceanicos.com\/en\/wp-json\/wp\/v2\/product"}],"about":[{"href":"https:\/\/navegantesoceanicos.com\/en\/wp-json\/wp\/v2\/types\/product"}],"replies":[{"embeddable":true,"href":"https:\/\/navegantesoceanicos.com\/en\/wp-json\/wp\/v2\/comments?post=20895"}],"wp:featuredmedia":[{"embeddable":true,"href":"https:\/\/navegantesoceanicos.com\/en\/wp-json\/wp\/v2\/media\/20896"}],"wp:attachment":[{"href":"https:\/\/navegantesoceanicos.com\/en\/wp-json\/wp\/v2\/media?parent=20895"}],"wp:term":[{"taxonomy":"product_brand","embeddable":true,"href":"https:\/\/navegantesoceanicos.com\/en\/wp-json\/wp\/v2\/product_brand?post=20895"},{"taxonomy":"product_cat","embeddable":true,"href":"https:\/\/navegantesoceanicos.com\/en\/wp-json\/wp\/v2\/product_cat?post=20895"},{"taxonomy":"product_tag","embeddable":true,"href":"https:\/\/navegantesoceanicos.com\/en\/wp-json\/wp\/v2\/product_tag?post=20895"}],"curies":[{"name":"wp","href":"https:\/\/api.w.org\/{rel}","templated":true}]}}