{"id":23648,"date":"2023-10-15T18:47:28","date_gmt":"2023-10-15T18:47:28","guid":{"rendered":"https:\/\/navegantesoceanicos.com\/?post_type=product&#038;p=23648"},"modified":"2025-09-19T08:38:15","modified_gmt":"2025-09-19T08:38:15","slug":"manual-del-capitan-de-yate-amazon-tapa-blanda","status":"publish","type":"product","link":"https:\/\/navegantesoceanicos.com\/en\/producto\/manual-del-capitan-de-yate-amazon-tapa-blanda\/","title":{"rendered":"Manual del Capit\u00e1n de Yate (amazon tapa blanda)"},"content":{"rendered":"<p style=\"text-align: center;\"><strong>Manual del Capit\u00e1n de Yate<\/strong><\/p>\n<p style=\"text-align: center;\">Amazon formato impreso en papel tapa blanda. Ilustraciones en color. 228 p\u00e1ginas.<\/p>\n<p style=\"text-align: center;\">Manual con explicaciones y dibujos descriptivos de todas las unidades te\u00f3ricas:<br \/>\n&#8211; UT 1. Teor\u00eda de navegaci\u00f3n.<br \/>\n&#8211; UT 2. C\u00e1lculos de navegaci\u00f3n.<br \/>\n&#8211; UT 3. Meteorolog\u00eda.<br \/>\n&#8211; UT 4. Ingl\u00e9s.<br \/>\nEl manual abarca el temario oficial de Capit\u00e1n de Yate, completo y conforme al R.D. 875\/2014, para preparar tu examen en profundidad y con comodidad. Incluye problemas resueltos \u00abpaso a paso\u00bb, a modo de ejemplo de c\u00e1lculos de navegaci\u00f3n.<br \/>\nSe complementa con ex\u00e1menes de test disponibles la web navegantesoce\u00e1nicos.com<\/p>\n","protected":false},"excerpt":{"rendered":"<p style=\"text-align: center;\"><strong>Manual del Capit\u00e1n de Yate.<\/strong><\/p>\n<p style=\"text-align: center;\">Amazon formato impreso con tapa blanda. Ilustraciones en color. 228 p\u00e1ginas.<\/p>\n<p style=\"text-align: center;\">Adaptado al temario oficial, conforme al R.D. 875 \/2014.<\/p>\n<p style=\"text-align: center;\">Manual del Capit\u00e1n de Yate abarca el temario completo, con dibujos y explicaciones detalladas en todas las unidades de trabajo, y ejemplos de problemas de navegaci\u00f3n resueltos paso a paso, para preparar en profundidad y con comodidad el examen de Capit\u00e1n de Yate.<\/p>\n<p style=\"text-align: center;\">Complementado con ex\u00e1menes de test en la web de &#8220;Navegantes Oce\u00e1nicos&#8221;.<\/p>\n","protected":false},"featured_media":23537,"comment_status":"open","ping_status":"closed","template":"","meta":{"_et_pb_use_builder":"","_et_pb_old_content":"","_et_gb_content_width":""},"product_brand":[],"product_cat":[59],"product_tag":[],"class_list":{"0":"post-23648","1":"product","2":"type-product","3":"status-publish","4":"has-post-thumbnail","6":"product_cat-escuela-nautica","8":"first","9":"instock","10":"taxable","11":"shipping-taxable","12":"product-type-external"},"yoast_head":"<!-- This site is optimized with the Yoast SEO plugin v27.2 - https:\/\/yoast.com\/product\/yoast-seo-wordpress\/ -->\n<title>Manual del Capit\u00e1n de Yate (amazon tapa blanda) - Navegantes Oce\u00e1nicos<\/title>\n<meta name=\"description\" content=\"Manual del Capit\u00e1n de Yate, publicado en amazon en formato tapa blanda (en color). 228 p\u00e1ginas. Adaptado a R.D. 875\/2014.\" \/>\n<meta name=\"robots\" content=\"index, follow, max-snippet:-1, max-image-preview:large, max-video-preview:-1\" \/>\n<link rel=\"canonical\" href=\"https:\/\/navegantesoceanicos.com\/en\/producto\/manual-del-capitan-de-yate-amazon-tapa-blanda\/\" \/>\n<meta property=\"og:locale\" content=\"en_US\" \/>\n<meta property=\"og:type\" content=\"article\" \/>\n<meta property=\"og:title\" content=\"Manual del Capit\u00e1n de Yate (amazon tapa blanda) - Navegantes Oce\u00e1nicos\" \/>\n<meta property=\"og:description\" content=\"Manual del Capit\u00e1n de Yate, publicado en amazon en formato tapa blanda (en color). 228 p\u00e1ginas. Adaptado a R.D. 875\/2014.\" \/>\n<meta property=\"og:url\" content=\"https:\/\/navegantesoceanicos.com\/en\/producto\/manual-del-capitan-de-yate-amazon-tapa-blanda\/\" \/>\n<meta property=\"og:site_name\" content=\"Navegantes Oce\u00e1nicos\" \/>\n<meta property=\"article:publisher\" content=\"https:\/\/www.facebook.com\/Navegantes-Oce%c3%a1nicos-112578593494698\" \/>\n<meta property=\"article:modified_time\" content=\"2025-09-19T08:38:15+00:00\" \/>\n<meta property=\"og:image\" content=\"https:\/\/navegantesoceanicos.com\/wp-content\/uploads\/2023\/10\/Portada-Manual-CY.jpg\" \/>\n\t<meta property=\"og:image:width\" content=\"990\" \/>\n\t<meta property=\"og:image:height\" content=\"1320\" \/>\n\t<meta property=\"og:image:type\" content=\"image\/jpeg\" \/>\n<meta name=\"twitter:label1\" content=\"Est. reading time\" \/>\n\t<meta name=\"twitter:data1\" content=\"1 minute\" \/>\n<script type=\"application\/ld+json\" class=\"yoast-schema-graph\">{\"@context\":\"https:\/\/schema.org\",\"@graph\":[{\"@type\":\"WebPage\",\"@id\":\"https:\/\/navegantesoceanicos.com\/en\/producto\/manual-del-capitan-de-yate-amazon-tapa-blanda\/\",\"url\":\"https:\/\/navegantesoceanicos.com\/en\/producto\/manual-del-capitan-de-yate-amazon-tapa-blanda\/\",\"name\":\"Manual del Capit\u00e1n de Yate (amazon tapa blanda) - Navegantes Oce\u00e1nicos\",\"isPartOf\":{\"@id\":\"https:\/\/navegantesoceanicos.com\/en\/#website\"},\"primaryImageOfPage\":{\"@id\":\"https:\/\/navegantesoceanicos.com\/en\/producto\/manual-del-capitan-de-yate-amazon-tapa-blanda\/#primaryimage\"},\"image\":{\"@id\":\"https:\/\/navegantesoceanicos.com\/en\/producto\/manual-del-capitan-de-yate-amazon-tapa-blanda\/#primaryimage\"},\"thumbnailUrl\":\"https:\/\/navegantesoceanicos.com\/wp-content\/uploads\/2023\/10\/Portada-Manual-CY.jpg\",\"datePublished\":\"2023-10-15T18:47:28+00:00\",\"dateModified\":\"2025-09-19T08:38:15+00:00\",\"description\":\"Manual del Capit\u00e1n de Yate, publicado en amazon en formato tapa blanda (en color). 228 p\u00e1ginas. Adaptado a R.D. 875\/2014.\",\"breadcrumb\":{\"@id\":\"https:\/\/navegantesoceanicos.com\/en\/producto\/manual-del-capitan-de-yate-amazon-tapa-blanda\/#breadcrumb\"},\"inLanguage\":\"en-US\",\"potentialAction\":[{\"@type\":\"ReadAction\",\"target\":[\"https:\/\/navegantesoceanicos.com\/en\/producto\/manual-del-capitan-de-yate-amazon-tapa-blanda\/\"]}]},{\"@type\":\"ImageObject\",\"inLanguage\":\"en-US\",\"@id\":\"https:\/\/navegantesoceanicos.com\/en\/producto\/manual-del-capitan-de-yate-amazon-tapa-blanda\/#primaryimage\",\"url\":\"https:\/\/navegantesoceanicos.com\/wp-content\/uploads\/2023\/10\/Portada-Manual-CY.jpg\",\"contentUrl\":\"https:\/\/navegantesoceanicos.com\/wp-content\/uploads\/2023\/10\/Portada-Manual-CY.jpg\",\"width\":990,\"height\":1320,\"caption\":\"Manual del Capit\u00e1n de Yate\"},{\"@type\":\"BreadcrumbList\",\"@id\":\"https:\/\/navegantesoceanicos.com\/en\/producto\/manual-del-capitan-de-yate-amazon-tapa-blanda\/#breadcrumb\",\"itemListElement\":[{\"@type\":\"ListItem\",\"position\":1,\"name\":\"Portada\",\"item\":\"https:\/\/navegantesoceanicos.com\/en\/\"},{\"@type\":\"ListItem\",\"position\":2,\"name\":\"Shop\",\"item\":\"https:\/\/navegantesoceanicos.com\/tienda22\/\"},{\"@type\":\"ListItem\",\"position\":3,\"name\":\"Manual del Capit\u00e1n de Yate (amazon tapa blanda)\"}]},{\"@type\":\"WebSite\",\"@id\":\"https:\/\/navegantesoceanicos.com\/en\/#website\",\"url\":\"https:\/\/navegantesoceanicos.com\/en\/\",\"name\":\"Navegantes Oce\u00e1nicos\",\"description\":\"Navegantes oce\u00e1nicos, te ayudamos a navegar, para navegantes, tripulantes, regatistas y armadores, escuela n\u00e1utica, libros on-line sobre t\u00e1cticas y equipamiento para la navegaci\u00f3n a vela, fondear, atracar, el manejo de las velas, electricidad a bordo, navegaci\u00f3n con mal tiempo, rutas oce\u00e1nicas y mucho m\u00e1s\",\"publisher\":{\"@id\":\"https:\/\/navegantesoceanicos.com\/en\/#organization\"},\"potentialAction\":[{\"@type\":\"SearchAction\",\"target\":{\"@type\":\"EntryPoint\",\"urlTemplate\":\"https:\/\/navegantesoceanicos.com\/en\/?s={search_term_string}\"},\"query-input\":{\"@type\":\"PropertyValueSpecification\",\"valueRequired\":true,\"valueName\":\"search_term_string\"}}],\"inLanguage\":\"en-US\"},{\"@type\":\"Organization\",\"@id\":\"https:\/\/navegantesoceanicos.com\/en\/#organization\",\"name\":\"Navegantes Oce\u00e1nicos\",\"url\":\"https:\/\/navegantesoceanicos.com\/en\/\",\"logo\":{\"@type\":\"ImageObject\",\"inLanguage\":\"en-US\",\"@id\":\"https:\/\/navegantesoceanicos.com\/en\/#\/schema\/logo\/image\/\",\"url\":\"https:\/\/navegantesoceanicos.com\/wp-content\/uploads\/2019\/12\/LOGO-NAVEGANTES-OCEANICOS.png\",\"contentUrl\":\"https:\/\/navegantesoceanicos.com\/wp-content\/uploads\/2019\/12\/LOGO-NAVEGANTES-OCEANICOS.png\",\"width\":1010,\"height\":814,\"caption\":\"Navegantes Oce\u00e1nicos\"},\"image\":{\"@id\":\"https:\/\/navegantesoceanicos.com\/en\/#\/schema\/logo\/image\/\"},\"sameAs\":[\"https:\/\/www.facebook.com\/Navegantes-Oce\u00e1nicos-112578593494698\",\"https:\/\/www.instagram.com\/navegantes_oceanicos\/?hl=es\",\"https:\/\/www.youtube.com\/channel\/UCXgDL_6xqE7rpdwNXRmzF_Q\/featured\"]}]}<\/script>\n<!-- \/ Yoast SEO plugin. -->","yoast_head_json":{"title":"Manual del Capit\u00e1n de Yate (amazon tapa blanda) - Navegantes Oce\u00e1nicos","description":"Manual del Capit\u00e1n de Yate, publicado en amazon en formato tapa blanda (en color). 228 p\u00e1ginas. Adaptado a R.D. 875\/2014.","robots":{"index":"index","follow":"follow","max-snippet":"max-snippet:-1","max-image-preview":"max-image-preview:large","max-video-preview":"max-video-preview:-1"},"canonical":"https:\/\/navegantesoceanicos.com\/en\/producto\/manual-del-capitan-de-yate-amazon-tapa-blanda\/","og_locale":"en_US","og_type":"article","og_title":"Manual del Capit\u00e1n de Yate (amazon tapa blanda) - Navegantes Oce\u00e1nicos","og_description":"Manual del Capit\u00e1n de Yate, publicado en amazon en formato tapa blanda (en color). 228 p\u00e1ginas. Adaptado a R.D. 875\/2014.","og_url":"https:\/\/navegantesoceanicos.com\/en\/producto\/manual-del-capitan-de-yate-amazon-tapa-blanda\/","og_site_name":"Navegantes Oce\u00e1nicos","article_publisher":"https:\/\/www.facebook.com\/Navegantes-Oce%c3%a1nicos-112578593494698","article_modified_time":"2025-09-19T08:38:15+00:00","og_image":[{"width":990,"height":1320,"url":"https:\/\/navegantesoceanicos.com\/wp-content\/uploads\/2023\/10\/Portada-Manual-CY.jpg","type":"image\/jpeg"}],"twitter_misc":{"Est. reading time":"1 minute"},"schema":{"@context":"https:\/\/schema.org","@graph":[{"@type":"WebPage","@id":"https:\/\/navegantesoceanicos.com\/en\/producto\/manual-del-capitan-de-yate-amazon-tapa-blanda\/","url":"https:\/\/navegantesoceanicos.com\/en\/producto\/manual-del-capitan-de-yate-amazon-tapa-blanda\/","name":"Manual del Capit\u00e1n de Yate (amazon tapa blanda) - Navegantes Oce\u00e1nicos","isPartOf":{"@id":"https:\/\/navegantesoceanicos.com\/en\/#website"},"primaryImageOfPage":{"@id":"https:\/\/navegantesoceanicos.com\/en\/producto\/manual-del-capitan-de-yate-amazon-tapa-blanda\/#primaryimage"},"image":{"@id":"https:\/\/navegantesoceanicos.com\/en\/producto\/manual-del-capitan-de-yate-amazon-tapa-blanda\/#primaryimage"},"thumbnailUrl":"https:\/\/navegantesoceanicos.com\/wp-content\/uploads\/2023\/10\/Portada-Manual-CY.jpg","datePublished":"2023-10-15T18:47:28+00:00","dateModified":"2025-09-19T08:38:15+00:00","description":"Manual del Capit\u00e1n de Yate, publicado en amazon en formato tapa blanda (en color). 228 p\u00e1ginas. Adaptado a R.D. 875\/2014.","breadcrumb":{"@id":"https:\/\/navegantesoceanicos.com\/en\/producto\/manual-del-capitan-de-yate-amazon-tapa-blanda\/#breadcrumb"},"inLanguage":"en-US","potentialAction":[{"@type":"ReadAction","target":["https:\/\/navegantesoceanicos.com\/en\/producto\/manual-del-capitan-de-yate-amazon-tapa-blanda\/"]}]},{"@type":"ImageObject","inLanguage":"en-US","@id":"https:\/\/navegantesoceanicos.com\/en\/producto\/manual-del-capitan-de-yate-amazon-tapa-blanda\/#primaryimage","url":"https:\/\/navegantesoceanicos.com\/wp-content\/uploads\/2023\/10\/Portada-Manual-CY.jpg","contentUrl":"https:\/\/navegantesoceanicos.com\/wp-content\/uploads\/2023\/10\/Portada-Manual-CY.jpg","width":990,"height":1320,"caption":"Manual del Capit\u00e1n de Yate"},{"@type":"BreadcrumbList","@id":"https:\/\/navegantesoceanicos.com\/en\/producto\/manual-del-capitan-de-yate-amazon-tapa-blanda\/#breadcrumb","itemListElement":[{"@type":"ListItem","position":1,"name":"Portada","item":"https:\/\/navegantesoceanicos.com\/en\/"},{"@type":"ListItem","position":2,"name":"Shop","item":"https:\/\/navegantesoceanicos.com\/tienda22\/"},{"@type":"ListItem","position":3,"name":"Manual del Capit\u00e1n de Yate (amazon tapa blanda)"}]},{"@type":"WebSite","@id":"https:\/\/navegantesoceanicos.com\/en\/#website","url":"https:\/\/navegantesoceanicos.com\/en\/","name":"Navegantes Oce\u00e1nicos","description":"Navegantes oce\u00e1nicos, te ayudamos a navegar, para navegantes, tripulantes, regatistas y armadores, escuela n\u00e1utica, libros on-line sobre t\u00e1cticas y equipamiento para la navegaci\u00f3n a vela, fondear, atracar, el manejo de las velas, electricidad a bordo, navegaci\u00f3n con mal tiempo, rutas oce\u00e1nicas y mucho m\u00e1s","publisher":{"@id":"https:\/\/navegantesoceanicos.com\/en\/#organization"},"potentialAction":[{"@type":"SearchAction","target":{"@type":"EntryPoint","urlTemplate":"https:\/\/navegantesoceanicos.com\/en\/?s={search_term_string}"},"query-input":{"@type":"PropertyValueSpecification","valueRequired":true,"valueName":"search_term_string"}}],"inLanguage":"en-US"},{"@type":"Organization","@id":"https:\/\/navegantesoceanicos.com\/en\/#organization","name":"Navegantes Oce\u00e1nicos","url":"https:\/\/navegantesoceanicos.com\/en\/","logo":{"@type":"ImageObject","inLanguage":"en-US","@id":"https:\/\/navegantesoceanicos.com\/en\/#\/schema\/logo\/image\/","url":"https:\/\/navegantesoceanicos.com\/wp-content\/uploads\/2019\/12\/LOGO-NAVEGANTES-OCEANICOS.png","contentUrl":"https:\/\/navegantesoceanicos.com\/wp-content\/uploads\/2019\/12\/LOGO-NAVEGANTES-OCEANICOS.png","width":1010,"height":814,"caption":"Navegantes Oce\u00e1nicos"},"image":{"@id":"https:\/\/navegantesoceanicos.com\/en\/#\/schema\/logo\/image\/"},"sameAs":["https:\/\/www.facebook.com\/Navegantes-Oce\u00e1nicos-112578593494698","https:\/\/www.instagram.com\/navegantes_oceanicos\/?hl=es","https:\/\/www.youtube.com\/channel\/UCXgDL_6xqE7rpdwNXRmzF_Q\/featured"]}]}},"_links":{"self":[{"href":"https:\/\/navegantesoceanicos.com\/en\/wp-json\/wp\/v2\/product\/23648","targetHints":{"allow":["GET"]}}],"collection":[{"href":"https:\/\/navegantesoceanicos.com\/en\/wp-json\/wp\/v2\/product"}],"about":[{"href":"https:\/\/navegantesoceanicos.com\/en\/wp-json\/wp\/v2\/types\/product"}],"replies":[{"embeddable":true,"href":"https:\/\/navegantesoceanicos.com\/en\/wp-json\/wp\/v2\/comments?post=23648"}],"wp:featuredmedia":[{"embeddable":true,"href":"https:\/\/navegantesoceanicos.com\/en\/wp-json\/wp\/v2\/media\/23537"}],"wp:attachment":[{"href":"https:\/\/navegantesoceanicos.com\/en\/wp-json\/wp\/v2\/media?parent=23648"}],"wp:term":[{"taxonomy":"product_brand","embeddable":true,"href":"https:\/\/navegantesoceanicos.com\/en\/wp-json\/wp\/v2\/product_brand?post=23648"},{"taxonomy":"product_cat","embeddable":true,"href":"https:\/\/navegantesoceanicos.com\/en\/wp-json\/wp\/v2\/product_cat?post=23648"},{"taxonomy":"product_tag","embeddable":true,"href":"https:\/\/navegantesoceanicos.com\/en\/wp-json\/wp\/v2\/product_tag?post=23648"}],"curies":[{"name":"wp","href":"https:\/\/api.w.org\/{rel}","templated":true}]}}