{"id":24439,"date":"2022-03-20T10:55:27","date_gmt":"2022-03-20T10:55:27","guid":{"rendered":"https:\/\/navegantesoceanicos.com\/?post_type=product&#038;p=24439"},"modified":"2025-01-17T21:49:06","modified_gmt":"2025-01-17T21:49:06","slug":"aquella-musica-tan-estupenda","status":"publish","type":"product","link":"https:\/\/navegantesoceanicos.com\/en\/producto\/aquella-musica-tan-estupenda\/","title":{"rendered":"Aquella m\u00fasica tan estupenda"},"content":{"rendered":"<p style=\"text-align: center;\"><strong>NOVELA \u201cAquella m\u00fasica tan estupenda\u201d de Santiago Iglesias de Pa\u00fal.<\/strong><\/p>\n<p style=\"text-align: center;\">\u00bfA qui\u00e9n no le apetece sumergirse en una novela sobre la historia del pop y rock en Espa\u00f1a? Con personajes muy cercanos, divertidos, que enganchan, en una trama que se inicia en 1959 cuando el presidente norteamericano, Eisenhower, abraza a Franco en Madrid. Mientras tanto, Jose, nuestro protagonista, se abrazaba por primera vez a la m\u00fasica de Chuck Berry. Desde ese preciso momento quiso ser compositor y m\u00fasico, y lo consigui\u00f3.<br \/>\nA trav\u00e9s de la narraci\u00f3n de su vida, Jose nos traslada a los primeros programas musicales de radio, las matinales del Price, los festivales de Benidorm. M\u00e1s adelante, el festival homenaje a Canito y la proliferaci\u00f3n de conjuntos en nuestro pa\u00eds. Con temas de Miguel R\u00edos, Teen Tops, D\u00fao Din\u00e1mico, Brincos, Bravos, Massiel y Raphael, la aparici\u00f3n de los cantautores, la movida de los 80, Juan Luis Guerra, Amaral y decenas de ellos m\u00e1s hasta nuestros d\u00edas. Todos tienen cabida en esta novela, donde alg\u00fan cap\u00edtulo transcurre por Madrid, otros por San Fernando (C\u00e1diz) y alguno en Piedralaves (\u00c1vila). Querencias que tiene uno.<br \/>\nSe citan, y aparecen en la novela, m\u00e1s de 150 canciones recopiladas con c\u00f3digo QR, para hacer la lectura m\u00e1s amena. Es muy sencillo leer ese c\u00f3digo QR con el m\u00f3vil y acceder a los v\u00eddeos y las canciones a medida que est\u00e1s leyendo la novela (Gracias, Youtube).<br \/>\nCon Jose viviremos tambi\u00e9n la historia y el panorama pol\u00edtico espa\u00f1ol de los \u00faltimos 64 a\u00f1os.<br \/>\nY pido perd\u00f3n si me olvid\u00e9 de alg\u00fan m\u00fasico o canci\u00f3n. Es tan dif\u00edcil contentar a todos\u2026<\/p>\n","protected":false},"excerpt":{"rendered":"<p style=\"text-align: center;\"><span style=\"color: #000080;\"><strong>SINOPSIS NOVELA \u201cAquella m\u00fasica tan estupenda\u201d de Santiago Iglesias de Pa\u00fal.<\/strong><\/span><\/p>\n<p style=\"text-align: center;\">Novela sobre la historia del pop y rock en Espa\u00f1a en los \u00faltimos 60 a\u00f1os.<\/p>\n<p style=\"text-align: center;\">A trav\u00e9s de la narraci\u00f3n de su vida, el protagonista, Jose, nos traslada a los primeros programas musicales de radio, las matinales del Price, los festivales de Benidorm. M\u00e1s adelante, el festival homenaje a Canito y la proliferaci\u00f3n de conjuntos en nuestro pa\u00eds. Con temas de Miguel R\u00edos, Teen Tops, D\u00fao Din\u00e1mico, Brincos, Bravos, Massiel y Raphael, la aparici\u00f3n de los cantautores, la movida de los 80, Juan Luis Guerra, Amaral y decenas de ellos m\u00e1s hasta nuestros d\u00edas. Todos tienen cabida en esta novela, donde alg\u00fan cap\u00edtulo transcurre por Madrid, otros por San Fernando (C\u00e1diz) y alguno en Piedralaves (\u00c1vila).<\/p>\n<p style=\"text-align: center;\">Se citan, y aparecen en la novela, m\u00e1s de 150 canciones recopiladas con c\u00f3digo QR, para hacer la lectura m\u00e1s amena.<\/p>\n","protected":false},"featured_media":24440,"comment_status":"open","ping_status":"closed","template":"","meta":{"_et_pb_use_builder":"","_et_pb_old_content":"","_et_gb_content_width":""},"product_brand":[],"product_cat":[84],"product_tag":[],"class_list":{"0":"post-24439","1":"product","2":"type-product","3":"status-publish","4":"has-post-thumbnail","6":"product_cat-novela","8":"first","9":"instock","10":"taxable","11":"shipping-taxable","12":"product-type-external"},"yoast_head":"<!-- This site is optimized with the Yoast SEO plugin v27.6 - https:\/\/yoast.com\/product\/yoast-seo-wordpress\/ -->\n<title>Aquella m\u00fasica tan estupenda - Navegantes Oce\u00e1nicos<\/title>\n<meta name=\"description\" content=\"NOVELA \u201cAquella m\u00fasica tan estupenda\u201d de Santiago Iglesias de Pa\u00fal. Diciembre de 2023, Recorre la historia de la m\u00fasica de los \u00faltimos 60 a\u00f1os.\" \/>\n<meta name=\"robots\" content=\"index, follow, max-snippet:-1, max-image-preview:large, max-video-preview:-1\" \/>\n<link rel=\"canonical\" href=\"https:\/\/navegantesoceanicos.com\/en\/producto\/aquella-musica-tan-estupenda\/\" \/>\n<meta property=\"og:locale\" content=\"en_US\" \/>\n<meta property=\"og:type\" content=\"article\" \/>\n<meta property=\"og:title\" content=\"Aquella m\u00fasica tan estupenda - Navegantes Oce\u00e1nicos\" \/>\n<meta property=\"og:description\" content=\"NOVELA \u201cAquella m\u00fasica tan estupenda\u201d de Santiago Iglesias de Pa\u00fal. Diciembre de 2023, Recorre la historia de la m\u00fasica de los \u00faltimos 60 a\u00f1os.\" \/>\n<meta property=\"og:url\" content=\"https:\/\/navegantesoceanicos.com\/en\/producto\/aquella-musica-tan-estupenda\/\" \/>\n<meta property=\"og:site_name\" content=\"Navegantes Oce\u00e1nicos\" \/>\n<meta property=\"article:publisher\" content=\"https:\/\/www.facebook.com\/Navegantes-Oce%c3%a1nicos-112578593494698\" \/>\n<meta property=\"article:modified_time\" content=\"2025-01-17T21:49:06+00:00\" \/>\n<meta property=\"og:image\" content=\"https:\/\/navegantesoceanicos.com\/wp-content\/uploads\/2023\/12\/AQUELLA_MUSICA_TAN_ESTUPENDA.jpg\" \/>\n\t<meta property=\"og:image:width\" content=\"406\" \/>\n\t<meta property=\"og:image:height\" content=\"630\" \/>\n\t<meta property=\"og:image:type\" content=\"image\/jpeg\" \/>\n<meta name=\"twitter:label1\" content=\"Est. reading time\" \/>\n\t<meta name=\"twitter:data1\" content=\"2 minutes\" \/>\n<script type=\"application\/ld+json\" class=\"yoast-schema-graph\">{\"@context\":\"https:\\\/\\\/schema.org\",\"@graph\":[{\"@type\":\"WebPage\",\"@id\":\"https:\\\/\\\/navegantesoceanicos.com\\\/en\\\/producto\\\/aquella-musica-tan-estupenda\\\/\",\"url\":\"https:\\\/\\\/navegantesoceanicos.com\\\/en\\\/producto\\\/aquella-musica-tan-estupenda\\\/\",\"name\":\"Aquella m\u00fasica tan estupenda - Navegantes Oce\u00e1nicos\",\"isPartOf\":{\"@id\":\"https:\\\/\\\/navegantesoceanicos.com\\\/en\\\/#website\"},\"primaryImageOfPage\":{\"@id\":\"https:\\\/\\\/navegantesoceanicos.com\\\/en\\\/producto\\\/aquella-musica-tan-estupenda\\\/#primaryimage\"},\"image\":{\"@id\":\"https:\\\/\\\/navegantesoceanicos.com\\\/en\\\/producto\\\/aquella-musica-tan-estupenda\\\/#primaryimage\"},\"thumbnailUrl\":\"https:\\\/\\\/navegantesoceanicos.com\\\/wp-content\\\/uploads\\\/2023\\\/12\\\/AQUELLA_MUSICA_TAN_ESTUPENDA.jpg\",\"datePublished\":\"2022-03-20T10:55:27+00:00\",\"dateModified\":\"2025-01-17T21:49:06+00:00\",\"description\":\"NOVELA \u201cAquella m\u00fasica tan estupenda\u201d de Santiago Iglesias de Pa\u00fal. Diciembre de 2023, Recorre la historia de la m\u00fasica de los \u00faltimos 60 a\u00f1os.\",\"breadcrumb\":{\"@id\":\"https:\\\/\\\/navegantesoceanicos.com\\\/en\\\/producto\\\/aquella-musica-tan-estupenda\\\/#breadcrumb\"},\"inLanguage\":\"en-US\",\"potentialAction\":[{\"@type\":\"ReadAction\",\"target\":[\"https:\\\/\\\/navegantesoceanicos.com\\\/en\\\/producto\\\/aquella-musica-tan-estupenda\\\/\"]}]},{\"@type\":\"ImageObject\",\"inLanguage\":\"en-US\",\"@id\":\"https:\\\/\\\/navegantesoceanicos.com\\\/en\\\/producto\\\/aquella-musica-tan-estupenda\\\/#primaryimage\",\"url\":\"https:\\\/\\\/navegantesoceanicos.com\\\/wp-content\\\/uploads\\\/2023\\\/12\\\/AQUELLA_MUSICA_TAN_ESTUPENDA.jpg\",\"contentUrl\":\"https:\\\/\\\/navegantesoceanicos.com\\\/wp-content\\\/uploads\\\/2023\\\/12\\\/AQUELLA_MUSICA_TAN_ESTUPENDA.jpg\",\"width\":406,\"height\":630},{\"@type\":\"BreadcrumbList\",\"@id\":\"https:\\\/\\\/navegantesoceanicos.com\\\/en\\\/producto\\\/aquella-musica-tan-estupenda\\\/#breadcrumb\",\"itemListElement\":[{\"@type\":\"ListItem\",\"position\":1,\"name\":\"Portada\",\"item\":\"https:\\\/\\\/navegantesoceanicos.com\\\/en\\\/\"},{\"@type\":\"ListItem\",\"position\":2,\"name\":\"Shop\",\"item\":\"https:\\\/\\\/navegantesoceanicos.com\\\/tienda22\\\/\"},{\"@type\":\"ListItem\",\"position\":3,\"name\":\"Aquella m\u00fasica tan estupenda\"}]},{\"@type\":\"WebSite\",\"@id\":\"https:\\\/\\\/navegantesoceanicos.com\\\/en\\\/#website\",\"url\":\"https:\\\/\\\/navegantesoceanicos.com\\\/en\\\/\",\"name\":\"Navegantes Oce\u00e1nicos\",\"description\":\"Navegantes oce\u00e1nicos, te ayudamos a navegar, para navegantes, tripulantes, regatistas y armadores, escuela n\u00e1utica, libros on-line sobre t\u00e1cticas y equipamiento para la navegaci\u00f3n a vela, fondear, atracar, el manejo de las velas, electricidad a bordo, navegaci\u00f3n con mal tiempo, rutas oce\u00e1nicas y mucho m\u00e1s\",\"publisher\":{\"@id\":\"https:\\\/\\\/navegantesoceanicos.com\\\/en\\\/#organization\"},\"potentialAction\":[{\"@type\":\"SearchAction\",\"target\":{\"@type\":\"EntryPoint\",\"urlTemplate\":\"https:\\\/\\\/navegantesoceanicos.com\\\/en\\\/?s={search_term_string}\"},\"query-input\":{\"@type\":\"PropertyValueSpecification\",\"valueRequired\":true,\"valueName\":\"search_term_string\"}}],\"inLanguage\":\"en-US\"},{\"@type\":\"Organization\",\"@id\":\"https:\\\/\\\/navegantesoceanicos.com\\\/en\\\/#organization\",\"name\":\"Navegantes Oce\u00e1nicos\",\"url\":\"https:\\\/\\\/navegantesoceanicos.com\\\/en\\\/\",\"logo\":{\"@type\":\"ImageObject\",\"inLanguage\":\"en-US\",\"@id\":\"https:\\\/\\\/navegantesoceanicos.com\\\/en\\\/#\\\/schema\\\/logo\\\/image\\\/\",\"url\":\"https:\\\/\\\/navegantesoceanicos.com\\\/wp-content\\\/uploads\\\/2019\\\/12\\\/LOGO-NAVEGANTES-OCEANICOS.png\",\"contentUrl\":\"https:\\\/\\\/navegantesoceanicos.com\\\/wp-content\\\/uploads\\\/2019\\\/12\\\/LOGO-NAVEGANTES-OCEANICOS.png\",\"width\":1010,\"height\":814,\"caption\":\"Navegantes Oce\u00e1nicos\"},\"image\":{\"@id\":\"https:\\\/\\\/navegantesoceanicos.com\\\/en\\\/#\\\/schema\\\/logo\\\/image\\\/\"},\"sameAs\":[\"https:\\\/\\\/www.facebook.com\\\/Navegantes-Oce\u00e1nicos-112578593494698\",\"https:\\\/\\\/www.instagram.com\\\/navegantes_oceanicos\\\/?hl=es\",\"https:\\\/\\\/www.youtube.com\\\/channel\\\/UCXgDL_6xqE7rpdwNXRmzF_Q\\\/featured\"]}]}<\/script>\n<!-- \/ Yoast SEO plugin. -->","yoast_head_json":{"title":"Aquella m\u00fasica tan estupenda - Navegantes Oce\u00e1nicos","description":"NOVELA \u201cAquella m\u00fasica tan estupenda\u201d de Santiago Iglesias de Pa\u00fal. Diciembre de 2023, Recorre la historia de la m\u00fasica de los \u00faltimos 60 a\u00f1os.","robots":{"index":"index","follow":"follow","max-snippet":"max-snippet:-1","max-image-preview":"max-image-preview:large","max-video-preview":"max-video-preview:-1"},"canonical":"https:\/\/navegantesoceanicos.com\/en\/producto\/aquella-musica-tan-estupenda\/","og_locale":"en_US","og_type":"article","og_title":"Aquella m\u00fasica tan estupenda - Navegantes Oce\u00e1nicos","og_description":"NOVELA \u201cAquella m\u00fasica tan estupenda\u201d de Santiago Iglesias de Pa\u00fal. Diciembre de 2023, Recorre la historia de la m\u00fasica de los \u00faltimos 60 a\u00f1os.","og_url":"https:\/\/navegantesoceanicos.com\/en\/producto\/aquella-musica-tan-estupenda\/","og_site_name":"Navegantes Oce\u00e1nicos","article_publisher":"https:\/\/www.facebook.com\/Navegantes-Oce%c3%a1nicos-112578593494698","article_modified_time":"2025-01-17T21:49:06+00:00","og_image":[{"width":406,"height":630,"url":"https:\/\/navegantesoceanicos.com\/wp-content\/uploads\/2023\/12\/AQUELLA_MUSICA_TAN_ESTUPENDA.jpg","type":"image\/jpeg"}],"twitter_misc":{"Est. reading time":"2 minutes"},"schema":{"@context":"https:\/\/schema.org","@graph":[{"@type":"WebPage","@id":"https:\/\/navegantesoceanicos.com\/en\/producto\/aquella-musica-tan-estupenda\/","url":"https:\/\/navegantesoceanicos.com\/en\/producto\/aquella-musica-tan-estupenda\/","name":"Aquella m\u00fasica tan estupenda - Navegantes Oce\u00e1nicos","isPartOf":{"@id":"https:\/\/navegantesoceanicos.com\/en\/#website"},"primaryImageOfPage":{"@id":"https:\/\/navegantesoceanicos.com\/en\/producto\/aquella-musica-tan-estupenda\/#primaryimage"},"image":{"@id":"https:\/\/navegantesoceanicos.com\/en\/producto\/aquella-musica-tan-estupenda\/#primaryimage"},"thumbnailUrl":"https:\/\/navegantesoceanicos.com\/wp-content\/uploads\/2023\/12\/AQUELLA_MUSICA_TAN_ESTUPENDA.jpg","datePublished":"2022-03-20T10:55:27+00:00","dateModified":"2025-01-17T21:49:06+00:00","description":"NOVELA \u201cAquella m\u00fasica tan estupenda\u201d de Santiago Iglesias de Pa\u00fal. Diciembre de 2023, Recorre la historia de la m\u00fasica de los \u00faltimos 60 a\u00f1os.","breadcrumb":{"@id":"https:\/\/navegantesoceanicos.com\/en\/producto\/aquella-musica-tan-estupenda\/#breadcrumb"},"inLanguage":"en-US","potentialAction":[{"@type":"ReadAction","target":["https:\/\/navegantesoceanicos.com\/en\/producto\/aquella-musica-tan-estupenda\/"]}]},{"@type":"ImageObject","inLanguage":"en-US","@id":"https:\/\/navegantesoceanicos.com\/en\/producto\/aquella-musica-tan-estupenda\/#primaryimage","url":"https:\/\/navegantesoceanicos.com\/wp-content\/uploads\/2023\/12\/AQUELLA_MUSICA_TAN_ESTUPENDA.jpg","contentUrl":"https:\/\/navegantesoceanicos.com\/wp-content\/uploads\/2023\/12\/AQUELLA_MUSICA_TAN_ESTUPENDA.jpg","width":406,"height":630},{"@type":"BreadcrumbList","@id":"https:\/\/navegantesoceanicos.com\/en\/producto\/aquella-musica-tan-estupenda\/#breadcrumb","itemListElement":[{"@type":"ListItem","position":1,"name":"Portada","item":"https:\/\/navegantesoceanicos.com\/en\/"},{"@type":"ListItem","position":2,"name":"Shop","item":"https:\/\/navegantesoceanicos.com\/tienda22\/"},{"@type":"ListItem","position":3,"name":"Aquella m\u00fasica tan estupenda"}]},{"@type":"WebSite","@id":"https:\/\/navegantesoceanicos.com\/en\/#website","url":"https:\/\/navegantesoceanicos.com\/en\/","name":"Navegantes Oce\u00e1nicos","description":"Navegantes oce\u00e1nicos, te ayudamos a navegar, para navegantes, tripulantes, regatistas y armadores, escuela n\u00e1utica, libros on-line sobre t\u00e1cticas y equipamiento para la navegaci\u00f3n a vela, fondear, atracar, el manejo de las velas, electricidad a bordo, navegaci\u00f3n con mal tiempo, rutas oce\u00e1nicas y mucho m\u00e1s","publisher":{"@id":"https:\/\/navegantesoceanicos.com\/en\/#organization"},"potentialAction":[{"@type":"SearchAction","target":{"@type":"EntryPoint","urlTemplate":"https:\/\/navegantesoceanicos.com\/en\/?s={search_term_string}"},"query-input":{"@type":"PropertyValueSpecification","valueRequired":true,"valueName":"search_term_string"}}],"inLanguage":"en-US"},{"@type":"Organization","@id":"https:\/\/navegantesoceanicos.com\/en\/#organization","name":"Navegantes Oce\u00e1nicos","url":"https:\/\/navegantesoceanicos.com\/en\/","logo":{"@type":"ImageObject","inLanguage":"en-US","@id":"https:\/\/navegantesoceanicos.com\/en\/#\/schema\/logo\/image\/","url":"https:\/\/navegantesoceanicos.com\/wp-content\/uploads\/2019\/12\/LOGO-NAVEGANTES-OCEANICOS.png","contentUrl":"https:\/\/navegantesoceanicos.com\/wp-content\/uploads\/2019\/12\/LOGO-NAVEGANTES-OCEANICOS.png","width":1010,"height":814,"caption":"Navegantes Oce\u00e1nicos"},"image":{"@id":"https:\/\/navegantesoceanicos.com\/en\/#\/schema\/logo\/image\/"},"sameAs":["https:\/\/www.facebook.com\/Navegantes-Oce\u00e1nicos-112578593494698","https:\/\/www.instagram.com\/navegantes_oceanicos\/?hl=es","https:\/\/www.youtube.com\/channel\/UCXgDL_6xqE7rpdwNXRmzF_Q\/featured"]}]}},"_links":{"self":[{"href":"https:\/\/navegantesoceanicos.com\/en\/wp-json\/wp\/v2\/product\/24439","targetHints":{"allow":["GET"]}}],"collection":[{"href":"https:\/\/navegantesoceanicos.com\/en\/wp-json\/wp\/v2\/product"}],"about":[{"href":"https:\/\/navegantesoceanicos.com\/en\/wp-json\/wp\/v2\/types\/product"}],"replies":[{"embeddable":true,"href":"https:\/\/navegantesoceanicos.com\/en\/wp-json\/wp\/v2\/comments?post=24439"}],"wp:featuredmedia":[{"embeddable":true,"href":"https:\/\/navegantesoceanicos.com\/en\/wp-json\/wp\/v2\/media\/24440"}],"wp:attachment":[{"href":"https:\/\/navegantesoceanicos.com\/en\/wp-json\/wp\/v2\/media?parent=24439"}],"wp:term":[{"taxonomy":"product_brand","embeddable":true,"href":"https:\/\/navegantesoceanicos.com\/en\/wp-json\/wp\/v2\/product_brand?post=24439"},{"taxonomy":"product_cat","embeddable":true,"href":"https:\/\/navegantesoceanicos.com\/en\/wp-json\/wp\/v2\/product_cat?post=24439"},{"taxonomy":"product_tag","embeddable":true,"href":"https:\/\/navegantesoceanicos.com\/en\/wp-json\/wp\/v2\/product_tag?post=24439"}],"curies":[{"name":"wp","href":"https:\/\/api.w.org\/{rel}","templated":true}]}}