{"id":26508,"date":"2024-03-20T12:41:40","date_gmt":"2024-03-20T12:41:40","guid":{"rendered":"https:\/\/navegantesoceanicos.com\/?post_type=product&#038;p=26508"},"modified":"2026-02-09T09:11:19","modified_gmt":"2026-02-09T09:11:19","slug":"curso-online-capitan-de-yate-modalidad-tutorial","status":"publish","type":"product","link":"https:\/\/navegantesoceanicos.com\/en\/producto\/curso-online-capitan-de-yate-modalidad-tutorial\/","title":{"rendered":"Curso online Capit\u00e1n de Yate (Modalidad Tutorial)"},"content":{"rendered":"<p style=\"text-align: center;\"><span style=\"color: #000080;\"><strong>Descripci\u00f3n del curso \u201conline\u201d de Capit\u00e1n de Yate (Modalidad Tutorial)<\/strong><\/span><\/p>\n<p align=\"center\">El curso incluye lo siguiente:<\/p>\n<p align=\"justify\">\u2013 6 semanas de tutor\u00edas personalizadas por e-mail para la resoluci\u00f3n de dudas, correcci\u00f3n de problemas, etc., por el profesor del curso.<\/p>\n<p align=\"justify\">\u2013 6 meses de acceso a la Plataforma del Curso online de Capit\u00e1n de Yate, con todo el material que necesitas:<\/p>\n<ul>\n<li>Lecciones con v\u00eddeos descriptivos del temario de Capit\u00e1n de Yate.<\/li>\n<li>Problemas resueltos paso a paso.<\/li>\n<li>Manual \u201con-line\u201d del Capit\u00e1n de Yate de la web \u201cNavegantes Oce\u00e1nicos\u201d.<\/li>\n<li>Libro electr\u00f3nico e-book (PDF descargable) Manual del Capit\u00e1n de Yate. Editorial \u201cNavegantes Oce\u00e1nicos\u201d.<\/li>\n<li>Test parciales y ex\u00e1menes completos \u201con-line\u201d de Capit\u00e1n de Yate de la web \u201cNavegantes Oce\u00e1nicos\u201d.<\/li>\n<\/ul>\n<p align=\"justify\">\u2013 Suscripci\u00f3n Premium a \u201cNavegantes Oce\u00e1nicos\u201d. Acceso durante 1 a\u00f1o a todos los contenidos de la web, libros \u201con-line\u201d, etc., para complementar la formaci\u00f3n y ganar experiencia.<\/p>\n<p style=\"text-align: center;\" align=\"justify\">Pago con toda seguridad, a trav\u00e9s de la plataforma STRIPE.<\/p>\n<p style=\"text-align: center;\" align=\"justify\">Si no est\u00e1s satisfecho, hasta 15 d\u00edas despu\u00e9s de la fecha en que adquiriste el Curso online de Capit\u00e1n de Yate. Tutorial, nos lo comunicas y te devolvemos el dinero, de forma gratuita y sin compromiso, y te damos de baja de la plataforma.<\/p>\n","protected":false},"excerpt":{"rendered":"<p>Curso \u00abon-line\u00bb de Capit\u00e1n de Yate (Modalidad Tutorial). 10 semanas de tutor\u00edas personalizadas por e-mail, por profesor con gran experiencia, acceso durante 6 meses a plataforma del Curso online de Capit\u00e1n de Yate con todo el material de apoyo necesario, lecciones, videos descriptivos que abarcan todo el temario, manual on-line en la web y e-books , ex\u00e1menes on-line, problemas resueltos paso a paso, etc. Adem\u00e1s, suscripci\u00f3n Premium a la web durante 1 a\u00f1o con acceso a contenidos de la web, libros online, etc.<\/p>\n<p>Precio 119 euros (IVA incluido). Pago con toda seguridad, a trav\u00e9s de la plataforma STRIPE. Si no est\u00e1s satisfecho, hasta 15 d\u00edas desde la fecha en que adquiriste el Curso online de Patr\u00f3n de Yate (Tutorial), nos lo comunicas y te devolvemos el dinero, de forma gratuita.<\/p>\n","protected":false},"featured_media":26511,"comment_status":"open","ping_status":"closed","template":"","meta":{"_et_pb_use_builder":"","_et_pb_old_content":"","_et_gb_content_width":""},"product_brand":[],"product_cat":[79,109],"product_tag":[],"class_list":{"0":"post-26508","1":"product","2":"type-product","3":"status-publish","4":"has-post-thumbnail","6":"product_cat-curso-on-line","7":"product_cat-curso-online-capitan-de-yate","9":"first","10":"instock","11":"virtual","12":"taxable","13":"purchasable","14":"product-type-simple"},"yoast_head":"<!-- This site is optimized with the Yoast SEO plugin v27.4 - https:\/\/yoast.com\/product\/yoast-seo-wordpress\/ -->\n<title>Curso online Capit\u00e1n de Yate (Modalidad Tutorial) - Navegantes Oce\u00e1nicos<\/title>\n<meta name=\"description\" content=\"Curso online Capit\u00e1n de Yate. Tutorial. Con todo el material, lecciones, manual, v\u00eddeos descriptivos, ex\u00e1menes, problemas resueltos, etc..\" \/>\n<meta name=\"robots\" content=\"index, follow, max-snippet:-1, max-image-preview:large, max-video-preview:-1\" \/>\n<link rel=\"canonical\" href=\"https:\/\/navegantesoceanicos.com\/en\/producto\/curso-online-capitan-de-yate-modalidad-tutorial\/\" \/>\n<meta property=\"og:locale\" content=\"en_US\" \/>\n<meta property=\"og:type\" content=\"article\" \/>\n<meta property=\"og:title\" content=\"Curso online Capit\u00e1n de Yate (Modalidad Tutorial) - Navegantes Oce\u00e1nicos\" \/>\n<meta property=\"og:description\" content=\"Curso online Capit\u00e1n de Yate. Tutorial. Con todo el material, lecciones, manual, v\u00eddeos descriptivos, ex\u00e1menes, problemas resueltos, etc..\" \/>\n<meta property=\"og:url\" content=\"https:\/\/navegantesoceanicos.com\/en\/producto\/curso-online-capitan-de-yate-modalidad-tutorial\/\" \/>\n<meta property=\"og:site_name\" content=\"Navegantes Oce\u00e1nicos\" \/>\n<meta property=\"article:publisher\" content=\"https:\/\/www.facebook.com\/Navegantes-Oce%c3%a1nicos-112578593494698\" \/>\n<meta property=\"article:modified_time\" content=\"2026-02-09T09:11:19+00:00\" \/>\n<meta property=\"og:image\" content=\"https:\/\/navegantesoceanicos.com\/wp-content\/uploads\/2024\/03\/Curso-online-Capitan-Yate.-Modalidad-tutorial.jpg\" \/>\n\t<meta property=\"og:image:width\" content=\"2504\" \/>\n\t<meta property=\"og:image:height\" content=\"1799\" \/>\n\t<meta property=\"og:image:type\" content=\"image\/jpeg\" \/>\n<meta name=\"twitter:label1\" content=\"Est. reading time\" \/>\n\t<meta name=\"twitter:data1\" content=\"2 minutes\" \/>\n<script type=\"application\/ld+json\" class=\"yoast-schema-graph\">{\"@context\":\"https:\\\/\\\/schema.org\",\"@graph\":[{\"@type\":\"WebPage\",\"@id\":\"https:\\\/\\\/navegantesoceanicos.com\\\/en\\\/producto\\\/curso-online-capitan-de-yate-modalidad-tutorial\\\/\",\"url\":\"https:\\\/\\\/navegantesoceanicos.com\\\/en\\\/producto\\\/curso-online-capitan-de-yate-modalidad-tutorial\\\/\",\"name\":\"Curso online Capit\u00e1n de Yate (Modalidad Tutorial) - Navegantes Oce\u00e1nicos\",\"isPartOf\":{\"@id\":\"https:\\\/\\\/navegantesoceanicos.com\\\/en\\\/#website\"},\"primaryImageOfPage\":{\"@id\":\"https:\\\/\\\/navegantesoceanicos.com\\\/en\\\/producto\\\/curso-online-capitan-de-yate-modalidad-tutorial\\\/#primaryimage\"},\"image\":{\"@id\":\"https:\\\/\\\/navegantesoceanicos.com\\\/en\\\/producto\\\/curso-online-capitan-de-yate-modalidad-tutorial\\\/#primaryimage\"},\"thumbnailUrl\":\"https:\\\/\\\/navegantesoceanicos.com\\\/wp-content\\\/uploads\\\/2024\\\/03\\\/Curso-online-Capitan-Yate.-Modalidad-tutorial.jpg\",\"datePublished\":\"2024-03-20T12:41:40+00:00\",\"dateModified\":\"2026-02-09T09:11:19+00:00\",\"description\":\"Curso online Capit\u00e1n de Yate. Tutorial. Con todo el material, lecciones, manual, v\u00eddeos descriptivos, ex\u00e1menes, problemas resueltos, etc..\",\"breadcrumb\":{\"@id\":\"https:\\\/\\\/navegantesoceanicos.com\\\/en\\\/producto\\\/curso-online-capitan-de-yate-modalidad-tutorial\\\/#breadcrumb\"},\"inLanguage\":\"en-US\",\"potentialAction\":[{\"@type\":\"ReadAction\",\"target\":[\"https:\\\/\\\/navegantesoceanicos.com\\\/en\\\/producto\\\/curso-online-capitan-de-yate-modalidad-tutorial\\\/\"]}]},{\"@type\":\"ImageObject\",\"inLanguage\":\"en-US\",\"@id\":\"https:\\\/\\\/navegantesoceanicos.com\\\/en\\\/producto\\\/curso-online-capitan-de-yate-modalidad-tutorial\\\/#primaryimage\",\"url\":\"https:\\\/\\\/navegantesoceanicos.com\\\/wp-content\\\/uploads\\\/2024\\\/03\\\/Curso-online-Capitan-Yate.-Modalidad-tutorial.jpg\",\"contentUrl\":\"https:\\\/\\\/navegantesoceanicos.com\\\/wp-content\\\/uploads\\\/2024\\\/03\\\/Curso-online-Capitan-Yate.-Modalidad-tutorial.jpg\",\"width\":2504,\"height\":1799,\"caption\":\"Curso online Capit\u00e1n Yate. Modalidad tutorial.\"},{\"@type\":\"BreadcrumbList\",\"@id\":\"https:\\\/\\\/navegantesoceanicos.com\\\/en\\\/producto\\\/curso-online-capitan-de-yate-modalidad-tutorial\\\/#breadcrumb\",\"itemListElement\":[{\"@type\":\"ListItem\",\"position\":1,\"name\":\"Portada\",\"item\":\"https:\\\/\\\/navegantesoceanicos.com\\\/en\\\/\"},{\"@type\":\"ListItem\",\"position\":2,\"name\":\"Shop\",\"item\":\"https:\\\/\\\/navegantesoceanicos.com\\\/tienda22\\\/\"},{\"@type\":\"ListItem\",\"position\":3,\"name\":\"Curso online Capit\u00e1n de Yate (Modalidad Tutorial)\"}]},{\"@type\":\"WebSite\",\"@id\":\"https:\\\/\\\/navegantesoceanicos.com\\\/en\\\/#website\",\"url\":\"https:\\\/\\\/navegantesoceanicos.com\\\/en\\\/\",\"name\":\"Navegantes Oce\u00e1nicos\",\"description\":\"Navegantes oce\u00e1nicos, te ayudamos a navegar, para navegantes, tripulantes, regatistas y armadores, escuela n\u00e1utica, libros on-line sobre t\u00e1cticas y equipamiento para la navegaci\u00f3n a vela, fondear, atracar, el manejo de las velas, electricidad a bordo, navegaci\u00f3n con mal tiempo, rutas oce\u00e1nicas y mucho m\u00e1s\",\"publisher\":{\"@id\":\"https:\\\/\\\/navegantesoceanicos.com\\\/en\\\/#organization\"},\"potentialAction\":[{\"@type\":\"SearchAction\",\"target\":{\"@type\":\"EntryPoint\",\"urlTemplate\":\"https:\\\/\\\/navegantesoceanicos.com\\\/en\\\/?s={search_term_string}\"},\"query-input\":{\"@type\":\"PropertyValueSpecification\",\"valueRequired\":true,\"valueName\":\"search_term_string\"}}],\"inLanguage\":\"en-US\"},{\"@type\":\"Organization\",\"@id\":\"https:\\\/\\\/navegantesoceanicos.com\\\/en\\\/#organization\",\"name\":\"Navegantes Oce\u00e1nicos\",\"url\":\"https:\\\/\\\/navegantesoceanicos.com\\\/en\\\/\",\"logo\":{\"@type\":\"ImageObject\",\"inLanguage\":\"en-US\",\"@id\":\"https:\\\/\\\/navegantesoceanicos.com\\\/en\\\/#\\\/schema\\\/logo\\\/image\\\/\",\"url\":\"https:\\\/\\\/navegantesoceanicos.com\\\/wp-content\\\/uploads\\\/2019\\\/12\\\/LOGO-NAVEGANTES-OCEANICOS.png\",\"contentUrl\":\"https:\\\/\\\/navegantesoceanicos.com\\\/wp-content\\\/uploads\\\/2019\\\/12\\\/LOGO-NAVEGANTES-OCEANICOS.png\",\"width\":1010,\"height\":814,\"caption\":\"Navegantes Oce\u00e1nicos\"},\"image\":{\"@id\":\"https:\\\/\\\/navegantesoceanicos.com\\\/en\\\/#\\\/schema\\\/logo\\\/image\\\/\"},\"sameAs\":[\"https:\\\/\\\/www.facebook.com\\\/Navegantes-Oce\u00e1nicos-112578593494698\",\"https:\\\/\\\/www.instagram.com\\\/navegantes_oceanicos\\\/?hl=es\",\"https:\\\/\\\/www.youtube.com\\\/channel\\\/UCXgDL_6xqE7rpdwNXRmzF_Q\\\/featured\"]}]}<\/script>\n<!-- \/ Yoast SEO plugin. -->","yoast_head_json":{"title":"Curso online Capit\u00e1n de Yate (Modalidad Tutorial) - Navegantes Oce\u00e1nicos","description":"Curso online Capit\u00e1n de Yate. Tutorial. Con todo el material, lecciones, manual, v\u00eddeos descriptivos, ex\u00e1menes, problemas resueltos, etc..","robots":{"index":"index","follow":"follow","max-snippet":"max-snippet:-1","max-image-preview":"max-image-preview:large","max-video-preview":"max-video-preview:-1"},"canonical":"https:\/\/navegantesoceanicos.com\/en\/producto\/curso-online-capitan-de-yate-modalidad-tutorial\/","og_locale":"en_US","og_type":"article","og_title":"Curso online Capit\u00e1n de Yate (Modalidad Tutorial) - Navegantes Oce\u00e1nicos","og_description":"Curso online Capit\u00e1n de Yate. Tutorial. Con todo el material, lecciones, manual, v\u00eddeos descriptivos, ex\u00e1menes, problemas resueltos, etc..","og_url":"https:\/\/navegantesoceanicos.com\/en\/producto\/curso-online-capitan-de-yate-modalidad-tutorial\/","og_site_name":"Navegantes Oce\u00e1nicos","article_publisher":"https:\/\/www.facebook.com\/Navegantes-Oce%c3%a1nicos-112578593494698","article_modified_time":"2026-02-09T09:11:19+00:00","og_image":[{"width":2504,"height":1799,"url":"https:\/\/navegantesoceanicos.com\/wp-content\/uploads\/2024\/03\/Curso-online-Capitan-Yate.-Modalidad-tutorial.jpg","type":"image\/jpeg"}],"twitter_misc":{"Est. reading time":"2 minutes"},"schema":{"@context":"https:\/\/schema.org","@graph":[{"@type":"WebPage","@id":"https:\/\/navegantesoceanicos.com\/en\/producto\/curso-online-capitan-de-yate-modalidad-tutorial\/","url":"https:\/\/navegantesoceanicos.com\/en\/producto\/curso-online-capitan-de-yate-modalidad-tutorial\/","name":"Curso online Capit\u00e1n de Yate (Modalidad Tutorial) - Navegantes Oce\u00e1nicos","isPartOf":{"@id":"https:\/\/navegantesoceanicos.com\/en\/#website"},"primaryImageOfPage":{"@id":"https:\/\/navegantesoceanicos.com\/en\/producto\/curso-online-capitan-de-yate-modalidad-tutorial\/#primaryimage"},"image":{"@id":"https:\/\/navegantesoceanicos.com\/en\/producto\/curso-online-capitan-de-yate-modalidad-tutorial\/#primaryimage"},"thumbnailUrl":"https:\/\/navegantesoceanicos.com\/wp-content\/uploads\/2024\/03\/Curso-online-Capitan-Yate.-Modalidad-tutorial.jpg","datePublished":"2024-03-20T12:41:40+00:00","dateModified":"2026-02-09T09:11:19+00:00","description":"Curso online Capit\u00e1n de Yate. Tutorial. Con todo el material, lecciones, manual, v\u00eddeos descriptivos, ex\u00e1menes, problemas resueltos, etc..","breadcrumb":{"@id":"https:\/\/navegantesoceanicos.com\/en\/producto\/curso-online-capitan-de-yate-modalidad-tutorial\/#breadcrumb"},"inLanguage":"en-US","potentialAction":[{"@type":"ReadAction","target":["https:\/\/navegantesoceanicos.com\/en\/producto\/curso-online-capitan-de-yate-modalidad-tutorial\/"]}]},{"@type":"ImageObject","inLanguage":"en-US","@id":"https:\/\/navegantesoceanicos.com\/en\/producto\/curso-online-capitan-de-yate-modalidad-tutorial\/#primaryimage","url":"https:\/\/navegantesoceanicos.com\/wp-content\/uploads\/2024\/03\/Curso-online-Capitan-Yate.-Modalidad-tutorial.jpg","contentUrl":"https:\/\/navegantesoceanicos.com\/wp-content\/uploads\/2024\/03\/Curso-online-Capitan-Yate.-Modalidad-tutorial.jpg","width":2504,"height":1799,"caption":"Curso online Capit\u00e1n Yate. Modalidad tutorial."},{"@type":"BreadcrumbList","@id":"https:\/\/navegantesoceanicos.com\/en\/producto\/curso-online-capitan-de-yate-modalidad-tutorial\/#breadcrumb","itemListElement":[{"@type":"ListItem","position":1,"name":"Portada","item":"https:\/\/navegantesoceanicos.com\/en\/"},{"@type":"ListItem","position":2,"name":"Shop","item":"https:\/\/navegantesoceanicos.com\/tienda22\/"},{"@type":"ListItem","position":3,"name":"Curso online Capit\u00e1n de Yate (Modalidad Tutorial)"}]},{"@type":"WebSite","@id":"https:\/\/navegantesoceanicos.com\/en\/#website","url":"https:\/\/navegantesoceanicos.com\/en\/","name":"Navegantes Oce\u00e1nicos","description":"Navegantes oce\u00e1nicos, te ayudamos a navegar, para navegantes, tripulantes, regatistas y armadores, escuela n\u00e1utica, libros on-line sobre t\u00e1cticas y equipamiento para la navegaci\u00f3n a vela, fondear, atracar, el manejo de las velas, electricidad a bordo, navegaci\u00f3n con mal tiempo, rutas oce\u00e1nicas y mucho m\u00e1s","publisher":{"@id":"https:\/\/navegantesoceanicos.com\/en\/#organization"},"potentialAction":[{"@type":"SearchAction","target":{"@type":"EntryPoint","urlTemplate":"https:\/\/navegantesoceanicos.com\/en\/?s={search_term_string}"},"query-input":{"@type":"PropertyValueSpecification","valueRequired":true,"valueName":"search_term_string"}}],"inLanguage":"en-US"},{"@type":"Organization","@id":"https:\/\/navegantesoceanicos.com\/en\/#organization","name":"Navegantes Oce\u00e1nicos","url":"https:\/\/navegantesoceanicos.com\/en\/","logo":{"@type":"ImageObject","inLanguage":"en-US","@id":"https:\/\/navegantesoceanicos.com\/en\/#\/schema\/logo\/image\/","url":"https:\/\/navegantesoceanicos.com\/wp-content\/uploads\/2019\/12\/LOGO-NAVEGANTES-OCEANICOS.png","contentUrl":"https:\/\/navegantesoceanicos.com\/wp-content\/uploads\/2019\/12\/LOGO-NAVEGANTES-OCEANICOS.png","width":1010,"height":814,"caption":"Navegantes Oce\u00e1nicos"},"image":{"@id":"https:\/\/navegantesoceanicos.com\/en\/#\/schema\/logo\/image\/"},"sameAs":["https:\/\/www.facebook.com\/Navegantes-Oce\u00e1nicos-112578593494698","https:\/\/www.instagram.com\/navegantes_oceanicos\/?hl=es","https:\/\/www.youtube.com\/channel\/UCXgDL_6xqE7rpdwNXRmzF_Q\/featured"]}]}},"_links":{"self":[{"href":"https:\/\/navegantesoceanicos.com\/en\/wp-json\/wp\/v2\/product\/26508","targetHints":{"allow":["GET"]}}],"collection":[{"href":"https:\/\/navegantesoceanicos.com\/en\/wp-json\/wp\/v2\/product"}],"about":[{"href":"https:\/\/navegantesoceanicos.com\/en\/wp-json\/wp\/v2\/types\/product"}],"replies":[{"embeddable":true,"href":"https:\/\/navegantesoceanicos.com\/en\/wp-json\/wp\/v2\/comments?post=26508"}],"wp:featuredmedia":[{"embeddable":true,"href":"https:\/\/navegantesoceanicos.com\/en\/wp-json\/wp\/v2\/media\/26511"}],"wp:attachment":[{"href":"https:\/\/navegantesoceanicos.com\/en\/wp-json\/wp\/v2\/media?parent=26508"}],"wp:term":[{"taxonomy":"product_brand","embeddable":true,"href":"https:\/\/navegantesoceanicos.com\/en\/wp-json\/wp\/v2\/product_brand?post=26508"},{"taxonomy":"product_cat","embeddable":true,"href":"https:\/\/navegantesoceanicos.com\/en\/wp-json\/wp\/v2\/product_cat?post=26508"},{"taxonomy":"product_tag","embeddable":true,"href":"https:\/\/navegantesoceanicos.com\/en\/wp-json\/wp\/v2\/product_tag?post=26508"}],"curies":[{"name":"wp","href":"https:\/\/api.w.org\/{rel}","templated":true}]}}