{"id":28112,"date":"2024-09-13T05:51:07","date_gmt":"2024-09-13T05:51:07","guid":{"rendered":"https:\/\/navegantesoceanicos.com\/?post_type=product&#038;p=28112"},"modified":"2024-09-21T09:44:23","modified_gmt":"2024-09-21T09:44:23","slug":"cuaderno-de-bitacora-para-la-navegacion-a-vela-amazon-tapa-blanda","status":"publish","type":"product","link":"https:\/\/navegantesoceanicos.com\/en\/producto\/cuaderno-de-bitacora-para-la-navegacion-a-vela-amazon-tapa-blanda\/","title":{"rendered":"Cuaderno de Bit\u00e1cora para la navegaci\u00f3n a vela (amazon tapa blanda)"},"content":{"rendered":"<p style=\"text-align: center;\"><strong>Cuaderno de Bit\u00e1cora para la navegaci\u00f3n a vela<\/strong><\/p>\n<p style=\"text-align: center;\">Cuaderno de Bit\u00e1cora (Diario de navegaci\u00f3n o Log book) especialmente dise\u00f1ado para la navegaci\u00f3n a vela, que nos facilitar\u00e1 el registro de la informaci\u00f3n esencial y de la cr\u00f3nica de las traves\u00edas de un velero.<br \/>\nIncluye p\u00e1ginas diarias para registrar la posici\u00f3n, el rumbo, la velocidad, el aparejo velico empleado, el uso del motor, los datos meteorol\u00f3gicos principales, las incidencias o aver\u00edas, las comunicaciones relevantes, etc.<br \/>\nTambi\u00e9n incluye varias p\u00e1ginas dedicadas al registro de comunicaciones, lista de waypoint, lista de equipos del velero, trabajos de mantenimiento del motor, lista de tripulantes\/visitas, hoja resumen (check list) del briefing de seguridad de un velero, tabla de reducci\u00f3n del aparejo v\u00e9lico, escala combinada Beaufort \/ Douglas de viento y estado de la mar, y unas p\u00e1ginas finales para notas o para una galer\u00eda de fotograf\u00edas.<br \/>\nCuaderno de tapa blanda de 120 p\u00e1ginas a color en un formato sencillo y pr\u00e1ctico, para tener siempre a bordo.<\/p>\n","protected":false},"excerpt":{"rendered":"<p style=\"text-align: center;\"><strong>Cuaderno de Bit\u00e1cora para la navegaci\u00f3n a vela (tapa blanda)<\/strong><\/p>\n<p style=\"text-align: center;\">Cuaderno de Bit\u00e1cora dise\u00f1ado para la navegaci\u00f3n a vela, que nos facilitar\u00e1 el registro de la informaci\u00f3n esencial y de la cr\u00f3nica de las traves\u00edas de un velero. 120 p\u00e1ginas a color en un formato sencillo y pr\u00e1ctico.<\/p>\n<p style=\"text-align: center;\">Incluye p\u00e1ginas diarias para registrar la posici\u00f3n, el rumbo, la velocidad, el aparejo velico empleado, el uso del motor, los datos meteorol\u00f3gicos principales, las incidencias o aver\u00edas, las comunicaciones relevantes, etc. Registro de comunicaciones, lista de waypoint, lista de equipos del velero, trabajos de mantenimiento del motor, lista de tripulantes\/visitas, hoja resumen (check list) del briefing de seguridad de un velero, tabla de reducci\u00f3n del aparejo v\u00e9lico, escala combinada Beaufort \/ Douglas de viento y estado de la mar, y unas p\u00e1ginas finales para notas o para una galer\u00eda de fotograf\u00edas.<br \/>\n120 p\u00e1ginas a color en un formato sencillo y pr\u00e1ctico.<\/p>\n","protected":false},"featured_media":28032,"comment_status":"open","ping_status":"closed","template":"","meta":{"_et_pb_use_builder":"on","_et_pb_old_content":"<p style=\"text-align: center;\"><strong>Cuaderno de Bit\u00e1cora para la navegaci\u00f3n a vela<\/strong><\/p>\r\n<p style=\"text-align: center;\">Cuaderno de Bit\u00e1cora (Diario de navegaci\u00f3n o Log book) especialmente dise\u00f1ado para la navegaci\u00f3n a vela, que nos facilitar\u00e1 el registro de la informaci\u00f3n esencial y de la cr\u00f3nica de las traves\u00edas de un velero.\r\nIncluye p\u00e1ginas diarias para registrar la posici\u00f3n, el rumbo, la velocidad, el aparejo velico empleado, el uso del motor, los datos meteorol\u00f3gicos principales, las incidencias o aver\u00edas, las comunicaciones relevantes, etc.\r\nTambi\u00e9n incluye varias p\u00e1ginas dedicadas al registro de comunicaciones, lista de waypoint, lista de equipos del velero, trabajos de mantenimiento del motor, lista de tripulantes\/visitas, hoja resumen (check list) del briefing de seguridad de un velero, tabla de reducci\u00f3n del aparejo v\u00e9lico, escala combinada Beaufort \/ Douglas de viento y estado de la mar, y unas p\u00e1ginas finales para notas o para una galer\u00eda de fotograf\u00edas.\r\nCuaderno de tapa blanda de 120 p\u00e1ginas a color en un formato sencillo y pr\u00e1ctico, para tener siempre a bordo.<\/p>","_et_gb_content_width":""},"product_brand":[],"product_cat":[60],"product_tag":[],"class_list":{"0":"post-28112","1":"product","2":"type-product","3":"status-publish","4":"has-post-thumbnail","6":"product_cat-accesorio-nautico","8":"first","9":"instock","10":"taxable","11":"shipping-taxable","12":"product-type-external"},"yoast_head":"<!-- This site is optimized with the Yoast SEO plugin v27.5 - https:\/\/yoast.com\/product\/yoast-seo-wordpress\/ -->\n<title>Cuaderno de Bit\u00e1cora para la navegaci\u00f3n a vela (amazon tapa blanda) - Navegantes Oce\u00e1nicos<\/title>\n<meta name=\"description\" content=\"Cuaderno de Bit\u00e1cora para la navegaci\u00f3n a vela. 120 p\u00e1ginas a color.\" \/>\n<meta name=\"robots\" content=\"index, follow, max-snippet:-1, max-image-preview:large, max-video-preview:-1\" \/>\n<link rel=\"canonical\" href=\"https:\/\/navegantesoceanicos.com\/en\/producto\/cuaderno-de-bitacora-para-la-navegacion-a-vela-amazon-tapa-blanda\/\" \/>\n<meta property=\"og:locale\" content=\"en_US\" \/>\n<meta property=\"og:type\" content=\"article\" \/>\n<meta property=\"og:title\" content=\"Cuaderno de Bit\u00e1cora para la navegaci\u00f3n a vela (amazon tapa blanda) - Navegantes Oce\u00e1nicos\" \/>\n<meta property=\"og:description\" content=\"Cuaderno de Bit\u00e1cora para la navegaci\u00f3n a vela. 120 p\u00e1ginas a color.\" \/>\n<meta property=\"og:url\" content=\"https:\/\/navegantesoceanicos.com\/en\/producto\/cuaderno-de-bitacora-para-la-navegacion-a-vela-amazon-tapa-blanda\/\" \/>\n<meta property=\"og:site_name\" content=\"Navegantes Oce\u00e1nicos\" \/>\n<meta property=\"article:publisher\" content=\"https:\/\/www.facebook.com\/Navegantes-Oce%c3%a1nicos-112578593494698\" \/>\n<meta property=\"article:modified_time\" content=\"2024-09-21T09:44:23+00:00\" \/>\n<meta property=\"og:image\" content=\"https:\/\/navegantesoceanicos.com\/wp-content\/uploads\/2024\/09\/Cuaderno-de-Bitacora-navegacion-vela-portada-scaled.jpg\" \/>\n\t<meta property=\"og:image:width\" content=\"1792\" \/>\n\t<meta property=\"og:image:height\" content=\"2560\" \/>\n\t<meta property=\"og:image:type\" content=\"image\/jpeg\" \/>\n<meta name=\"twitter:label1\" content=\"Est. reading time\" \/>\n\t<meta name=\"twitter:data1\" content=\"1 minute\" \/>\n<script type=\"application\/ld+json\" class=\"yoast-schema-graph\">{\"@context\":\"https:\\\/\\\/schema.org\",\"@graph\":[{\"@type\":\"WebPage\",\"@id\":\"https:\\\/\\\/navegantesoceanicos.com\\\/en\\\/producto\\\/cuaderno-de-bitacora-para-la-navegacion-a-vela-amazon-tapa-blanda\\\/\",\"url\":\"https:\\\/\\\/navegantesoceanicos.com\\\/en\\\/producto\\\/cuaderno-de-bitacora-para-la-navegacion-a-vela-amazon-tapa-blanda\\\/\",\"name\":\"Cuaderno de Bit\u00e1cora para la navegaci\u00f3n a vela (amazon tapa blanda) - Navegantes Oce\u00e1nicos\",\"isPartOf\":{\"@id\":\"https:\\\/\\\/navegantesoceanicos.com\\\/en\\\/#website\"},\"primaryImageOfPage\":{\"@id\":\"https:\\\/\\\/navegantesoceanicos.com\\\/en\\\/producto\\\/cuaderno-de-bitacora-para-la-navegacion-a-vela-amazon-tapa-blanda\\\/#primaryimage\"},\"image\":{\"@id\":\"https:\\\/\\\/navegantesoceanicos.com\\\/en\\\/producto\\\/cuaderno-de-bitacora-para-la-navegacion-a-vela-amazon-tapa-blanda\\\/#primaryimage\"},\"thumbnailUrl\":\"https:\\\/\\\/navegantesoceanicos.com\\\/wp-content\\\/uploads\\\/2024\\\/09\\\/Cuaderno-de-Bitacora-navegacion-vela-portada-scaled.jpg\",\"datePublished\":\"2024-09-13T05:51:07+00:00\",\"dateModified\":\"2024-09-21T09:44:23+00:00\",\"description\":\"Cuaderno de Bit\u00e1cora para la navegaci\u00f3n a vela. 120 p\u00e1ginas a color.\",\"breadcrumb\":{\"@id\":\"https:\\\/\\\/navegantesoceanicos.com\\\/en\\\/producto\\\/cuaderno-de-bitacora-para-la-navegacion-a-vela-amazon-tapa-blanda\\\/#breadcrumb\"},\"inLanguage\":\"en-US\",\"potentialAction\":[{\"@type\":\"ReadAction\",\"target\":[\"https:\\\/\\\/navegantesoceanicos.com\\\/en\\\/producto\\\/cuaderno-de-bitacora-para-la-navegacion-a-vela-amazon-tapa-blanda\\\/\"]}]},{\"@type\":\"ImageObject\",\"inLanguage\":\"en-US\",\"@id\":\"https:\\\/\\\/navegantesoceanicos.com\\\/en\\\/producto\\\/cuaderno-de-bitacora-para-la-navegacion-a-vela-amazon-tapa-blanda\\\/#primaryimage\",\"url\":\"https:\\\/\\\/navegantesoceanicos.com\\\/wp-content\\\/uploads\\\/2024\\\/09\\\/Cuaderno-de-Bitacora-navegacion-vela-portada-scaled.jpg\",\"contentUrl\":\"https:\\\/\\\/navegantesoceanicos.com\\\/wp-content\\\/uploads\\\/2024\\\/09\\\/Cuaderno-de-Bitacora-navegacion-vela-portada-scaled.jpg\",\"width\":1792,\"height\":2560,\"caption\":\"Cuaderno de Bit\u00e1cora para la navegaci\u00f3n a vela\"},{\"@type\":\"BreadcrumbList\",\"@id\":\"https:\\\/\\\/navegantesoceanicos.com\\\/en\\\/producto\\\/cuaderno-de-bitacora-para-la-navegacion-a-vela-amazon-tapa-blanda\\\/#breadcrumb\",\"itemListElement\":[{\"@type\":\"ListItem\",\"position\":1,\"name\":\"Portada\",\"item\":\"https:\\\/\\\/navegantesoceanicos.com\\\/en\\\/\"},{\"@type\":\"ListItem\",\"position\":2,\"name\":\"Shop\",\"item\":\"https:\\\/\\\/navegantesoceanicos.com\\\/tienda22\\\/\"},{\"@type\":\"ListItem\",\"position\":3,\"name\":\"Cuaderno de Bit\u00e1cora para la navegaci\u00f3n a vela (amazon tapa blanda)\"}]},{\"@type\":\"WebSite\",\"@id\":\"https:\\\/\\\/navegantesoceanicos.com\\\/en\\\/#website\",\"url\":\"https:\\\/\\\/navegantesoceanicos.com\\\/en\\\/\",\"name\":\"Navegantes Oce\u00e1nicos\",\"description\":\"Navegantes oce\u00e1nicos, te ayudamos a navegar, para navegantes, tripulantes, regatistas y armadores, escuela n\u00e1utica, libros on-line sobre t\u00e1cticas y equipamiento para la navegaci\u00f3n a vela, fondear, atracar, el manejo de las velas, electricidad a bordo, navegaci\u00f3n con mal tiempo, rutas oce\u00e1nicas y mucho m\u00e1s\",\"publisher\":{\"@id\":\"https:\\\/\\\/navegantesoceanicos.com\\\/en\\\/#organization\"},\"potentialAction\":[{\"@type\":\"SearchAction\",\"target\":{\"@type\":\"EntryPoint\",\"urlTemplate\":\"https:\\\/\\\/navegantesoceanicos.com\\\/en\\\/?s={search_term_string}\"},\"query-input\":{\"@type\":\"PropertyValueSpecification\",\"valueRequired\":true,\"valueName\":\"search_term_string\"}}],\"inLanguage\":\"en-US\"},{\"@type\":\"Organization\",\"@id\":\"https:\\\/\\\/navegantesoceanicos.com\\\/en\\\/#organization\",\"name\":\"Navegantes Oce\u00e1nicos\",\"url\":\"https:\\\/\\\/navegantesoceanicos.com\\\/en\\\/\",\"logo\":{\"@type\":\"ImageObject\",\"inLanguage\":\"en-US\",\"@id\":\"https:\\\/\\\/navegantesoceanicos.com\\\/en\\\/#\\\/schema\\\/logo\\\/image\\\/\",\"url\":\"https:\\\/\\\/navegantesoceanicos.com\\\/wp-content\\\/uploads\\\/2019\\\/12\\\/LOGO-NAVEGANTES-OCEANICOS.png\",\"contentUrl\":\"https:\\\/\\\/navegantesoceanicos.com\\\/wp-content\\\/uploads\\\/2019\\\/12\\\/LOGO-NAVEGANTES-OCEANICOS.png\",\"width\":1010,\"height\":814,\"caption\":\"Navegantes Oce\u00e1nicos\"},\"image\":{\"@id\":\"https:\\\/\\\/navegantesoceanicos.com\\\/en\\\/#\\\/schema\\\/logo\\\/image\\\/\"},\"sameAs\":[\"https:\\\/\\\/www.facebook.com\\\/Navegantes-Oce\u00e1nicos-112578593494698\",\"https:\\\/\\\/www.instagram.com\\\/navegantes_oceanicos\\\/?hl=es\",\"https:\\\/\\\/www.youtube.com\\\/channel\\\/UCXgDL_6xqE7rpdwNXRmzF_Q\\\/featured\"]}]}<\/script>\n<!-- \/ Yoast SEO plugin. -->","yoast_head_json":{"title":"Cuaderno de Bit\u00e1cora para la navegaci\u00f3n a vela (amazon tapa blanda) - Navegantes Oce\u00e1nicos","description":"Cuaderno de Bit\u00e1cora para la navegaci\u00f3n a vela. 120 p\u00e1ginas a color.","robots":{"index":"index","follow":"follow","max-snippet":"max-snippet:-1","max-image-preview":"max-image-preview:large","max-video-preview":"max-video-preview:-1"},"canonical":"https:\/\/navegantesoceanicos.com\/en\/producto\/cuaderno-de-bitacora-para-la-navegacion-a-vela-amazon-tapa-blanda\/","og_locale":"en_US","og_type":"article","og_title":"Cuaderno de Bit\u00e1cora para la navegaci\u00f3n a vela (amazon tapa blanda) - Navegantes Oce\u00e1nicos","og_description":"Cuaderno de Bit\u00e1cora para la navegaci\u00f3n a vela. 120 p\u00e1ginas a color.","og_url":"https:\/\/navegantesoceanicos.com\/en\/producto\/cuaderno-de-bitacora-para-la-navegacion-a-vela-amazon-tapa-blanda\/","og_site_name":"Navegantes Oce\u00e1nicos","article_publisher":"https:\/\/www.facebook.com\/Navegantes-Oce%c3%a1nicos-112578593494698","article_modified_time":"2024-09-21T09:44:23+00:00","og_image":[{"width":1792,"height":2560,"url":"https:\/\/navegantesoceanicos.com\/wp-content\/uploads\/2024\/09\/Cuaderno-de-Bitacora-navegacion-vela-portada-scaled.jpg","type":"image\/jpeg"}],"twitter_misc":{"Est. reading time":"1 minute"},"schema":{"@context":"https:\/\/schema.org","@graph":[{"@type":"WebPage","@id":"https:\/\/navegantesoceanicos.com\/en\/producto\/cuaderno-de-bitacora-para-la-navegacion-a-vela-amazon-tapa-blanda\/","url":"https:\/\/navegantesoceanicos.com\/en\/producto\/cuaderno-de-bitacora-para-la-navegacion-a-vela-amazon-tapa-blanda\/","name":"Cuaderno de Bit\u00e1cora para la navegaci\u00f3n a vela (amazon tapa blanda) - Navegantes Oce\u00e1nicos","isPartOf":{"@id":"https:\/\/navegantesoceanicos.com\/en\/#website"},"primaryImageOfPage":{"@id":"https:\/\/navegantesoceanicos.com\/en\/producto\/cuaderno-de-bitacora-para-la-navegacion-a-vela-amazon-tapa-blanda\/#primaryimage"},"image":{"@id":"https:\/\/navegantesoceanicos.com\/en\/producto\/cuaderno-de-bitacora-para-la-navegacion-a-vela-amazon-tapa-blanda\/#primaryimage"},"thumbnailUrl":"https:\/\/navegantesoceanicos.com\/wp-content\/uploads\/2024\/09\/Cuaderno-de-Bitacora-navegacion-vela-portada-scaled.jpg","datePublished":"2024-09-13T05:51:07+00:00","dateModified":"2024-09-21T09:44:23+00:00","description":"Cuaderno de Bit\u00e1cora para la navegaci\u00f3n a vela. 120 p\u00e1ginas a color.","breadcrumb":{"@id":"https:\/\/navegantesoceanicos.com\/en\/producto\/cuaderno-de-bitacora-para-la-navegacion-a-vela-amazon-tapa-blanda\/#breadcrumb"},"inLanguage":"en-US","potentialAction":[{"@type":"ReadAction","target":["https:\/\/navegantesoceanicos.com\/en\/producto\/cuaderno-de-bitacora-para-la-navegacion-a-vela-amazon-tapa-blanda\/"]}]},{"@type":"ImageObject","inLanguage":"en-US","@id":"https:\/\/navegantesoceanicos.com\/en\/producto\/cuaderno-de-bitacora-para-la-navegacion-a-vela-amazon-tapa-blanda\/#primaryimage","url":"https:\/\/navegantesoceanicos.com\/wp-content\/uploads\/2024\/09\/Cuaderno-de-Bitacora-navegacion-vela-portada-scaled.jpg","contentUrl":"https:\/\/navegantesoceanicos.com\/wp-content\/uploads\/2024\/09\/Cuaderno-de-Bitacora-navegacion-vela-portada-scaled.jpg","width":1792,"height":2560,"caption":"Cuaderno de Bit\u00e1cora para la navegaci\u00f3n a vela"},{"@type":"BreadcrumbList","@id":"https:\/\/navegantesoceanicos.com\/en\/producto\/cuaderno-de-bitacora-para-la-navegacion-a-vela-amazon-tapa-blanda\/#breadcrumb","itemListElement":[{"@type":"ListItem","position":1,"name":"Portada","item":"https:\/\/navegantesoceanicos.com\/en\/"},{"@type":"ListItem","position":2,"name":"Shop","item":"https:\/\/navegantesoceanicos.com\/tienda22\/"},{"@type":"ListItem","position":3,"name":"Cuaderno de Bit\u00e1cora para la navegaci\u00f3n a vela (amazon tapa blanda)"}]},{"@type":"WebSite","@id":"https:\/\/navegantesoceanicos.com\/en\/#website","url":"https:\/\/navegantesoceanicos.com\/en\/","name":"Navegantes Oce\u00e1nicos","description":"Navegantes oce\u00e1nicos, te ayudamos a navegar, para navegantes, tripulantes, regatistas y armadores, escuela n\u00e1utica, libros on-line sobre t\u00e1cticas y equipamiento para la navegaci\u00f3n a vela, fondear, atracar, el manejo de las velas, electricidad a bordo, navegaci\u00f3n con mal tiempo, rutas oce\u00e1nicas y mucho m\u00e1s","publisher":{"@id":"https:\/\/navegantesoceanicos.com\/en\/#organization"},"potentialAction":[{"@type":"SearchAction","target":{"@type":"EntryPoint","urlTemplate":"https:\/\/navegantesoceanicos.com\/en\/?s={search_term_string}"},"query-input":{"@type":"PropertyValueSpecification","valueRequired":true,"valueName":"search_term_string"}}],"inLanguage":"en-US"},{"@type":"Organization","@id":"https:\/\/navegantesoceanicos.com\/en\/#organization","name":"Navegantes Oce\u00e1nicos","url":"https:\/\/navegantesoceanicos.com\/en\/","logo":{"@type":"ImageObject","inLanguage":"en-US","@id":"https:\/\/navegantesoceanicos.com\/en\/#\/schema\/logo\/image\/","url":"https:\/\/navegantesoceanicos.com\/wp-content\/uploads\/2019\/12\/LOGO-NAVEGANTES-OCEANICOS.png","contentUrl":"https:\/\/navegantesoceanicos.com\/wp-content\/uploads\/2019\/12\/LOGO-NAVEGANTES-OCEANICOS.png","width":1010,"height":814,"caption":"Navegantes Oce\u00e1nicos"},"image":{"@id":"https:\/\/navegantesoceanicos.com\/en\/#\/schema\/logo\/image\/"},"sameAs":["https:\/\/www.facebook.com\/Navegantes-Oce\u00e1nicos-112578593494698","https:\/\/www.instagram.com\/navegantes_oceanicos\/?hl=es","https:\/\/www.youtube.com\/channel\/UCXgDL_6xqE7rpdwNXRmzF_Q\/featured"]}]}},"_links":{"self":[{"href":"https:\/\/navegantesoceanicos.com\/en\/wp-json\/wp\/v2\/product\/28112","targetHints":{"allow":["GET"]}}],"collection":[{"href":"https:\/\/navegantesoceanicos.com\/en\/wp-json\/wp\/v2\/product"}],"about":[{"href":"https:\/\/navegantesoceanicos.com\/en\/wp-json\/wp\/v2\/types\/product"}],"replies":[{"embeddable":true,"href":"https:\/\/navegantesoceanicos.com\/en\/wp-json\/wp\/v2\/comments?post=28112"}],"wp:featuredmedia":[{"embeddable":true,"href":"https:\/\/navegantesoceanicos.com\/en\/wp-json\/wp\/v2\/media\/28032"}],"wp:attachment":[{"href":"https:\/\/navegantesoceanicos.com\/en\/wp-json\/wp\/v2\/media?parent=28112"}],"wp:term":[{"taxonomy":"product_brand","embeddable":true,"href":"https:\/\/navegantesoceanicos.com\/en\/wp-json\/wp\/v2\/product_brand?post=28112"},{"taxonomy":"product_cat","embeddable":true,"href":"https:\/\/navegantesoceanicos.com\/en\/wp-json\/wp\/v2\/product_cat?post=28112"},{"taxonomy":"product_tag","embeddable":true,"href":"https:\/\/navegantesoceanicos.com\/en\/wp-json\/wp\/v2\/product_tag?post=28112"}],"curies":[{"name":"wp","href":"https:\/\/api.w.org\/{rel}","templated":true}]}}