{"id":37965,"date":"2025-01-13T17:29:08","date_gmt":"2025-01-13T17:29:08","guid":{"rendered":"https:\/\/navegantesoceanicos.com\/?post_type=product&#038;p=37965"},"modified":"2025-01-17T16:37:29","modified_gmt":"2025-01-17T16:37:29","slug":"practicas-de-navegacion-de-per-patron-de-embarcaciones-recreo","status":"publish","type":"product","link":"https:\/\/navegantesoceanicos.com\/en\/producto\/practicas-de-navegacion-de-per-patron-de-embarcaciones-recreo\/","title":{"rendered":"Pr\u00e1cticas de Seguridad y Navegaci\u00f3n de PER (Patr\u00f3n de Embarcaciones de Recreo)"},"content":{"rendered":"<p style=\"text-align: center;\"><span style=\"color: #000080;\"><strong>Descripci\u00f3n de las Pr\u00e1cticas de Seguridad y Navegaci\u00f3n de PER (Patr\u00f3n de Embarcaciones de Recreo)<\/strong><\/span><\/p>\n<p align=\"center\">Las pr\u00e1cticas se realizan en dos (2) d\u00edas, total 16 horas. Incluyen 8 horas cada d\u00eda; 4 horas por la ma\u00f1ana y 4 por la tarde.<\/p>\n<p align=\"center\">Las pr\u00e1cticas realizadas por &#8220;Sirius Formaci\u00f3n&#8221;.\u00a0\u00abSirius Formaci\u00f3n\u00bb y \u00abNavegantes Oce\u00e1nicos\u00bb disponen de un acuerdo de colaboraci\u00f3n mutua para la realizaci\u00f3n de pr\u00e1cticas y uso de contenidos de formaci\u00f3n.<\/p>\n<p style=\"text-align: center;\">\u00abSirius Formaci\u00f3n\u00bb est\u00e1 formado por la Escuela N\u00e1utica-Deportiva en Carboneras (Almer\u00eda) (EEND-AL-24) y en Oropesa del Mar (EEND 127 C).<\/p>\n<p style=\"text-align: center;\">Para realizar las pr\u00e1cticas de seguridad y navegaci\u00f3n de PER, Sirius Formaci\u00f3n cuenta con embarcaciones F\u00e1eton 620 y Maxi 1000 velero (10,25 m).<\/p>\n<p style=\"text-align: center;\">El responsable de Sirius Formaci\u00f3n es: Jos\u00e9 Venzal Alonso.<\/p>\n<p style=\"text-align: center;\" align=\"justify\">Pago con toda seguridad, a trav\u00e9s de la plataforma STRIPE.<\/p>\n<p style=\"text-align: center;\" align=\"justify\">Precio 230 euros (IVA incluido).<\/p>\n<p style=\"text-align: center;\" align=\"justify\">Si no est\u00e1s satisfecho, hasta 15 d\u00edas desde que adquiriste las Pr\u00e1cticas de Seguridad y Navegaci\u00f3n de PER (Patr\u00f3n de Embarcaciones de Recreo), nos lo comunicas y te devolvemos el dinero, de forma gratuita y sin compromiso.<\/p>\n","protected":false},"excerpt":{"rendered":"<p style=\"text-align: center;\"><span style=\"color: #000080;\"><strong>Practicas de navegaci\u00f3n de PER (Patr\u00f3n de Embarcaciones de Recreo).\u00a0<\/strong><\/span><\/p>\n<p align=\"center\">Las practicas incluyen un total de 16 horas y se realizan de dos d\u00edas; 4 horas por la ma\u00f1ana y 4 por la tarde cada d\u00eda.<\/p>\n<p align=\"center\">Pr\u00e1cticas realizadas por &#8220;Sirius Formaci\u00f3n&#8221;<\/p>\n<p style=\"text-align: center;\">\u00abSirius Formaci\u00f3n\u00bb est\u00e1 formado por la Escuela N\u00e1utica-Deportiva en Carboneras (Almer\u00eda) (EEND-AL-24) y en Oropesa del Mar (EEND 127 C). Para pr\u00e1cticas de navegaci\u00f3n de PER, Sirius Formaci\u00f3n cuenta con embarcaciones F\u00e1eton 620 y Maxi 1000 velero (10,25 m).<\/p>\n<p style=\"text-align: center;\">Precio 180 euros (IVA incluido).<\/p>\n","protected":false},"featured_media":37966,"comment_status":"open","ping_status":"closed","template":"","meta":{"_et_pb_use_builder":"","_et_pb_old_content":"","_et_gb_content_width":""},"product_brand":[],"product_cat":[59,227],"product_tag":[],"class_list":{"0":"post-37965","1":"product","2":"type-product","3":"status-publish","4":"has-post-thumbnail","6":"product_cat-escuela-nautica","7":"product_cat-practicas-navegacion","9":"first","10":"instock","11":"virtual","12":"taxable","13":"purchasable","14":"product-type-simple"},"yoast_head":"<!-- This site is optimized with the Yoast SEO plugin v27.2 - https:\/\/yoast.com\/product\/yoast-seo-wordpress\/ -->\n<title>Pr\u00e1cticas de Seguridad y Navegaci\u00f3n de PER (Patr\u00f3n de Embarcaciones de Recreo) - Navegantes Oce\u00e1nicos<\/title>\n<meta name=\"description\" content=\"Practicas de navegaci\u00f3n de PER (Patr\u00f3n de Embarcaciones de Recreo). Pr\u00e1ticas oficiales. Dos d\u00edas, 8 horas cada d\u00eda, 4 por la ma\u00f1ana y 4 por la tarde.\" \/>\n<meta name=\"robots\" content=\"index, follow, max-snippet:-1, max-image-preview:large, max-video-preview:-1\" \/>\n<link rel=\"canonical\" href=\"https:\/\/navegantesoceanicos.com\/en\/producto\/practicas-de-navegacion-de-per-patron-de-embarcaciones-recreo\/\" \/>\n<meta property=\"og:locale\" content=\"en_US\" \/>\n<meta property=\"og:type\" content=\"article\" \/>\n<meta property=\"og:title\" content=\"Pr\u00e1cticas de Seguridad y Navegaci\u00f3n de PER (Patr\u00f3n de Embarcaciones de Recreo) - Navegantes Oce\u00e1nicos\" \/>\n<meta property=\"og:description\" content=\"Practicas de navegaci\u00f3n de PER (Patr\u00f3n de Embarcaciones de Recreo). Pr\u00e1ticas oficiales. Dos d\u00edas, 8 horas cada d\u00eda, 4 por la ma\u00f1ana y 4 por la tarde.\" \/>\n<meta property=\"og:url\" content=\"https:\/\/navegantesoceanicos.com\/en\/producto\/practicas-de-navegacion-de-per-patron-de-embarcaciones-recreo\/\" \/>\n<meta property=\"og:site_name\" content=\"Navegantes Oce\u00e1nicos\" \/>\n<meta property=\"article:publisher\" content=\"https:\/\/www.facebook.com\/Navegantes-Oce%c3%a1nicos-112578593494698\" \/>\n<meta property=\"article:modified_time\" content=\"2025-01-17T16:37:29+00:00\" \/>\n<meta property=\"og:image\" content=\"https:\/\/navegantesoceanicos.com\/wp-content\/uploads\/2025\/01\/Practicas-PER-Sirius.jpg\" \/>\n\t<meta property=\"og:image:width\" content=\"2368\" \/>\n\t<meta property=\"og:image:height\" content=\"1860\" \/>\n\t<meta property=\"og:image:type\" content=\"image\/jpeg\" \/>\n<meta name=\"twitter:label1\" content=\"Est. reading time\" \/>\n\t<meta name=\"twitter:data1\" content=\"1 minute\" \/>\n<script type=\"application\/ld+json\" class=\"yoast-schema-graph\">{\"@context\":\"https:\/\/schema.org\",\"@graph\":[{\"@type\":\"WebPage\",\"@id\":\"https:\/\/navegantesoceanicos.com\/en\/producto\/practicas-de-navegacion-de-per-patron-de-embarcaciones-recreo\/\",\"url\":\"https:\/\/navegantesoceanicos.com\/en\/producto\/practicas-de-navegacion-de-per-patron-de-embarcaciones-recreo\/\",\"name\":\"Pr\u00e1cticas de Seguridad y Navegaci\u00f3n de PER (Patr\u00f3n de Embarcaciones de Recreo) - Navegantes Oce\u00e1nicos\",\"isPartOf\":{\"@id\":\"https:\/\/navegantesoceanicos.com\/en\/#website\"},\"primaryImageOfPage\":{\"@id\":\"https:\/\/navegantesoceanicos.com\/en\/producto\/practicas-de-navegacion-de-per-patron-de-embarcaciones-recreo\/#primaryimage\"},\"image\":{\"@id\":\"https:\/\/navegantesoceanicos.com\/en\/producto\/practicas-de-navegacion-de-per-patron-de-embarcaciones-recreo\/#primaryimage\"},\"thumbnailUrl\":\"https:\/\/navegantesoceanicos.com\/wp-content\/uploads\/2025\/01\/Practicas-PER-Sirius.jpg\",\"datePublished\":\"2025-01-13T17:29:08+00:00\",\"dateModified\":\"2025-01-17T16:37:29+00:00\",\"description\":\"Practicas de navegaci\u00f3n de PER (Patr\u00f3n de Embarcaciones de Recreo). Pr\u00e1ticas oficiales. Dos d\u00edas, 8 horas cada d\u00eda, 4 por la ma\u00f1ana y 4 por la tarde.\",\"breadcrumb\":{\"@id\":\"https:\/\/navegantesoceanicos.com\/en\/producto\/practicas-de-navegacion-de-per-patron-de-embarcaciones-recreo\/#breadcrumb\"},\"inLanguage\":\"en-US\",\"potentialAction\":[{\"@type\":\"ReadAction\",\"target\":[\"https:\/\/navegantesoceanicos.com\/en\/producto\/practicas-de-navegacion-de-per-patron-de-embarcaciones-recreo\/\"]}]},{\"@type\":\"ImageObject\",\"inLanguage\":\"en-US\",\"@id\":\"https:\/\/navegantesoceanicos.com\/en\/producto\/practicas-de-navegacion-de-per-patron-de-embarcaciones-recreo\/#primaryimage\",\"url\":\"https:\/\/navegantesoceanicos.com\/wp-content\/uploads\/2025\/01\/Practicas-PER-Sirius.jpg\",\"contentUrl\":\"https:\/\/navegantesoceanicos.com\/wp-content\/uploads\/2025\/01\/Practicas-PER-Sirius.jpg\",\"width\":2368,\"height\":1860,\"caption\":\"Pr\u00e1cticas PER Sirius\"},{\"@type\":\"BreadcrumbList\",\"@id\":\"https:\/\/navegantesoceanicos.com\/en\/producto\/practicas-de-navegacion-de-per-patron-de-embarcaciones-recreo\/#breadcrumb\",\"itemListElement\":[{\"@type\":\"ListItem\",\"position\":1,\"name\":\"Portada\",\"item\":\"https:\/\/navegantesoceanicos.com\/en\/\"},{\"@type\":\"ListItem\",\"position\":2,\"name\":\"Shop\",\"item\":\"https:\/\/navegantesoceanicos.com\/tienda22\/\"},{\"@type\":\"ListItem\",\"position\":3,\"name\":\"Pr\u00e1cticas de Seguridad y Navegaci\u00f3n de PER (Patr\u00f3n de Embarcaciones de Recreo)\"}]},{\"@type\":\"WebSite\",\"@id\":\"https:\/\/navegantesoceanicos.com\/en\/#website\",\"url\":\"https:\/\/navegantesoceanicos.com\/en\/\",\"name\":\"Navegantes Oce\u00e1nicos\",\"description\":\"Navegantes oce\u00e1nicos, te ayudamos a navegar, para navegantes, tripulantes, regatistas y armadores, escuela n\u00e1utica, libros on-line sobre t\u00e1cticas y equipamiento para la navegaci\u00f3n a vela, fondear, atracar, el manejo de las velas, electricidad a bordo, navegaci\u00f3n con mal tiempo, rutas oce\u00e1nicas y mucho m\u00e1s\",\"publisher\":{\"@id\":\"https:\/\/navegantesoceanicos.com\/en\/#organization\"},\"potentialAction\":[{\"@type\":\"SearchAction\",\"target\":{\"@type\":\"EntryPoint\",\"urlTemplate\":\"https:\/\/navegantesoceanicos.com\/en\/?s={search_term_string}\"},\"query-input\":{\"@type\":\"PropertyValueSpecification\",\"valueRequired\":true,\"valueName\":\"search_term_string\"}}],\"inLanguage\":\"en-US\"},{\"@type\":\"Organization\",\"@id\":\"https:\/\/navegantesoceanicos.com\/en\/#organization\",\"name\":\"Navegantes Oce\u00e1nicos\",\"url\":\"https:\/\/navegantesoceanicos.com\/en\/\",\"logo\":{\"@type\":\"ImageObject\",\"inLanguage\":\"en-US\",\"@id\":\"https:\/\/navegantesoceanicos.com\/en\/#\/schema\/logo\/image\/\",\"url\":\"https:\/\/navegantesoceanicos.com\/wp-content\/uploads\/2019\/12\/LOGO-NAVEGANTES-OCEANICOS.png\",\"contentUrl\":\"https:\/\/navegantesoceanicos.com\/wp-content\/uploads\/2019\/12\/LOGO-NAVEGANTES-OCEANICOS.png\",\"width\":1010,\"height\":814,\"caption\":\"Navegantes Oce\u00e1nicos\"},\"image\":{\"@id\":\"https:\/\/navegantesoceanicos.com\/en\/#\/schema\/logo\/image\/\"},\"sameAs\":[\"https:\/\/www.facebook.com\/Navegantes-Oce\u00e1nicos-112578593494698\",\"https:\/\/www.instagram.com\/navegantes_oceanicos\/?hl=es\",\"https:\/\/www.youtube.com\/channel\/UCXgDL_6xqE7rpdwNXRmzF_Q\/featured\"]}]}<\/script>\n<!-- \/ Yoast SEO plugin. -->","yoast_head_json":{"title":"Pr\u00e1cticas de Seguridad y Navegaci\u00f3n de PER (Patr\u00f3n de Embarcaciones de Recreo) - Navegantes Oce\u00e1nicos","description":"Practicas de navegaci\u00f3n de PER (Patr\u00f3n de Embarcaciones de Recreo). Pr\u00e1ticas oficiales. Dos d\u00edas, 8 horas cada d\u00eda, 4 por la ma\u00f1ana y 4 por la tarde.","robots":{"index":"index","follow":"follow","max-snippet":"max-snippet:-1","max-image-preview":"max-image-preview:large","max-video-preview":"max-video-preview:-1"},"canonical":"https:\/\/navegantesoceanicos.com\/en\/producto\/practicas-de-navegacion-de-per-patron-de-embarcaciones-recreo\/","og_locale":"en_US","og_type":"article","og_title":"Pr\u00e1cticas de Seguridad y Navegaci\u00f3n de PER (Patr\u00f3n de Embarcaciones de Recreo) - Navegantes Oce\u00e1nicos","og_description":"Practicas de navegaci\u00f3n de PER (Patr\u00f3n de Embarcaciones de Recreo). Pr\u00e1ticas oficiales. Dos d\u00edas, 8 horas cada d\u00eda, 4 por la ma\u00f1ana y 4 por la tarde.","og_url":"https:\/\/navegantesoceanicos.com\/en\/producto\/practicas-de-navegacion-de-per-patron-de-embarcaciones-recreo\/","og_site_name":"Navegantes Oce\u00e1nicos","article_publisher":"https:\/\/www.facebook.com\/Navegantes-Oce%c3%a1nicos-112578593494698","article_modified_time":"2025-01-17T16:37:29+00:00","og_image":[{"width":2368,"height":1860,"url":"https:\/\/navegantesoceanicos.com\/wp-content\/uploads\/2025\/01\/Practicas-PER-Sirius.jpg","type":"image\/jpeg"}],"twitter_misc":{"Est. reading time":"1 minute"},"schema":{"@context":"https:\/\/schema.org","@graph":[{"@type":"WebPage","@id":"https:\/\/navegantesoceanicos.com\/en\/producto\/practicas-de-navegacion-de-per-patron-de-embarcaciones-recreo\/","url":"https:\/\/navegantesoceanicos.com\/en\/producto\/practicas-de-navegacion-de-per-patron-de-embarcaciones-recreo\/","name":"Pr\u00e1cticas de Seguridad y Navegaci\u00f3n de PER (Patr\u00f3n de Embarcaciones de Recreo) - Navegantes Oce\u00e1nicos","isPartOf":{"@id":"https:\/\/navegantesoceanicos.com\/en\/#website"},"primaryImageOfPage":{"@id":"https:\/\/navegantesoceanicos.com\/en\/producto\/practicas-de-navegacion-de-per-patron-de-embarcaciones-recreo\/#primaryimage"},"image":{"@id":"https:\/\/navegantesoceanicos.com\/en\/producto\/practicas-de-navegacion-de-per-patron-de-embarcaciones-recreo\/#primaryimage"},"thumbnailUrl":"https:\/\/navegantesoceanicos.com\/wp-content\/uploads\/2025\/01\/Practicas-PER-Sirius.jpg","datePublished":"2025-01-13T17:29:08+00:00","dateModified":"2025-01-17T16:37:29+00:00","description":"Practicas de navegaci\u00f3n de PER (Patr\u00f3n de Embarcaciones de Recreo). Pr\u00e1ticas oficiales. Dos d\u00edas, 8 horas cada d\u00eda, 4 por la ma\u00f1ana y 4 por la tarde.","breadcrumb":{"@id":"https:\/\/navegantesoceanicos.com\/en\/producto\/practicas-de-navegacion-de-per-patron-de-embarcaciones-recreo\/#breadcrumb"},"inLanguage":"en-US","potentialAction":[{"@type":"ReadAction","target":["https:\/\/navegantesoceanicos.com\/en\/producto\/practicas-de-navegacion-de-per-patron-de-embarcaciones-recreo\/"]}]},{"@type":"ImageObject","inLanguage":"en-US","@id":"https:\/\/navegantesoceanicos.com\/en\/producto\/practicas-de-navegacion-de-per-patron-de-embarcaciones-recreo\/#primaryimage","url":"https:\/\/navegantesoceanicos.com\/wp-content\/uploads\/2025\/01\/Practicas-PER-Sirius.jpg","contentUrl":"https:\/\/navegantesoceanicos.com\/wp-content\/uploads\/2025\/01\/Practicas-PER-Sirius.jpg","width":2368,"height":1860,"caption":"Pr\u00e1cticas PER Sirius"},{"@type":"BreadcrumbList","@id":"https:\/\/navegantesoceanicos.com\/en\/producto\/practicas-de-navegacion-de-per-patron-de-embarcaciones-recreo\/#breadcrumb","itemListElement":[{"@type":"ListItem","position":1,"name":"Portada","item":"https:\/\/navegantesoceanicos.com\/en\/"},{"@type":"ListItem","position":2,"name":"Shop","item":"https:\/\/navegantesoceanicos.com\/tienda22\/"},{"@type":"ListItem","position":3,"name":"Pr\u00e1cticas de Seguridad y Navegaci\u00f3n de PER (Patr\u00f3n de Embarcaciones de Recreo)"}]},{"@type":"WebSite","@id":"https:\/\/navegantesoceanicos.com\/en\/#website","url":"https:\/\/navegantesoceanicos.com\/en\/","name":"Navegantes Oce\u00e1nicos","description":"Navegantes oce\u00e1nicos, te ayudamos a navegar, para navegantes, tripulantes, regatistas y armadores, escuela n\u00e1utica, libros on-line sobre t\u00e1cticas y equipamiento para la navegaci\u00f3n a vela, fondear, atracar, el manejo de las velas, electricidad a bordo, navegaci\u00f3n con mal tiempo, rutas oce\u00e1nicas y mucho m\u00e1s","publisher":{"@id":"https:\/\/navegantesoceanicos.com\/en\/#organization"},"potentialAction":[{"@type":"SearchAction","target":{"@type":"EntryPoint","urlTemplate":"https:\/\/navegantesoceanicos.com\/en\/?s={search_term_string}"},"query-input":{"@type":"PropertyValueSpecification","valueRequired":true,"valueName":"search_term_string"}}],"inLanguage":"en-US"},{"@type":"Organization","@id":"https:\/\/navegantesoceanicos.com\/en\/#organization","name":"Navegantes Oce\u00e1nicos","url":"https:\/\/navegantesoceanicos.com\/en\/","logo":{"@type":"ImageObject","inLanguage":"en-US","@id":"https:\/\/navegantesoceanicos.com\/en\/#\/schema\/logo\/image\/","url":"https:\/\/navegantesoceanicos.com\/wp-content\/uploads\/2019\/12\/LOGO-NAVEGANTES-OCEANICOS.png","contentUrl":"https:\/\/navegantesoceanicos.com\/wp-content\/uploads\/2019\/12\/LOGO-NAVEGANTES-OCEANICOS.png","width":1010,"height":814,"caption":"Navegantes Oce\u00e1nicos"},"image":{"@id":"https:\/\/navegantesoceanicos.com\/en\/#\/schema\/logo\/image\/"},"sameAs":["https:\/\/www.facebook.com\/Navegantes-Oce\u00e1nicos-112578593494698","https:\/\/www.instagram.com\/navegantes_oceanicos\/?hl=es","https:\/\/www.youtube.com\/channel\/UCXgDL_6xqE7rpdwNXRmzF_Q\/featured"]}]}},"_links":{"self":[{"href":"https:\/\/navegantesoceanicos.com\/en\/wp-json\/wp\/v2\/product\/37965","targetHints":{"allow":["GET"]}}],"collection":[{"href":"https:\/\/navegantesoceanicos.com\/en\/wp-json\/wp\/v2\/product"}],"about":[{"href":"https:\/\/navegantesoceanicos.com\/en\/wp-json\/wp\/v2\/types\/product"}],"replies":[{"embeddable":true,"href":"https:\/\/navegantesoceanicos.com\/en\/wp-json\/wp\/v2\/comments?post=37965"}],"wp:featuredmedia":[{"embeddable":true,"href":"https:\/\/navegantesoceanicos.com\/en\/wp-json\/wp\/v2\/media\/37966"}],"wp:attachment":[{"href":"https:\/\/navegantesoceanicos.com\/en\/wp-json\/wp\/v2\/media?parent=37965"}],"wp:term":[{"taxonomy":"product_brand","embeddable":true,"href":"https:\/\/navegantesoceanicos.com\/en\/wp-json\/wp\/v2\/product_brand?post=37965"},{"taxonomy":"product_cat","embeddable":true,"href":"https:\/\/navegantesoceanicos.com\/en\/wp-json\/wp\/v2\/product_cat?post=37965"},{"taxonomy":"product_tag","embeddable":true,"href":"https:\/\/navegantesoceanicos.com\/en\/wp-json\/wp\/v2\/product_tag?post=37965"}],"curies":[{"name":"wp","href":"https:\/\/api.w.org\/{rel}","templated":true}]}}