{"id":37229,"date":"2019-10-14T09:01:44","date_gmt":"2019-10-14T09:01:44","guid":{"rendered":"https:\/\/navegantesoceanicos.com\/electricidad-a-bordo\/"},"modified":"2024-12-27T09:27:48","modified_gmt":"2024-12-27T09:27:48","slug":"electricidad-a-bordo","status":"publish","type":"page","link":"https:\/\/navegantesoceanicos.com\/pt-pt\/electricidad-a-bordo\/","title":{"rendered":"Eletricidade a bordo"},"content":{"rendered":"<p>[et_pb_section fb_built=&#8221;1&#8243; _builder_version=&#8221;4.16&#8243; global_colors_info=&#8221;{}&#8221;][et_pb_row _builder_version=&#8221;4.16&#8243; global_colors_info=&#8221;{}&#8221;][et_pb_column type=&#8221;4_4&#8243; _builder_version=&#8221;4.16&#8243; global_colors_info=&#8221;{}&#8221;][et_pb_blog fullwidth=&#8221;off&#8221; include_categories=&#8221;5&#8243; show_more=&#8221;on&#8221; show_author=&#8221;off&#8221; show_pagination=&#8221;off&#8221; show_excerpt_tablet=&#8221;&#8221; show_excerpt_phone=&#8221;off&#8221; show_excerpt_last_edited=&#8221;on|phone&#8221; _builder_version=&#8221;4.16&#8243; global_colors_info=&#8221;{}&#8221;][\/et_pb_blog][\/et_pb_column][\/et_pb_row][\/et_pb_section]<\/p>\n","protected":false},"excerpt":{"rendered":"","protected":false},"author":1,"featured_media":37230,"parent":0,"menu_order":0,"comment_status":"closed","ping_status":"closed","template":"page-template-blog-feed.php","meta":{"_et_pb_use_builder":"on","_et_pb_old_content":"","_et_gb_content_width":"","footnotes":"","_wp_rev_ctl_limit":""},"class_list":["post-37229","page","type-page","status-publish","has-post-thumbnail","hentry"],"yoast_head":"<!-- This site is optimized with the Yoast SEO plugin v27.5 - https:\/\/yoast.com\/product\/yoast-seo-wordpress\/ -->\n<title>Eletricidade a bordo - Navegantes Oce\u00e1nicos<\/title>\n<meta name=\"description\" content=\"eletricidade a bordo: para aprender a gerir os sistemas el\u00e9ctricos dos barcos, da vela, dos equipamentos, etc.\" \/>\n<meta name=\"robots\" content=\"index, follow, max-snippet:-1, max-image-preview:large, max-video-preview:-1\" \/>\n<link rel=\"canonical\" href=\"https:\/\/navegantesoceanicos.com\/pt-pt\/electricidad-a-bordo\/\" \/>\n<meta property=\"og:locale\" content=\"pt_PT\" \/>\n<meta property=\"og:type\" content=\"article\" \/>\n<meta property=\"og:title\" content=\"Eletricidade a bordo - Navegantes Oce\u00e1nicos\" \/>\n<meta property=\"og:description\" content=\"eletricidade a bordo: para aprender a gerir os sistemas el\u00e9ctricos dos barcos, da vela, dos equipamentos, etc.\" \/>\n<meta property=\"og:url\" content=\"https:\/\/navegantesoceanicos.com\/pt-pt\/electricidad-a-bordo\/\" \/>\n<meta property=\"og:site_name\" content=\"Navegantes Oce\u00e1nicos\" \/>\n<meta property=\"article:publisher\" content=\"https:\/\/www.facebook.com\/Navegantes-Oce%c3%a1nicos-112578593494698\" \/>\n<meta property=\"article:modified_time\" content=\"2024-12-27T09:27:48+00:00\" \/>\n<meta property=\"og:image\" content=\"https:\/\/navegantesoceanicos.com\/wp-content\/uploads\/2020\/01\/generaci\u00f3n-de-energ\u00eda-a-bordo-scaled.jpg\" \/>\n\t<meta property=\"og:image:width\" content=\"2560\" \/>\n\t<meta property=\"og:image:height\" content=\"2124\" \/>\n\t<meta property=\"og:image:type\" content=\"image\/jpeg\" \/>\n<meta name=\"twitter:label1\" content=\"Tempo estimado de leitura\" \/>\n\t<meta name=\"twitter:data1\" content=\"1 minuto\" \/>\n<script type=\"application\/ld+json\" class=\"yoast-schema-graph\">{\"@context\":\"https:\\\/\\\/schema.org\",\"@graph\":[{\"@type\":\"WebPage\",\"@id\":\"https:\\\/\\\/navegantesoceanicos.com\\\/pt-pt\\\/electricidad-a-bordo\\\/\",\"url\":\"https:\\\/\\\/navegantesoceanicos.com\\\/pt-pt\\\/electricidad-a-bordo\\\/\",\"name\":\"Eletricidade a bordo - Navegantes Oce\u00e1nicos\",\"isPartOf\":{\"@id\":\"https:\\\/\\\/navegantesoceanicos.com\\\/pt-pt\\\/#website\"},\"primaryImageOfPage\":{\"@id\":\"https:\\\/\\\/navegantesoceanicos.com\\\/pt-pt\\\/electricidad-a-bordo\\\/#primaryimage\"},\"image\":{\"@id\":\"https:\\\/\\\/navegantesoceanicos.com\\\/pt-pt\\\/electricidad-a-bordo\\\/#primaryimage\"},\"thumbnailUrl\":\"https:\\\/\\\/navegantesoceanicos.com\\\/wp-content\\\/uploads\\\/2020\\\/01\\\/generaci\u00f3n-de-energ\u00eda-a-bordo-scaled.jpg\",\"datePublished\":\"2019-10-14T09:01:44+00:00\",\"dateModified\":\"2024-12-27T09:27:48+00:00\",\"description\":\"eletricidade a bordo: para aprender a gerir os sistemas el\u00e9ctricos dos barcos, da vela, dos equipamentos, etc.\",\"breadcrumb\":{\"@id\":\"https:\\\/\\\/navegantesoceanicos.com\\\/pt-pt\\\/electricidad-a-bordo\\\/#breadcrumb\"},\"inLanguage\":\"pt-PT\",\"potentialAction\":[{\"@type\":\"ReadAction\",\"target\":[\"https:\\\/\\\/navegantesoceanicos.com\\\/pt-pt\\\/electricidad-a-bordo\\\/\"]}]},{\"@type\":\"ImageObject\",\"inLanguage\":\"pt-PT\",\"@id\":\"https:\\\/\\\/navegantesoceanicos.com\\\/pt-pt\\\/electricidad-a-bordo\\\/#primaryimage\",\"url\":\"https:\\\/\\\/navegantesoceanicos.com\\\/wp-content\\\/uploads\\\/2020\\\/01\\\/generaci\u00f3n-de-energ\u00eda-a-bordo-scaled.jpg\",\"contentUrl\":\"https:\\\/\\\/navegantesoceanicos.com\\\/wp-content\\\/uploads\\\/2020\\\/01\\\/generaci\u00f3n-de-energ\u00eda-a-bordo-scaled.jpg\",\"width\":2560,\"height\":2124,\"caption\":\"Electricidad a bordo\"},{\"@type\":\"BreadcrumbList\",\"@id\":\"https:\\\/\\\/navegantesoceanicos.com\\\/pt-pt\\\/electricidad-a-bordo\\\/#breadcrumb\",\"itemListElement\":[{\"@type\":\"ListItem\",\"position\":1,\"name\":\"Portada\",\"item\":\"https:\\\/\\\/navegantesoceanicos.com\\\/pt-pt\\\/\"},{\"@type\":\"ListItem\",\"position\":2,\"name\":\"Eletricidade a bordo\"}]},{\"@type\":\"WebSite\",\"@id\":\"https:\\\/\\\/navegantesoceanicos.com\\\/pt-pt\\\/#website\",\"url\":\"https:\\\/\\\/navegantesoceanicos.com\\\/pt-pt\\\/\",\"name\":\"Navegantes Oce\u00e1nicos\",\"description\":\"Navegantes oce\u00e1nicos, te ayudamos a navegar, para navegantes, tripulantes, regatistas y armadores, escuela n\u00e1utica, libros on-line sobre t\u00e1cticas y equipamiento para la navegaci\u00f3n a vela, fondear, atracar, el manejo de las velas, electricidad a bordo, navegaci\u00f3n con mal tiempo, rutas oce\u00e1nicas y mucho m\u00e1s\",\"publisher\":{\"@id\":\"https:\\\/\\\/navegantesoceanicos.com\\\/pt-pt\\\/#organization\"},\"potentialAction\":[{\"@type\":\"SearchAction\",\"target\":{\"@type\":\"EntryPoint\",\"urlTemplate\":\"https:\\\/\\\/navegantesoceanicos.com\\\/pt-pt\\\/?s={search_term_string}\"},\"query-input\":{\"@type\":\"PropertyValueSpecification\",\"valueRequired\":true,\"valueName\":\"search_term_string\"}}],\"inLanguage\":\"pt-PT\"},{\"@type\":\"Organization\",\"@id\":\"https:\\\/\\\/navegantesoceanicos.com\\\/pt-pt\\\/#organization\",\"name\":\"Navegantes Oce\u00e1nicos\",\"url\":\"https:\\\/\\\/navegantesoceanicos.com\\\/pt-pt\\\/\",\"logo\":{\"@type\":\"ImageObject\",\"inLanguage\":\"pt-PT\",\"@id\":\"https:\\\/\\\/navegantesoceanicos.com\\\/pt-pt\\\/#\\\/schema\\\/logo\\\/image\\\/\",\"url\":\"https:\\\/\\\/navegantesoceanicos.com\\\/wp-content\\\/uploads\\\/2019\\\/12\\\/LOGO-NAVEGANTES-OCEANICOS.png\",\"contentUrl\":\"https:\\\/\\\/navegantesoceanicos.com\\\/wp-content\\\/uploads\\\/2019\\\/12\\\/LOGO-NAVEGANTES-OCEANICOS.png\",\"width\":1010,\"height\":814,\"caption\":\"Navegantes Oce\u00e1nicos\"},\"image\":{\"@id\":\"https:\\\/\\\/navegantesoceanicos.com\\\/pt-pt\\\/#\\\/schema\\\/logo\\\/image\\\/\"},\"sameAs\":[\"https:\\\/\\\/www.facebook.com\\\/Navegantes-Oce\u00e1nicos-112578593494698\",\"https:\\\/\\\/www.instagram.com\\\/navegantes_oceanicos\\\/?hl=es\",\"https:\\\/\\\/www.youtube.com\\\/channel\\\/UCXgDL_6xqE7rpdwNXRmzF_Q\\\/featured\"]}]}<\/script>\n<!-- \/ Yoast SEO plugin. -->","yoast_head_json":{"title":"Eletricidade a bordo - Navegantes Oce\u00e1nicos","description":"eletricidade a bordo: para aprender a gerir os sistemas el\u00e9ctricos dos barcos, da vela, dos equipamentos, etc.","robots":{"index":"index","follow":"follow","max-snippet":"max-snippet:-1","max-image-preview":"max-image-preview:large","max-video-preview":"max-video-preview:-1"},"canonical":"https:\/\/navegantesoceanicos.com\/pt-pt\/electricidad-a-bordo\/","og_locale":"pt_PT","og_type":"article","og_title":"Eletricidade a bordo - Navegantes Oce\u00e1nicos","og_description":"eletricidade a bordo: para aprender a gerir os sistemas el\u00e9ctricos dos barcos, da vela, dos equipamentos, etc.","og_url":"https:\/\/navegantesoceanicos.com\/pt-pt\/electricidad-a-bordo\/","og_site_name":"Navegantes Oce\u00e1nicos","article_publisher":"https:\/\/www.facebook.com\/Navegantes-Oce%c3%a1nicos-112578593494698","article_modified_time":"2024-12-27T09:27:48+00:00","og_image":[{"width":2560,"height":2124,"url":"https:\/\/navegantesoceanicos.com\/wp-content\/uploads\/2020\/01\/generaci\u00f3n-de-energ\u00eda-a-bordo-scaled.jpg","type":"image\/jpeg"}],"twitter_misc":{"Tempo estimado de leitura":"1 minuto"},"schema":{"@context":"https:\/\/schema.org","@graph":[{"@type":"WebPage","@id":"https:\/\/navegantesoceanicos.com\/pt-pt\/electricidad-a-bordo\/","url":"https:\/\/navegantesoceanicos.com\/pt-pt\/electricidad-a-bordo\/","name":"Eletricidade a bordo - Navegantes Oce\u00e1nicos","isPartOf":{"@id":"https:\/\/navegantesoceanicos.com\/pt-pt\/#website"},"primaryImageOfPage":{"@id":"https:\/\/navegantesoceanicos.com\/pt-pt\/electricidad-a-bordo\/#primaryimage"},"image":{"@id":"https:\/\/navegantesoceanicos.com\/pt-pt\/electricidad-a-bordo\/#primaryimage"},"thumbnailUrl":"https:\/\/navegantesoceanicos.com\/wp-content\/uploads\/2020\/01\/generaci\u00f3n-de-energ\u00eda-a-bordo-scaled.jpg","datePublished":"2019-10-14T09:01:44+00:00","dateModified":"2024-12-27T09:27:48+00:00","description":"eletricidade a bordo: para aprender a gerir os sistemas el\u00e9ctricos dos barcos, da vela, dos equipamentos, etc.","breadcrumb":{"@id":"https:\/\/navegantesoceanicos.com\/pt-pt\/electricidad-a-bordo\/#breadcrumb"},"inLanguage":"pt-PT","potentialAction":[{"@type":"ReadAction","target":["https:\/\/navegantesoceanicos.com\/pt-pt\/electricidad-a-bordo\/"]}]},{"@type":"ImageObject","inLanguage":"pt-PT","@id":"https:\/\/navegantesoceanicos.com\/pt-pt\/electricidad-a-bordo\/#primaryimage","url":"https:\/\/navegantesoceanicos.com\/wp-content\/uploads\/2020\/01\/generaci\u00f3n-de-energ\u00eda-a-bordo-scaled.jpg","contentUrl":"https:\/\/navegantesoceanicos.com\/wp-content\/uploads\/2020\/01\/generaci\u00f3n-de-energ\u00eda-a-bordo-scaled.jpg","width":2560,"height":2124,"caption":"Electricidad a bordo"},{"@type":"BreadcrumbList","@id":"https:\/\/navegantesoceanicos.com\/pt-pt\/electricidad-a-bordo\/#breadcrumb","itemListElement":[{"@type":"ListItem","position":1,"name":"Portada","item":"https:\/\/navegantesoceanicos.com\/pt-pt\/"},{"@type":"ListItem","position":2,"name":"Eletricidade a bordo"}]},{"@type":"WebSite","@id":"https:\/\/navegantesoceanicos.com\/pt-pt\/#website","url":"https:\/\/navegantesoceanicos.com\/pt-pt\/","name":"Navegantes Oce\u00e1nicos","description":"Navegantes oce\u00e1nicos, te ayudamos a navegar, para navegantes, tripulantes, regatistas y armadores, escuela n\u00e1utica, libros on-line sobre t\u00e1cticas y equipamiento para la navegaci\u00f3n a vela, fondear, atracar, el manejo de las velas, electricidad a bordo, navegaci\u00f3n con mal tiempo, rutas oce\u00e1nicas y mucho m\u00e1s","publisher":{"@id":"https:\/\/navegantesoceanicos.com\/pt-pt\/#organization"},"potentialAction":[{"@type":"SearchAction","target":{"@type":"EntryPoint","urlTemplate":"https:\/\/navegantesoceanicos.com\/pt-pt\/?s={search_term_string}"},"query-input":{"@type":"PropertyValueSpecification","valueRequired":true,"valueName":"search_term_string"}}],"inLanguage":"pt-PT"},{"@type":"Organization","@id":"https:\/\/navegantesoceanicos.com\/pt-pt\/#organization","name":"Navegantes Oce\u00e1nicos","url":"https:\/\/navegantesoceanicos.com\/pt-pt\/","logo":{"@type":"ImageObject","inLanguage":"pt-PT","@id":"https:\/\/navegantesoceanicos.com\/pt-pt\/#\/schema\/logo\/image\/","url":"https:\/\/navegantesoceanicos.com\/wp-content\/uploads\/2019\/12\/LOGO-NAVEGANTES-OCEANICOS.png","contentUrl":"https:\/\/navegantesoceanicos.com\/wp-content\/uploads\/2019\/12\/LOGO-NAVEGANTES-OCEANICOS.png","width":1010,"height":814,"caption":"Navegantes Oce\u00e1nicos"},"image":{"@id":"https:\/\/navegantesoceanicos.com\/pt-pt\/#\/schema\/logo\/image\/"},"sameAs":["https:\/\/www.facebook.com\/Navegantes-Oce\u00e1nicos-112578593494698","https:\/\/www.instagram.com\/navegantes_oceanicos\/?hl=es","https:\/\/www.youtube.com\/channel\/UCXgDL_6xqE7rpdwNXRmzF_Q\/featured"]}]}},"rttpg_featured_image_url":{"full":["https:\/\/navegantesoceanicos.com\/wp-content\/uploads\/2020\/01\/generaci\u00f3n-de-energ\u00eda-a-bordo-scaled.jpg",2560,2124,false],"landscape":["https:\/\/navegantesoceanicos.com\/wp-content\/uploads\/2020\/01\/generaci\u00f3n-de-energ\u00eda-a-bordo-scaled.jpg",2560,2124,false],"portraits":["https:\/\/navegantesoceanicos.com\/wp-content\/uploads\/2020\/01\/generaci\u00f3n-de-energ\u00eda-a-bordo-scaled.jpg",2560,2124,false],"thumbnail":["https:\/\/navegantesoceanicos.com\/wp-content\/uploads\/2020\/01\/generaci\u00f3n-de-energ\u00eda-a-bordo-150x150.jpg",150,150,true],"medium":["https:\/\/navegantesoceanicos.com\/wp-content\/uploads\/2020\/01\/generaci\u00f3n-de-energ\u00eda-a-bordo-300x249.jpg",300,249,true],"large":["https:\/\/navegantesoceanicos.com\/wp-content\/uploads\/2020\/01\/generaci\u00f3n-de-energ\u00eda-a-bordo-1024x850.jpg",1024,850,true],"1536x1536":["https:\/\/navegantesoceanicos.com\/wp-content\/uploads\/2020\/01\/generaci\u00f3n-de-energ\u00eda-a-bordo-scaled.jpg",1536,1274,false],"2048x2048":["https:\/\/navegantesoceanicos.com\/wp-content\/uploads\/2020\/01\/generaci\u00f3n-de-energ\u00eda-a-bordo-scaled.jpg",2048,1699,false],"smart-post-landscape":["https:\/\/navegantesoceanicos.com\/wp-content\/uploads\/2020\/01\/generaci\u00f3n-de-energ\u00eda-a-bordo-scaled.jpg",687,570,false],"smart-post-portrait":["https:\/\/navegantesoceanicos.com\/wp-content\/uploads\/2020\/01\/generaci\u00f3n-de-energ\u00eda-a-bordo-scaled.jpg",600,498,false],"et-builder-post-main-image":["https:\/\/navegantesoceanicos.com\/wp-content\/uploads\/2020\/01\/generaci\u00f3n-de-energ\u00eda-a-bordo-400x250.jpg",400,250,true],"et-builder-post-main-image-fullwidth":["https:\/\/navegantesoceanicos.com\/wp-content\/uploads\/2020\/01\/generaci\u00f3n-de-energ\u00eda-a-bordo-1080x675.jpg",1080,675,true],"et-builder-portfolio-image":["https:\/\/navegantesoceanicos.com\/wp-content\/uploads\/2020\/01\/generaci\u00f3n-de-energ\u00eda-a-bordo-400x284.jpg",400,284,true],"et-builder-portfolio-image-single":["https:\/\/navegantesoceanicos.com\/wp-content\/uploads\/2020\/01\/generaci\u00f3n-de-energ\u00eda-a-bordo-1080x896.jpg",1080,896,true],"et-builder-gallery-image-portrait":["https:\/\/navegantesoceanicos.com\/wp-content\/uploads\/2020\/01\/generaci\u00f3n-de-energ\u00eda-a-bordo-400x516.jpg",400,516,true],"extra-image-huge":["https:\/\/navegantesoceanicos.com\/wp-content\/uploads\/2020\/01\/generaci\u00f3n-de-energ\u00eda-a-bordo-1280x768.jpg",1280,768,true],"extra-image-single-post":["https:\/\/navegantesoceanicos.com\/wp-content\/uploads\/2020\/01\/generaci\u00f3n-de-energ\u00eda-a-bordo-1280x640.jpg",1280,640,true],"extra-image-medium":["https:\/\/navegantesoceanicos.com\/wp-content\/uploads\/2020\/01\/generaci\u00f3n-de-energ\u00eda-a-bordo-627x376.jpg",627,376,true],"extra-image-small":["https:\/\/navegantesoceanicos.com\/wp-content\/uploads\/2020\/01\/generaci\u00f3n-de-energ\u00eda-a-bordo-440x264.jpg",440,264,true],"extra-image-square-medium":["https:\/\/navegantesoceanicos.com\/wp-content\/uploads\/2020\/01\/generaci\u00f3n-de-energ\u00eda-a-bordo-440x440.jpg",440,440,true],"extra-image-square-small":["https:\/\/navegantesoceanicos.com\/wp-content\/uploads\/2020\/01\/generaci\u00f3n-de-energ\u00eda-a-bordo-150x150.jpg",150,150,true],"woocommerce_thumbnail":["https:\/\/navegantesoceanicos.com\/wp-content\/uploads\/2020\/01\/generaci\u00f3n-de-energ\u00eda-a-bordo-scaled-300x249.jpg",300,249,true],"woocommerce_single":["https:\/\/navegantesoceanicos.com\/wp-content\/uploads\/2020\/01\/generaci\u00f3n-de-energ\u00eda-a-bordo-scaled-600x498.jpg",600,498,true],"woocommerce_gallery_thumbnail":["https:\/\/navegantesoceanicos.com\/wp-content\/uploads\/2020\/01\/generaci\u00f3n-de-energ\u00eda-a-bordo-scaled-100x100.jpg",100,100,true],"dgwt-wcas-product-suggestion":["https:\/\/navegantesoceanicos.com\/wp-content\/uploads\/2020\/01\/generaci\u00f3n-de-energ\u00eda-a-bordo-scaled.jpg",64,53,false]},"rttpg_author":{"display_name":"Navegante","author_link":"https:\/\/navegantesoceanicos.com\/pt-pt\/author\/tirsonavegane\/"},"rttpg_comment":0,"rttpg_category":" <a href=\"https:\/\/navegantesoceanicos.com\/pt-pt\/?taxonomy=translation_priority&#038;term=opcional-pt-pt\" rel=\"tag\">Opcional<\/a>","rttpg_excerpt":null,"_links":{"self":[{"href":"https:\/\/navegantesoceanicos.com\/pt-pt\/wp-json\/wp\/v2\/pages\/37229","targetHints":{"allow":["GET"]}}],"collection":[{"href":"https:\/\/navegantesoceanicos.com\/pt-pt\/wp-json\/wp\/v2\/pages"}],"about":[{"href":"https:\/\/navegantesoceanicos.com\/pt-pt\/wp-json\/wp\/v2\/types\/page"}],"author":[{"embeddable":true,"href":"https:\/\/navegantesoceanicos.com\/pt-pt\/wp-json\/wp\/v2\/users\/1"}],"replies":[{"embeddable":true,"href":"https:\/\/navegantesoceanicos.com\/pt-pt\/wp-json\/wp\/v2\/comments?post=37229"}],"version-history":[{"count":0,"href":"https:\/\/navegantesoceanicos.com\/pt-pt\/wp-json\/wp\/v2\/pages\/37229\/revisions"}],"wp:featuredmedia":[{"embeddable":true,"href":"https:\/\/navegantesoceanicos.com\/pt-pt\/wp-json\/wp\/v2\/media\/37230"}],"wp:attachment":[{"href":"https:\/\/navegantesoceanicos.com\/pt-pt\/wp-json\/wp\/v2\/media?parent=37229"}],"curies":[{"name":"wp","href":"https:\/\/api.w.org\/{rel}","templated":true}]}}