{"id":38017,"date":"2024-11-09T11:41:20","date_gmt":"2024-11-09T11:41:20","guid":{"rendered":"https:\/\/navegantesoceanicos.com\/vendee-globe-2024-broadcast-bluewater-sailors\/"},"modified":"2025-01-13T21:41:51","modified_gmt":"2025-01-13T21:41:51","slug":"transmissao-vendee-globe-2024-navegantes-oceanicos","status":"publish","type":"page","link":"https:\/\/navegantesoceanicos.com\/pt-pt\/transmissao-vendee-globe-2024-navegantes-oceanicos\/","title":{"rendered":"Transmiss\u00e3o da Vend\u00e9e Globe 2024 sobre \u201cNavegantes Oce\u00e2nicos&#8221;"},"content":{"rendered":"","protected":false},"excerpt":{"rendered":"<p>Vend\u00e9e Globe 2024 Broadcast on \u201cBluewater Sailors\u201d<\/p>\n","protected":false},"author":2,"featured_media":34366,"parent":0,"menu_order":0,"comment_status":"closed","ping_status":"closed","template":"page-template-blog-feed.php","meta":{"_et_pb_use_builder":"","_et_pb_old_content":"","_et_gb_content_width":"","footnotes":"","_wp_rev_ctl_limit":""},"class_list":["post-38017","page","type-page","status-publish","has-post-thumbnail","hentry"],"yoast_head":"<!-- This site is optimized with the Yoast SEO plugin v27.5 - https:\/\/yoast.com\/product\/yoast-seo-wordpress\/ -->\n<title>Transmiss\u00e3o da Vend\u00e9e Globe 2024 sobre \u201cNavegantes Oce\u00e2nicos&quot; - Navegantes Oce\u00e1nicos<\/title>\n<meta name=\"description\" content=\"Vend\u00e9e Globe 2024 Broadcast en &quot;Navegantes Oce\u00e1nicos&quot;\" \/>\n<meta name=\"robots\" content=\"index, follow, max-snippet:-1, max-image-preview:large, max-video-preview:-1\" \/>\n<link rel=\"canonical\" href=\"https:\/\/navegantesoceanicos.com\/pt-pt\/transmissao-vendee-globe-2024-navegantes-oceanicos\/\" \/>\n<meta property=\"og:locale\" content=\"pt_PT\" \/>\n<meta property=\"og:type\" content=\"article\" \/>\n<meta property=\"og:title\" content=\"Transmiss\u00e3o da Vend\u00e9e Globe 2024 sobre \u201cNavegantes Oce\u00e2nicos&quot; - Navegantes Oce\u00e1nicos\" \/>\n<meta property=\"og:description\" content=\"Vend\u00e9e Globe 2024 Broadcast en &quot;Navegantes Oce\u00e1nicos&quot;\" \/>\n<meta property=\"og:url\" content=\"https:\/\/navegantesoceanicos.com\/pt-pt\/transmissao-vendee-globe-2024-navegantes-oceanicos\/\" \/>\n<meta property=\"og:site_name\" content=\"Navegantes Oce\u00e1nicos\" \/>\n<meta property=\"article:publisher\" content=\"https:\/\/www.facebook.com\/Navegantes-Oce%c3%a1nicos-112578593494698\" \/>\n<meta property=\"article:modified_time\" content=\"2025-01-13T21:41:51+00:00\" \/>\n<meta property=\"og:image\" content=\"https:\/\/navegantesoceanicos.com\/wp-content\/uploads\/2024\/11\/2024-Affiche-Officielle-Vendee-Globe.webp\" \/>\n\t<meta property=\"og:image:width\" content=\"1280\" \/>\n\t<meta property=\"og:image:height\" content=\"800\" \/>\n\t<meta property=\"og:image:type\" content=\"image\/webp\" \/>\n<meta name=\"twitter:label1\" content=\"Tempo estimado de leitura\" \/>\n\t<meta name=\"twitter:data1\" content=\"1 minuto\" \/>\n<script type=\"application\/ld+json\" class=\"yoast-schema-graph\">{\"@context\":\"https:\\\/\\\/schema.org\",\"@graph\":[{\"@type\":\"WebPage\",\"@id\":\"https:\\\/\\\/navegantesoceanicos.com\\\/pt-pt\\\/transmissao-vendee-globe-2024-navegantes-oceanicos\\\/\",\"url\":\"https:\\\/\\\/navegantesoceanicos.com\\\/pt-pt\\\/transmissao-vendee-globe-2024-navegantes-oceanicos\\\/\",\"name\":\"Transmiss\u00e3o da Vend\u00e9e Globe 2024 sobre \u201cNavegantes Oce\u00e2nicos\\\" - Navegantes Oce\u00e1nicos\",\"isPartOf\":{\"@id\":\"https:\\\/\\\/navegantesoceanicos.com\\\/pt-pt\\\/#website\"},\"primaryImageOfPage\":{\"@id\":\"https:\\\/\\\/navegantesoceanicos.com\\\/pt-pt\\\/transmissao-vendee-globe-2024-navegantes-oceanicos\\\/#primaryimage\"},\"image\":{\"@id\":\"https:\\\/\\\/navegantesoceanicos.com\\\/pt-pt\\\/transmissao-vendee-globe-2024-navegantes-oceanicos\\\/#primaryimage\"},\"thumbnailUrl\":\"https:\\\/\\\/navegantesoceanicos.com\\\/wp-content\\\/uploads\\\/2024\\\/11\\\/2024-Affiche-Officielle-Vendee-Globe.webp\",\"datePublished\":\"2024-11-09T11:41:20+00:00\",\"dateModified\":\"2025-01-13T21:41:51+00:00\",\"description\":\"Vend\u00e9e Globe 2024 Broadcast en \\\"Navegantes Oce\u00e1nicos\\\"\",\"breadcrumb\":{\"@id\":\"https:\\\/\\\/navegantesoceanicos.com\\\/pt-pt\\\/transmissao-vendee-globe-2024-navegantes-oceanicos\\\/#breadcrumb\"},\"inLanguage\":\"pt-PT\",\"potentialAction\":[{\"@type\":\"ReadAction\",\"target\":[\"https:\\\/\\\/navegantesoceanicos.com\\\/pt-pt\\\/transmissao-vendee-globe-2024-navegantes-oceanicos\\\/\"]}]},{\"@type\":\"ImageObject\",\"inLanguage\":\"pt-PT\",\"@id\":\"https:\\\/\\\/navegantesoceanicos.com\\\/pt-pt\\\/transmissao-vendee-globe-2024-navegantes-oceanicos\\\/#primaryimage\",\"url\":\"https:\\\/\\\/navegantesoceanicos.com\\\/wp-content\\\/uploads\\\/2024\\\/11\\\/2024-Affiche-Officielle-Vendee-Globe.webp\",\"contentUrl\":\"https:\\\/\\\/navegantesoceanicos.com\\\/wp-content\\\/uploads\\\/2024\\\/11\\\/2024-Affiche-Officielle-Vendee-Globe.webp\",\"width\":1280,\"height\":800},{\"@type\":\"BreadcrumbList\",\"@id\":\"https:\\\/\\\/navegantesoceanicos.com\\\/pt-pt\\\/transmissao-vendee-globe-2024-navegantes-oceanicos\\\/#breadcrumb\",\"itemListElement\":[{\"@type\":\"ListItem\",\"position\":1,\"name\":\"Portada\",\"item\":\"https:\\\/\\\/navegantesoceanicos.com\\\/pt-pt\\\/\"},{\"@type\":\"ListItem\",\"position\":2,\"name\":\"Transmiss\u00e3o da Vend\u00e9e Globe 2024 sobre \u201cNavegantes Oce\u00e2nicos&#8221;\"}]},{\"@type\":\"WebSite\",\"@id\":\"https:\\\/\\\/navegantesoceanicos.com\\\/pt-pt\\\/#website\",\"url\":\"https:\\\/\\\/navegantesoceanicos.com\\\/pt-pt\\\/\",\"name\":\"Navegantes Oce\u00e1nicos\",\"description\":\"Navegantes oce\u00e1nicos, te ayudamos a navegar, para navegantes, tripulantes, regatistas y armadores, escuela n\u00e1utica, libros on-line sobre t\u00e1cticas y equipamiento para la navegaci\u00f3n a vela, fondear, atracar, el manejo de las velas, electricidad a bordo, navegaci\u00f3n con mal tiempo, rutas oce\u00e1nicas y mucho m\u00e1s\",\"publisher\":{\"@id\":\"https:\\\/\\\/navegantesoceanicos.com\\\/pt-pt\\\/#organization\"},\"potentialAction\":[{\"@type\":\"SearchAction\",\"target\":{\"@type\":\"EntryPoint\",\"urlTemplate\":\"https:\\\/\\\/navegantesoceanicos.com\\\/pt-pt\\\/?s={search_term_string}\"},\"query-input\":{\"@type\":\"PropertyValueSpecification\",\"valueRequired\":true,\"valueName\":\"search_term_string\"}}],\"inLanguage\":\"pt-PT\"},{\"@type\":\"Organization\",\"@id\":\"https:\\\/\\\/navegantesoceanicos.com\\\/pt-pt\\\/#organization\",\"name\":\"Navegantes Oce\u00e1nicos\",\"url\":\"https:\\\/\\\/navegantesoceanicos.com\\\/pt-pt\\\/\",\"logo\":{\"@type\":\"ImageObject\",\"inLanguage\":\"pt-PT\",\"@id\":\"https:\\\/\\\/navegantesoceanicos.com\\\/pt-pt\\\/#\\\/schema\\\/logo\\\/image\\\/\",\"url\":\"https:\\\/\\\/navegantesoceanicos.com\\\/wp-content\\\/uploads\\\/2019\\\/12\\\/LOGO-NAVEGANTES-OCEANICOS.png\",\"contentUrl\":\"https:\\\/\\\/navegantesoceanicos.com\\\/wp-content\\\/uploads\\\/2019\\\/12\\\/LOGO-NAVEGANTES-OCEANICOS.png\",\"width\":1010,\"height\":814,\"caption\":\"Navegantes Oce\u00e1nicos\"},\"image\":{\"@id\":\"https:\\\/\\\/navegantesoceanicos.com\\\/pt-pt\\\/#\\\/schema\\\/logo\\\/image\\\/\"},\"sameAs\":[\"https:\\\/\\\/www.facebook.com\\\/Navegantes-Oce\u00e1nicos-112578593494698\",\"https:\\\/\\\/www.instagram.com\\\/navegantes_oceanicos\\\/?hl=es\",\"https:\\\/\\\/www.youtube.com\\\/channel\\\/UCXgDL_6xqE7rpdwNXRmzF_Q\\\/featured\"]}]}<\/script>\n<!-- \/ Yoast SEO plugin. -->","yoast_head_json":{"title":"Transmiss\u00e3o da Vend\u00e9e Globe 2024 sobre \u201cNavegantes Oce\u00e2nicos\" - Navegantes Oce\u00e1nicos","description":"Vend\u00e9e Globe 2024 Broadcast en \"Navegantes Oce\u00e1nicos\"","robots":{"index":"index","follow":"follow","max-snippet":"max-snippet:-1","max-image-preview":"max-image-preview:large","max-video-preview":"max-video-preview:-1"},"canonical":"https:\/\/navegantesoceanicos.com\/pt-pt\/transmissao-vendee-globe-2024-navegantes-oceanicos\/","og_locale":"pt_PT","og_type":"article","og_title":"Transmiss\u00e3o da Vend\u00e9e Globe 2024 sobre \u201cNavegantes Oce\u00e2nicos\" - Navegantes Oce\u00e1nicos","og_description":"Vend\u00e9e Globe 2024 Broadcast en \"Navegantes Oce\u00e1nicos\"","og_url":"https:\/\/navegantesoceanicos.com\/pt-pt\/transmissao-vendee-globe-2024-navegantes-oceanicos\/","og_site_name":"Navegantes Oce\u00e1nicos","article_publisher":"https:\/\/www.facebook.com\/Navegantes-Oce%c3%a1nicos-112578593494698","article_modified_time":"2025-01-13T21:41:51+00:00","og_image":[{"width":1280,"height":800,"url":"https:\/\/navegantesoceanicos.com\/wp-content\/uploads\/2024\/11\/2024-Affiche-Officielle-Vendee-Globe.webp","type":"image\/webp"}],"twitter_misc":{"Tempo estimado de leitura":"1 minuto"},"schema":{"@context":"https:\/\/schema.org","@graph":[{"@type":"WebPage","@id":"https:\/\/navegantesoceanicos.com\/pt-pt\/transmissao-vendee-globe-2024-navegantes-oceanicos\/","url":"https:\/\/navegantesoceanicos.com\/pt-pt\/transmissao-vendee-globe-2024-navegantes-oceanicos\/","name":"Transmiss\u00e3o da Vend\u00e9e Globe 2024 sobre \u201cNavegantes Oce\u00e2nicos\" - Navegantes Oce\u00e1nicos","isPartOf":{"@id":"https:\/\/navegantesoceanicos.com\/pt-pt\/#website"},"primaryImageOfPage":{"@id":"https:\/\/navegantesoceanicos.com\/pt-pt\/transmissao-vendee-globe-2024-navegantes-oceanicos\/#primaryimage"},"image":{"@id":"https:\/\/navegantesoceanicos.com\/pt-pt\/transmissao-vendee-globe-2024-navegantes-oceanicos\/#primaryimage"},"thumbnailUrl":"https:\/\/navegantesoceanicos.com\/wp-content\/uploads\/2024\/11\/2024-Affiche-Officielle-Vendee-Globe.webp","datePublished":"2024-11-09T11:41:20+00:00","dateModified":"2025-01-13T21:41:51+00:00","description":"Vend\u00e9e Globe 2024 Broadcast en \"Navegantes Oce\u00e1nicos\"","breadcrumb":{"@id":"https:\/\/navegantesoceanicos.com\/pt-pt\/transmissao-vendee-globe-2024-navegantes-oceanicos\/#breadcrumb"},"inLanguage":"pt-PT","potentialAction":[{"@type":"ReadAction","target":["https:\/\/navegantesoceanicos.com\/pt-pt\/transmissao-vendee-globe-2024-navegantes-oceanicos\/"]}]},{"@type":"ImageObject","inLanguage":"pt-PT","@id":"https:\/\/navegantesoceanicos.com\/pt-pt\/transmissao-vendee-globe-2024-navegantes-oceanicos\/#primaryimage","url":"https:\/\/navegantesoceanicos.com\/wp-content\/uploads\/2024\/11\/2024-Affiche-Officielle-Vendee-Globe.webp","contentUrl":"https:\/\/navegantesoceanicos.com\/wp-content\/uploads\/2024\/11\/2024-Affiche-Officielle-Vendee-Globe.webp","width":1280,"height":800},{"@type":"BreadcrumbList","@id":"https:\/\/navegantesoceanicos.com\/pt-pt\/transmissao-vendee-globe-2024-navegantes-oceanicos\/#breadcrumb","itemListElement":[{"@type":"ListItem","position":1,"name":"Portada","item":"https:\/\/navegantesoceanicos.com\/pt-pt\/"},{"@type":"ListItem","position":2,"name":"Transmiss\u00e3o da Vend\u00e9e Globe 2024 sobre \u201cNavegantes Oce\u00e2nicos&#8221;"}]},{"@type":"WebSite","@id":"https:\/\/navegantesoceanicos.com\/pt-pt\/#website","url":"https:\/\/navegantesoceanicos.com\/pt-pt\/","name":"Navegantes Oce\u00e1nicos","description":"Navegantes oce\u00e1nicos, te ayudamos a navegar, para navegantes, tripulantes, regatistas y armadores, escuela n\u00e1utica, libros on-line sobre t\u00e1cticas y equipamiento para la navegaci\u00f3n a vela, fondear, atracar, el manejo de las velas, electricidad a bordo, navegaci\u00f3n con mal tiempo, rutas oce\u00e1nicas y mucho m\u00e1s","publisher":{"@id":"https:\/\/navegantesoceanicos.com\/pt-pt\/#organization"},"potentialAction":[{"@type":"SearchAction","target":{"@type":"EntryPoint","urlTemplate":"https:\/\/navegantesoceanicos.com\/pt-pt\/?s={search_term_string}"},"query-input":{"@type":"PropertyValueSpecification","valueRequired":true,"valueName":"search_term_string"}}],"inLanguage":"pt-PT"},{"@type":"Organization","@id":"https:\/\/navegantesoceanicos.com\/pt-pt\/#organization","name":"Navegantes Oce\u00e1nicos","url":"https:\/\/navegantesoceanicos.com\/pt-pt\/","logo":{"@type":"ImageObject","inLanguage":"pt-PT","@id":"https:\/\/navegantesoceanicos.com\/pt-pt\/#\/schema\/logo\/image\/","url":"https:\/\/navegantesoceanicos.com\/wp-content\/uploads\/2019\/12\/LOGO-NAVEGANTES-OCEANICOS.png","contentUrl":"https:\/\/navegantesoceanicos.com\/wp-content\/uploads\/2019\/12\/LOGO-NAVEGANTES-OCEANICOS.png","width":1010,"height":814,"caption":"Navegantes Oce\u00e1nicos"},"image":{"@id":"https:\/\/navegantesoceanicos.com\/pt-pt\/#\/schema\/logo\/image\/"},"sameAs":["https:\/\/www.facebook.com\/Navegantes-Oce\u00e1nicos-112578593494698","https:\/\/www.instagram.com\/navegantes_oceanicos\/?hl=es","https:\/\/www.youtube.com\/channel\/UCXgDL_6xqE7rpdwNXRmzF_Q\/featured"]}]}},"rttpg_featured_image_url":{"full":["https:\/\/navegantesoceanicos.com\/wp-content\/uploads\/2024\/11\/2024-Affiche-Officielle-Vendee-Globe.webp",1280,800,false],"landscape":["https:\/\/navegantesoceanicos.com\/wp-content\/uploads\/2024\/11\/2024-Affiche-Officielle-Vendee-Globe.webp",1280,800,false],"portraits":["https:\/\/navegantesoceanicos.com\/wp-content\/uploads\/2024\/11\/2024-Affiche-Officielle-Vendee-Globe.webp",1280,800,false],"thumbnail":["https:\/\/navegantesoceanicos.com\/wp-content\/uploads\/2024\/11\/2024-Affiche-Officielle-Vendee-Globe-150x150.webp",150,150,true],"medium":["https:\/\/navegantesoceanicos.com\/wp-content\/uploads\/2024\/11\/2024-Affiche-Officielle-Vendee-Globe-300x188.webp",300,188,true],"large":["https:\/\/navegantesoceanicos.com\/wp-content\/uploads\/2024\/11\/2024-Affiche-Officielle-Vendee-Globe-1024x640.webp",1024,640,true],"1536x1536":["https:\/\/navegantesoceanicos.com\/wp-content\/uploads\/2024\/11\/2024-Affiche-Officielle-Vendee-Globe.webp",1280,800,false],"2048x2048":["https:\/\/navegantesoceanicos.com\/wp-content\/uploads\/2024\/11\/2024-Affiche-Officielle-Vendee-Globe.webp",1280,800,false],"smart-post-landscape":["https:\/\/navegantesoceanicos.com\/wp-content\/uploads\/2024\/11\/2024-Affiche-Officielle-Vendee-Globe.webp",870,544,false],"smart-post-portrait":["https:\/\/navegantesoceanicos.com\/wp-content\/uploads\/2024\/11\/2024-Affiche-Officielle-Vendee-Globe.webp",600,375,false],"et-builder-post-main-image":["https:\/\/navegantesoceanicos.com\/wp-content\/uploads\/2024\/11\/2024-Affiche-Officielle-Vendee-Globe-400x250.webp",400,250,true],"et-builder-post-main-image-fullwidth":["https:\/\/navegantesoceanicos.com\/wp-content\/uploads\/2024\/11\/2024-Affiche-Officielle-Vendee-Globe-1080x675.webp",1080,675,true],"et-builder-portfolio-image":["https:\/\/navegantesoceanicos.com\/wp-content\/uploads\/2024\/11\/2024-Affiche-Officielle-Vendee-Globe-400x284.webp",400,284,true],"et-builder-portfolio-image-single":["https:\/\/navegantesoceanicos.com\/wp-content\/uploads\/2024\/11\/2024-Affiche-Officielle-Vendee-Globe-1080x675.webp",1080,675,true],"et-builder-gallery-image-portrait":["https:\/\/navegantesoceanicos.com\/wp-content\/uploads\/2024\/11\/2024-Affiche-Officielle-Vendee-Globe-400x516.webp",400,516,true],"extra-image-huge":["https:\/\/navegantesoceanicos.com\/wp-content\/uploads\/2024\/11\/2024-Affiche-Officielle-Vendee-Globe-1280x768.webp",1280,768,true],"extra-image-single-post":["https:\/\/navegantesoceanicos.com\/wp-content\/uploads\/2024\/11\/2024-Affiche-Officielle-Vendee-Globe-1280x640.webp",1280,640,true],"extra-image-medium":["https:\/\/navegantesoceanicos.com\/wp-content\/uploads\/2024\/11\/2024-Affiche-Officielle-Vendee-Globe-627x376.webp",627,376,true],"extra-image-small":["https:\/\/navegantesoceanicos.com\/wp-content\/uploads\/2024\/11\/2024-Affiche-Officielle-Vendee-Globe-440x264.webp",440,264,true],"extra-image-square-medium":["https:\/\/navegantesoceanicos.com\/wp-content\/uploads\/2024\/11\/2024-Affiche-Officielle-Vendee-Globe-440x440.webp",440,440,true],"extra-image-square-small":["https:\/\/navegantesoceanicos.com\/wp-content\/uploads\/2024\/11\/2024-Affiche-Officielle-Vendee-Globe-150x150.webp",150,150,true],"woocommerce_thumbnail":["https:\/\/navegantesoceanicos.com\/wp-content\/uploads\/2024\/11\/2024-Affiche-Officielle-Vendee-Globe-300x188.webp",300,188,true],"woocommerce_single":["https:\/\/navegantesoceanicos.com\/wp-content\/uploads\/2024\/11\/2024-Affiche-Officielle-Vendee-Globe-600x375.webp",600,375,true],"woocommerce_gallery_thumbnail":["https:\/\/navegantesoceanicos.com\/wp-content\/uploads\/2024\/11\/2024-Affiche-Officielle-Vendee-Globe-100x100.webp",100,100,true],"dgwt-wcas-product-suggestion":["https:\/\/navegantesoceanicos.com\/wp-content\/uploads\/2024\/11\/2024-Affiche-Officielle-Vendee-Globe-64x40.webp",64,40,true]},"rttpg_author":{"display_name":"Juan Gonz\u00e1lez-Aller Lacalle","author_link":"https:\/\/navegantesoceanicos.com\/pt-pt\/author\/juan-director\/"},"rttpg_comment":0,"rttpg_category":" <a href=\"https:\/\/navegantesoceanicos.com\/pt-pt\/?taxonomy=translation_priority&#038;term=opcional-pt-pt\" rel=\"tag\">Opcional<\/a>","rttpg_excerpt":"Vend\u00e9e Globe 2024 Broadcast on \u201cBluewater Sailors\u201d","_links":{"self":[{"href":"https:\/\/navegantesoceanicos.com\/pt-pt\/wp-json\/wp\/v2\/pages\/38017","targetHints":{"allow":["GET"]}}],"collection":[{"href":"https:\/\/navegantesoceanicos.com\/pt-pt\/wp-json\/wp\/v2\/pages"}],"about":[{"href":"https:\/\/navegantesoceanicos.com\/pt-pt\/wp-json\/wp\/v2\/types\/page"}],"author":[{"embeddable":true,"href":"https:\/\/navegantesoceanicos.com\/pt-pt\/wp-json\/wp\/v2\/users\/2"}],"replies":[{"embeddable":true,"href":"https:\/\/navegantesoceanicos.com\/pt-pt\/wp-json\/wp\/v2\/comments?post=38017"}],"version-history":[{"count":0,"href":"https:\/\/navegantesoceanicos.com\/pt-pt\/wp-json\/wp\/v2\/pages\/38017\/revisions"}],"wp:featuredmedia":[{"embeddable":true,"href":"https:\/\/navegantesoceanicos.com\/pt-pt\/wp-json\/wp\/v2\/media\/34366"}],"wp:attachment":[{"href":"https:\/\/navegantesoceanicos.com\/pt-pt\/wp-json\/wp\/v2\/media?parent=38017"}],"curies":[{"name":"wp","href":"https:\/\/api.w.org\/{rel}","templated":true}]}}