{"id":43596,"date":"2025-11-04T21:46:32","date_gmt":"2025-11-04T21:46:32","guid":{"rendered":"https:\/\/navegantesoceanicos.com\/vuelta-vertical\/"},"modified":"2025-11-04T22:17:45","modified_gmt":"2025-11-04T22:17:45","slug":"vuelta-vertical","status":"publish","type":"page","link":"https:\/\/navegantesoceanicos.com\/pt-pt\/vuelta-vertical\/","title":{"rendered":"Vuelta Vertical"},"content":{"rendered":"","protected":false},"excerpt":{"rendered":"<p>Expedici\u00f3n JJ 23 &#8220;Jorge Juan, Marino Ilustre&#8221;<\/p>\n","protected":false},"author":2,"featured_media":43166,"parent":0,"menu_order":0,"comment_status":"closed","ping_status":"closed","template":"page-template-blog-feed.php","meta":{"_et_pb_use_builder":"","_et_pb_old_content":"","_et_gb_content_width":"","footnotes":"","_wp_rev_ctl_limit":""},"class_list":["post-43596","page","type-page","status-publish","has-post-thumbnail","hentry"],"yoast_head":"<!-- This site is optimized with the Yoast SEO plugin v27.2 - https:\/\/yoast.com\/product\/yoast-seo-wordpress\/ -->\n<title>Vuelta Vertical - Navegantes Oce\u00e1nicos<\/title>\n<meta name=\"description\" content=\"Navegantes oce\u00e1nicos, web con contenidos para apasionados por la mar, tripulantes, regatistas, patrones o armadores.\" \/>\n<meta name=\"robots\" content=\"index, follow, max-snippet:-1, max-image-preview:large, max-video-preview:-1\" \/>\n<link rel=\"canonical\" href=\"https:\/\/navegantesoceanicos.com\/pt-pt\/vuelta-vertical\/\" \/>\n<meta property=\"og:locale\" content=\"pt_PT\" \/>\n<meta property=\"og:type\" content=\"article\" \/>\n<meta property=\"og:title\" content=\"Vuelta Vertical - Navegantes Oce\u00e1nicos\" \/>\n<meta property=\"og:description\" content=\"Navegantes oce\u00e1nicos, web con contenidos para apasionados por la mar, tripulantes, regatistas, patrones o armadores.\" \/>\n<meta property=\"og:url\" content=\"https:\/\/navegantesoceanicos.com\/pt-pt\/vuelta-vertical\/\" \/>\n<meta property=\"og:site_name\" content=\"Navegantes Oce\u00e1nicos\" \/>\n<meta property=\"article:publisher\" content=\"https:\/\/www.facebook.com\/Navegantes-Oce%c3%a1nicos-112578593494698\" \/>\n<meta property=\"article:modified_time\" content=\"2025-11-04T22:17:45+00:00\" \/>\n<meta property=\"og:image\" content=\"https:\/\/navegantesoceanicos.com\/wp-content\/uploads\/2025\/10\/MapaMundi_Ruta_VueltaVertical-scaled.jpg\" \/>\n\t<meta property=\"og:image:width\" content=\"2560\" \/>\n\t<meta property=\"og:image:height\" content=\"1440\" \/>\n\t<meta property=\"og:image:type\" content=\"image\/jpeg\" \/>\n<meta name=\"twitter:label1\" content=\"Tempo estimado de leitura\" \/>\n\t<meta name=\"twitter:data1\" content=\"1 minuto\" \/>\n<script type=\"application\/ld+json\" class=\"yoast-schema-graph\">{\"@context\":\"https:\/\/schema.org\",\"@graph\":[{\"@type\":\"WebPage\",\"@id\":\"https:\/\/navegantesoceanicos.com\/pt-pt\/vuelta-vertical\/\",\"url\":\"https:\/\/navegantesoceanicos.com\/pt-pt\/vuelta-vertical\/\",\"name\":\"Vuelta Vertical - Navegantes Oce\u00e1nicos\",\"isPartOf\":{\"@id\":\"https:\/\/navegantesoceanicos.com\/pt-pt\/#website\"},\"primaryImageOfPage\":{\"@id\":\"https:\/\/navegantesoceanicos.com\/pt-pt\/vuelta-vertical\/#primaryimage\"},\"image\":{\"@id\":\"https:\/\/navegantesoceanicos.com\/pt-pt\/vuelta-vertical\/#primaryimage\"},\"thumbnailUrl\":\"https:\/\/navegantesoceanicos.com\/wp-content\/uploads\/2025\/10\/MapaMundi_Ruta_VueltaVertical-scaled.jpg\",\"datePublished\":\"2025-11-04T21:46:32+00:00\",\"dateModified\":\"2025-11-04T22:17:45+00:00\",\"description\":\"Navegantes oce\u00e1nicos, web con contenidos para apasionados por la mar, tripulantes, regatistas, patrones o armadores.\",\"breadcrumb\":{\"@id\":\"https:\/\/navegantesoceanicos.com\/pt-pt\/vuelta-vertical\/#breadcrumb\"},\"inLanguage\":\"pt-PT\",\"potentialAction\":[{\"@type\":\"ReadAction\",\"target\":[\"https:\/\/navegantesoceanicos.com\/pt-pt\/vuelta-vertical\/\"]}]},{\"@type\":\"ImageObject\",\"inLanguage\":\"pt-PT\",\"@id\":\"https:\/\/navegantesoceanicos.com\/pt-pt\/vuelta-vertical\/#primaryimage\",\"url\":\"https:\/\/navegantesoceanicos.com\/wp-content\/uploads\/2025\/10\/MapaMundi_Ruta_VueltaVertical-scaled.jpg\",\"contentUrl\":\"https:\/\/navegantesoceanicos.com\/wp-content\/uploads\/2025\/10\/MapaMundi_Ruta_VueltaVertical-scaled.jpg\",\"width\":2560,\"height\":1440},{\"@type\":\"BreadcrumbList\",\"@id\":\"https:\/\/navegantesoceanicos.com\/pt-pt\/vuelta-vertical\/#breadcrumb\",\"itemListElement\":[{\"@type\":\"ListItem\",\"position\":1,\"name\":\"Portada\",\"item\":\"https:\/\/navegantesoceanicos.com\/pt-pt\/\"},{\"@type\":\"ListItem\",\"position\":2,\"name\":\"Vuelta Vertical\"}]},{\"@type\":\"WebSite\",\"@id\":\"https:\/\/navegantesoceanicos.com\/pt-pt\/#website\",\"url\":\"https:\/\/navegantesoceanicos.com\/pt-pt\/\",\"name\":\"Navegantes Oce\u00e1nicos\",\"description\":\"Navegantes oce\u00e1nicos, te ayudamos a navegar, para navegantes, tripulantes, regatistas y armadores, escuela n\u00e1utica, libros on-line sobre t\u00e1cticas y equipamiento para la navegaci\u00f3n a vela, fondear, atracar, el manejo de las velas, electricidad a bordo, navegaci\u00f3n con mal tiempo, rutas oce\u00e1nicas y mucho m\u00e1s\",\"publisher\":{\"@id\":\"https:\/\/navegantesoceanicos.com\/pt-pt\/#organization\"},\"potentialAction\":[{\"@type\":\"SearchAction\",\"target\":{\"@type\":\"EntryPoint\",\"urlTemplate\":\"https:\/\/navegantesoceanicos.com\/pt-pt\/?s={search_term_string}\"},\"query-input\":{\"@type\":\"PropertyValueSpecification\",\"valueRequired\":true,\"valueName\":\"search_term_string\"}}],\"inLanguage\":\"pt-PT\"},{\"@type\":\"Organization\",\"@id\":\"https:\/\/navegantesoceanicos.com\/pt-pt\/#organization\",\"name\":\"Navegantes Oce\u00e1nicos\",\"url\":\"https:\/\/navegantesoceanicos.com\/pt-pt\/\",\"logo\":{\"@type\":\"ImageObject\",\"inLanguage\":\"pt-PT\",\"@id\":\"https:\/\/navegantesoceanicos.com\/pt-pt\/#\/schema\/logo\/image\/\",\"url\":\"https:\/\/navegantesoceanicos.com\/wp-content\/uploads\/2019\/12\/LOGO-NAVEGANTES-OCEANICOS.png\",\"contentUrl\":\"https:\/\/navegantesoceanicos.com\/wp-content\/uploads\/2019\/12\/LOGO-NAVEGANTES-OCEANICOS.png\",\"width\":1010,\"height\":814,\"caption\":\"Navegantes Oce\u00e1nicos\"},\"image\":{\"@id\":\"https:\/\/navegantesoceanicos.com\/pt-pt\/#\/schema\/logo\/image\/\"},\"sameAs\":[\"https:\/\/www.facebook.com\/Navegantes-Oce\u00e1nicos-112578593494698\",\"https:\/\/www.instagram.com\/navegantes_oceanicos\/?hl=es\",\"https:\/\/www.youtube.com\/channel\/UCXgDL_6xqE7rpdwNXRmzF_Q\/featured\"]}]}<\/script>\n<!-- \/ Yoast SEO plugin. -->","yoast_head_json":{"title":"Vuelta Vertical - Navegantes Oce\u00e1nicos","description":"Navegantes oce\u00e1nicos, web con contenidos para apasionados por la mar, tripulantes, regatistas, patrones o armadores.","robots":{"index":"index","follow":"follow","max-snippet":"max-snippet:-1","max-image-preview":"max-image-preview:large","max-video-preview":"max-video-preview:-1"},"canonical":"https:\/\/navegantesoceanicos.com\/pt-pt\/vuelta-vertical\/","og_locale":"pt_PT","og_type":"article","og_title":"Vuelta Vertical - Navegantes Oce\u00e1nicos","og_description":"Navegantes oce\u00e1nicos, web con contenidos para apasionados por la mar, tripulantes, regatistas, patrones o armadores.","og_url":"https:\/\/navegantesoceanicos.com\/pt-pt\/vuelta-vertical\/","og_site_name":"Navegantes Oce\u00e1nicos","article_publisher":"https:\/\/www.facebook.com\/Navegantes-Oce%c3%a1nicos-112578593494698","article_modified_time":"2025-11-04T22:17:45+00:00","og_image":[{"width":2560,"height":1440,"url":"https:\/\/navegantesoceanicos.com\/wp-content\/uploads\/2025\/10\/MapaMundi_Ruta_VueltaVertical-scaled.jpg","type":"image\/jpeg"}],"twitter_misc":{"Tempo estimado de leitura":"1 minuto"},"schema":{"@context":"https:\/\/schema.org","@graph":[{"@type":"WebPage","@id":"https:\/\/navegantesoceanicos.com\/pt-pt\/vuelta-vertical\/","url":"https:\/\/navegantesoceanicos.com\/pt-pt\/vuelta-vertical\/","name":"Vuelta Vertical - Navegantes Oce\u00e1nicos","isPartOf":{"@id":"https:\/\/navegantesoceanicos.com\/pt-pt\/#website"},"primaryImageOfPage":{"@id":"https:\/\/navegantesoceanicos.com\/pt-pt\/vuelta-vertical\/#primaryimage"},"image":{"@id":"https:\/\/navegantesoceanicos.com\/pt-pt\/vuelta-vertical\/#primaryimage"},"thumbnailUrl":"https:\/\/navegantesoceanicos.com\/wp-content\/uploads\/2025\/10\/MapaMundi_Ruta_VueltaVertical-scaled.jpg","datePublished":"2025-11-04T21:46:32+00:00","dateModified":"2025-11-04T22:17:45+00:00","description":"Navegantes oce\u00e1nicos, web con contenidos para apasionados por la mar, tripulantes, regatistas, patrones o armadores.","breadcrumb":{"@id":"https:\/\/navegantesoceanicos.com\/pt-pt\/vuelta-vertical\/#breadcrumb"},"inLanguage":"pt-PT","potentialAction":[{"@type":"ReadAction","target":["https:\/\/navegantesoceanicos.com\/pt-pt\/vuelta-vertical\/"]}]},{"@type":"ImageObject","inLanguage":"pt-PT","@id":"https:\/\/navegantesoceanicos.com\/pt-pt\/vuelta-vertical\/#primaryimage","url":"https:\/\/navegantesoceanicos.com\/wp-content\/uploads\/2025\/10\/MapaMundi_Ruta_VueltaVertical-scaled.jpg","contentUrl":"https:\/\/navegantesoceanicos.com\/wp-content\/uploads\/2025\/10\/MapaMundi_Ruta_VueltaVertical-scaled.jpg","width":2560,"height":1440},{"@type":"BreadcrumbList","@id":"https:\/\/navegantesoceanicos.com\/pt-pt\/vuelta-vertical\/#breadcrumb","itemListElement":[{"@type":"ListItem","position":1,"name":"Portada","item":"https:\/\/navegantesoceanicos.com\/pt-pt\/"},{"@type":"ListItem","position":2,"name":"Vuelta Vertical"}]},{"@type":"WebSite","@id":"https:\/\/navegantesoceanicos.com\/pt-pt\/#website","url":"https:\/\/navegantesoceanicos.com\/pt-pt\/","name":"Navegantes Oce\u00e1nicos","description":"Navegantes oce\u00e1nicos, te ayudamos a navegar, para navegantes, tripulantes, regatistas y armadores, escuela n\u00e1utica, libros on-line sobre t\u00e1cticas y equipamiento para la navegaci\u00f3n a vela, fondear, atracar, el manejo de las velas, electricidad a bordo, navegaci\u00f3n con mal tiempo, rutas oce\u00e1nicas y mucho m\u00e1s","publisher":{"@id":"https:\/\/navegantesoceanicos.com\/pt-pt\/#organization"},"potentialAction":[{"@type":"SearchAction","target":{"@type":"EntryPoint","urlTemplate":"https:\/\/navegantesoceanicos.com\/pt-pt\/?s={search_term_string}"},"query-input":{"@type":"PropertyValueSpecification","valueRequired":true,"valueName":"search_term_string"}}],"inLanguage":"pt-PT"},{"@type":"Organization","@id":"https:\/\/navegantesoceanicos.com\/pt-pt\/#organization","name":"Navegantes Oce\u00e1nicos","url":"https:\/\/navegantesoceanicos.com\/pt-pt\/","logo":{"@type":"ImageObject","inLanguage":"pt-PT","@id":"https:\/\/navegantesoceanicos.com\/pt-pt\/#\/schema\/logo\/image\/","url":"https:\/\/navegantesoceanicos.com\/wp-content\/uploads\/2019\/12\/LOGO-NAVEGANTES-OCEANICOS.png","contentUrl":"https:\/\/navegantesoceanicos.com\/wp-content\/uploads\/2019\/12\/LOGO-NAVEGANTES-OCEANICOS.png","width":1010,"height":814,"caption":"Navegantes Oce\u00e1nicos"},"image":{"@id":"https:\/\/navegantesoceanicos.com\/pt-pt\/#\/schema\/logo\/image\/"},"sameAs":["https:\/\/www.facebook.com\/Navegantes-Oce\u00e1nicos-112578593494698","https:\/\/www.instagram.com\/navegantes_oceanicos\/?hl=es","https:\/\/www.youtube.com\/channel\/UCXgDL_6xqE7rpdwNXRmzF_Q\/featured"]}]}},"rttpg_featured_image_url":{"full":["https:\/\/navegantesoceanicos.com\/wp-content\/uploads\/2025\/10\/MapaMundi_Ruta_VueltaVertical-scaled.jpg",2560,1440,false],"landscape":["https:\/\/navegantesoceanicos.com\/wp-content\/uploads\/2025\/10\/MapaMundi_Ruta_VueltaVertical-scaled.jpg",2560,1440,false],"portraits":["https:\/\/navegantesoceanicos.com\/wp-content\/uploads\/2025\/10\/MapaMundi_Ruta_VueltaVertical-scaled.jpg",2560,1440,false],"thumbnail":["https:\/\/navegantesoceanicos.com\/wp-content\/uploads\/2025\/10\/MapaMundi_Ruta_VueltaVertical-150x150.jpg",150,150,true],"medium":["https:\/\/navegantesoceanicos.com\/wp-content\/uploads\/2025\/10\/MapaMundi_Ruta_VueltaVertical-300x169.jpg",300,169,true],"large":["https:\/\/navegantesoceanicos.com\/wp-content\/uploads\/2025\/10\/MapaMundi_Ruta_VueltaVertical-1024x576.jpg",1024,576,true],"1536x1536":["https:\/\/navegantesoceanicos.com\/wp-content\/uploads\/2025\/10\/MapaMundi_Ruta_VueltaVertical-1536x864.jpg",1536,864,true],"2048x2048":["https:\/\/navegantesoceanicos.com\/wp-content\/uploads\/2025\/10\/MapaMundi_Ruta_VueltaVertical-2048x1152.jpg",2048,1152,true],"et-builder-post-main-image":["https:\/\/navegantesoceanicos.com\/wp-content\/uploads\/2025\/10\/MapaMundi_Ruta_VueltaVertical-400x250.jpg",400,250,true],"et-builder-post-main-image-fullwidth":["https:\/\/navegantesoceanicos.com\/wp-content\/uploads\/2025\/10\/MapaMundi_Ruta_VueltaVertical-1080x675.jpg",1080,675,true],"et-builder-portfolio-image":["https:\/\/navegantesoceanicos.com\/wp-content\/uploads\/2025\/10\/MapaMundi_Ruta_VueltaVertical-400x284.jpg",400,284,true],"et-builder-portfolio-image-single":["https:\/\/navegantesoceanicos.com\/wp-content\/uploads\/2025\/10\/MapaMundi_Ruta_VueltaVertical-1080x607.jpg",1080,607,true],"et-builder-gallery-image-portrait":["https:\/\/navegantesoceanicos.com\/wp-content\/uploads\/2025\/10\/MapaMundi_Ruta_VueltaVertical-400x516.jpg",400,516,true],"extra-image-huge":["https:\/\/navegantesoceanicos.com\/wp-content\/uploads\/2025\/10\/MapaMundi_Ruta_VueltaVertical-1280x768.jpg",1280,768,true],"extra-image-single-post":["https:\/\/navegantesoceanicos.com\/wp-content\/uploads\/2025\/10\/MapaMundi_Ruta_VueltaVertical-1280x640.jpg",1280,640,true],"extra-image-medium":["https:\/\/navegantesoceanicos.com\/wp-content\/uploads\/2025\/10\/MapaMundi_Ruta_VueltaVertical-627x376.jpg",627,376,true],"extra-image-small":["https:\/\/navegantesoceanicos.com\/wp-content\/uploads\/2025\/10\/MapaMundi_Ruta_VueltaVertical-440x264.jpg",440,264,true],"extra-image-square-medium":["https:\/\/navegantesoceanicos.com\/wp-content\/uploads\/2025\/10\/MapaMundi_Ruta_VueltaVertical-440x440.jpg",440,440,true],"extra-image-square-small":["https:\/\/navegantesoceanicos.com\/wp-content\/uploads\/2025\/10\/MapaMundi_Ruta_VueltaVertical-150x150.jpg",150,150,true],"woocommerce_thumbnail":["https:\/\/navegantesoceanicos.com\/wp-content\/uploads\/2025\/10\/MapaMundi_Ruta_VueltaVertical-300x169.jpg",300,169,true],"woocommerce_single":["https:\/\/navegantesoceanicos.com\/wp-content\/uploads\/2025\/10\/MapaMundi_Ruta_VueltaVertical-600x337.jpg",600,337,true],"woocommerce_gallery_thumbnail":["https:\/\/navegantesoceanicos.com\/wp-content\/uploads\/2025\/10\/MapaMundi_Ruta_VueltaVertical-100x100.jpg",100,100,true],"dgwt-wcas-product-suggestion":["https:\/\/navegantesoceanicos.com\/wp-content\/uploads\/2025\/10\/MapaMundi_Ruta_VueltaVertical-64x36.jpg",64,36,true]},"rttpg_author":{"display_name":"Juan Gonz\u00e1lez-Aller Lacalle","author_link":"https:\/\/navegantesoceanicos.com\/pt-pt\/author\/juan-director\/"},"rttpg_comment":0,"rttpg_category":" <a href=\"https:\/\/navegantesoceanicos.com\/pt-pt\/?taxonomy=translation_priority&#038;term=opcional-pt-pt\" rel=\"tag\">Opcional<\/a>","rttpg_excerpt":"Expedici\u00f3n JJ 23 \"Jorge Juan, Marino Ilustre\"","_links":{"self":[{"href":"https:\/\/navegantesoceanicos.com\/pt-pt\/wp-json\/wp\/v2\/pages\/43596","targetHints":{"allow":["GET"]}}],"collection":[{"href":"https:\/\/navegantesoceanicos.com\/pt-pt\/wp-json\/wp\/v2\/pages"}],"about":[{"href":"https:\/\/navegantesoceanicos.com\/pt-pt\/wp-json\/wp\/v2\/types\/page"}],"author":[{"embeddable":true,"href":"https:\/\/navegantesoceanicos.com\/pt-pt\/wp-json\/wp\/v2\/users\/2"}],"replies":[{"embeddable":true,"href":"https:\/\/navegantesoceanicos.com\/pt-pt\/wp-json\/wp\/v2\/comments?post=43596"}],"version-history":[{"count":0,"href":"https:\/\/navegantesoceanicos.com\/pt-pt\/wp-json\/wp\/v2\/pages\/43596\/revisions"}],"wp:featuredmedia":[{"embeddable":true,"href":"https:\/\/navegantesoceanicos.com\/pt-pt\/wp-json\/wp\/v2\/media\/43166"}],"wp:attachment":[{"href":"https:\/\/navegantesoceanicos.com\/pt-pt\/wp-json\/wp\/v2\/media?parent=43596"}],"curies":[{"name":"wp","href":"https:\/\/api.w.org\/{rel}","templated":true}]}}