{"id":16677,"date":"2022-05-02T08:25:20","date_gmt":"2022-05-02T08:25:20","guid":{"rendered":"https:\/\/navegantesoceanicos.com\/?post_type=product&#038;p=16677"},"modified":"2025-09-13T18:43:44","modified_gmt":"2025-09-13T18:43:44","slug":"manual-patron-yate-amazon","status":"publish","type":"product","link":"https:\/\/navegantesoceanicos.com\/pt-pt\/producto\/manual-patron-yate-amazon\/","title":{"rendered":"Manual del Patr\u00f3n de Yate (amazon tapa blanda)"},"content":{"rendered":"<p style=\"text-align: center;\"><strong>Manual del Patr\u00f3n de Yate.<\/strong><\/p>\n<p style=\"text-align: center;\">Amazon formato impreso en papel tapa blanda. Ilustraciones en color. 158 p\u00e1ginas.<\/p>\n<p style=\"text-align: center;\">Adaptado al temario oficial, conforme al R.D. 875 \/2014.<\/p>\n<p style=\"text-align: center;\">El manual abarca el temario completo, con dibujos y explicaciones detalladas en todas las unidades te\u00f3ricas, para preparar en profundidad y con comodidad el examen te\u00f3rico de Patr\u00f3n de Yate.<\/p>\n<p style=\"text-align: center;\">Problemas resueltos paso a paso en la carta n\u00e1utica.<\/p>\n<p style=\"text-align: center;\">Incluye c\u00f3digos QR con enlaces a videos descriptivos del temario completo de Patr\u00f3n de Yate.<\/p>\n<p style=\"text-align: center;\">Complementado con ex\u00e1menes de test en la web de &#8220;Navegantes Oce\u00e1nicos&#8221;.<\/p>\n<p style=\"text-align: center;\">Actualizado en diciembre de 2023.<\/p>\n","protected":false},"excerpt":{"rendered":"<p style=\"text-align: center;\"><strong>Manual del Patr\u00f3n de Yate.<\/strong><\/p>\n<p style=\"text-align: center;\">Amazon formato impreso con tapa blanda. Ilustraciones en color. 158 p\u00e1ginas.<\/p>\n<p style=\"text-align: center;\">Adaptado al temario oficial, conforme al R.D. 875 \/2014.<\/p>\n<p style=\"text-align: center;\">Manual del Patr\u00f3n de Yate abarca el temario completo, con dibujos y explicaciones detalladas en todas las unidades te\u00f3ricas, para preparar en profundidad y con comodidad el examen te\u00f3rico de Patr\u00f3n de Yate.<\/p>\n<p style=\"text-align: center;\">Problemas resueltos paso a paso en la carta n\u00e1utica.<\/p>\n<p style=\"text-align: center;\">Incluye c\u00f3digos QR con enlaces a videos descriptivos del temario completo de Patr\u00f3n de Yate.<\/p>\n<p style=\"text-align: center;\">Complementado con v\u00eddeos descriptivos y ex\u00e1menes de test en la web de &#8220;Navegantes Oce\u00e1nicos&#8221;.<\/p>\n<p style=\"text-align: center;\">Actualizado en diciembre 2023.<\/p>\n","protected":false},"featured_media":16673,"comment_status":"open","ping_status":"closed","template":"","meta":{"_et_pb_use_builder":"","_et_pb_old_content":"","_et_gb_content_width":""},"product_brand":[],"product_cat":[59],"product_tag":[],"class_list":{"0":"post-16677","1":"product","2":"type-product","3":"status-publish","4":"has-post-thumbnail","6":"product_cat-escuela-nautica","8":"first","9":"instock","10":"taxable","11":"shipping-taxable","12":"product-type-external"},"yoast_head":"<!-- This site is optimized with the Yoast SEO plugin v27.3 - https:\/\/yoast.com\/product\/yoast-seo-wordpress\/ -->\n<title>Manual del Patr\u00f3n de Yate (amazon tapa blanda) - Navegantes Oce\u00e1nicos<\/title>\n<meta name=\"description\" content=\"Manual del Patr\u00f3n de Yate, publicado en Amazon en formato tapa blanda (en color). 158 p\u00e1ginas, y adaptado al temario oficial (R.D. 875 \/2014).\" \/>\n<meta name=\"robots\" content=\"index, follow, max-snippet:-1, max-image-preview:large, max-video-preview:-1\" \/>\n<link rel=\"canonical\" href=\"https:\/\/navegantesoceanicos.com\/pt-pt\/producto\/manual-patron-yate-amazon\/\" \/>\n<meta property=\"og:locale\" content=\"pt_PT\" \/>\n<meta property=\"og:type\" content=\"article\" \/>\n<meta property=\"og:title\" content=\"Manual del Patr\u00f3n de Yate (amazon tapa blanda) - Navegantes Oce\u00e1nicos\" \/>\n<meta property=\"og:description\" content=\"Manual del Patr\u00f3n de Yate, publicado en Amazon en formato tapa blanda (en color). 158 p\u00e1ginas, y adaptado al temario oficial (R.D. 875 \/2014).\" \/>\n<meta property=\"og:url\" content=\"https:\/\/navegantesoceanicos.com\/pt-pt\/producto\/manual-patron-yate-amazon\/\" \/>\n<meta property=\"og:site_name\" content=\"Navegantes Oce\u00e1nicos\" \/>\n<meta property=\"article:publisher\" content=\"https:\/\/www.facebook.com\/Navegantes-Oce%c3%a1nicos-112578593494698\" \/>\n<meta property=\"article:modified_time\" content=\"2025-09-13T18:43:44+00:00\" \/>\n<meta property=\"og:image\" content=\"https:\/\/navegantesoceanicos.com\/wp-content\/uploads\/2022\/05\/Manual-del-Patron-de-Yate.jpg\" \/>\n\t<meta property=\"og:image:width\" content=\"890\" \/>\n\t<meta property=\"og:image:height\" content=\"1287\" \/>\n\t<meta property=\"og:image:type\" content=\"image\/jpeg\" \/>\n<meta name=\"twitter:label1\" content=\"Tempo estimado de leitura\" \/>\n\t<meta name=\"twitter:data1\" content=\"1 minuto\" \/>\n<script type=\"application\/ld+json\" class=\"yoast-schema-graph\">{\"@context\":\"https:\\\/\\\/schema.org\",\"@graph\":[{\"@type\":\"WebPage\",\"@id\":\"https:\\\/\\\/navegantesoceanicos.com\\\/pt-pt\\\/producto\\\/manual-patron-yate-amazon\\\/\",\"url\":\"https:\\\/\\\/navegantesoceanicos.com\\\/pt-pt\\\/producto\\\/manual-patron-yate-amazon\\\/\",\"name\":\"Manual del Patr\u00f3n de Yate (amazon tapa blanda) - Navegantes Oce\u00e1nicos\",\"isPartOf\":{\"@id\":\"https:\\\/\\\/navegantesoceanicos.com\\\/pt-pt\\\/#website\"},\"primaryImageOfPage\":{\"@id\":\"https:\\\/\\\/navegantesoceanicos.com\\\/pt-pt\\\/producto\\\/manual-patron-yate-amazon\\\/#primaryimage\"},\"image\":{\"@id\":\"https:\\\/\\\/navegantesoceanicos.com\\\/pt-pt\\\/producto\\\/manual-patron-yate-amazon\\\/#primaryimage\"},\"thumbnailUrl\":\"https:\\\/\\\/navegantesoceanicos.com\\\/wp-content\\\/uploads\\\/2022\\\/05\\\/Manual-del-Patron-de-Yate.jpg\",\"datePublished\":\"2022-05-02T08:25:20+00:00\",\"dateModified\":\"2025-09-13T18:43:44+00:00\",\"description\":\"Manual del Patr\u00f3n de Yate, publicado en Amazon en formato tapa blanda (en color). 158 p\u00e1ginas, y adaptado al temario oficial (R.D. 875 \\\/2014).\",\"breadcrumb\":{\"@id\":\"https:\\\/\\\/navegantesoceanicos.com\\\/pt-pt\\\/producto\\\/manual-patron-yate-amazon\\\/#breadcrumb\"},\"inLanguage\":\"pt-PT\",\"potentialAction\":[{\"@type\":\"ReadAction\",\"target\":[\"https:\\\/\\\/navegantesoceanicos.com\\\/pt-pt\\\/producto\\\/manual-patron-yate-amazon\\\/\"]}]},{\"@type\":\"ImageObject\",\"inLanguage\":\"pt-PT\",\"@id\":\"https:\\\/\\\/navegantesoceanicos.com\\\/pt-pt\\\/producto\\\/manual-patron-yate-amazon\\\/#primaryimage\",\"url\":\"https:\\\/\\\/navegantesoceanicos.com\\\/wp-content\\\/uploads\\\/2022\\\/05\\\/Manual-del-Patron-de-Yate.jpg\",\"contentUrl\":\"https:\\\/\\\/navegantesoceanicos.com\\\/wp-content\\\/uploads\\\/2022\\\/05\\\/Manual-del-Patron-de-Yate.jpg\",\"width\":890,\"height\":1287,\"caption\":\"Manual del Patr\u00f3n de Yate\"},{\"@type\":\"BreadcrumbList\",\"@id\":\"https:\\\/\\\/navegantesoceanicos.com\\\/pt-pt\\\/producto\\\/manual-patron-yate-amazon\\\/#breadcrumb\",\"itemListElement\":[{\"@type\":\"ListItem\",\"position\":1,\"name\":\"Portada\",\"item\":\"https:\\\/\\\/navegantesoceanicos.com\\\/pt-pt\\\/\"},{\"@type\":\"ListItem\",\"position\":2,\"name\":\"Tienda\",\"item\":\"https:\\\/\\\/navegantesoceanicos.com\\\/tienda22\\\/\"},{\"@type\":\"ListItem\",\"position\":3,\"name\":\"Manual del Patr\u00f3n de Yate (amazon tapa blanda)\"}]},{\"@type\":\"WebSite\",\"@id\":\"https:\\\/\\\/navegantesoceanicos.com\\\/pt-pt\\\/#website\",\"url\":\"https:\\\/\\\/navegantesoceanicos.com\\\/pt-pt\\\/\",\"name\":\"Navegantes Oce\u00e1nicos\",\"description\":\"Navegantes oce\u00e1nicos, te ayudamos a navegar, para navegantes, tripulantes, regatistas y armadores, escuela n\u00e1utica, libros on-line sobre t\u00e1cticas y equipamiento para la navegaci\u00f3n a vela, fondear, atracar, el manejo de las velas, electricidad a bordo, navegaci\u00f3n con mal tiempo, rutas oce\u00e1nicas y mucho m\u00e1s\",\"publisher\":{\"@id\":\"https:\\\/\\\/navegantesoceanicos.com\\\/pt-pt\\\/#organization\"},\"potentialAction\":[{\"@type\":\"SearchAction\",\"target\":{\"@type\":\"EntryPoint\",\"urlTemplate\":\"https:\\\/\\\/navegantesoceanicos.com\\\/pt-pt\\\/?s={search_term_string}\"},\"query-input\":{\"@type\":\"PropertyValueSpecification\",\"valueRequired\":true,\"valueName\":\"search_term_string\"}}],\"inLanguage\":\"pt-PT\"},{\"@type\":\"Organization\",\"@id\":\"https:\\\/\\\/navegantesoceanicos.com\\\/pt-pt\\\/#organization\",\"name\":\"Navegantes Oce\u00e1nicos\",\"url\":\"https:\\\/\\\/navegantesoceanicos.com\\\/pt-pt\\\/\",\"logo\":{\"@type\":\"ImageObject\",\"inLanguage\":\"pt-PT\",\"@id\":\"https:\\\/\\\/navegantesoceanicos.com\\\/pt-pt\\\/#\\\/schema\\\/logo\\\/image\\\/\",\"url\":\"https:\\\/\\\/navegantesoceanicos.com\\\/wp-content\\\/uploads\\\/2019\\\/12\\\/LOGO-NAVEGANTES-OCEANICOS.png\",\"contentUrl\":\"https:\\\/\\\/navegantesoceanicos.com\\\/wp-content\\\/uploads\\\/2019\\\/12\\\/LOGO-NAVEGANTES-OCEANICOS.png\",\"width\":1010,\"height\":814,\"caption\":\"Navegantes Oce\u00e1nicos\"},\"image\":{\"@id\":\"https:\\\/\\\/navegantesoceanicos.com\\\/pt-pt\\\/#\\\/schema\\\/logo\\\/image\\\/\"},\"sameAs\":[\"https:\\\/\\\/www.facebook.com\\\/Navegantes-Oce\u00e1nicos-112578593494698\",\"https:\\\/\\\/www.instagram.com\\\/navegantes_oceanicos\\\/?hl=es\",\"https:\\\/\\\/www.youtube.com\\\/channel\\\/UCXgDL_6xqE7rpdwNXRmzF_Q\\\/featured\"]}]}<\/script>\n<!-- \/ Yoast SEO plugin. -->","yoast_head_json":{"title":"Manual del Patr\u00f3n de Yate (amazon tapa blanda) - Navegantes Oce\u00e1nicos","description":"Manual del Patr\u00f3n de Yate, publicado en Amazon en formato tapa blanda (en color). 158 p\u00e1ginas, y adaptado al temario oficial (R.D. 875 \/2014).","robots":{"index":"index","follow":"follow","max-snippet":"max-snippet:-1","max-image-preview":"max-image-preview:large","max-video-preview":"max-video-preview:-1"},"canonical":"https:\/\/navegantesoceanicos.com\/pt-pt\/producto\/manual-patron-yate-amazon\/","og_locale":"pt_PT","og_type":"article","og_title":"Manual del Patr\u00f3n de Yate (amazon tapa blanda) - Navegantes Oce\u00e1nicos","og_description":"Manual del Patr\u00f3n de Yate, publicado en Amazon en formato tapa blanda (en color). 158 p\u00e1ginas, y adaptado al temario oficial (R.D. 875 \/2014).","og_url":"https:\/\/navegantesoceanicos.com\/pt-pt\/producto\/manual-patron-yate-amazon\/","og_site_name":"Navegantes Oce\u00e1nicos","article_publisher":"https:\/\/www.facebook.com\/Navegantes-Oce%c3%a1nicos-112578593494698","article_modified_time":"2025-09-13T18:43:44+00:00","og_image":[{"width":890,"height":1287,"url":"https:\/\/navegantesoceanicos.com\/wp-content\/uploads\/2022\/05\/Manual-del-Patron-de-Yate.jpg","type":"image\/jpeg"}],"twitter_misc":{"Tempo estimado de leitura":"1 minuto"},"schema":{"@context":"https:\/\/schema.org","@graph":[{"@type":"WebPage","@id":"https:\/\/navegantesoceanicos.com\/pt-pt\/producto\/manual-patron-yate-amazon\/","url":"https:\/\/navegantesoceanicos.com\/pt-pt\/producto\/manual-patron-yate-amazon\/","name":"Manual del Patr\u00f3n de Yate (amazon tapa blanda) - Navegantes Oce\u00e1nicos","isPartOf":{"@id":"https:\/\/navegantesoceanicos.com\/pt-pt\/#website"},"primaryImageOfPage":{"@id":"https:\/\/navegantesoceanicos.com\/pt-pt\/producto\/manual-patron-yate-amazon\/#primaryimage"},"image":{"@id":"https:\/\/navegantesoceanicos.com\/pt-pt\/producto\/manual-patron-yate-amazon\/#primaryimage"},"thumbnailUrl":"https:\/\/navegantesoceanicos.com\/wp-content\/uploads\/2022\/05\/Manual-del-Patron-de-Yate.jpg","datePublished":"2022-05-02T08:25:20+00:00","dateModified":"2025-09-13T18:43:44+00:00","description":"Manual del Patr\u00f3n de Yate, publicado en Amazon en formato tapa blanda (en color). 158 p\u00e1ginas, y adaptado al temario oficial (R.D. 875 \/2014).","breadcrumb":{"@id":"https:\/\/navegantesoceanicos.com\/pt-pt\/producto\/manual-patron-yate-amazon\/#breadcrumb"},"inLanguage":"pt-PT","potentialAction":[{"@type":"ReadAction","target":["https:\/\/navegantesoceanicos.com\/pt-pt\/producto\/manual-patron-yate-amazon\/"]}]},{"@type":"ImageObject","inLanguage":"pt-PT","@id":"https:\/\/navegantesoceanicos.com\/pt-pt\/producto\/manual-patron-yate-amazon\/#primaryimage","url":"https:\/\/navegantesoceanicos.com\/wp-content\/uploads\/2022\/05\/Manual-del-Patron-de-Yate.jpg","contentUrl":"https:\/\/navegantesoceanicos.com\/wp-content\/uploads\/2022\/05\/Manual-del-Patron-de-Yate.jpg","width":890,"height":1287,"caption":"Manual del Patr\u00f3n de Yate"},{"@type":"BreadcrumbList","@id":"https:\/\/navegantesoceanicos.com\/pt-pt\/producto\/manual-patron-yate-amazon\/#breadcrumb","itemListElement":[{"@type":"ListItem","position":1,"name":"Portada","item":"https:\/\/navegantesoceanicos.com\/pt-pt\/"},{"@type":"ListItem","position":2,"name":"Tienda","item":"https:\/\/navegantesoceanicos.com\/tienda22\/"},{"@type":"ListItem","position":3,"name":"Manual del Patr\u00f3n de Yate (amazon tapa blanda)"}]},{"@type":"WebSite","@id":"https:\/\/navegantesoceanicos.com\/pt-pt\/#website","url":"https:\/\/navegantesoceanicos.com\/pt-pt\/","name":"Navegantes Oce\u00e1nicos","description":"Navegantes oce\u00e1nicos, te ayudamos a navegar, para navegantes, tripulantes, regatistas y armadores, escuela n\u00e1utica, libros on-line sobre t\u00e1cticas y equipamiento para la navegaci\u00f3n a vela, fondear, atracar, el manejo de las velas, electricidad a bordo, navegaci\u00f3n con mal tiempo, rutas oce\u00e1nicas y mucho m\u00e1s","publisher":{"@id":"https:\/\/navegantesoceanicos.com\/pt-pt\/#organization"},"potentialAction":[{"@type":"SearchAction","target":{"@type":"EntryPoint","urlTemplate":"https:\/\/navegantesoceanicos.com\/pt-pt\/?s={search_term_string}"},"query-input":{"@type":"PropertyValueSpecification","valueRequired":true,"valueName":"search_term_string"}}],"inLanguage":"pt-PT"},{"@type":"Organization","@id":"https:\/\/navegantesoceanicos.com\/pt-pt\/#organization","name":"Navegantes Oce\u00e1nicos","url":"https:\/\/navegantesoceanicos.com\/pt-pt\/","logo":{"@type":"ImageObject","inLanguage":"pt-PT","@id":"https:\/\/navegantesoceanicos.com\/pt-pt\/#\/schema\/logo\/image\/","url":"https:\/\/navegantesoceanicos.com\/wp-content\/uploads\/2019\/12\/LOGO-NAVEGANTES-OCEANICOS.png","contentUrl":"https:\/\/navegantesoceanicos.com\/wp-content\/uploads\/2019\/12\/LOGO-NAVEGANTES-OCEANICOS.png","width":1010,"height":814,"caption":"Navegantes Oce\u00e1nicos"},"image":{"@id":"https:\/\/navegantesoceanicos.com\/pt-pt\/#\/schema\/logo\/image\/"},"sameAs":["https:\/\/www.facebook.com\/Navegantes-Oce\u00e1nicos-112578593494698","https:\/\/www.instagram.com\/navegantes_oceanicos\/?hl=es","https:\/\/www.youtube.com\/channel\/UCXgDL_6xqE7rpdwNXRmzF_Q\/featured"]}]}},"_links":{"self":[{"href":"https:\/\/navegantesoceanicos.com\/pt-pt\/wp-json\/wp\/v2\/product\/16677","targetHints":{"allow":["GET"]}}],"collection":[{"href":"https:\/\/navegantesoceanicos.com\/pt-pt\/wp-json\/wp\/v2\/product"}],"about":[{"href":"https:\/\/navegantesoceanicos.com\/pt-pt\/wp-json\/wp\/v2\/types\/product"}],"replies":[{"embeddable":true,"href":"https:\/\/navegantesoceanicos.com\/pt-pt\/wp-json\/wp\/v2\/comments?post=16677"}],"wp:featuredmedia":[{"embeddable":true,"href":"https:\/\/navegantesoceanicos.com\/pt-pt\/wp-json\/wp\/v2\/media\/16673"}],"wp:attachment":[{"href":"https:\/\/navegantesoceanicos.com\/pt-pt\/wp-json\/wp\/v2\/media?parent=16677"}],"wp:term":[{"taxonomy":"product_brand","embeddable":true,"href":"https:\/\/navegantesoceanicos.com\/pt-pt\/wp-json\/wp\/v2\/product_brand?post=16677"},{"taxonomy":"product_cat","embeddable":true,"href":"https:\/\/navegantesoceanicos.com\/pt-pt\/wp-json\/wp\/v2\/product_cat?post=16677"},{"taxonomy":"product_tag","embeddable":true,"href":"https:\/\/navegantesoceanicos.com\/pt-pt\/wp-json\/wp\/v2\/product_tag?post=16677"}],"curies":[{"name":"wp","href":"https:\/\/api.w.org\/{rel}","templated":true}]}}