{"id":19623,"date":"2025-09-15T19:42:37","date_gmt":"2025-09-15T19:42:37","guid":{"rendered":"https:\/\/navegantesoceanicos.com\/?post_type=product&#038;p=19623"},"modified":"2026-02-08T18:05:53","modified_gmt":"2026-02-08T18:05:53","slug":"curso-online-patron-de-yate-acceso-a-plataforma","status":"publish","type":"product","link":"https:\/\/navegantesoceanicos.com\/pt-pt\/producto\/curso-online-patron-de-yate-acceso-a-plataforma\/","title":{"rendered":"Curso online Patr\u00f3n de Yate (Acceso a Plataforma)"},"content":{"rendered":"<p style=\"text-align: center;\"><span style=\"color: #000080;\"><strong>Descripci\u00f3n del curso \u201conline\u201d de Patr\u00f3n de Yate (Acceso a Plataforma)<\/strong><\/span><\/p>\n<p align=\"center\">Incluye lo siguiente:<\/p>\n<p align=\"justify\">\u2013 Acceso durante 6 meses a la plataforma del Curso online de Patr\u00f3n de Yate de la web &#8220;Navegantes Oce\u00e1nicos&#8221;.<\/p>\n<p align=\"justify\">\u2013 Videos descriptivos que cubren todo el temario completo de Patr\u00f3n de Yate.<\/p>\n<p align=\"justify\">\u2013 Acceso al Manual \u201con-line\u201d del Patr\u00f3n de Yate de la web \u201cNavegantes Oce\u00e1nicos\u201d.<\/p>\n<p align=\"justify\">\u2013 Libro electr\u00f3nico e-book Manual del Patr\u00f3n de Yate. Editorial \u201cNavegantes Oce\u00e1nicos\u201d.<\/p>\n<p align=\"justify\">&#8211;\u00a0 M\u00e1s de 50 problemas de carta n\u00e1utica resueltos paso a paso.<\/p>\n<p align=\"justify\">\u2013 Ex\u00e1menes \u201con-line\u201d de PY de la web \u201cNavegantes Oce\u00e1nicos\u201d.<\/p>\n<p align=\"justify\">\u2013 Suscripci\u00f3n Premium a \u201cNavegantes Oce\u00e1nicos\u201d. Acceso durante 1 a\u00f1o a los contenidos de la web, libros \u201con-line\u201d, etc., para complementar la formaci\u00f3n y ganar experiencia.<\/p>\n<p style=\"text-align: center;\" align=\"justify\">Pago con toda seguridad, a trav\u00e9s de la plataforma STRIPE.<\/p>\n<p style=\"text-align: center;\" align=\"justify\">Si no est\u00e1s satisfecho, hasta 15 d\u00edas desde que adquiriste el acceso a la plataforma de Curso online Patr\u00f3n de Yate, nos lo comunicas y te devolvemos el dinero, de forma gratuita y sin compromiso, y te damos de baja de la plataforma.<\/p>\n","protected":false},"excerpt":{"rendered":"<p>Acceso durante 6 meses a plataforma del Curso online de Patr\u00f3n de Yate de la web &#8220;Navegantes Oce\u00e1nicos&#8221; con todo el material de apoyo necesario para preparar el examen con comodidad por tu cuenta, lecciones, videos descriptivos que abarcan todo el temario completo, manual on-line en la web y e-books , ex\u00e1menes on-line, problemas resueltos paso a paso, etc. Adem\u00e1s, suscripci\u00f3n Premium a la web durante 1 a\u00f1o con acceso a contenidos de la web, libros online, etc.<\/p>\n<p>Precio 59 euros (IVA incluido). Pago con toda seguridad, a trav\u00e9s de la plataforma STRIPE. Si no est\u00e1s satisfecho, hasta 15 d\u00edas desde que adquiriste el acceso a la plataforma de Curso online Patr\u00f3n de Yate, nos lo comunicas y te devolvemos el dinero, de forma gratuita.<\/p>\n","protected":false},"featured_media":19624,"comment_status":"open","ping_status":"closed","template":"","meta":{"_et_pb_use_builder":"","_et_pb_old_content":"","_et_gb_content_width":""},"product_brand":[],"product_cat":[79],"product_tag":[],"class_list":{"0":"post-19623","1":"product","2":"type-product","3":"status-publish","4":"has-post-thumbnail","6":"product_cat-curso-on-line","8":"first","9":"instock","10":"virtual","11":"taxable","12":"purchasable","13":"product-type-simple"},"yoast_head":"<!-- This site is optimized with the Yoast SEO plugin v27.5 - https:\/\/yoast.com\/product\/yoast-seo-wordpress\/ -->\n<title>Curso online Patr\u00f3n de Yate (Acceso a Plataforma) - Navegantes Oce\u00e1nicos<\/title>\n<meta name=\"description\" content=\"Curso online Patr\u00f3n de Yate. Videos descriptivos, tutor\u00edas por e-mail por profesor con experiencia, problemas, ex\u00e1menes, etc.\" \/>\n<meta name=\"robots\" content=\"index, follow, max-snippet:-1, max-image-preview:large, max-video-preview:-1\" \/>\n<link rel=\"canonical\" href=\"https:\/\/navegantesoceanicos.com\/pt-pt\/producto\/curso-online-patron-de-yate-acceso-a-plataforma\/\" \/>\n<meta property=\"og:locale\" content=\"pt_PT\" \/>\n<meta property=\"og:type\" content=\"article\" \/>\n<meta property=\"og:title\" content=\"Curso online Patr\u00f3n de Yate (Acceso a Plataforma) - Navegantes Oce\u00e1nicos\" \/>\n<meta property=\"og:description\" content=\"Curso online Patr\u00f3n de Yate. Videos descriptivos, tutor\u00edas por e-mail por profesor con experiencia, problemas, ex\u00e1menes, etc.\" \/>\n<meta property=\"og:url\" content=\"https:\/\/navegantesoceanicos.com\/pt-pt\/producto\/curso-online-patron-de-yate-acceso-a-plataforma\/\" \/>\n<meta property=\"og:site_name\" content=\"Navegantes Oce\u00e1nicos\" \/>\n<meta property=\"article:publisher\" content=\"https:\/\/www.facebook.com\/Navegantes-Oce%c3%a1nicos-112578593494698\" \/>\n<meta property=\"article:modified_time\" content=\"2026-02-08T18:05:53+00:00\" \/>\n<meta property=\"og:image\" content=\"https:\/\/navegantesoceanicos.com\/wp-content\/uploads\/2022\/12\/Curso-online-Patron-Yate-Acceso-a-Plataforma.jpg\" \/>\n\t<meta property=\"og:image:width\" content=\"750\" \/>\n\t<meta property=\"og:image:height\" content=\"595\" \/>\n\t<meta property=\"og:image:type\" content=\"image\/jpeg\" \/>\n<meta name=\"twitter:label1\" content=\"Tempo estimado de leitura\" \/>\n\t<meta name=\"twitter:data1\" content=\"1 minuto\" \/>\n<script type=\"application\/ld+json\" class=\"yoast-schema-graph\">{\"@context\":\"https:\\\/\\\/schema.org\",\"@graph\":[{\"@type\":\"WebPage\",\"@id\":\"https:\\\/\\\/navegantesoceanicos.com\\\/pt-pt\\\/producto\\\/curso-online-patron-de-yate-acceso-a-plataforma\\\/\",\"url\":\"https:\\\/\\\/navegantesoceanicos.com\\\/pt-pt\\\/producto\\\/curso-online-patron-de-yate-acceso-a-plataforma\\\/\",\"name\":\"Curso online Patr\u00f3n de Yate (Acceso a Plataforma) - Navegantes Oce\u00e1nicos\",\"isPartOf\":{\"@id\":\"https:\\\/\\\/navegantesoceanicos.com\\\/pt-pt\\\/#website\"},\"primaryImageOfPage\":{\"@id\":\"https:\\\/\\\/navegantesoceanicos.com\\\/pt-pt\\\/producto\\\/curso-online-patron-de-yate-acceso-a-plataforma\\\/#primaryimage\"},\"image\":{\"@id\":\"https:\\\/\\\/navegantesoceanicos.com\\\/pt-pt\\\/producto\\\/curso-online-patron-de-yate-acceso-a-plataforma\\\/#primaryimage\"},\"thumbnailUrl\":\"https:\\\/\\\/navegantesoceanicos.com\\\/wp-content\\\/uploads\\\/2022\\\/12\\\/Curso-online-Patron-Yate-Acceso-a-Plataforma.jpg\",\"datePublished\":\"2025-09-15T19:42:37+00:00\",\"dateModified\":\"2026-02-08T18:05:53+00:00\",\"description\":\"Curso online Patr\u00f3n de Yate. Videos descriptivos, tutor\u00edas por e-mail por profesor con experiencia, problemas, ex\u00e1menes, etc.\",\"breadcrumb\":{\"@id\":\"https:\\\/\\\/navegantesoceanicos.com\\\/pt-pt\\\/producto\\\/curso-online-patron-de-yate-acceso-a-plataforma\\\/#breadcrumb\"},\"inLanguage\":\"pt-PT\",\"potentialAction\":[{\"@type\":\"ReadAction\",\"target\":[\"https:\\\/\\\/navegantesoceanicos.com\\\/pt-pt\\\/producto\\\/curso-online-patron-de-yate-acceso-a-plataforma\\\/\"]}]},{\"@type\":\"ImageObject\",\"inLanguage\":\"pt-PT\",\"@id\":\"https:\\\/\\\/navegantesoceanicos.com\\\/pt-pt\\\/producto\\\/curso-online-patron-de-yate-acceso-a-plataforma\\\/#primaryimage\",\"url\":\"https:\\\/\\\/navegantesoceanicos.com\\\/wp-content\\\/uploads\\\/2022\\\/12\\\/Curso-online-Patron-Yate-Acceso-a-Plataforma.jpg\",\"contentUrl\":\"https:\\\/\\\/navegantesoceanicos.com\\\/wp-content\\\/uploads\\\/2022\\\/12\\\/Curso-online-Patron-Yate-Acceso-a-Plataforma.jpg\",\"width\":750,\"height\":595,\"caption\":\"Curso online Patr\u00f3n Yate (Acceso Plataforma)\"},{\"@type\":\"BreadcrumbList\",\"@id\":\"https:\\\/\\\/navegantesoceanicos.com\\\/pt-pt\\\/producto\\\/curso-online-patron-de-yate-acceso-a-plataforma\\\/#breadcrumb\",\"itemListElement\":[{\"@type\":\"ListItem\",\"position\":1,\"name\":\"Portada\",\"item\":\"https:\\\/\\\/navegantesoceanicos.com\\\/pt-pt\\\/\"},{\"@type\":\"ListItem\",\"position\":2,\"name\":\"Tienda\",\"item\":\"https:\\\/\\\/navegantesoceanicos.com\\\/tienda22\\\/\"},{\"@type\":\"ListItem\",\"position\":3,\"name\":\"Curso online Patr\u00f3n de Yate (Acceso a Plataforma)\"}]},{\"@type\":\"WebSite\",\"@id\":\"https:\\\/\\\/navegantesoceanicos.com\\\/pt-pt\\\/#website\",\"url\":\"https:\\\/\\\/navegantesoceanicos.com\\\/pt-pt\\\/\",\"name\":\"Navegantes Oce\u00e1nicos\",\"description\":\"Navegantes oce\u00e1nicos, te ayudamos a navegar, para navegantes, tripulantes, regatistas y armadores, escuela n\u00e1utica, libros on-line sobre t\u00e1cticas y equipamiento para la navegaci\u00f3n a vela, fondear, atracar, el manejo de las velas, electricidad a bordo, navegaci\u00f3n con mal tiempo, rutas oce\u00e1nicas y mucho m\u00e1s\",\"publisher\":{\"@id\":\"https:\\\/\\\/navegantesoceanicos.com\\\/pt-pt\\\/#organization\"},\"potentialAction\":[{\"@type\":\"SearchAction\",\"target\":{\"@type\":\"EntryPoint\",\"urlTemplate\":\"https:\\\/\\\/navegantesoceanicos.com\\\/pt-pt\\\/?s={search_term_string}\"},\"query-input\":{\"@type\":\"PropertyValueSpecification\",\"valueRequired\":true,\"valueName\":\"search_term_string\"}}],\"inLanguage\":\"pt-PT\"},{\"@type\":\"Organization\",\"@id\":\"https:\\\/\\\/navegantesoceanicos.com\\\/pt-pt\\\/#organization\",\"name\":\"Navegantes Oce\u00e1nicos\",\"url\":\"https:\\\/\\\/navegantesoceanicos.com\\\/pt-pt\\\/\",\"logo\":{\"@type\":\"ImageObject\",\"inLanguage\":\"pt-PT\",\"@id\":\"https:\\\/\\\/navegantesoceanicos.com\\\/pt-pt\\\/#\\\/schema\\\/logo\\\/image\\\/\",\"url\":\"https:\\\/\\\/navegantesoceanicos.com\\\/wp-content\\\/uploads\\\/2019\\\/12\\\/LOGO-NAVEGANTES-OCEANICOS.png\",\"contentUrl\":\"https:\\\/\\\/navegantesoceanicos.com\\\/wp-content\\\/uploads\\\/2019\\\/12\\\/LOGO-NAVEGANTES-OCEANICOS.png\",\"width\":1010,\"height\":814,\"caption\":\"Navegantes Oce\u00e1nicos\"},\"image\":{\"@id\":\"https:\\\/\\\/navegantesoceanicos.com\\\/pt-pt\\\/#\\\/schema\\\/logo\\\/image\\\/\"},\"sameAs\":[\"https:\\\/\\\/www.facebook.com\\\/Navegantes-Oce\u00e1nicos-112578593494698\",\"https:\\\/\\\/www.instagram.com\\\/navegantes_oceanicos\\\/?hl=es\",\"https:\\\/\\\/www.youtube.com\\\/channel\\\/UCXgDL_6xqE7rpdwNXRmzF_Q\\\/featured\"]}]}<\/script>\n<!-- \/ Yoast SEO plugin. -->","yoast_head_json":{"title":"Curso online Patr\u00f3n de Yate (Acceso a Plataforma) - Navegantes Oce\u00e1nicos","description":"Curso online Patr\u00f3n de Yate. Videos descriptivos, tutor\u00edas por e-mail por profesor con experiencia, problemas, ex\u00e1menes, etc.","robots":{"index":"index","follow":"follow","max-snippet":"max-snippet:-1","max-image-preview":"max-image-preview:large","max-video-preview":"max-video-preview:-1"},"canonical":"https:\/\/navegantesoceanicos.com\/pt-pt\/producto\/curso-online-patron-de-yate-acceso-a-plataforma\/","og_locale":"pt_PT","og_type":"article","og_title":"Curso online Patr\u00f3n de Yate (Acceso a Plataforma) - Navegantes Oce\u00e1nicos","og_description":"Curso online Patr\u00f3n de Yate. Videos descriptivos, tutor\u00edas por e-mail por profesor con experiencia, problemas, ex\u00e1menes, etc.","og_url":"https:\/\/navegantesoceanicos.com\/pt-pt\/producto\/curso-online-patron-de-yate-acceso-a-plataforma\/","og_site_name":"Navegantes Oce\u00e1nicos","article_publisher":"https:\/\/www.facebook.com\/Navegantes-Oce%c3%a1nicos-112578593494698","article_modified_time":"2026-02-08T18:05:53+00:00","og_image":[{"width":750,"height":595,"url":"https:\/\/navegantesoceanicos.com\/wp-content\/uploads\/2022\/12\/Curso-online-Patron-Yate-Acceso-a-Plataforma.jpg","type":"image\/jpeg"}],"twitter_misc":{"Tempo estimado de leitura":"1 minuto"},"schema":{"@context":"https:\/\/schema.org","@graph":[{"@type":"WebPage","@id":"https:\/\/navegantesoceanicos.com\/pt-pt\/producto\/curso-online-patron-de-yate-acceso-a-plataforma\/","url":"https:\/\/navegantesoceanicos.com\/pt-pt\/producto\/curso-online-patron-de-yate-acceso-a-plataforma\/","name":"Curso online Patr\u00f3n de Yate (Acceso a Plataforma) - Navegantes Oce\u00e1nicos","isPartOf":{"@id":"https:\/\/navegantesoceanicos.com\/pt-pt\/#website"},"primaryImageOfPage":{"@id":"https:\/\/navegantesoceanicos.com\/pt-pt\/producto\/curso-online-patron-de-yate-acceso-a-plataforma\/#primaryimage"},"image":{"@id":"https:\/\/navegantesoceanicos.com\/pt-pt\/producto\/curso-online-patron-de-yate-acceso-a-plataforma\/#primaryimage"},"thumbnailUrl":"https:\/\/navegantesoceanicos.com\/wp-content\/uploads\/2022\/12\/Curso-online-Patron-Yate-Acceso-a-Plataforma.jpg","datePublished":"2025-09-15T19:42:37+00:00","dateModified":"2026-02-08T18:05:53+00:00","description":"Curso online Patr\u00f3n de Yate. Videos descriptivos, tutor\u00edas por e-mail por profesor con experiencia, problemas, ex\u00e1menes, etc.","breadcrumb":{"@id":"https:\/\/navegantesoceanicos.com\/pt-pt\/producto\/curso-online-patron-de-yate-acceso-a-plataforma\/#breadcrumb"},"inLanguage":"pt-PT","potentialAction":[{"@type":"ReadAction","target":["https:\/\/navegantesoceanicos.com\/pt-pt\/producto\/curso-online-patron-de-yate-acceso-a-plataforma\/"]}]},{"@type":"ImageObject","inLanguage":"pt-PT","@id":"https:\/\/navegantesoceanicos.com\/pt-pt\/producto\/curso-online-patron-de-yate-acceso-a-plataforma\/#primaryimage","url":"https:\/\/navegantesoceanicos.com\/wp-content\/uploads\/2022\/12\/Curso-online-Patron-Yate-Acceso-a-Plataforma.jpg","contentUrl":"https:\/\/navegantesoceanicos.com\/wp-content\/uploads\/2022\/12\/Curso-online-Patron-Yate-Acceso-a-Plataforma.jpg","width":750,"height":595,"caption":"Curso online Patr\u00f3n Yate (Acceso Plataforma)"},{"@type":"BreadcrumbList","@id":"https:\/\/navegantesoceanicos.com\/pt-pt\/producto\/curso-online-patron-de-yate-acceso-a-plataforma\/#breadcrumb","itemListElement":[{"@type":"ListItem","position":1,"name":"Portada","item":"https:\/\/navegantesoceanicos.com\/pt-pt\/"},{"@type":"ListItem","position":2,"name":"Tienda","item":"https:\/\/navegantesoceanicos.com\/tienda22\/"},{"@type":"ListItem","position":3,"name":"Curso online Patr\u00f3n de Yate (Acceso a Plataforma)"}]},{"@type":"WebSite","@id":"https:\/\/navegantesoceanicos.com\/pt-pt\/#website","url":"https:\/\/navegantesoceanicos.com\/pt-pt\/","name":"Navegantes Oce\u00e1nicos","description":"Navegantes oce\u00e1nicos, te ayudamos a navegar, para navegantes, tripulantes, regatistas y armadores, escuela n\u00e1utica, libros on-line sobre t\u00e1cticas y equipamiento para la navegaci\u00f3n a vela, fondear, atracar, el manejo de las velas, electricidad a bordo, navegaci\u00f3n con mal tiempo, rutas oce\u00e1nicas y mucho m\u00e1s","publisher":{"@id":"https:\/\/navegantesoceanicos.com\/pt-pt\/#organization"},"potentialAction":[{"@type":"SearchAction","target":{"@type":"EntryPoint","urlTemplate":"https:\/\/navegantesoceanicos.com\/pt-pt\/?s={search_term_string}"},"query-input":{"@type":"PropertyValueSpecification","valueRequired":true,"valueName":"search_term_string"}}],"inLanguage":"pt-PT"},{"@type":"Organization","@id":"https:\/\/navegantesoceanicos.com\/pt-pt\/#organization","name":"Navegantes Oce\u00e1nicos","url":"https:\/\/navegantesoceanicos.com\/pt-pt\/","logo":{"@type":"ImageObject","inLanguage":"pt-PT","@id":"https:\/\/navegantesoceanicos.com\/pt-pt\/#\/schema\/logo\/image\/","url":"https:\/\/navegantesoceanicos.com\/wp-content\/uploads\/2019\/12\/LOGO-NAVEGANTES-OCEANICOS.png","contentUrl":"https:\/\/navegantesoceanicos.com\/wp-content\/uploads\/2019\/12\/LOGO-NAVEGANTES-OCEANICOS.png","width":1010,"height":814,"caption":"Navegantes Oce\u00e1nicos"},"image":{"@id":"https:\/\/navegantesoceanicos.com\/pt-pt\/#\/schema\/logo\/image\/"},"sameAs":["https:\/\/www.facebook.com\/Navegantes-Oce\u00e1nicos-112578593494698","https:\/\/www.instagram.com\/navegantes_oceanicos\/?hl=es","https:\/\/www.youtube.com\/channel\/UCXgDL_6xqE7rpdwNXRmzF_Q\/featured"]}]}},"_links":{"self":[{"href":"https:\/\/navegantesoceanicos.com\/pt-pt\/wp-json\/wp\/v2\/product\/19623","targetHints":{"allow":["GET"]}}],"collection":[{"href":"https:\/\/navegantesoceanicos.com\/pt-pt\/wp-json\/wp\/v2\/product"}],"about":[{"href":"https:\/\/navegantesoceanicos.com\/pt-pt\/wp-json\/wp\/v2\/types\/product"}],"replies":[{"embeddable":true,"href":"https:\/\/navegantesoceanicos.com\/pt-pt\/wp-json\/wp\/v2\/comments?post=19623"}],"wp:featuredmedia":[{"embeddable":true,"href":"https:\/\/navegantesoceanicos.com\/pt-pt\/wp-json\/wp\/v2\/media\/19624"}],"wp:attachment":[{"href":"https:\/\/navegantesoceanicos.com\/pt-pt\/wp-json\/wp\/v2\/media?parent=19623"}],"wp:term":[{"taxonomy":"product_brand","embeddable":true,"href":"https:\/\/navegantesoceanicos.com\/pt-pt\/wp-json\/wp\/v2\/product_brand?post=19623"},{"taxonomy":"product_cat","embeddable":true,"href":"https:\/\/navegantesoceanicos.com\/pt-pt\/wp-json\/wp\/v2\/product_cat?post=19623"},{"taxonomy":"product_tag","embeddable":true,"href":"https:\/\/navegantesoceanicos.com\/pt-pt\/wp-json\/wp\/v2\/product_tag?post=19623"}],"curies":[{"name":"wp","href":"https:\/\/api.w.org\/{rel}","templated":true}]}}