{"id":19743,"date":"2023-08-26T17:32:51","date_gmt":"2023-08-26T17:32:51","guid":{"rendered":"https:\/\/navegantesoceanicos.com\/?post_type=product&#038;p=19743"},"modified":"2026-02-08T18:28:35","modified_gmt":"2026-02-08T18:28:35","slug":"curso-online-patron-de-embarcaciones-de-recreo-per-modalidad-tutorial","status":"publish","type":"product","link":"https:\/\/navegantesoceanicos.com\/pt-pt\/producto\/curso-online-patron-de-embarcaciones-de-recreo-per-modalidad-tutorial\/","title":{"rendered":"Curso online Patr\u00f3n de Embarcaciones de Recreo (PER). Modalidad Tutorial."},"content":{"rendered":"<p style=\"text-align: center;\"><span style=\"color: #000080;\"><strong>Descripci\u00f3n del curso \u201conline\u201d de PER (Patr\u00f3n de Embarcaciones de Recreo) Modalidad Tutorial<\/strong><\/span><\/p>\n<p align=\"center\">El curso incluye lo siguiente:<\/p>\n<p align=\"justify\">\u2013 6 semanas de tutor\u00edas personalizadas por e-mail para la resoluci\u00f3n de dudas, correcci\u00f3n de problemas, etc., por profesor con gran experiencia.<\/p>\n<p align=\"justify\">\u2013 6 meses de acceso a la plataforma del Curso online de PER, con lecciones de cada Unidad te\u00f3rica,\u00a0 y todos los contenidos de formaci\u00f3n.<\/p>\n<p align=\"justify\">\u2013 Videos descriptivos del temario de PER de \u201cNavegantes Oce\u00e1nicos\u201d.<\/p>\n<p align=\"justify\">\u2013 Acceso online al Manual \u201con-line\u201d del PER de &#8220;Navegantes Oce\u00e1nicos\u201d.<\/p>\n<p align=\"justify\">\u2013 Libro electr\u00f3nico e-book (PDF descargable) Manual del PER. Editorial \u201cNavegantes Oce\u00e1nicos\u201d.<\/p>\n<p align=\"justify\">\u2013 Ex\u00e1menes \u201con-line\u201d de PER de la web \u201cNavegantes Oce\u00e1nicos\u201d.<\/p>\n<p align=\"justify\">&#8211; Problemas de carta n\u00e1utica resueltos paso a paso.<\/p>\n<p align=\"justify\">\u2013 Suscripci\u00f3n Premium a \u201cNavegantes Oce\u00e1nicos\u201d. Acceso durante 1 a\u00f1o a todos los contenidos de la web, libros \u201con-line\u201d, etc., para complementar la formaci\u00f3n y ganar experiencia.<\/p>\n<p style=\"text-align: center;\" align=\"justify\">Pago con toda seguridad, a trav\u00e9s de la plataforma STRIPE.<\/p>\n<p style=\"text-align: center;\" align=\"justify\">Si no est\u00e1s satisfecho, hasta 15 d\u00edas despu\u00e9s de la fecha en que adquiriste el Curso online PER. Tutorial, nos lo comunicas y te devolvemos el dinero, de forma gratuita y sin compromiso, y te damos de baja de la plataforma.<\/p>\n","protected":false},"excerpt":{"rendered":"<p>Curso &#8220;on-line&#8221; PER. Modalidad Tutorial. 6 semanas de tutor\u00edas personalizadas por e-mail con profesor con gran experiencia, y acceso durante 6 meses a plataforma con todo el material de apoyo necesario, v\u00eddeos descriptivos, manual on-line en la web y e-book del PER, ex\u00e1menes, etc. Incluye suscripci\u00f3n Premium de 1 a\u00f1o a la web.<\/p>\n<p>Precio 1o9 euros (IVA incluido). Pago con toda seguridad, a trav\u00e9s de la plataforma STRIPE. Si no est\u00e1s satisfecho, hasta 15 d\u00edas despu\u00e9s de la fecha en que adquiriste el Curso online PER. Tutorial, nos lo comunicas y te devolvemos el dinero, de forma gratuita.<\/p>\n","protected":false},"featured_media":19750,"comment_status":"open","ping_status":"closed","template":"","meta":{"_et_pb_use_builder":"","_et_pb_old_content":"","_et_gb_content_width":""},"product_brand":[],"product_cat":[79,77],"product_tag":[],"class_list":{"0":"post-19743","1":"product","2":"type-product","3":"status-publish","4":"has-post-thumbnail","6":"product_cat-curso-on-line","7":"product_cat-curso-on-line-per","9":"first","10":"instock","11":"virtual","12":"taxable","13":"purchasable","14":"product-type-simple"},"yoast_head":"<!-- This site is optimized with the Yoast SEO plugin v27.5 - https:\/\/yoast.com\/product\/yoast-seo-wordpress\/ -->\n<title>Curso online Patr\u00f3n de Embarcaciones de Recreo (PER). Modalidad Tutorial. - Navegantes Oce\u00e1nicos<\/title>\n<meta name=\"description\" content=\"Curso online Patr\u00f3n de Embarcaciones de Recreo (PER) modalidad tutorial. 8 semanas de tutor\u00edas con profesor experto, y 6 meses acceso a contenidos.\" \/>\n<meta name=\"robots\" content=\"index, follow, max-snippet:-1, max-image-preview:large, max-video-preview:-1\" \/>\n<link rel=\"canonical\" href=\"https:\/\/navegantesoceanicos.com\/pt-pt\/producto\/curso-online-patron-de-embarcaciones-de-recreo-per-modalidad-tutorial\/\" \/>\n<meta property=\"og:locale\" content=\"pt_PT\" \/>\n<meta property=\"og:type\" content=\"article\" \/>\n<meta property=\"og:title\" content=\"Curso online Patr\u00f3n de Embarcaciones de Recreo (PER). Modalidad Tutorial. - Navegantes Oce\u00e1nicos\" \/>\n<meta property=\"og:description\" content=\"Curso online Patr\u00f3n de Embarcaciones de Recreo (PER) modalidad tutorial. 8 semanas de tutor\u00edas con profesor experto, y 6 meses acceso a contenidos.\" \/>\n<meta property=\"og:url\" content=\"https:\/\/navegantesoceanicos.com\/pt-pt\/producto\/curso-online-patron-de-embarcaciones-de-recreo-per-modalidad-tutorial\/\" \/>\n<meta property=\"og:site_name\" content=\"Navegantes Oce\u00e1nicos\" \/>\n<meta property=\"article:publisher\" content=\"https:\/\/www.facebook.com\/Navegantes-Oce%c3%a1nicos-112578593494698\" \/>\n<meta property=\"article:modified_time\" content=\"2026-02-08T18:28:35+00:00\" \/>\n<meta property=\"og:image\" content=\"https:\/\/navegantesoceanicos.com\/wp-content\/uploads\/2022\/12\/Curso-online-PER-TUTORIAL.jpg\" \/>\n\t<meta property=\"og:image:width\" content=\"845\" \/>\n\t<meta property=\"og:image:height\" content=\"730\" \/>\n\t<meta property=\"og:image:type\" content=\"image\/jpeg\" \/>\n<meta name=\"twitter:label1\" content=\"Tempo estimado de leitura\" \/>\n\t<meta name=\"twitter:data1\" content=\"2 minutos\" \/>\n<script type=\"application\/ld+json\" class=\"yoast-schema-graph\">{\"@context\":\"https:\\\/\\\/schema.org\",\"@graph\":[{\"@type\":\"WebPage\",\"@id\":\"https:\\\/\\\/navegantesoceanicos.com\\\/pt-pt\\\/producto\\\/curso-online-patron-de-embarcaciones-de-recreo-per-modalidad-tutorial\\\/\",\"url\":\"https:\\\/\\\/navegantesoceanicos.com\\\/pt-pt\\\/producto\\\/curso-online-patron-de-embarcaciones-de-recreo-per-modalidad-tutorial\\\/\",\"name\":\"Curso online Patr\u00f3n de Embarcaciones de Recreo (PER). Modalidad Tutorial. - Navegantes Oce\u00e1nicos\",\"isPartOf\":{\"@id\":\"https:\\\/\\\/navegantesoceanicos.com\\\/pt-pt\\\/#website\"},\"primaryImageOfPage\":{\"@id\":\"https:\\\/\\\/navegantesoceanicos.com\\\/pt-pt\\\/producto\\\/curso-online-patron-de-embarcaciones-de-recreo-per-modalidad-tutorial\\\/#primaryimage\"},\"image\":{\"@id\":\"https:\\\/\\\/navegantesoceanicos.com\\\/pt-pt\\\/producto\\\/curso-online-patron-de-embarcaciones-de-recreo-per-modalidad-tutorial\\\/#primaryimage\"},\"thumbnailUrl\":\"https:\\\/\\\/navegantesoceanicos.com\\\/wp-content\\\/uploads\\\/2022\\\/12\\\/Curso-online-PER-TUTORIAL.jpg\",\"datePublished\":\"2023-08-26T17:32:51+00:00\",\"dateModified\":\"2026-02-08T18:28:35+00:00\",\"description\":\"Curso online Patr\u00f3n de Embarcaciones de Recreo (PER) modalidad tutorial. 8 semanas de tutor\u00edas con profesor experto, y 6 meses acceso a contenidos.\",\"breadcrumb\":{\"@id\":\"https:\\\/\\\/navegantesoceanicos.com\\\/pt-pt\\\/producto\\\/curso-online-patron-de-embarcaciones-de-recreo-per-modalidad-tutorial\\\/#breadcrumb\"},\"inLanguage\":\"pt-PT\",\"potentialAction\":[{\"@type\":\"ReadAction\",\"target\":[\"https:\\\/\\\/navegantesoceanicos.com\\\/pt-pt\\\/producto\\\/curso-online-patron-de-embarcaciones-de-recreo-per-modalidad-tutorial\\\/\"]}]},{\"@type\":\"ImageObject\",\"inLanguage\":\"pt-PT\",\"@id\":\"https:\\\/\\\/navegantesoceanicos.com\\\/pt-pt\\\/producto\\\/curso-online-patron-de-embarcaciones-de-recreo-per-modalidad-tutorial\\\/#primaryimage\",\"url\":\"https:\\\/\\\/navegantesoceanicos.com\\\/wp-content\\\/uploads\\\/2022\\\/12\\\/Curso-online-PER-TUTORIAL.jpg\",\"contentUrl\":\"https:\\\/\\\/navegantesoceanicos.com\\\/wp-content\\\/uploads\\\/2022\\\/12\\\/Curso-online-PER-TUTORIAL.jpg\",\"width\":845,\"height\":730},{\"@type\":\"BreadcrumbList\",\"@id\":\"https:\\\/\\\/navegantesoceanicos.com\\\/pt-pt\\\/producto\\\/curso-online-patron-de-embarcaciones-de-recreo-per-modalidad-tutorial\\\/#breadcrumb\",\"itemListElement\":[{\"@type\":\"ListItem\",\"position\":1,\"name\":\"Portada\",\"item\":\"https:\\\/\\\/navegantesoceanicos.com\\\/pt-pt\\\/\"},{\"@type\":\"ListItem\",\"position\":2,\"name\":\"Tienda\",\"item\":\"https:\\\/\\\/navegantesoceanicos.com\\\/tienda22\\\/\"},{\"@type\":\"ListItem\",\"position\":3,\"name\":\"Curso online Patr\u00f3n de Embarcaciones de Recreo (PER). Modalidad Tutorial.\"}]},{\"@type\":\"WebSite\",\"@id\":\"https:\\\/\\\/navegantesoceanicos.com\\\/pt-pt\\\/#website\",\"url\":\"https:\\\/\\\/navegantesoceanicos.com\\\/pt-pt\\\/\",\"name\":\"Navegantes Oce\u00e1nicos\",\"description\":\"Navegantes oce\u00e1nicos, te ayudamos a navegar, para navegantes, tripulantes, regatistas y armadores, escuela n\u00e1utica, libros on-line sobre t\u00e1cticas y equipamiento para la navegaci\u00f3n a vela, fondear, atracar, el manejo de las velas, electricidad a bordo, navegaci\u00f3n con mal tiempo, rutas oce\u00e1nicas y mucho m\u00e1s\",\"publisher\":{\"@id\":\"https:\\\/\\\/navegantesoceanicos.com\\\/pt-pt\\\/#organization\"},\"potentialAction\":[{\"@type\":\"SearchAction\",\"target\":{\"@type\":\"EntryPoint\",\"urlTemplate\":\"https:\\\/\\\/navegantesoceanicos.com\\\/pt-pt\\\/?s={search_term_string}\"},\"query-input\":{\"@type\":\"PropertyValueSpecification\",\"valueRequired\":true,\"valueName\":\"search_term_string\"}}],\"inLanguage\":\"pt-PT\"},{\"@type\":\"Organization\",\"@id\":\"https:\\\/\\\/navegantesoceanicos.com\\\/pt-pt\\\/#organization\",\"name\":\"Navegantes Oce\u00e1nicos\",\"url\":\"https:\\\/\\\/navegantesoceanicos.com\\\/pt-pt\\\/\",\"logo\":{\"@type\":\"ImageObject\",\"inLanguage\":\"pt-PT\",\"@id\":\"https:\\\/\\\/navegantesoceanicos.com\\\/pt-pt\\\/#\\\/schema\\\/logo\\\/image\\\/\",\"url\":\"https:\\\/\\\/navegantesoceanicos.com\\\/wp-content\\\/uploads\\\/2019\\\/12\\\/LOGO-NAVEGANTES-OCEANICOS.png\",\"contentUrl\":\"https:\\\/\\\/navegantesoceanicos.com\\\/wp-content\\\/uploads\\\/2019\\\/12\\\/LOGO-NAVEGANTES-OCEANICOS.png\",\"width\":1010,\"height\":814,\"caption\":\"Navegantes Oce\u00e1nicos\"},\"image\":{\"@id\":\"https:\\\/\\\/navegantesoceanicos.com\\\/pt-pt\\\/#\\\/schema\\\/logo\\\/image\\\/\"},\"sameAs\":[\"https:\\\/\\\/www.facebook.com\\\/Navegantes-Oce\u00e1nicos-112578593494698\",\"https:\\\/\\\/www.instagram.com\\\/navegantes_oceanicos\\\/?hl=es\",\"https:\\\/\\\/www.youtube.com\\\/channel\\\/UCXgDL_6xqE7rpdwNXRmzF_Q\\\/featured\"]}]}<\/script>\n<!-- \/ Yoast SEO plugin. -->","yoast_head_json":{"title":"Curso online Patr\u00f3n de Embarcaciones de Recreo (PER). Modalidad Tutorial. - Navegantes Oce\u00e1nicos","description":"Curso online Patr\u00f3n de Embarcaciones de Recreo (PER) modalidad tutorial. 8 semanas de tutor\u00edas con profesor experto, y 6 meses acceso a contenidos.","robots":{"index":"index","follow":"follow","max-snippet":"max-snippet:-1","max-image-preview":"max-image-preview:large","max-video-preview":"max-video-preview:-1"},"canonical":"https:\/\/navegantesoceanicos.com\/pt-pt\/producto\/curso-online-patron-de-embarcaciones-de-recreo-per-modalidad-tutorial\/","og_locale":"pt_PT","og_type":"article","og_title":"Curso online Patr\u00f3n de Embarcaciones de Recreo (PER). Modalidad Tutorial. - Navegantes Oce\u00e1nicos","og_description":"Curso online Patr\u00f3n de Embarcaciones de Recreo (PER) modalidad tutorial. 8 semanas de tutor\u00edas con profesor experto, y 6 meses acceso a contenidos.","og_url":"https:\/\/navegantesoceanicos.com\/pt-pt\/producto\/curso-online-patron-de-embarcaciones-de-recreo-per-modalidad-tutorial\/","og_site_name":"Navegantes Oce\u00e1nicos","article_publisher":"https:\/\/www.facebook.com\/Navegantes-Oce%c3%a1nicos-112578593494698","article_modified_time":"2026-02-08T18:28:35+00:00","og_image":[{"width":845,"height":730,"url":"https:\/\/navegantesoceanicos.com\/wp-content\/uploads\/2022\/12\/Curso-online-PER-TUTORIAL.jpg","type":"image\/jpeg"}],"twitter_misc":{"Tempo estimado de leitura":"2 minutos"},"schema":{"@context":"https:\/\/schema.org","@graph":[{"@type":"WebPage","@id":"https:\/\/navegantesoceanicos.com\/pt-pt\/producto\/curso-online-patron-de-embarcaciones-de-recreo-per-modalidad-tutorial\/","url":"https:\/\/navegantesoceanicos.com\/pt-pt\/producto\/curso-online-patron-de-embarcaciones-de-recreo-per-modalidad-tutorial\/","name":"Curso online Patr\u00f3n de Embarcaciones de Recreo (PER). Modalidad Tutorial. - Navegantes Oce\u00e1nicos","isPartOf":{"@id":"https:\/\/navegantesoceanicos.com\/pt-pt\/#website"},"primaryImageOfPage":{"@id":"https:\/\/navegantesoceanicos.com\/pt-pt\/producto\/curso-online-patron-de-embarcaciones-de-recreo-per-modalidad-tutorial\/#primaryimage"},"image":{"@id":"https:\/\/navegantesoceanicos.com\/pt-pt\/producto\/curso-online-patron-de-embarcaciones-de-recreo-per-modalidad-tutorial\/#primaryimage"},"thumbnailUrl":"https:\/\/navegantesoceanicos.com\/wp-content\/uploads\/2022\/12\/Curso-online-PER-TUTORIAL.jpg","datePublished":"2023-08-26T17:32:51+00:00","dateModified":"2026-02-08T18:28:35+00:00","description":"Curso online Patr\u00f3n de Embarcaciones de Recreo (PER) modalidad tutorial. 8 semanas de tutor\u00edas con profesor experto, y 6 meses acceso a contenidos.","breadcrumb":{"@id":"https:\/\/navegantesoceanicos.com\/pt-pt\/producto\/curso-online-patron-de-embarcaciones-de-recreo-per-modalidad-tutorial\/#breadcrumb"},"inLanguage":"pt-PT","potentialAction":[{"@type":"ReadAction","target":["https:\/\/navegantesoceanicos.com\/pt-pt\/producto\/curso-online-patron-de-embarcaciones-de-recreo-per-modalidad-tutorial\/"]}]},{"@type":"ImageObject","inLanguage":"pt-PT","@id":"https:\/\/navegantesoceanicos.com\/pt-pt\/producto\/curso-online-patron-de-embarcaciones-de-recreo-per-modalidad-tutorial\/#primaryimage","url":"https:\/\/navegantesoceanicos.com\/wp-content\/uploads\/2022\/12\/Curso-online-PER-TUTORIAL.jpg","contentUrl":"https:\/\/navegantesoceanicos.com\/wp-content\/uploads\/2022\/12\/Curso-online-PER-TUTORIAL.jpg","width":845,"height":730},{"@type":"BreadcrumbList","@id":"https:\/\/navegantesoceanicos.com\/pt-pt\/producto\/curso-online-patron-de-embarcaciones-de-recreo-per-modalidad-tutorial\/#breadcrumb","itemListElement":[{"@type":"ListItem","position":1,"name":"Portada","item":"https:\/\/navegantesoceanicos.com\/pt-pt\/"},{"@type":"ListItem","position":2,"name":"Tienda","item":"https:\/\/navegantesoceanicos.com\/tienda22\/"},{"@type":"ListItem","position":3,"name":"Curso online Patr\u00f3n de Embarcaciones de Recreo (PER). Modalidad Tutorial."}]},{"@type":"WebSite","@id":"https:\/\/navegantesoceanicos.com\/pt-pt\/#website","url":"https:\/\/navegantesoceanicos.com\/pt-pt\/","name":"Navegantes Oce\u00e1nicos","description":"Navegantes oce\u00e1nicos, te ayudamos a navegar, para navegantes, tripulantes, regatistas y armadores, escuela n\u00e1utica, libros on-line sobre t\u00e1cticas y equipamiento para la navegaci\u00f3n a vela, fondear, atracar, el manejo de las velas, electricidad a bordo, navegaci\u00f3n con mal tiempo, rutas oce\u00e1nicas y mucho m\u00e1s","publisher":{"@id":"https:\/\/navegantesoceanicos.com\/pt-pt\/#organization"},"potentialAction":[{"@type":"SearchAction","target":{"@type":"EntryPoint","urlTemplate":"https:\/\/navegantesoceanicos.com\/pt-pt\/?s={search_term_string}"},"query-input":{"@type":"PropertyValueSpecification","valueRequired":true,"valueName":"search_term_string"}}],"inLanguage":"pt-PT"},{"@type":"Organization","@id":"https:\/\/navegantesoceanicos.com\/pt-pt\/#organization","name":"Navegantes Oce\u00e1nicos","url":"https:\/\/navegantesoceanicos.com\/pt-pt\/","logo":{"@type":"ImageObject","inLanguage":"pt-PT","@id":"https:\/\/navegantesoceanicos.com\/pt-pt\/#\/schema\/logo\/image\/","url":"https:\/\/navegantesoceanicos.com\/wp-content\/uploads\/2019\/12\/LOGO-NAVEGANTES-OCEANICOS.png","contentUrl":"https:\/\/navegantesoceanicos.com\/wp-content\/uploads\/2019\/12\/LOGO-NAVEGANTES-OCEANICOS.png","width":1010,"height":814,"caption":"Navegantes Oce\u00e1nicos"},"image":{"@id":"https:\/\/navegantesoceanicos.com\/pt-pt\/#\/schema\/logo\/image\/"},"sameAs":["https:\/\/www.facebook.com\/Navegantes-Oce\u00e1nicos-112578593494698","https:\/\/www.instagram.com\/navegantes_oceanicos\/?hl=es","https:\/\/www.youtube.com\/channel\/UCXgDL_6xqE7rpdwNXRmzF_Q\/featured"]}]}},"_links":{"self":[{"href":"https:\/\/navegantesoceanicos.com\/pt-pt\/wp-json\/wp\/v2\/product\/19743","targetHints":{"allow":["GET"]}}],"collection":[{"href":"https:\/\/navegantesoceanicos.com\/pt-pt\/wp-json\/wp\/v2\/product"}],"about":[{"href":"https:\/\/navegantesoceanicos.com\/pt-pt\/wp-json\/wp\/v2\/types\/product"}],"replies":[{"embeddable":true,"href":"https:\/\/navegantesoceanicos.com\/pt-pt\/wp-json\/wp\/v2\/comments?post=19743"}],"wp:featuredmedia":[{"embeddable":true,"href":"https:\/\/navegantesoceanicos.com\/pt-pt\/wp-json\/wp\/v2\/media\/19750"}],"wp:attachment":[{"href":"https:\/\/navegantesoceanicos.com\/pt-pt\/wp-json\/wp\/v2\/media?parent=19743"}],"wp:term":[{"taxonomy":"product_brand","embeddable":true,"href":"https:\/\/navegantesoceanicos.com\/pt-pt\/wp-json\/wp\/v2\/product_brand?post=19743"},{"taxonomy":"product_cat","embeddable":true,"href":"https:\/\/navegantesoceanicos.com\/pt-pt\/wp-json\/wp\/v2\/product_cat?post=19743"},{"taxonomy":"product_tag","embeddable":true,"href":"https:\/\/navegantesoceanicos.com\/pt-pt\/wp-json\/wp\/v2\/product_tag?post=19743"}],"curies":[{"name":"wp","href":"https:\/\/api.w.org\/{rel}","templated":true}]}}