{"id":19747,"date":"2025-09-14T16:56:14","date_gmt":"2025-09-14T16:56:14","guid":{"rendered":"https:\/\/navegantesoceanicos.com\/?post_type=product&#038;p=19747"},"modified":"2026-02-08T18:16:10","modified_gmt":"2026-02-08T18:16:10","slug":"curso-online-patron-de-embarcaciones-de-recreo-per-acceso-plataforma","status":"publish","type":"product","link":"https:\/\/navegantesoceanicos.com\/pt-pt\/producto\/curso-online-patron-de-embarcaciones-de-recreo-per-acceso-plataforma\/","title":{"rendered":"Curso online Patr\u00f3n de Embarcaciones de Recreo (PER). Acceso a Plataforma."},"content":{"rendered":"<p>[et_pb_section fb_built=&#8221;1&#8243; _builder_version=&#8221;4.16&#8243; background_color=&#8221;rgba(255, 255, 255, 0)&#8221; custom_padding=&#8221;0px||||false|false&#8221; global_colors_info=&#8221;{}&#8221;][et_pb_row _builder_version=&#8221;4.16&#8243; background_size=&#8221;initial&#8221; background_position=&#8221;top_left&#8221; background_repeat=&#8221;repeat&#8221; width=&#8221;100%&#8221; custom_padding=&#8221;0px||0px||false|false&#8221; global_colors_info=&#8221;{}&#8221;][et_pb_column type=&#8221;4_4&#8243; _builder_version=&#8221;4.16&#8243; custom_padding=&#8221;|||&#8221; global_colors_info=&#8221;{}&#8221; custom_padding__hover=&#8221;|||&#8221;][et_pb_wc_breadcrumb _builder_version=&#8221;4.16&#8243; global_colors_info=&#8221;{}&#8221;][\/et_pb_wc_breadcrumb][et_pb_wc_cart_notice _builder_version=&#8221;4.16&#8243; global_colors_info=&#8221;{}&#8221;][\/et_pb_wc_cart_notice][\/et_pb_column][\/et_pb_row][et_pb_row column_structure=&#8221;1_2,1_2&#8243; _builder_version=&#8221;4.16&#8243; background_size=&#8221;initial&#8221; background_position=&#8221;top_left&#8221; background_repeat=&#8221;repeat&#8221; width=&#8221;100%&#8221; custom_padding=&#8221;0px||||false|false&#8221; global_colors_info=&#8221;{}&#8221;][et_pb_column type=&#8221;1_2&#8243; _builder_version=&#8221;4.16&#8243; custom_padding=&#8221;|||&#8221; global_colors_info=&#8221;{}&#8221; custom_padding__hover=&#8221;|||&#8221;][et_pb_wc_images _builder_version=&#8221;4.16&#8243; global_colors_info=&#8221;{}&#8221;][\/et_pb_wc_images][\/et_pb_column][et_pb_column type=&#8221;1_2&#8243; _builder_version=&#8221;4.16&#8243; custom_padding=&#8221;|||&#8221; global_colors_info=&#8221;{}&#8221; custom_padding__hover=&#8221;|||&#8221;][et_pb_wc_title _builder_version=&#8221;4.16&#8243; global_colors_info=&#8221;{}&#8221;][\/et_pb_wc_title][et_pb_wc_rating _builder_version=&#8221;4.16&#8243; global_colors_info=&#8221;{}&#8221;][\/et_pb_wc_rating][et_pb_wc_price _builder_version=&#8221;4.16&#8243; global_colors_info=&#8221;{}&#8221;][\/et_pb_wc_price][et_pb_wc_description _builder_version=&#8221;4.16&#8243; global_colors_info=&#8221;{}&#8221;][\/et_pb_wc_description][et_pb_wc_add_to_cart _builder_version=&#8221;4.16&#8243; global_colors_info=&#8221;{}&#8221;][\/et_pb_wc_add_to_cart][et_pb_wc_meta _builder_version=&#8221;4.16&#8243; global_colors_info=&#8221;{}&#8221;][\/et_pb_wc_meta][\/et_pb_column][\/et_pb_row][et_pb_row _builder_version=&#8221;4.16&#8243; background_size=&#8221;initial&#8221; background_position=&#8221;top_left&#8221; background_repeat=&#8221;repeat&#8221; width=&#8221;100%&#8221; global_colors_info=&#8221;{}&#8221;][et_pb_column type=&#8221;4_4&#8243; _builder_version=&#8221;4.16&#8243; custom_padding=&#8221;|||&#8221; global_colors_info=&#8221;{}&#8221; custom_padding__hover=&#8221;|||&#8221;][et_pb_wc_tabs _builder_version=&#8221;4.16&#8243; global_colors_info=&#8221;{}&#8221;]\t\t\t\t\t[\/et_pb_wc_tabs][et_pb_wc_upsells columns_number=&#8221;3&#8243; _builder_version=&#8221;4.16&#8243; global_colors_info=&#8221;{}&#8221;][\/et_pb_wc_upsells][et_pb_wc_related_products columns_number=&#8221;3&#8243; _builder_version=&#8221;4.16&#8243; global_colors_info=&#8221;{}&#8221;][\/et_pb_wc_related_products][\/et_pb_column][\/et_pb_row][\/et_pb_section]<\/p>\n","protected":false},"excerpt":{"rendered":"<p>Acceso a la Plataforma Curso &#8220;on-line&#8221; PER. Acceso durante 6 meses a la plataforma con todo el material de apoyo necesario para prepararte el PER con comodidad, lecciones de cada Unidad Te\u00f3rica, v\u00eddeos descriptivos, manual on-line en la web y e-book del PER, ex\u00e1menes, problemas resueltos paso a paso, etc. Incluye suscripci\u00f3n Premium de 1 a\u00f1o a la web.<\/p>\n<p>Precio 59 euros (IVA incluido). Pago con toda seguridad, a trav\u00e9s de la plataforma STRIPE. Si no est\u00e1s satisfecho, hasta 15 d\u00edas desde que adquiriste el acceso a la plataforma Curso online PER, nos lo comunicas y te devolvemos el dinero, de forma gratuita.<\/p>\n","protected":false},"featured_media":19752,"comment_status":"open","ping_status":"closed","template":"","meta":{"_et_pb_use_builder":"on","_et_pb_old_content":"<p style=\"text-align: center\"><span style=\"color: #000080\"><strong>Acceso a Plataforma del curso \u201conline\u201d de PER (Patr\u00f3n de Embarcaciones de Recreo)<\/strong><\/span><\/p>\r\n<p align=\"center\">Incluye lo siguiente:<\/p>\r\n<p align=\"justify\">\u2013 6 meses de acceso a la plataforma del Curso online de PER, con lecciones de cada Unidad Te\u00f3rica,\u00a0 y todos los contenidos de formaci\u00f3n.<\/p>\r\n<p align=\"justify\">\u2013 Videos descriptivos del temario de PER de \u201cNavegantes Oce\u00e1nicos\u201d.<\/p>\r\n<p align=\"justify\">\u2013 Acceso online al Manual \u201con-line\u201d del PER de la web \u201cNavegantes Oce\u00e1nicos\u201d.<\/p>\r\n<p align=\"justify\">\u2013 Libro electr\u00f3nico e-book (PDF descargable) Manual del PER. Editorial \u201cNavegantes Oce\u00e1nicos\u201d.<\/p>\r\n<p align=\"justify\">\u2013 Ex\u00e1menes \u201con-line\u201d de PER de la web \u201cNavegantes Oce\u00e1nicos\u201d.<\/p>\r\n<p align=\"justify\">- Problemas de navegaci\u00f3n del PER resueltos paso a paso.<\/p>\r\n<p align=\"justify\">\u2013 Suscripci\u00f3n Premium a \u201cNavegantes Oce\u00e1nicos\u201d. Acceso durante 1 a\u00f1o a todos los contenidos de la web, libros \u201con-line\u201d, etc., para complementar la formaci\u00f3n y ganar experiencia.<\/p>\r\n<p style=\"text-align: center\" align=\"justify\">Pago con toda seguridad, a trav\u00e9s de la plataforma STRIPE.<\/p>\r\n<p style=\"text-align: center\" align=\"justify\">Si no est\u00e1s satisfecho, hasta 15 d\u00edas desde que adquiriste el acceso a la plataforma Curso online PER, nos lo comunicas y te devolvemos el dinero, de forma gratuita y sin compromiso, y te damos de baja de la plataforma.<\/p>","_et_gb_content_width":""},"product_brand":[],"product_cat":[79,77],"product_tag":[],"class_list":{"0":"post-19747","1":"product","2":"type-product","3":"status-publish","4":"has-post-thumbnail","6":"product_cat-curso-on-line","7":"product_cat-curso-on-line-per","9":"first","10":"instock","11":"virtual","12":"taxable","13":"purchasable","14":"product-type-simple"},"yoast_head":"<!-- This site is optimized with the Yoast SEO plugin v27.5 - https:\/\/yoast.com\/product\/yoast-seo-wordpress\/ -->\n<title>Curso online Patr\u00f3n de Embarcaciones de Recreo (PER). Acceso a Plataforma. - Navegantes Oce\u00e1nicos<\/title>\n<meta name=\"description\" content=\"Curso online Patr\u00f3n de Embarcaciones de Recreo (PER). 6 meses de acceso a plataforma con todos los contenidos: lecciones, v\u00eddeos, manuales, ex\u00e1menes, etc.\" \/>\n<meta name=\"robots\" content=\"index, follow, max-snippet:-1, max-image-preview:large, max-video-preview:-1\" \/>\n<link rel=\"canonical\" href=\"https:\/\/navegantesoceanicos.com\/pt-pt\/producto\/curso-online-patron-de-embarcaciones-de-recreo-per-acceso-plataforma\/\" \/>\n<meta property=\"og:locale\" content=\"pt_PT\" \/>\n<meta property=\"og:type\" content=\"article\" \/>\n<meta property=\"og:title\" content=\"Curso online Patr\u00f3n de Embarcaciones de Recreo (PER). Acceso a Plataforma. - Navegantes Oce\u00e1nicos\" \/>\n<meta property=\"og:description\" content=\"Curso online Patr\u00f3n de Embarcaciones de Recreo (PER). 6 meses de acceso a plataforma con todos los contenidos: lecciones, v\u00eddeos, manuales, ex\u00e1menes, etc.\" \/>\n<meta property=\"og:url\" content=\"https:\/\/navegantesoceanicos.com\/pt-pt\/producto\/curso-online-patron-de-embarcaciones-de-recreo-per-acceso-plataforma\/\" \/>\n<meta property=\"og:site_name\" content=\"Navegantes Oce\u00e1nicos\" \/>\n<meta property=\"article:publisher\" content=\"https:\/\/www.facebook.com\/Navegantes-Oce%c3%a1nicos-112578593494698\" \/>\n<meta property=\"article:modified_time\" content=\"2026-02-08T18:16:10+00:00\" \/>\n<meta property=\"og:image\" content=\"https:\/\/navegantesoceanicos.com\/wp-content\/uploads\/2022\/12\/Curso-PER-online.-Acceso-a-Plataforma.jpg\" \/>\n\t<meta property=\"og:image:width\" content=\"690\" \/>\n\t<meta property=\"og:image:height\" content=\"595\" \/>\n\t<meta property=\"og:image:type\" content=\"image\/jpeg\" \/>\n<meta name=\"twitter:label1\" content=\"Tempo estimado de leitura\" \/>\n\t<meta name=\"twitter:data1\" content=\"3 minutos\" \/>\n<script type=\"application\/ld+json\" class=\"yoast-schema-graph\">{\"@context\":\"https:\\\/\\\/schema.org\",\"@graph\":[{\"@type\":\"WebPage\",\"@id\":\"https:\\\/\\\/navegantesoceanicos.com\\\/pt-pt\\\/producto\\\/curso-online-patron-de-embarcaciones-de-recreo-per-acceso-plataforma\\\/\",\"url\":\"https:\\\/\\\/navegantesoceanicos.com\\\/pt-pt\\\/producto\\\/curso-online-patron-de-embarcaciones-de-recreo-per-acceso-plataforma\\\/\",\"name\":\"Curso online Patr\u00f3n de Embarcaciones de Recreo (PER). Acceso a Plataforma. - Navegantes Oce\u00e1nicos\",\"isPartOf\":{\"@id\":\"https:\\\/\\\/navegantesoceanicos.com\\\/pt-pt\\\/#website\"},\"primaryImageOfPage\":{\"@id\":\"https:\\\/\\\/navegantesoceanicos.com\\\/pt-pt\\\/producto\\\/curso-online-patron-de-embarcaciones-de-recreo-per-acceso-plataforma\\\/#primaryimage\"},\"image\":{\"@id\":\"https:\\\/\\\/navegantesoceanicos.com\\\/pt-pt\\\/producto\\\/curso-online-patron-de-embarcaciones-de-recreo-per-acceso-plataforma\\\/#primaryimage\"},\"thumbnailUrl\":\"https:\\\/\\\/navegantesoceanicos.com\\\/wp-content\\\/uploads\\\/2022\\\/12\\\/Curso-PER-online.-Acceso-a-Plataforma.jpg\",\"datePublished\":\"2025-09-14T16:56:14+00:00\",\"dateModified\":\"2026-02-08T18:16:10+00:00\",\"description\":\"Curso online Patr\u00f3n de Embarcaciones de Recreo (PER). 6 meses de acceso a plataforma con todos los contenidos: lecciones, v\u00eddeos, manuales, ex\u00e1menes, etc.\",\"breadcrumb\":{\"@id\":\"https:\\\/\\\/navegantesoceanicos.com\\\/pt-pt\\\/producto\\\/curso-online-patron-de-embarcaciones-de-recreo-per-acceso-plataforma\\\/#breadcrumb\"},\"inLanguage\":\"pt-PT\",\"potentialAction\":[{\"@type\":\"ReadAction\",\"target\":[\"https:\\\/\\\/navegantesoceanicos.com\\\/pt-pt\\\/producto\\\/curso-online-patron-de-embarcaciones-de-recreo-per-acceso-plataforma\\\/\"]}]},{\"@type\":\"ImageObject\",\"inLanguage\":\"pt-PT\",\"@id\":\"https:\\\/\\\/navegantesoceanicos.com\\\/pt-pt\\\/producto\\\/curso-online-patron-de-embarcaciones-de-recreo-per-acceso-plataforma\\\/#primaryimage\",\"url\":\"https:\\\/\\\/navegantesoceanicos.com\\\/wp-content\\\/uploads\\\/2022\\\/12\\\/Curso-PER-online.-Acceso-a-Plataforma.jpg\",\"contentUrl\":\"https:\\\/\\\/navegantesoceanicos.com\\\/wp-content\\\/uploads\\\/2022\\\/12\\\/Curso-PER-online.-Acceso-a-Plataforma.jpg\",\"width\":690,\"height\":595,\"caption\":\"Curso online PER. Acceso a Plataforma\"},{\"@type\":\"BreadcrumbList\",\"@id\":\"https:\\\/\\\/navegantesoceanicos.com\\\/pt-pt\\\/producto\\\/curso-online-patron-de-embarcaciones-de-recreo-per-acceso-plataforma\\\/#breadcrumb\",\"itemListElement\":[{\"@type\":\"ListItem\",\"position\":1,\"name\":\"Portada\",\"item\":\"https:\\\/\\\/navegantesoceanicos.com\\\/pt-pt\\\/\"},{\"@type\":\"ListItem\",\"position\":2,\"name\":\"Tienda\",\"item\":\"https:\\\/\\\/navegantesoceanicos.com\\\/tienda22\\\/\"},{\"@type\":\"ListItem\",\"position\":3,\"name\":\"Curso online Patr\u00f3n de Embarcaciones de Recreo (PER). Acceso a Plataforma.\"}]},{\"@type\":\"WebSite\",\"@id\":\"https:\\\/\\\/navegantesoceanicos.com\\\/pt-pt\\\/#website\",\"url\":\"https:\\\/\\\/navegantesoceanicos.com\\\/pt-pt\\\/\",\"name\":\"Navegantes Oce\u00e1nicos\",\"description\":\"Navegantes oce\u00e1nicos, te ayudamos a navegar, para navegantes, tripulantes, regatistas y armadores, escuela n\u00e1utica, libros on-line sobre t\u00e1cticas y equipamiento para la navegaci\u00f3n a vela, fondear, atracar, el manejo de las velas, electricidad a bordo, navegaci\u00f3n con mal tiempo, rutas oce\u00e1nicas y mucho m\u00e1s\",\"publisher\":{\"@id\":\"https:\\\/\\\/navegantesoceanicos.com\\\/pt-pt\\\/#organization\"},\"potentialAction\":[{\"@type\":\"SearchAction\",\"target\":{\"@type\":\"EntryPoint\",\"urlTemplate\":\"https:\\\/\\\/navegantesoceanicos.com\\\/pt-pt\\\/?s={search_term_string}\"},\"query-input\":{\"@type\":\"PropertyValueSpecification\",\"valueRequired\":true,\"valueName\":\"search_term_string\"}}],\"inLanguage\":\"pt-PT\"},{\"@type\":\"Organization\",\"@id\":\"https:\\\/\\\/navegantesoceanicos.com\\\/pt-pt\\\/#organization\",\"name\":\"Navegantes Oce\u00e1nicos\",\"url\":\"https:\\\/\\\/navegantesoceanicos.com\\\/pt-pt\\\/\",\"logo\":{\"@type\":\"ImageObject\",\"inLanguage\":\"pt-PT\",\"@id\":\"https:\\\/\\\/navegantesoceanicos.com\\\/pt-pt\\\/#\\\/schema\\\/logo\\\/image\\\/\",\"url\":\"https:\\\/\\\/navegantesoceanicos.com\\\/wp-content\\\/uploads\\\/2019\\\/12\\\/LOGO-NAVEGANTES-OCEANICOS.png\",\"contentUrl\":\"https:\\\/\\\/navegantesoceanicos.com\\\/wp-content\\\/uploads\\\/2019\\\/12\\\/LOGO-NAVEGANTES-OCEANICOS.png\",\"width\":1010,\"height\":814,\"caption\":\"Navegantes Oce\u00e1nicos\"},\"image\":{\"@id\":\"https:\\\/\\\/navegantesoceanicos.com\\\/pt-pt\\\/#\\\/schema\\\/logo\\\/image\\\/\"},\"sameAs\":[\"https:\\\/\\\/www.facebook.com\\\/Navegantes-Oce\u00e1nicos-112578593494698\",\"https:\\\/\\\/www.instagram.com\\\/navegantes_oceanicos\\\/?hl=es\",\"https:\\\/\\\/www.youtube.com\\\/channel\\\/UCXgDL_6xqE7rpdwNXRmzF_Q\\\/featured\"]}]}<\/script>\n<!-- \/ Yoast SEO plugin. -->","yoast_head_json":{"title":"Curso online Patr\u00f3n de Embarcaciones de Recreo (PER). Acceso a Plataforma. - Navegantes Oce\u00e1nicos","description":"Curso online Patr\u00f3n de Embarcaciones de Recreo (PER). 6 meses de acceso a plataforma con todos los contenidos: lecciones, v\u00eddeos, manuales, ex\u00e1menes, etc.","robots":{"index":"index","follow":"follow","max-snippet":"max-snippet:-1","max-image-preview":"max-image-preview:large","max-video-preview":"max-video-preview:-1"},"canonical":"https:\/\/navegantesoceanicos.com\/pt-pt\/producto\/curso-online-patron-de-embarcaciones-de-recreo-per-acceso-plataforma\/","og_locale":"pt_PT","og_type":"article","og_title":"Curso online Patr\u00f3n de Embarcaciones de Recreo (PER). Acceso a Plataforma. - Navegantes Oce\u00e1nicos","og_description":"Curso online Patr\u00f3n de Embarcaciones de Recreo (PER). 6 meses de acceso a plataforma con todos los contenidos: lecciones, v\u00eddeos, manuales, ex\u00e1menes, etc.","og_url":"https:\/\/navegantesoceanicos.com\/pt-pt\/producto\/curso-online-patron-de-embarcaciones-de-recreo-per-acceso-plataforma\/","og_site_name":"Navegantes Oce\u00e1nicos","article_publisher":"https:\/\/www.facebook.com\/Navegantes-Oce%c3%a1nicos-112578593494698","article_modified_time":"2026-02-08T18:16:10+00:00","og_image":[{"width":690,"height":595,"url":"https:\/\/navegantesoceanicos.com\/wp-content\/uploads\/2022\/12\/Curso-PER-online.-Acceso-a-Plataforma.jpg","type":"image\/jpeg"}],"twitter_misc":{"Tempo estimado de leitura":"3 minutos"},"schema":{"@context":"https:\/\/schema.org","@graph":[{"@type":"WebPage","@id":"https:\/\/navegantesoceanicos.com\/pt-pt\/producto\/curso-online-patron-de-embarcaciones-de-recreo-per-acceso-plataforma\/","url":"https:\/\/navegantesoceanicos.com\/pt-pt\/producto\/curso-online-patron-de-embarcaciones-de-recreo-per-acceso-plataforma\/","name":"Curso online Patr\u00f3n de Embarcaciones de Recreo (PER). Acceso a Plataforma. - Navegantes Oce\u00e1nicos","isPartOf":{"@id":"https:\/\/navegantesoceanicos.com\/pt-pt\/#website"},"primaryImageOfPage":{"@id":"https:\/\/navegantesoceanicos.com\/pt-pt\/producto\/curso-online-patron-de-embarcaciones-de-recreo-per-acceso-plataforma\/#primaryimage"},"image":{"@id":"https:\/\/navegantesoceanicos.com\/pt-pt\/producto\/curso-online-patron-de-embarcaciones-de-recreo-per-acceso-plataforma\/#primaryimage"},"thumbnailUrl":"https:\/\/navegantesoceanicos.com\/wp-content\/uploads\/2022\/12\/Curso-PER-online.-Acceso-a-Plataforma.jpg","datePublished":"2025-09-14T16:56:14+00:00","dateModified":"2026-02-08T18:16:10+00:00","description":"Curso online Patr\u00f3n de Embarcaciones de Recreo (PER). 6 meses de acceso a plataforma con todos los contenidos: lecciones, v\u00eddeos, manuales, ex\u00e1menes, etc.","breadcrumb":{"@id":"https:\/\/navegantesoceanicos.com\/pt-pt\/producto\/curso-online-patron-de-embarcaciones-de-recreo-per-acceso-plataforma\/#breadcrumb"},"inLanguage":"pt-PT","potentialAction":[{"@type":"ReadAction","target":["https:\/\/navegantesoceanicos.com\/pt-pt\/producto\/curso-online-patron-de-embarcaciones-de-recreo-per-acceso-plataforma\/"]}]},{"@type":"ImageObject","inLanguage":"pt-PT","@id":"https:\/\/navegantesoceanicos.com\/pt-pt\/producto\/curso-online-patron-de-embarcaciones-de-recreo-per-acceso-plataforma\/#primaryimage","url":"https:\/\/navegantesoceanicos.com\/wp-content\/uploads\/2022\/12\/Curso-PER-online.-Acceso-a-Plataforma.jpg","contentUrl":"https:\/\/navegantesoceanicos.com\/wp-content\/uploads\/2022\/12\/Curso-PER-online.-Acceso-a-Plataforma.jpg","width":690,"height":595,"caption":"Curso online PER. Acceso a Plataforma"},{"@type":"BreadcrumbList","@id":"https:\/\/navegantesoceanicos.com\/pt-pt\/producto\/curso-online-patron-de-embarcaciones-de-recreo-per-acceso-plataforma\/#breadcrumb","itemListElement":[{"@type":"ListItem","position":1,"name":"Portada","item":"https:\/\/navegantesoceanicos.com\/pt-pt\/"},{"@type":"ListItem","position":2,"name":"Tienda","item":"https:\/\/navegantesoceanicos.com\/tienda22\/"},{"@type":"ListItem","position":3,"name":"Curso online Patr\u00f3n de Embarcaciones de Recreo (PER). Acceso a Plataforma."}]},{"@type":"WebSite","@id":"https:\/\/navegantesoceanicos.com\/pt-pt\/#website","url":"https:\/\/navegantesoceanicos.com\/pt-pt\/","name":"Navegantes Oce\u00e1nicos","description":"Navegantes oce\u00e1nicos, te ayudamos a navegar, para navegantes, tripulantes, regatistas y armadores, escuela n\u00e1utica, libros on-line sobre t\u00e1cticas y equipamiento para la navegaci\u00f3n a vela, fondear, atracar, el manejo de las velas, electricidad a bordo, navegaci\u00f3n con mal tiempo, rutas oce\u00e1nicas y mucho m\u00e1s","publisher":{"@id":"https:\/\/navegantesoceanicos.com\/pt-pt\/#organization"},"potentialAction":[{"@type":"SearchAction","target":{"@type":"EntryPoint","urlTemplate":"https:\/\/navegantesoceanicos.com\/pt-pt\/?s={search_term_string}"},"query-input":{"@type":"PropertyValueSpecification","valueRequired":true,"valueName":"search_term_string"}}],"inLanguage":"pt-PT"},{"@type":"Organization","@id":"https:\/\/navegantesoceanicos.com\/pt-pt\/#organization","name":"Navegantes Oce\u00e1nicos","url":"https:\/\/navegantesoceanicos.com\/pt-pt\/","logo":{"@type":"ImageObject","inLanguage":"pt-PT","@id":"https:\/\/navegantesoceanicos.com\/pt-pt\/#\/schema\/logo\/image\/","url":"https:\/\/navegantesoceanicos.com\/wp-content\/uploads\/2019\/12\/LOGO-NAVEGANTES-OCEANICOS.png","contentUrl":"https:\/\/navegantesoceanicos.com\/wp-content\/uploads\/2019\/12\/LOGO-NAVEGANTES-OCEANICOS.png","width":1010,"height":814,"caption":"Navegantes Oce\u00e1nicos"},"image":{"@id":"https:\/\/navegantesoceanicos.com\/pt-pt\/#\/schema\/logo\/image\/"},"sameAs":["https:\/\/www.facebook.com\/Navegantes-Oce\u00e1nicos-112578593494698","https:\/\/www.instagram.com\/navegantes_oceanicos\/?hl=es","https:\/\/www.youtube.com\/channel\/UCXgDL_6xqE7rpdwNXRmzF_Q\/featured"]}]}},"_links":{"self":[{"href":"https:\/\/navegantesoceanicos.com\/pt-pt\/wp-json\/wp\/v2\/product\/19747","targetHints":{"allow":["GET"]}}],"collection":[{"href":"https:\/\/navegantesoceanicos.com\/pt-pt\/wp-json\/wp\/v2\/product"}],"about":[{"href":"https:\/\/navegantesoceanicos.com\/pt-pt\/wp-json\/wp\/v2\/types\/product"}],"replies":[{"embeddable":true,"href":"https:\/\/navegantesoceanicos.com\/pt-pt\/wp-json\/wp\/v2\/comments?post=19747"}],"wp:featuredmedia":[{"embeddable":true,"href":"https:\/\/navegantesoceanicos.com\/pt-pt\/wp-json\/wp\/v2\/media\/19752"}],"wp:attachment":[{"href":"https:\/\/navegantesoceanicos.com\/pt-pt\/wp-json\/wp\/v2\/media?parent=19747"}],"wp:term":[{"taxonomy":"product_brand","embeddable":true,"href":"https:\/\/navegantesoceanicos.com\/pt-pt\/wp-json\/wp\/v2\/product_brand?post=19747"},{"taxonomy":"product_cat","embeddable":true,"href":"https:\/\/navegantesoceanicos.com\/pt-pt\/wp-json\/wp\/v2\/product_cat?post=19747"},{"taxonomy":"product_tag","embeddable":true,"href":"https:\/\/navegantesoceanicos.com\/pt-pt\/wp-json\/wp\/v2\/product_tag?post=19747"}],"curies":[{"name":"wp","href":"https:\/\/api.w.org\/{rel}","templated":true}]}}