{"id":38175,"date":"2025-01-17T19:36:20","date_gmt":"2025-01-17T19:36:20","guid":{"rendered":"https:\/\/navegantesoceanicos.com\/?post_type=product&#038;p=38175"},"modified":"2025-01-17T21:28:50","modified_gmt":"2025-01-17T21:28:50","slug":"pack-practicas-de-navegacion-de-pnb-radiocomunicaciones","status":"publish","type":"product","link":"https:\/\/navegantesoceanicos.com\/pt-pt\/producto\/pack-practicas-de-navegacion-de-pnb-radiocomunicaciones\/","title":{"rendered":"PACK Pr\u00e1cticas de Seguridad y Navegaci\u00f3n de PNB + Radiocomunicaciones"},"content":{"rendered":"<p style=\"text-align: center;\"><span style=\"color: #000080;\"><strong>Descripci\u00f3n del PACK de Pr\u00e1cticas de Seguridad y Navegaci\u00f3n de PNB (Patr\u00f3n para la Navegaci\u00f3n B\u00e1sica) + Formaci\u00f3n de Radiocomunicaciones<\/strong><\/span><\/p>\n<p align=\"center\">Las pr\u00e1cticas realizadas por &#8220;Sirius Formaci\u00f3n&#8221;.\u00a0\u00abSirius Formaci\u00f3n\u00bb y \u00abNavegantes Oce\u00e1nicos\u00bb disponen de un acuerdo de colaboraci\u00f3n mutua para la realizaci\u00f3n de pr\u00e1cticas y uso de contenidos de formaci\u00f3n.<\/p>\n<p style=\"text-align: center;\">\u00abSirius Formaci\u00f3n\u00bb est\u00e1 formado por la Escuela N\u00e1utica-Deportiva en Carboneras (Almer\u00eda) (EEND-AL-24) y en Oropesa del Mar (EEND 127 C).<\/p>\n<p style=\"text-align: center;\">Las Pr\u00e1cticas de Seguridad y Navegaci\u00f3n incluyen un total de 8 horas; 4 horas por la ma\u00f1ana y 4 por la tarde. Para estas pr\u00e1cticas Sirius Formaci\u00f3n cuenta con embarcaciones F\u00e1eton 620 y Maxi 1000 velero (10,25 m).<\/p>\n<p style=\"text-align: center;\">La formaci\u00f3n en Radiocomunicaciones consiste en 2 horas de teor\u00eda y 2 horas de pr\u00e1cticas en simulador homologado.<\/p>\n<p style=\"text-align: center;\">El responsable de Sirius Formaci\u00f3n es: Jos\u00e9 Venzal Alonso.<\/p>\n<p style=\"text-align: center;\" align=\"justify\">Pago con toda seguridad, a trav\u00e9s de la plataforma STRIPE.<\/p>\n<p style=\"text-align: center;\" align=\"justify\">Precio 200 euros (IVA incluido).<\/p>\n<p style=\"text-align: center;\" align=\"justify\">Si no est\u00e1s satisfecho, hasta 15 d\u00edas desde que adquiriste el PACK de Pr\u00e1cticas de navegaci\u00f3n de PNB (Patr\u00f3n para la Navegaci\u00f3n B\u00e1sica) + Formaci\u00f3n de Radiocomunicaciones, nos lo comunicas y te devolvemos el dinero, de forma gratuita y sin compromiso.<\/p>\n","protected":false},"excerpt":{"rendered":"<p style=\"text-align: center;\"><span style=\"color: #000080;\"><strong>PACK Pr\u00e1cticas de seguridad y navegaci\u00f3n de PNB (Patr\u00f3n para la Navegaci\u00f3n B\u00e1sica) y Formaci\u00f3n de Radiocomunicaciones.\u00a0<\/strong><\/span><\/p>\n<p align=\"center\">Las pr\u00e1cticas de seguridad y navegaci\u00f3n incluyen un total de 8 horas; 4 horas por la ma\u00f1ana y 4 por la tarde. La formaci\u00f3n de Radiocomunicaciones incluye 2 horas de teor\u00eda y 2 de pr\u00e1cticas en simulador radio.<\/p>\n<p align=\"center\">Practicas realizadas por &#8220;Sirius Formaci\u00f3n&#8221;<\/p>\n<p style=\"text-align: center;\">\u00abSirius Formaci\u00f3n\u00bb est\u00e1 formado por la Escuela N\u00e1utica-Deportiva en Carboneras (Almer\u00eda) (EEND-AL-24) y en Oropesa del Mar (EEND 127 C). Para pr\u00e1cticas de PNB, Sirius Formaci\u00f3n cuenta con embarcaciones F\u00e1eton 620 y Maxi 1000 velero (10,25 m); y con un simulador homologado.<\/p>\n<p style=\"text-align: center;\">Precio 200 euros (IVA incluido).<\/p>\n","protected":false},"featured_media":38176,"comment_status":"open","ping_status":"closed","template":"","meta":{"_et_pb_use_builder":"","_et_pb_old_content":"","_et_gb_content_width":""},"product_brand":[],"product_cat":[59,227],"product_tag":[],"class_list":{"0":"post-38175","1":"product","2":"type-product","3":"status-publish","4":"has-post-thumbnail","6":"product_cat-escuela-nautica","7":"product_cat-practicas-navegacion","9":"first","10":"instock","11":"virtual","12":"taxable","13":"purchasable","14":"product-type-simple"},"yoast_head":"<!-- This site is optimized with the Yoast SEO plugin v27.3 - https:\/\/yoast.com\/product\/yoast-seo-wordpress\/ -->\n<title>PACK Pr\u00e1cticas de Seguridad y Navegaci\u00f3n de PNB + Radiocomunicaciones - Navegantes Oce\u00e1nicos<\/title>\n<meta name=\"description\" content=\"PACK de Pr\u00e1cticas de seguridad y navegaci\u00f3n de PNB (Patr\u00f3n para la Navegaci\u00f3n B\u00e1sica) y Formaci\u00f3n de Radiocomunicaciones.\" \/>\n<meta name=\"robots\" content=\"index, follow, max-snippet:-1, max-image-preview:large, max-video-preview:-1\" \/>\n<link rel=\"canonical\" href=\"https:\/\/navegantesoceanicos.com\/pt-pt\/producto\/pack-practicas-de-navegacion-de-pnb-radiocomunicaciones\/\" \/>\n<meta property=\"og:locale\" content=\"pt_PT\" \/>\n<meta property=\"og:type\" content=\"article\" \/>\n<meta property=\"og:title\" content=\"PACK Pr\u00e1cticas de Seguridad y Navegaci\u00f3n de PNB + Radiocomunicaciones - Navegantes Oce\u00e1nicos\" \/>\n<meta property=\"og:description\" content=\"PACK de Pr\u00e1cticas de seguridad y navegaci\u00f3n de PNB (Patr\u00f3n para la Navegaci\u00f3n B\u00e1sica) y Formaci\u00f3n de Radiocomunicaciones.\" \/>\n<meta property=\"og:url\" content=\"https:\/\/navegantesoceanicos.com\/pt-pt\/producto\/pack-practicas-de-navegacion-de-pnb-radiocomunicaciones\/\" \/>\n<meta property=\"og:site_name\" content=\"Navegantes Oce\u00e1nicos\" \/>\n<meta property=\"article:publisher\" content=\"https:\/\/www.facebook.com\/Navegantes-Oce%c3%a1nicos-112578593494698\" \/>\n<meta property=\"article:modified_time\" content=\"2025-01-17T21:28:50+00:00\" \/>\n<meta property=\"og:image\" content=\"https:\/\/navegantesoceanicos.com\/wp-content\/uploads\/2025\/01\/PACK-Practicas-PNB-Radiocomunicaciones-.jpg\" \/>\n\t<meta property=\"og:image:width\" content=\"691\" \/>\n\t<meta property=\"og:image:height\" content=\"595\" \/>\n\t<meta property=\"og:image:type\" content=\"image\/jpeg\" \/>\n<meta name=\"twitter:label1\" content=\"Tempo estimado de leitura\" \/>\n\t<meta name=\"twitter:data1\" content=\"2 minutos\" \/>\n<script type=\"application\/ld+json\" class=\"yoast-schema-graph\">{\"@context\":\"https:\\\/\\\/schema.org\",\"@graph\":[{\"@type\":\"WebPage\",\"@id\":\"https:\\\/\\\/navegantesoceanicos.com\\\/pt-pt\\\/producto\\\/pack-practicas-de-navegacion-de-pnb-radiocomunicaciones\\\/\",\"url\":\"https:\\\/\\\/navegantesoceanicos.com\\\/pt-pt\\\/producto\\\/pack-practicas-de-navegacion-de-pnb-radiocomunicaciones\\\/\",\"name\":\"PACK Pr\u00e1cticas de Seguridad y Navegaci\u00f3n de PNB + Radiocomunicaciones - Navegantes Oce\u00e1nicos\",\"isPartOf\":{\"@id\":\"https:\\\/\\\/navegantesoceanicos.com\\\/pt-pt\\\/#website\"},\"primaryImageOfPage\":{\"@id\":\"https:\\\/\\\/navegantesoceanicos.com\\\/pt-pt\\\/producto\\\/pack-practicas-de-navegacion-de-pnb-radiocomunicaciones\\\/#primaryimage\"},\"image\":{\"@id\":\"https:\\\/\\\/navegantesoceanicos.com\\\/pt-pt\\\/producto\\\/pack-practicas-de-navegacion-de-pnb-radiocomunicaciones\\\/#primaryimage\"},\"thumbnailUrl\":\"https:\\\/\\\/navegantesoceanicos.com\\\/wp-content\\\/uploads\\\/2025\\\/01\\\/PACK-Practicas-PNB-Radiocomunicaciones-.jpg\",\"datePublished\":\"2025-01-17T19:36:20+00:00\",\"dateModified\":\"2025-01-17T21:28:50+00:00\",\"description\":\"PACK de Pr\u00e1cticas de seguridad y navegaci\u00f3n de PNB (Patr\u00f3n para la Navegaci\u00f3n B\u00e1sica) y Formaci\u00f3n de Radiocomunicaciones.\",\"breadcrumb\":{\"@id\":\"https:\\\/\\\/navegantesoceanicos.com\\\/pt-pt\\\/producto\\\/pack-practicas-de-navegacion-de-pnb-radiocomunicaciones\\\/#breadcrumb\"},\"inLanguage\":\"pt-PT\",\"potentialAction\":[{\"@type\":\"ReadAction\",\"target\":[\"https:\\\/\\\/navegantesoceanicos.com\\\/pt-pt\\\/producto\\\/pack-practicas-de-navegacion-de-pnb-radiocomunicaciones\\\/\"]}]},{\"@type\":\"ImageObject\",\"inLanguage\":\"pt-PT\",\"@id\":\"https:\\\/\\\/navegantesoceanicos.com\\\/pt-pt\\\/producto\\\/pack-practicas-de-navegacion-de-pnb-radiocomunicaciones\\\/#primaryimage\",\"url\":\"https:\\\/\\\/navegantesoceanicos.com\\\/wp-content\\\/uploads\\\/2025\\\/01\\\/PACK-Practicas-PNB-Radiocomunicaciones-.jpg\",\"contentUrl\":\"https:\\\/\\\/navegantesoceanicos.com\\\/wp-content\\\/uploads\\\/2025\\\/01\\\/PACK-Practicas-PNB-Radiocomunicaciones-.jpg\",\"width\":691,\"height\":595,\"caption\":\"PACK Pr\u00e1cticas PNB + Radiocomunicaciones\"},{\"@type\":\"BreadcrumbList\",\"@id\":\"https:\\\/\\\/navegantesoceanicos.com\\\/pt-pt\\\/producto\\\/pack-practicas-de-navegacion-de-pnb-radiocomunicaciones\\\/#breadcrumb\",\"itemListElement\":[{\"@type\":\"ListItem\",\"position\":1,\"name\":\"Portada\",\"item\":\"https:\\\/\\\/navegantesoceanicos.com\\\/pt-pt\\\/\"},{\"@type\":\"ListItem\",\"position\":2,\"name\":\"Tienda\",\"item\":\"https:\\\/\\\/navegantesoceanicos.com\\\/tienda22\\\/\"},{\"@type\":\"ListItem\",\"position\":3,\"name\":\"PACK Pr\u00e1cticas de Seguridad y Navegaci\u00f3n de PNB + Radiocomunicaciones\"}]},{\"@type\":\"WebSite\",\"@id\":\"https:\\\/\\\/navegantesoceanicos.com\\\/pt-pt\\\/#website\",\"url\":\"https:\\\/\\\/navegantesoceanicos.com\\\/pt-pt\\\/\",\"name\":\"Navegantes Oce\u00e1nicos\",\"description\":\"Navegantes oce\u00e1nicos, te ayudamos a navegar, para navegantes, tripulantes, regatistas y armadores, escuela n\u00e1utica, libros on-line sobre t\u00e1cticas y equipamiento para la navegaci\u00f3n a vela, fondear, atracar, el manejo de las velas, electricidad a bordo, navegaci\u00f3n con mal tiempo, rutas oce\u00e1nicas y mucho m\u00e1s\",\"publisher\":{\"@id\":\"https:\\\/\\\/navegantesoceanicos.com\\\/pt-pt\\\/#organization\"},\"potentialAction\":[{\"@type\":\"SearchAction\",\"target\":{\"@type\":\"EntryPoint\",\"urlTemplate\":\"https:\\\/\\\/navegantesoceanicos.com\\\/pt-pt\\\/?s={search_term_string}\"},\"query-input\":{\"@type\":\"PropertyValueSpecification\",\"valueRequired\":true,\"valueName\":\"search_term_string\"}}],\"inLanguage\":\"pt-PT\"},{\"@type\":\"Organization\",\"@id\":\"https:\\\/\\\/navegantesoceanicos.com\\\/pt-pt\\\/#organization\",\"name\":\"Navegantes Oce\u00e1nicos\",\"url\":\"https:\\\/\\\/navegantesoceanicos.com\\\/pt-pt\\\/\",\"logo\":{\"@type\":\"ImageObject\",\"inLanguage\":\"pt-PT\",\"@id\":\"https:\\\/\\\/navegantesoceanicos.com\\\/pt-pt\\\/#\\\/schema\\\/logo\\\/image\\\/\",\"url\":\"https:\\\/\\\/navegantesoceanicos.com\\\/wp-content\\\/uploads\\\/2019\\\/12\\\/LOGO-NAVEGANTES-OCEANICOS.png\",\"contentUrl\":\"https:\\\/\\\/navegantesoceanicos.com\\\/wp-content\\\/uploads\\\/2019\\\/12\\\/LOGO-NAVEGANTES-OCEANICOS.png\",\"width\":1010,\"height\":814,\"caption\":\"Navegantes Oce\u00e1nicos\"},\"image\":{\"@id\":\"https:\\\/\\\/navegantesoceanicos.com\\\/pt-pt\\\/#\\\/schema\\\/logo\\\/image\\\/\"},\"sameAs\":[\"https:\\\/\\\/www.facebook.com\\\/Navegantes-Oce\u00e1nicos-112578593494698\",\"https:\\\/\\\/www.instagram.com\\\/navegantes_oceanicos\\\/?hl=es\",\"https:\\\/\\\/www.youtube.com\\\/channel\\\/UCXgDL_6xqE7rpdwNXRmzF_Q\\\/featured\"]}]}<\/script>\n<!-- \/ Yoast SEO plugin. -->","yoast_head_json":{"title":"PACK Pr\u00e1cticas de Seguridad y Navegaci\u00f3n de PNB + Radiocomunicaciones - Navegantes Oce\u00e1nicos","description":"PACK de Pr\u00e1cticas de seguridad y navegaci\u00f3n de PNB (Patr\u00f3n para la Navegaci\u00f3n B\u00e1sica) y Formaci\u00f3n de Radiocomunicaciones.","robots":{"index":"index","follow":"follow","max-snippet":"max-snippet:-1","max-image-preview":"max-image-preview:large","max-video-preview":"max-video-preview:-1"},"canonical":"https:\/\/navegantesoceanicos.com\/pt-pt\/producto\/pack-practicas-de-navegacion-de-pnb-radiocomunicaciones\/","og_locale":"pt_PT","og_type":"article","og_title":"PACK Pr\u00e1cticas de Seguridad y Navegaci\u00f3n de PNB + Radiocomunicaciones - Navegantes Oce\u00e1nicos","og_description":"PACK de Pr\u00e1cticas de seguridad y navegaci\u00f3n de PNB (Patr\u00f3n para la Navegaci\u00f3n B\u00e1sica) y Formaci\u00f3n de Radiocomunicaciones.","og_url":"https:\/\/navegantesoceanicos.com\/pt-pt\/producto\/pack-practicas-de-navegacion-de-pnb-radiocomunicaciones\/","og_site_name":"Navegantes Oce\u00e1nicos","article_publisher":"https:\/\/www.facebook.com\/Navegantes-Oce%c3%a1nicos-112578593494698","article_modified_time":"2025-01-17T21:28:50+00:00","og_image":[{"width":691,"height":595,"url":"https:\/\/navegantesoceanicos.com\/wp-content\/uploads\/2025\/01\/PACK-Practicas-PNB-Radiocomunicaciones-.jpg","type":"image\/jpeg"}],"twitter_misc":{"Tempo estimado de leitura":"2 minutos"},"schema":{"@context":"https:\/\/schema.org","@graph":[{"@type":"WebPage","@id":"https:\/\/navegantesoceanicos.com\/pt-pt\/producto\/pack-practicas-de-navegacion-de-pnb-radiocomunicaciones\/","url":"https:\/\/navegantesoceanicos.com\/pt-pt\/producto\/pack-practicas-de-navegacion-de-pnb-radiocomunicaciones\/","name":"PACK Pr\u00e1cticas de Seguridad y Navegaci\u00f3n de PNB + Radiocomunicaciones - Navegantes Oce\u00e1nicos","isPartOf":{"@id":"https:\/\/navegantesoceanicos.com\/pt-pt\/#website"},"primaryImageOfPage":{"@id":"https:\/\/navegantesoceanicos.com\/pt-pt\/producto\/pack-practicas-de-navegacion-de-pnb-radiocomunicaciones\/#primaryimage"},"image":{"@id":"https:\/\/navegantesoceanicos.com\/pt-pt\/producto\/pack-practicas-de-navegacion-de-pnb-radiocomunicaciones\/#primaryimage"},"thumbnailUrl":"https:\/\/navegantesoceanicos.com\/wp-content\/uploads\/2025\/01\/PACK-Practicas-PNB-Radiocomunicaciones-.jpg","datePublished":"2025-01-17T19:36:20+00:00","dateModified":"2025-01-17T21:28:50+00:00","description":"PACK de Pr\u00e1cticas de seguridad y navegaci\u00f3n de PNB (Patr\u00f3n para la Navegaci\u00f3n B\u00e1sica) y Formaci\u00f3n de Radiocomunicaciones.","breadcrumb":{"@id":"https:\/\/navegantesoceanicos.com\/pt-pt\/producto\/pack-practicas-de-navegacion-de-pnb-radiocomunicaciones\/#breadcrumb"},"inLanguage":"pt-PT","potentialAction":[{"@type":"ReadAction","target":["https:\/\/navegantesoceanicos.com\/pt-pt\/producto\/pack-practicas-de-navegacion-de-pnb-radiocomunicaciones\/"]}]},{"@type":"ImageObject","inLanguage":"pt-PT","@id":"https:\/\/navegantesoceanicos.com\/pt-pt\/producto\/pack-practicas-de-navegacion-de-pnb-radiocomunicaciones\/#primaryimage","url":"https:\/\/navegantesoceanicos.com\/wp-content\/uploads\/2025\/01\/PACK-Practicas-PNB-Radiocomunicaciones-.jpg","contentUrl":"https:\/\/navegantesoceanicos.com\/wp-content\/uploads\/2025\/01\/PACK-Practicas-PNB-Radiocomunicaciones-.jpg","width":691,"height":595,"caption":"PACK Pr\u00e1cticas PNB + Radiocomunicaciones"},{"@type":"BreadcrumbList","@id":"https:\/\/navegantesoceanicos.com\/pt-pt\/producto\/pack-practicas-de-navegacion-de-pnb-radiocomunicaciones\/#breadcrumb","itemListElement":[{"@type":"ListItem","position":1,"name":"Portada","item":"https:\/\/navegantesoceanicos.com\/pt-pt\/"},{"@type":"ListItem","position":2,"name":"Tienda","item":"https:\/\/navegantesoceanicos.com\/tienda22\/"},{"@type":"ListItem","position":3,"name":"PACK Pr\u00e1cticas de Seguridad y Navegaci\u00f3n de PNB + Radiocomunicaciones"}]},{"@type":"WebSite","@id":"https:\/\/navegantesoceanicos.com\/pt-pt\/#website","url":"https:\/\/navegantesoceanicos.com\/pt-pt\/","name":"Navegantes Oce\u00e1nicos","description":"Navegantes oce\u00e1nicos, te ayudamos a navegar, para navegantes, tripulantes, regatistas y armadores, escuela n\u00e1utica, libros on-line sobre t\u00e1cticas y equipamiento para la navegaci\u00f3n a vela, fondear, atracar, el manejo de las velas, electricidad a bordo, navegaci\u00f3n con mal tiempo, rutas oce\u00e1nicas y mucho m\u00e1s","publisher":{"@id":"https:\/\/navegantesoceanicos.com\/pt-pt\/#organization"},"potentialAction":[{"@type":"SearchAction","target":{"@type":"EntryPoint","urlTemplate":"https:\/\/navegantesoceanicos.com\/pt-pt\/?s={search_term_string}"},"query-input":{"@type":"PropertyValueSpecification","valueRequired":true,"valueName":"search_term_string"}}],"inLanguage":"pt-PT"},{"@type":"Organization","@id":"https:\/\/navegantesoceanicos.com\/pt-pt\/#organization","name":"Navegantes Oce\u00e1nicos","url":"https:\/\/navegantesoceanicos.com\/pt-pt\/","logo":{"@type":"ImageObject","inLanguage":"pt-PT","@id":"https:\/\/navegantesoceanicos.com\/pt-pt\/#\/schema\/logo\/image\/","url":"https:\/\/navegantesoceanicos.com\/wp-content\/uploads\/2019\/12\/LOGO-NAVEGANTES-OCEANICOS.png","contentUrl":"https:\/\/navegantesoceanicos.com\/wp-content\/uploads\/2019\/12\/LOGO-NAVEGANTES-OCEANICOS.png","width":1010,"height":814,"caption":"Navegantes Oce\u00e1nicos"},"image":{"@id":"https:\/\/navegantesoceanicos.com\/pt-pt\/#\/schema\/logo\/image\/"},"sameAs":["https:\/\/www.facebook.com\/Navegantes-Oce\u00e1nicos-112578593494698","https:\/\/www.instagram.com\/navegantes_oceanicos\/?hl=es","https:\/\/www.youtube.com\/channel\/UCXgDL_6xqE7rpdwNXRmzF_Q\/featured"]}]}},"_links":{"self":[{"href":"https:\/\/navegantesoceanicos.com\/pt-pt\/wp-json\/wp\/v2\/product\/38175","targetHints":{"allow":["GET"]}}],"collection":[{"href":"https:\/\/navegantesoceanicos.com\/pt-pt\/wp-json\/wp\/v2\/product"}],"about":[{"href":"https:\/\/navegantesoceanicos.com\/pt-pt\/wp-json\/wp\/v2\/types\/product"}],"replies":[{"embeddable":true,"href":"https:\/\/navegantesoceanicos.com\/pt-pt\/wp-json\/wp\/v2\/comments?post=38175"}],"wp:featuredmedia":[{"embeddable":true,"href":"https:\/\/navegantesoceanicos.com\/pt-pt\/wp-json\/wp\/v2\/media\/38176"}],"wp:attachment":[{"href":"https:\/\/navegantesoceanicos.com\/pt-pt\/wp-json\/wp\/v2\/media?parent=38175"}],"wp:term":[{"taxonomy":"product_brand","embeddable":true,"href":"https:\/\/navegantesoceanicos.com\/pt-pt\/wp-json\/wp\/v2\/product_brand?post=38175"},{"taxonomy":"product_cat","embeddable":true,"href":"https:\/\/navegantesoceanicos.com\/pt-pt\/wp-json\/wp\/v2\/product_cat?post=38175"},{"taxonomy":"product_tag","embeddable":true,"href":"https:\/\/navegantesoceanicos.com\/pt-pt\/wp-json\/wp\/v2\/product_tag?post=38175"}],"curies":[{"name":"wp","href":"https:\/\/api.w.org\/{rel}","templated":true}]}}